{"id":122,"date":"2013-01-29T11:47:48","date_gmt":"2013-01-29T10:47:48","guid":{"rendered":"http:\/\/surmedicalisation.fr\/?page_id=122"},"modified":"2014-06-03T06:11:26","modified_gmt":"2014-06-03T04:11:26","slug":"sites-utiles","status":"publish","type":"page","link":"http:\/\/surmedicalisation.fr\/?page_id=122","title":{"rendered":"Sites utiles"},"content":{"rendered":"<p><script>\/\/ <![CDATA[\n(function(i,s,o,g,r,a,m){i['GoogleAnalyticsObject']=r;i[r]=i[r]||function(){   (i[r].q=i[r].q||[]).push(arguments)},i[r].l=1*new Date();a=s.createElement(o),   m=s.getElementsByTagName(o)[0];a.async=1;a.src=g;m.parentNode.insertBefore(a,m)   })(window,document,'script','\/\/www.google-analytics.com\/analytics.js','ga');   ga('create', 'UA-40453293-1', 'surmedicalisation.fr');   ga('send', 'pageview');\n\/\/ ]]><\/script><\/p>\n<p>&nbsp;<\/p>\n<p>&nbsp;<\/p>\n<p><span style=\"color: #000080;\"><strong>\u00c9v\u00e9nements \u00e0 venir :<\/strong><\/span><\/p>\n<p>&#8211; <a href=\"http:\/\/lowninstitute.org\/project\/2013-lown-conference\/\" target=\"_blank\">2013 Lown Conference: From Avoidable Care to Right Care<\/a> (04\/12\/2013)<\/p>\n<p>&#8211; <a href=\"http:\/\/www.preventingoverdiagnosis.net\/\" target=\"_blank\">2014 Preventing Overdiagnosis conference<\/a><\/p>\n<p>&nbsp;<\/p>\n<p><span style=\"color: #000080;\"><strong>Groupe Princeps et partenaires de l&rsquo;organisation des colloques :<\/strong><\/span><\/p>\n<p><span style=\"color: #000000;\"><a href=\"http:\/\/pharmacritique.20minutes-blogs.fr\" target=\"_blank\"><span style=\"color: #000000;\"><strong>PHARMACRITIQUE<\/strong><\/span><\/a><\/span><\/p>\n<p><span style=\"color: #000000;\"><a href=\"http:\/\/www.puppem.com\/Pages\/Actualites.aspx\" target=\"_blank\"><span style=\"text-decoration: underline; color: #000000;\"><strong>PUPPEM<\/strong><\/span><\/a><\/span><\/p>\n<p><span style=\"color: #000000;\"><a href=\"http:\/\/www.sftg.net\" target=\"_blank\"><span style=\"color: #000000;\"><strong>SFTG<\/strong>\u00a0<\/span><\/a><\/span><\/p>\n<p>&nbsp;<\/p>\n<p><span style=\"color: #000080;\"><strong>R\u00e9seau Princeps :<\/strong><\/span><\/p>\n<p><a href=\"http:\/\/ipokratecontredrknoc.blog.lemonde.fr\/\" target=\"_blank\"><span style=\"text-decoration: underline;\"><strong>IPOKRATE CONTRE DR KNOCK<\/strong><\/span><\/a><\/p>\n<p><a href=\"http:\/\/www.expertisecitoyenne.com\/\" target=\"_blank\"><span style=\"text-decoration: underline;\"><strong>EXPERTISE CITOYENNE<\/strong><\/span><\/a><\/p>\n<p>&nbsp;<\/p>\n<p><span style=\"color: #000080;\"><strong>Associations :<\/strong><span style=\"text-decoration: underline;\"><strong><br \/>\n<\/strong><\/span><\/span><\/p>\n<p><span style=\"color: #000000;\"><strong><a href=\"http:\/\/www.formindep.org\/\" target=\"_blank\"><span style=\"color: #000000;\">FORMINDEP<\/span><\/a>\u00a0<\/strong><\/span><\/p>\n<p><span style=\"text-decoration: underline; color: #000000;\"><strong><a href=\"http:\/\/www.quechoisir.org\/sante-bien-etre\" target=\"_blank\"><span style=\"color: #000000; text-decoration: underline;\">UFC-QUE CHOISIR ? SANT\u00c9<\/span><\/a><\/strong><\/span><\/p>\n<p><span style=\"text-decoration: underline; color: #000000;\"><strong><a href=\"http:\/\/www.unaformec.org\/\" target=\"_blank\"><span style=\"color: #000000; text-decoration: underline;\">UNAFORMEC<\/span><\/a><\/strong><\/span><\/p>\n<p><span style=\"color: #000000;\"><strong><a href=\"http:\/\/www.medocean.re\/\" target=\"_blank\"><span style=\"color: #000000;\">MED&rsquo;OCEAN<\/span><\/a><\/strong><\/span><\/p>\n<p>&nbsp;<\/p>\n<p><span style=\"color: #000080;\"><strong>Revues m\u00e9dicales :<\/strong><span style=\"text-decoration: underline;\"><strong><br \/>\n<\/strong><\/span><\/span><\/p>\n<p><span style=\"color: #000000;\"><strong><a href=\"http:\/\/www.prescrire.org\/fr\/\" target=\"_blank\"><span style=\"color: #000000;\">PRESCRIRE<\/span><\/a><\/strong><\/span><\/p>\n<p><span style=\"color: #000000;\"><a href=\"http:\/\/www.minerva-ebm.be\/fr\/home.asp\" target=\"_blank\"><span style=\"text-decoration: underline; color: #000000;\"><strong>MINERVA<\/strong><\/span><\/a><\/span><\/p>\n<p><span style=\"color: #000000;\"><a href=\"http:\/\/www.bip31.fr\/\" target=\"_blank\"><span style=\"text-decoration: underline; color: #000000;\"><strong>BIP31<\/strong><\/span><\/a><\/span><\/p>\n<p><span style=\"color: #000000;\"><a href=\"http:\/\/www.pratiques.fr\/\" target=\"_blank\"><span style=\"text-decoration: underline; color: #000000;\"><strong>PRATIQUES<\/strong><\/span><\/a><\/span><\/p>\n<p><span style=\"color: #000000;\"><a href=\"http:\/\/www.revue-medecine.com\/\" target=\"_blank\"><span style=\"text-decoration: underline; color: #000000;\"><strong>M\u00c9DECINE<\/strong><\/span><\/a><\/span><\/p>\n<p><span style=\"color: #000000;\"><a href=\"http:\/\/www.cochrane.org\" target=\"_blank\"><span style=\"color: #000000;\"><strong>THE COCHRANE COLLABORATION<\/strong><\/span><\/a><\/span><\/p>\n<p>&nbsp;<\/p>\n<p><strong><span style=\"color: #000080;\">Ev\u00e9nements pass\u00e9s :<\/span><br \/>\n<\/strong><\/p>\n<p><a href=\"http:\/\/www.medocean.re\/2012\/05\/1ere-journee-internationale-de-lindependance-medicale\/\" target=\"_blank\">1\u00e8re journ\u00e9e de l&rsquo;ind\u00e9pendance m\u00e9dicale &#8211; 1er d\u00e9cembre 2012<\/a><\/p>\n<p><a href=\"http:\/\/www.medocean.re\/2013\/02\/2eme-journee-internationale-de-lindependance-medicale\/\" target=\"_blank\">2\u00e8me journ\u00e9e de l&rsquo;ind\u00e9pendance m\u00e9dicale &#8211; Samedi 1er juin 2013<\/a><\/p>\n<p>&nbsp;<\/p>\n<p><strong><span style=\"color: #000080;\">Autres blogs- forums :<\/span><span style=\"text-decoration: underline;\"><br \/>\n<\/span><\/strong><\/p>\n<p><span style=\"color: #000000;\"><a href=\"http:\/\/www.atoute.org\/\" target=\"_blank\"><span style=\"text-decoration: underline; color: #000000;\"><strong>ATOUTE<\/strong><\/span><\/a><\/span><\/p>\n<p><span style=\"color: #000000;\"><a href=\"http:\/\/www.voixmedicales.fr\/\" target=\"_blank\"><span style=\"text-decoration: underline; color: #000000;\"><strong>VOIXM\u00c9DICALES<\/strong><\/span><\/a><\/span><\/p>\n<p><a href=\"http:\/\/www.claudeberaud.fr\" target=\"_blank\"><span style=\"text-decoration: underline;\"><strong>CLAUDE B<\/strong><\/span><\/a><span style=\"color: #000000;\"><a href=\"http:\/\/www.claudeberaud.fr\" target=\"_blank\"><span style=\"text-decoration: underline; color: #000000;\"><strong>\u00c9RAUD<\/strong><\/span><\/a><\/span><\/p>\n<p>&nbsp;<\/p>\n<p><span style=\"color: #000080;\"><strong>Divers :<\/strong><span style=\"text-decoration: underline;\"><strong><br \/>\n<\/strong><\/span><\/span><\/p>\n<p><strong><a href=\"http:\/\/www.has-sante.fr\/portail\/upload\/docs\/application\/pdf\/2013-04\/comprendre_la_promotion_pharmaceutique_et_y_repondre_-_un_manuel_pratique.pdf\" target=\"_blank\">HAS &#8211; COMPRENDRE LA PROMOTION PHARMACEUTIQUE ET Y REPONDRE<\/a><\/strong><\/p>\n<p><a href=\"http:\/\/alterdictionnaire.homovivens.org\" target=\"_blank\"><strong>ALTER DICTIONNAIRE M\u00c9DICO-PHARMACEUTIQUE BILINGUE<\/strong><\/a><\/p>\n<p><a href=\"http:\/\/doctorskeptic.blogspot.fr\" target=\"_blank\"><strong>DOCTOR SKEPTIC<\/strong><\/a><\/p>\n<p><a href=\"http:\/\/medicalskeptic.wordpress.com\" target=\"_blank\"><strong>MEDICAL SKEPTIC<\/strong><\/a><\/p>\n<p><a href=\"http:\/\/www.rxfacts.org\/\" target=\"_blank\"><span style=\"text-decoration: underline;\"><strong>RXFACTS<\/strong><\/span><\/a><\/p>\n<p><a href=\"http:\/\/www.haiweb.org\/\">HEALTH ACTION INTERNATIONAL<\/a><\/p>\n<p><a href=\"http:\/\/www.pharmaware.co.uk\/\">PHARMAWARE<\/a><\/p>\n<p><strong>\u00ab\u00a0<a href=\"http:\/\/www.bmj.com\/too-much-medicine\"><span style=\"text-decoration: underline;\">TOO MUCH MEDICINE<\/span><\/a> \u00bb<\/strong>, la campagne\u00a0 du British Medical Journal :<\/p>\n<p>Et les liens utiles auxquels elle renvoie\u00a0:<\/p>\n<ul>\n<li><a href=\"http:\/\/choosingwisely.org\/\" target=\"_blank\">Choosing Wisely<\/a><\/li>\n<li><a href=\"http:\/\/medicalconsumers.org\/2008\/03\/01\/overtreated%E2%80%94why-too-much-medicine-is-making-us-sicker-and-poorer\/\" target=\"_blank\">Center for Medical Consumers &#8211; Why too much medicine is making us sicker and poorer<\/a><\/li>\n<li><a href=\"http:\/\/www.preventingoverdiagnosis.net\" target=\"_blank\">Preventing Overdiagnosis conference<\/a><\/li>\n<li><a href=\"http:\/\/www.consumerreports.org\/health\/home.htm\" target=\"_blank\">Consumer Reports<\/a><\/li>\n<li><a href=\"http:\/\/avoidablecare.org\/\" target=\"_blank\">Avoiding Avoidable Care<\/a><\/li>\n<li><a href=\"http:\/\/sellingsickness.com\/\" target=\"_blank\">Selling Sickness<\/a><\/li>\n<li><a href=\"http:\/\/www.tdi.dartmouth.edu\/\" target=\"_blank\">Dartmouth Institute for Health and Clinical Practice<\/a><\/li>\n<li><a href=\"http:\/\/www.bond.edu.au\/\" target=\"_blank\">Bond University<\/a><\/li>\n<\/ul>\n<p><a href=\"http:\/\/surmedicalisation.fr\/blog\/WordPress3\/wp-content\/uploads\/2013\/01\/DECLARATION-DHELSINKI.pdf\">DECLARATION D&rsquo;HELSINKI<\/a><\/p>\n<p><a href=\"http:\/\/surmedicalisation.fr\/blog\/WordPress3\/wp-content\/uploads\/2013\/01\/D\u00e9claration_d_Helsinki_r\u00e9visions-successives.pdf\">D\u00e9claration_d_Helsinki_r\u00e9visions successives<\/a><\/p>\n<p><span style=\"text-decoration: underline;\"><strong><a href=\"http:\/\/surmedicalisation.fr\/blog\/WordPress3\/wp-content\/uploads\/2013\/01\/charte-complimentaire-corrigie.rtf\">\u00a0Projet de charte compl\u00e9mentaire-corrig\u00e9e<\/a><\/strong><\/span><\/p>\n<p><a href=\"http:\/\/surmedicalisation.fr\/blog\/WordPress3\/wp-content\/uploads\/2013\/01\/cherch-fraude-5_5.pdf\">Fraudes chercheurs<\/a><\/p>\n<p><a href=\"http:\/\/surmedicalisation.fr\/blog\/WordPress3\/wp-content\/uploads\/2013\/01\/2012-Corporate-crime_Pharmaceutical-industries__GOTZSCHE.pdf\">2012 Corporate-crime_Pharmaceutical-industries__GOTZSCHE<\/a><\/p>\n<p>&nbsp;<\/p>\n<p>&nbsp;<\/p>\n","protected":false},"excerpt":{"rendered":"<p>&nbsp; &nbsp; \u00c9v\u00e9nements \u00e0 venir : &#8211; 2013 Lown Conference: From Avoidable Care to Right Care (04\/12\/2013) &#8211; 2014 Preventing Overdiagnosis conference &nbsp; Groupe Princeps et partenaires de l&rsquo;organisation des colloques : PHARMACRITIQUE PUPPEM SFTG\u00a0 &nbsp; R\u00e9seau Princeps : IPOKRATE &hellip; <a href=\"http:\/\/surmedicalisation.fr\/?page_id=122\">Continuer la lecture <span class=\"meta-nav\">&rarr;<\/span><\/a><\/p>\n","protected":false},"author":1,"featured_media":0,"parent":0,"menu_order":8,"comment_status":"open","ping_status":"open","template":"","meta":[],"_links":{"self":[{"href":"http:\/\/surmedicalisation.fr\/index.php?rest_route=\/wp\/v2\/pages\/122"}],"collection":[{"href":"http:\/\/surmedicalisation.fr\/index.php?rest_route=\/wp\/v2\/pages"}],"about":[{"href":"http:\/\/surmedicalisation.fr\/index.php?rest_route=\/wp\/v2\/types\/page"}],"author":[{"embeddable":true,"href":"http:\/\/surmedicalisation.fr\/index.php?rest_route=\/wp\/v2\/users\/1"}],"replies":[{"embeddable":true,"href":"http:\/\/surmedicalisation.fr\/index.php?rest_route=%2Fwp%2Fv2%2Fcomments&post=122"}],"version-history":[{"count":34,"href":"http:\/\/surmedicalisation.fr\/index.php?rest_route=\/wp\/v2\/pages\/122\/revisions"}],"predecessor-version":[{"id":3474,"href":"http:\/\/surmedicalisation.fr\/index.php?rest_route=\/wp\/v2\/pages\/122\/revisions\/3474"}],"wp:attachment":[{"href":"http:\/\/surmedicalisation.fr\/index.php?rest_route=%2Fwp%2Fv2%2Fmedia&parent=122"}],"curies":[{"name":"wp","href":"https:\/\/api.w.org\/{rel}","templated":true}]}}