{"id":1848,"date":"2013-06-10T17:03:30","date_gmt":"2013-06-10T15:03:30","guid":{"rendered":"http:\/\/surmedicalisation.fr\/?page_id=1848"},"modified":"2013-09-13T14:36:25","modified_gmt":"2013-09-13T12:36:25","slug":"conclusion-colloque-2012","status":"publish","type":"page","link":"http:\/\/surmedicalisation.fr\/?page_id=1848","title":{"rendered":"Conclusion &#8211; Colloque 2012"},"content":{"rendered":"<p><script type=\"text\/javascript\">\/\/ <![CDATA[\n(function(i,s,o,g,r,a,m){i['GoogleAnalyticsObject']=r;i[r]=i[r]||function(){   (i[r].q=i[r].q||[]).push(arguments)},i[r].l=1*new Date();a=s.createElement(o),   m=s.getElementsByTagName(o)[0];a.async=1;a.src=g;m.parentNode.insertBefore(a,m)   })(window,document,'script','\/\/www.google-analytics.com\/analytics.js','ga');   ga('create', 'UA-40453293-1', 'surmedicalisation.fr');   ga('send', 'pageview');\n\/\/ ]]><\/script><\/p>\n<h1 style=\"text-align: center;\"><\/h1>\n<h1 style=\"text-align: center;\"><span style=\"color: #0000ff;\">Conclusion<\/span><\/h1>\n<h3 style=\"text-align: center;\"><span style=\"color: #000000;\">\u00a0<\/span>Par <strong>Jean-Claude SALOMON<\/strong><\/h3>\n<h4 style=\"text-align: justify;\"><span style=\"color: #000000;\">Ce colloque nous a permis de rassembler des preuves que la surm\u00e9dicalisation n\u2019\u00e9tait ni un mythe, ni un ph\u00e9nom\u00e8ne marginal et que les surdiagnostics et les surtraitements sont des pratiques courantes, qui non seulement gaspillent les moyens humains et mat\u00e9riels consacr\u00e9s \u00e0 la sant\u00e9, les d\u00e9tournant de leur fins normales, mais encore portent pr\u00e9judice, parfois gravement, aux patients et aux sujets bien portants.<\/span><\/h4>\n<h4 style=\"text-align: justify;\"><span style=\"color: #000000;\">\u00a0<\/span><\/h4>\n<h4 style=\"text-align: justify;\"><span style=\"color: #000000;\">Les contours de la surm\u00e9dicalisation sont aujourd\u2019hui impr\u00e9cis. La sous-m\u00e9dicalisation n\u2019\u00e9pargne nullement les pays riches. Elle n\u2019est en rien compens\u00e9e par la surm\u00e9dicalisation, m\u00eame si des d\u00e9terminants communs paraissent coexister pour ces deux ph\u00e9nom\u00e8nes en apparence oppos\u00e9s.<\/span><\/h4>\n<h4 style=\"text-align: justify;\"><span style=\"color: #000000;\">\u00a0<\/span><\/h4>\n<h4 style=\"text-align: justify;\"><span style=\"color: #000000;\">Les interventions faites dans les six ateliers du colloque, t\u00e9moignent de la diversit\u00e9 des situations et des observations de la surm\u00e9dicalisation, des surdiagnostics et des surtraitements. On peut admettre, vu la modestie de cette r\u00e9union, qu\u2019il existe une diversit\u00e9 bien plus grande dans l\u2019ensemble du champ sanitaire, dont une partie relativement restreinte a \u00e9t\u00e9 explor\u00e9e et d\u00e9crite par les participants. La m\u00e9decine g\u00e9n\u00e9rale, comme la m\u00e9decine sp\u00e9cialis\u00e9e, les soins, aussi bien que la pr\u00e9vention, la pratique lib\u00e9rale, tout autant que la pratique hospitali\u00e8re, le secteur publique et le secteur priv\u00e9 sont les espaces envahis par les multiples formes de ces pratiques fautives.<\/span><\/h4>\n<h4 style=\"text-align: justify;\"><span style=\"color: #000000;\">\u00a0<\/span><\/h4>\n<h4 style=\"text-align: justify;\"><span style=\"color: #000000;\">Toutes les tentatives pour r\u00e9duire ces mani\u00e8res n\u00e9fastes de penser et d\u2019agir devront s\u2019appuyer sur un socle de connaissance, de preuves, d\u2019\u00e9tudes rigoureuses\u00a0; sans quoi les obstacles seront insurmontables.<\/span><\/h4>\n<h4 style=\"text-align: justify;\"><span style=\"color: #000000;\">\u00a0<\/span><\/h4>\n<h4 style=\"text-align: justify;\"><span style=\"color: #000000;\">La probl\u00e9matique des m\u00e9dicaments essentiels pourrait \u00eatre une des voies d\u2019approche les plus int\u00e9ressantes de ces dysfonctionnements. Sur le terrain, l\u2019action pour r\u00e9duire les exc\u00e8s les plus dangereux des surtraitements m\u00e9dicamenteux et les pr\u00e9judices qu\u2019ils provoquent sur la sant\u00e9 des patients ont \u00e9t\u00e9 envisag\u00e9s lors de deux ateliers consacr\u00e9s \u00e0 l\u2019\u00e9tablissement de listes de m\u00e9dicaments essentiels dans deux contextes: la m\u00e9decine g\u00e9n\u00e9rale lib\u00e9rale et la m\u00e9decine interne hospitali\u00e8re. Nous sommes sans doute au tout d\u00e9but d\u2019un processus long et difficile qui fera appel \u00e0 la t\u00e9nacit\u00e9 et \u00e0 l\u2019exigence scientifique pour r\u00e9ussir \u00e0 progresser.<\/span><\/h4>\n<h4 style=\"text-align: justify;\"><span style=\"color: #000000;\">\u00a0<\/span><\/h4>\n<h4 style=\"text-align: justify;\"><span style=\"color: #000000;\">La perception de la surm\u00e9dicalisation risque d\u2019\u00eatre d\u00e9form\u00e9e \u00e0 cause de son assimilation \u00e0 une intention de meilleure gestion comptable de la sant\u00e9. Le colloque a contribu\u00e9 \u00e0 une red\u00e9finition sanitaire du ph\u00e9nom\u00e8ne. La mise en \u00e9vidence des causes, des formes et des cons\u00e9quences de la surm\u00e9dicalisation distingue des cat\u00e9gories diff\u00e9rentes. Toutes sont importantes.<\/span><\/h4>\n<h4 style=\"text-align: justify;\"><span style=\"color: #000000;\">\u00a0<\/span><\/h4>\n<h4 style=\"text-align: justify;\"><span style=\"color: #000000;\">Lors du colloque la surm\u00e9dicalisation, les surdiagnostics et les surtraitements, ont \u00e9t\u00e9 principalement consid\u00e9r\u00e9s du point de vue de la sant\u00e9 des personnes et de la sant\u00e9 publique, sans r\u00e9f\u00e9rence aux co\u00fbts \u00e9conomique et social que ces ph\u00e9nom\u00e8nes entra\u00eenent. C\u2019est un chapitre important des \u00e9tudes qui devront \u00eatre conduites. Cependant les cons\u00e9quences sanitaires sont suffisantes, par elles-m\u00eames, pour conf\u00e9rer un caract\u00e8re prioritaire aux \u00e9tudes approfondies qui s\u2019imposent d\u00e9sormais dans la politique de sant\u00e9.<\/span><\/h4>\n<p><script type=\"text\/javascript\">\/\/ <![CDATA[\n(function(i,s,o,g,r,a,m){i['GoogleAnalyticsObject']=r;i[r]=i[r]||function(){   (i[r].q=i[r].q||[]).push(arguments)},i[r].l=1*new Date();a=s.createElement(o),   m=s.getElementsByTagName(o)[0];a.async=1;a.src=g;m.parentNode.insertBefore(a,m)   })(window,document,'script','\/\/www.google-analytics.com\/analytics.js','ga');   ga('create', 'UA-40453293-1', 'surmedicalisation.fr');   ga('send', 'pageview');\n\/\/ ]]><\/script><\/p>\n","protected":false},"excerpt":{"rendered":"<p>Conclusion \u00a0Par Jean-Claude SALOMON Ce colloque nous a permis de rassembler des preuves que la surm\u00e9dicalisation n\u2019\u00e9tait ni un mythe, ni un ph\u00e9nom\u00e8ne marginal et que les surdiagnostics et les surtraitements sont des pratiques courantes, qui non seulement gaspillent les &hellip; <a href=\"http:\/\/surmedicalisation.fr\/?page_id=1848\">Continuer la lecture <span class=\"meta-nav\">&rarr;<\/span><\/a><\/p>\n","protected":false},"author":9,"featured_media":0,"parent":120,"menu_order":8,"comment_status":"open","ping_status":"open","template":"","meta":[],"_links":{"self":[{"href":"http:\/\/surmedicalisation.fr\/index.php?rest_route=\/wp\/v2\/pages\/1848"}],"collection":[{"href":"http:\/\/surmedicalisation.fr\/index.php?rest_route=\/wp\/v2\/pages"}],"about":[{"href":"http:\/\/surmedicalisation.fr\/index.php?rest_route=\/wp\/v2\/types\/page"}],"author":[{"embeddable":true,"href":"http:\/\/surmedicalisation.fr\/index.php?rest_route=\/wp\/v2\/users\/9"}],"replies":[{"embeddable":true,"href":"http:\/\/surmedicalisation.fr\/index.php?rest_route=%2Fwp%2Fv2%2Fcomments&post=1848"}],"version-history":[{"count":26,"href":"http:\/\/surmedicalisation.fr\/index.php?rest_route=\/wp\/v2\/pages\/1848\/revisions"}],"predecessor-version":[{"id":2631,"href":"http:\/\/surmedicalisation.fr\/index.php?rest_route=\/wp\/v2\/pages\/1848\/revisions\/2631"}],"up":[{"embeddable":true,"href":"http:\/\/surmedicalisation.fr\/index.php?rest_route=\/wp\/v2\/pages\/120"}],"wp:attachment":[{"href":"http:\/\/surmedicalisation.fr\/index.php?rest_route=%2Fwp%2Fv2%2Fmedia&parent=1848"}],"curies":[{"name":"wp","href":"https:\/\/api.w.org\/{rel}","templated":true}]}}