{"id":285,"date":"2013-05-04T23:17:55","date_gmt":"2013-05-04T21:17:55","guid":{"rendered":"http:\/\/surmedicalisation.fr\/?page_id=285"},"modified":"2013-07-22T04:08:03","modified_gmt":"2013-07-22T02:08:03","slug":"les-actes-colloque-2013","status":"publish","type":"page","link":"http:\/\/surmedicalisation.fr\/?page_id=285","title":{"rendered":"Les actes &#8211; Colloque 2013"},"content":{"rendered":"<p><script type=\"text\/javascript\">\/\/ <![CDATA[\n(function(i,s,o,g,r,a,m){i['GoogleAnalyticsObject']=r;i[r]=i[r]||function(){\n  (i[r].q=i[r].q||[]).push(arguments)},i[r].l=1*new Date();a=s.createElement(o),\n  m=s.getElementsByTagName(o)[0];a.async=1;a.src=g;m.parentNode.insertBefore(a,m)\n  })(window,document,'script','\/\/www.google-analytics.com\/analytics.js','ga');\n\n  ga('create', 'UA-40453293-1', 'surmedicalisation.fr');\n  ga('send', 'pageview');\n\/\/ ]]><\/script><\/p>\n<h1 style=\"text-align: center;\">Colloque 2013<\/h1>\n<h2 style=\"text-align: center;\"><span style=\"color: #ff0000;\">Sur et sous m\u00e9dicalisation, surdiagnostics, surtraitements<\/span><\/h2>\n<h2 style=\"text-align: center;\">Facult\u00e9 de M\u00e9decine de Bobigny<\/h2>\n<h4>Le groupe Princeps, le D\u00e9partement de M\u00e9decine G\u00e9n\u00e9rale de la facult\u00e9 de m\u00e9decine de Bobigny, la Soci\u00e9t\u00e9 de Formation \u00e0 la Th\u00e9rapeutique du G\u00e9n\u00e9raliste, l&rsquo;association Civic Sant\u00e9 organisent<\/h4>\n<h4>Vendredi 3 mai de 9h \u00e0 17h, samedi 4 mai de 9h \u00e0 13h,<\/h4>\n<p><b>\u00a0<\/b><\/p>\n<h4><b>\u00e0 la Facult\u00e9 de M\u00e9decine de Bobigny, UFR Sant\u00e9 M\u00e9decine Biologie Humaine,<\/b><\/h4>\n<h4>74 rue Marcel Cachin 93000 Bobigny. (Entr\u00e9e du parking-et des pi\u00e9tons- avenue de la Convention) <i><br \/>\n<\/i><\/h4>\n<p><b><i>La m\u00e9dicalisation dans l\u2019histoire de l\u2019humanit\u00e9 a \u00e9t\u00e9 longtemps un \u00e9l\u00e9ment constitutif du progr\u00e8s. Son d\u00e9but peut \u00eatre associ\u00e9 \u00e0 l\u2019apparition des shamans dans les soci\u00e9t\u00e9s primitives. La professionnalisation progressive des fonctions des gu\u00e9risseurs ne les a pas fait compl\u00e8tement dispara\u00eetre des soci\u00e9t\u00e9s industrialis\u00e9es. Aujourd\u2019hui les diverses professions de sant\u00e9, leur organisation au sein d\u2019un syst\u00e8me de sant\u00e9 collectif et d\u2019une structuration de la protection sociale caract\u00e9risent la m\u00e9dicalisation.<\/i><\/b><\/p>\n<h3 style=\"text-align: center;\"><em>Du 3 au 4 mai 2013<\/em><\/h3>\n<h3 style=\"text-align: center;\"><span style=\"background-color: #993366;\"><span style=\"background-color: #ffffff; color: #993366;\">Introduction Doyen de la facult\u00e9 de m\u00e9decine de Bobigny<\/span><\/span><\/h3>\n<h3 style=\"text-align: center;\"><span style=\"background-color: #ffffff; color: #993366;\">Pr\u00e9sentation introductive du Pr Didier Sicard : Autour du d\u00e9pistage<\/span><\/h3>\n<h2 style=\"text-align: center;\"><span style=\"color: #000000;\">Vue d&rsquo;ensemble des ateliers<\/span><\/h2>\n<h5 style=\"text-align: center;\"><strong><\/strong><strong><span style=\"color: #008000; background-color: #ffffff;\">Cliquer sur les liens pour ouvrir les pages de chaque atelier<\/span><\/strong><\/h5>\n<h2 style=\"text-align: center;\"><a href=\"http:\/\/surmedicalisation.fr\/?page_id=289\" target=\"_blank\">Atelier N\u00b0 1<\/a><\/h2>\n<h1 style=\"text-align: center;\"><span style=\"color: #0000ff;\">Approche th\u00e9orique :<\/span><\/h1>\n<h1 style=\"text-align: center;\"><span style=\"color: #0000ff;\">Comment se construit la m\u00e9dicalisation, ses exc\u00e8s, ses carences<\/span><\/h1>\n<p style=\"text-align: center;\"><strong><span style=\"color: #000000;\">Mod\u00e9rateurs : Jean-Claude Salomon et Omar Brixi<\/span><\/strong><\/p>\n<h3 style=\"text-align: center;\"><strong>Introduction : <\/strong>Jean-Claude Salomon<\/h3>\n<h3 style=\"text-align: center;\"><span style=\"text-decoration: underline;\"><em><span style=\"color: #808080; text-decoration: underline;\">Approche th\u00e9orique : comment se construit la m\u00e9dicalisation, ses exc\u00e8s, ses carences<\/span><\/em><\/span><\/h3>\n<h3 style=\"text-align: center;\">Eric Galam<\/h3>\n<p style=\"text-align: center;\"><span style=\"text-decoration: underline;\"><em><strong><\/strong><span style=\"color: #808080;\">Surm\u00e9dicalisation, croyances et transmissions. Eclairage sur le cursus cach\u00e9 ( hidden curriculum )<\/span><\/em><\/span><\/p>\n<h3 style=\"text-align: center;\">Florence Amrouche<\/h3>\n<h3 style=\"text-align: center;\"><span style=\"text-decoration: underline; color: #808080;\"><em>La progression de la pauvret\u00e9 et ses effets sur la sant\u00e9<\/em><\/span><\/h3>\n<h3 style=\"text-align: center;\">Marc Jamoulle<\/h3>\n<h3 style=\"text-align: center;\"><span style=\"text-decoration: underline; background-color: #ffffff; color: #808080;\"><em>La pr\u00e9vention quaternaire<\/em><\/span><\/h3>\n<h3 style=\"text-align: center;\">Michelle Le Barzic<\/h3>\n<p style=\"text-align: center;\"><span style=\"text-decoration: underline;\"><em><span style=\"color: #808080;\">Ob\u00e9sit\u00e9 ; surm\u00e9dicalisation ou m\u00e9dicalisation abusive ?<\/span><\/em><\/span><\/p>\n<h3 style=\"text-align: center;\"><span style=\"color: #000000;\">Claudie Haxaire, Philippe Bail, Pierre Bod\u00e9nez<\/span><\/h3>\n<h3 style=\"text-align: center;\"><span style=\"text-decoration: underline;\"><em><span style=\"color: #808080;\">Sur et sous m\u00e9dicalisation : des \u00a0\u00bb raisons \u00a0\u00bb de prescrire ou de ne pas prescrire un antid\u00e9presseur en m\u00e9decine g\u00e9n\u00e9rale.<\/span><\/em><\/span><\/h3>\n<h2 style=\"text-align: center;\"><a href=\"http:\/\/surmedicalisation.fr\/?page_id=293\" target=\"_blank\">Atelier N\u00b02<\/a><\/h2>\n<h1 style=\"text-align: center;\"><span style=\"color: #0000ff;\">Surmedicalisation : Etat des reflexions et des actions dans diff\u00e9rents pays<\/span><\/h1>\n<h3 style=\"text-align: center;\"><strong><span style=\"color: #000000;\">Mod\u00e9rateurs : Fran\u00e7ois Pesty et Alain Siary<\/span><\/strong><\/h3>\n<h3 style=\"text-align: center;\">Introduction : Fran\u00e7ois Pesty<\/h3>\n<h3 style=\"text-align: center;\"><span style=\"text-decoration: underline;\"><span style=\"color: #808080;\">D\u00e9bats aliment\u00e9s par des vid\u00e9os sur les questions suivantes<\/span><\/span><\/h3>\n<h3 style=\"text-align: center;\"><span style=\"color: #808080;\"><em><span style=\"text-decoration: underline;\">La situation caricaturale des Etats-Unis d&rsquo;Am\u00e9rique<\/span><\/em><\/span><\/h3>\n<h3 style=\"text-align: center;\"><span style=\"text-decoration: underline;\"><em>Les listes \u00e0 faible valeur<\/em><\/span><\/h3>\n<h3 style=\"text-align: center;\"><span style=\"text-decoration: underline; color: #808080;\"><em>Les soins centr\u00e9s aux patients<\/em><\/span><\/h3>\n<h3 style=\"text-align: center;\"><span style=\"text-decoration: underline;\"><em>La visite acad\u00e9mique<\/em><\/span><\/h3>\n<h3 style=\"text-align: center;\"><em><span style=\"text-decoration: underline;\">Les politiques de gestion des conflits d&rsquo;int\u00e9r\u00eats<\/span><\/em><\/h3>\n<h2 style=\"text-align: center;\"><a href=\"http:\/\/surmedicalisation.fr\/?page_id=295\" target=\"_blank\">Atelier N\u00b0 3<\/a><\/h2>\n<h1 style=\"text-align: center;\"><span style=\"color: #0000ff;\">Le disease mongering ou le fa\u00e7onnage des maladies<\/span><\/h1>\n<h3 style=\"text-align: center;\"><span style=\"color: #000000;\"><strong>Mod\u00e9rateurs : Elena Pasca et Michel Thomas<\/strong><\/span><\/h3>\n<h3 style=\"text-align: center;\">Introduction : Elena Pasca<\/h3>\n<h3 style=\"text-align: center;\">Elena Pasca<\/h3>\n<h3 style=\"text-align: center;\"><span style=\"text-decoration: underline; color: #808080;\"><em>M\u00e9thodes de disease mongering et leurs cons\u00e9quences concr\u00e8tes<\/em><\/span><\/h3>\n<h3 style=\"text-align: center;\">Jean-Claude St-Onge<\/h3>\n<h3 style=\"text-align: center;\"><span style=\"text-decoration: underline; color: #808080;\"><em>La m\u00e9dicalisation de la d\u00e9tresse psychologique : Surdiagnostic et surtraitement<\/em><\/span><\/h3>\n<h3 style=\"text-align: center;\">Alain Giami<\/h3>\n<h3 style=\"text-align: center;\"><span style=\"text-decoration: underline; color: #808080;\"><em>La m\u00e9dicalisation de la sexualit\u00e9 : un exemple paradigmatique<\/em><\/span><\/h3>\n<h3 style=\"text-align: center;\">Xavier Briffault<\/h3>\n<h3 style=\"text-align: center;\"><span style=\"color: #808080;\"><em><span style=\"text-decoration: underline;\">Le r\u00f4le de l&rsquo;\u00e9valuation par les \u00e9chelles dans la sur-prescription des psychotropes<\/span><\/em><\/span><\/h3>\n<h3 style=\"text-align: center;\">Rachel Campergue<\/h3>\n<h3 style=\"text-align: center;\"><span style=\"text-decoration: underline; color: #808080;\"><em>Comment les techniques classiques de marketing sont utilis\u00e9es dans la campagne de d\u00e9pistage du cancer du sein.<\/em><\/span><\/h3>\n<h2 style=\"text-align: center;\"><a href=\" http:\/\/surmedicalisation.fr\/?page_id=298\" target=\"_blank\">Atelier N\u00b0 4<\/a><\/h2>\n<h1><span style=\"color: #0000ff;\">Le d\u00e9pistage en cause ? La pr\u00e9vention : une cause<\/span><\/h1>\n<h3 style=\"text-align: center;\"><span style=\"color: #000000;\"><strong>Mod\u00e9rateurs : Omar Brixi et Michel Dor\u00e9<\/strong><\/span><\/h3>\n<h3 style=\"text-align: center;\"><strong>Introduction<\/strong> : Omar Brixi<\/h3>\n<h3 style=\"text-align: center;\">Carine Vassy, Sophia Rosman, B\u00e9n\u00e9dicte Rousseau<\/h3>\n<h3 style=\"text-align: center;\"><span style=\"text-decoration: underline; color: #808080;\"><em>Le d\u00e9pistage pr\u00e9natal de la trisomie 21 en France : une surm\u00e9dicalisation ? Approche sociologique<\/em><\/span><\/h3>\n<h3 style=\"text-align: center;\"><span style=\"color: #000000;\">Alain Siary<\/span><\/h3>\n<h3 style=\"text-align: center;\"><span style=\"text-decoration: underline; color: #808080;\"><em>Cancer du sein et iatrog\u00e9n\u00e8se<\/em><\/span><\/h3>\n<h3 style=\"text-align: center;\"><span style=\"color: #000000;\">Elena Pasca<\/span><\/h3>\n<p style=\"text-align: center;\"><span style=\"text-decoration: underline;\"><em>D\u00e9pistage du cancer du sein<\/em><\/span><\/p>\n<h3 style=\"text-align: center;\"><span style=\"color: #000000;\">G\u00e9rard Del\u00e9pine<\/span><\/h3>\n<h3><span style=\"text-decoration: underline; color: #808080;\"><em>D\u00e9pistage des cancers de la prostate par le PSA : scandale financier, g\u00e2chis humain.<\/em><\/span><\/h3>\n<h3 style=\"text-align: center;\"><span style=\"color: #000000;\">Yves Matthieu<\/span><\/h3>\n<h3 style=\"text-align: center;\"><span style=\"text-decoration: underline; color: #808080;\"><em>Surdiagnostic du cancer de la prostate : r\u00f4le de l&rsquo;anapath<\/em><\/span><\/h3>\n<h2 style=\"text-align: center;\"><a href=\"http:\/\/surmedicalisation.fr\/?page_id=301\" target=\"_blank\">Atelier N\u00b0 5<\/a><\/h2>\n<h1 style=\"text-align: center;\"><span style=\"color: #0000ff;\">Pour une meilleure efficience :<\/span><\/h1>\n<h1 style=\"text-align: center;\"><span style=\"color: #0000ff;\">Actions et \u00e9valuations<\/span><\/h1>\n<h3 style=\"text-align: center;\"><strong>Mod\u00e9rateurs Alain Siary et Ma\u00eelys Michot-Casbas<\/strong><\/h3>\n<h3 style=\"text-align: center;\"><strong>Introduction :<\/strong> <span style=\"color: #000000;\">Alain Siary<\/span><\/h3>\n<h3 style=\"text-align: center;\">Sylvain Duval<\/h3>\n<h3 style=\"text-align: center;\"><span style=\"color: #808080;\"><strong><\/strong><em><span style=\"text-decoration: underline;\">Meilleure efficience dans la prescription de 2 anti-cholest\u00e9rol<\/span><\/em><\/span><\/h3>\n<h3 style=\"text-align: center;\">Fran\u00e7ois Pesty<\/h3>\n<h3 style=\"text-align: center;\"><span style=\"text-decoration: underline;\"><em>M\u00e9dicaments de l&rsquo;hypertension<\/em><\/span><\/h3>\n<h3 style=\"text-align: center;\">Etienne Foisset<\/h3>\n<h3 style=\"text-align: center;\"><span style=\"text-decoration: underline;\"><em>Influence de la visite m\u00e9dicale<\/em><\/span><\/h3>\n<h3 style=\"text-align: center;\">Nicole del\u00e9pine<\/h3>\n<h3 style=\"text-align: center;\"><span style=\"text-decoration: underline;\"><em>Le paradoxe de la pratique de la canc\u00e9rologie en France en 2013,Surm\u00e9dicalisation, diagnostique et sous m\u00e9dicalisatio<\/em><\/span><span style=\"text-decoration: underline;\"><em>n th\u00e9rapeutique<\/em><\/span><\/h3>\n<h2 style=\"text-align: center;\"><a href=\"http:\/\/surmedicalisation.fr\/?page_id=303\" target=\"_blank\">Atelier N\u00b0 6<\/a><\/h2>\n<h1 style=\"text-align: center;\"><span style=\"color: #0000ff;\">Pour une meilleure efficience :<br \/>\n<\/span><\/h1>\n<h1 style=\"text-align: center;\"><span style=\"color: #0000ff;\"> Les m\u00e9dicaments essentiels <\/span><\/h1>\n<h3 style=\"text-align: center;\"><strong>Mod\u00e9rateurs Michel Dor\u00e9 et Michel Thomas<\/strong><\/h3>\n<h3 style=\"text-align: center;\"><strong>Introduction :<\/strong> Michel Thomas<\/h3>\n<h3 style=\"text-align: center;\">Jean-Claude Salomon<\/h3>\n<h3 style=\"text-align: center;\"><span style=\"text-decoration: underline; color: #808080;\"><strong><\/strong><em>M\u00e9dicaments essentiels &#8211; Pourquoi une liste courte ? , Quid des m\u00e9dicaments tr\u00e8s co\u00fbteux ?<\/em><\/span><\/h3>\n<h3 style=\"text-align: center;\">Pr Jean Doucet, Emilie Boisdin, Olivia Nico, Marion Dufour, Pauline Savary<\/h3>\n<h3><span style=\"text-decoration: underline; color: #808080;\"><em>Etude des d\u00e9terminants de la d\u00e9prescription des m\u00e9dicaments en M\u00e9decine G\u00e9n\u00e9rale<\/em><\/span><\/h3>\n<h3 style=\"text-align: center;\">Cam Anh Khau, H. Vaillant, Michel Dor\u00e9, P.Vorelhon<\/h3>\n<h3 style=\"text-align: center;\"><span style=\"text-decoration: underline; color: #808080;\"><em>G\u00e9n\u00e8se d&rsquo;une liste de 100 m\u00e9dicaments essentiels des g\u00e9n\u00e9ralistes<\/em><\/span><\/h3>\n<h3 style=\"text-align: center;\">Michel Thomas<\/h3>\n<h3 style=\"text-align: center;\"><span style=\"text-decoration: underline; color: #808080;\"><em>Les 151 m\u00e9dicaments essentiels<\/em><\/span><\/h3>\n<p style=\"text-align: center;\"><span style=\"text-decoration: underline;\"><em><span style=\"text-decoration: underline;\">\u00a0<\/span><\/em><\/span><\/p>\n","protected":false},"excerpt":{"rendered":"<p>Colloque 2013 Sur et sous m\u00e9dicalisation, surdiagnostics, surtraitements Facult\u00e9 de M\u00e9decine de Bobigny Le groupe Princeps, le D\u00e9partement de M\u00e9decine G\u00e9n\u00e9rale de la facult\u00e9 de m\u00e9decine de Bobigny, la Soci\u00e9t\u00e9 de Formation \u00e0 la Th\u00e9rapeutique du G\u00e9n\u00e9raliste, l&rsquo;association Civic Sant\u00e9 &hellip; <a href=\"http:\/\/surmedicalisation.fr\/?page_id=285\">Continuer la lecture <span class=\"meta-nav\">&rarr;<\/span><\/a><\/p>\n","protected":false},"author":1,"featured_media":0,"parent":113,"menu_order":1,"comment_status":"open","ping_status":"open","template":"","meta":[],"_links":{"self":[{"href":"http:\/\/surmedicalisation.fr\/index.php?rest_route=\/wp\/v2\/pages\/285"}],"collection":[{"href":"http:\/\/surmedicalisation.fr\/index.php?rest_route=\/wp\/v2\/pages"}],"about":[{"href":"http:\/\/surmedicalisation.fr\/index.php?rest_route=\/wp\/v2\/types\/page"}],"author":[{"embeddable":true,"href":"http:\/\/surmedicalisation.fr\/index.php?rest_route=\/wp\/v2\/users\/1"}],"replies":[{"embeddable":true,"href":"http:\/\/surmedicalisation.fr\/index.php?rest_route=%2Fwp%2Fv2%2Fcomments&post=285"}],"version-history":[{"count":36,"href":"http:\/\/surmedicalisation.fr\/index.php?rest_route=\/wp\/v2\/pages\/285\/revisions"}],"predecessor-version":[{"id":2433,"href":"http:\/\/surmedicalisation.fr\/index.php?rest_route=\/wp\/v2\/pages\/285\/revisions\/2433"}],"up":[{"embeddable":true,"href":"http:\/\/surmedicalisation.fr\/index.php?rest_route=\/wp\/v2\/pages\/113"}],"wp:attachment":[{"href":"http:\/\/surmedicalisation.fr\/index.php?rest_route=%2Fwp%2Fv2%2Fmedia&parent=285"}],"curies":[{"name":"wp","href":"https:\/\/api.w.org\/{rel}","templated":true}]}}