{"id":2907,"date":"2014-01-28T13:07:33","date_gmt":"2014-01-28T12:07:33","guid":{"rendered":"http:\/\/surmedicalisation.fr\/?page_id=2907"},"modified":"2016-02-07T23:45:17","modified_gmt":"2016-02-07T22:45:17","slug":"evenements","status":"publish","type":"page","link":"http:\/\/surmedicalisation.fr\/?page_id=2907","title":{"rendered":"Autres \u00e9v\u00e9nements"},"content":{"rendered":"<p><script>\/\/ <![CDATA[\n  (function(i,s,o,g,r,a,m){i['GoogleAnalyticsObject']=r;i[r]=i[r]||function(){\n  (i[r].q=i[r].q||[]).push(arguments)},i[r].l=1*new Date();a=s.createElement(o),\n  m=s.getElementsByTagName(o)[0];a.async=1;a.src=g;m.parentNode.insertBefore(a,m)\n  })(window,document,'script','\/\/www.google-analytics.com\/analytics.js','ga');\n\n  ga('create', 'UA-40453293-1', 'surmedicalisation.fr');\n  ga('send', 'pageview');\n\/\/ ]]><\/script><\/p>\n<p>Retrouvez ici les autres manifestations organis\u00e9es par le groupe Princeps o\u00f9 auxquelles ont particip\u00e9 des membres de notre groupe de r\u00e9flexion&#8230;<\/p>\n","protected":false},"excerpt":{"rendered":"<p>Retrouvez ici les autres manifestations organis\u00e9es par le groupe Princeps o\u00f9 auxquelles ont particip\u00e9 des membres de notre groupe de r\u00e9flexion&#8230;<\/p>\n","protected":false},"author":1,"featured_media":0,"parent":0,"menu_order":3,"comment_status":"open","ping_status":"open","template":"","meta":[],"_links":{"self":[{"href":"http:\/\/surmedicalisation.fr\/index.php?rest_route=\/wp\/v2\/pages\/2907"}],"collection":[{"href":"http:\/\/surmedicalisation.fr\/index.php?rest_route=\/wp\/v2\/pages"}],"about":[{"href":"http:\/\/surmedicalisation.fr\/index.php?rest_route=\/wp\/v2\/types\/page"}],"author":[{"embeddable":true,"href":"http:\/\/surmedicalisation.fr\/index.php?rest_route=\/wp\/v2\/users\/1"}],"replies":[{"embeddable":true,"href":"http:\/\/surmedicalisation.fr\/index.php?rest_route=%2Fwp%2Fv2%2Fcomments&post=2907"}],"version-history":[{"count":12,"href":"http:\/\/surmedicalisation.fr\/index.php?rest_route=\/wp\/v2\/pages\/2907\/revisions"}],"predecessor-version":[{"id":3713,"href":"http:\/\/surmedicalisation.fr\/index.php?rest_route=\/wp\/v2\/pages\/2907\/revisions\/3713"}],"wp:attachment":[{"href":"http:\/\/surmedicalisation.fr\/index.php?rest_route=%2Fwp%2Fv2%2Fmedia&parent=2907"}],"curies":[{"name":"wp","href":"https:\/\/api.w.org\/{rel}","templated":true}]}}