{"id":2922,"date":"2014-02-17T09:43:30","date_gmt":"2014-02-17T08:43:30","guid":{"rendered":"http:\/\/surmedicalisation.fr\/?page_id=2922"},"modified":"2014-05-04T22:44:15","modified_gmt":"2014-05-04T20:44:15","slug":"2eme-appel-a-contribution-17022014","status":"publish","type":"page","link":"http:\/\/surmedicalisation.fr\/?page_id=2922","title":{"rendered":"2\u00e8me Appel \u00e0 contribution \u2013 17\/02\/2014"},"content":{"rendered":"<p><script type=\"text\/javascript\">\/\/ <![CDATA[\n(function(i,s,o,g,r,a,m){i['GoogleAnalyticsObject']=r;i[r]=i[r]||function(){\n  (i[r].q=i[r].q||[]).push(arguments)},i[r].l=1*new Date();a=s.createElement(o),\n  m=s.getElementsByTagName(o)[0];a.async=1;a.src=g;m.parentNode.insertBefore(a,m)\n  })(window,document,'script','\/\/www.google-analytics.com\/analytics.js','ga');\n\n  ga('create', 'UA-40453293-1', 'surmedicalisation.fr');\n  ga('send', 'pageview');\n\n\/\/ ]]><\/script><\/p>\n<p><strong>2\u00e8me annonce : invitation et appel \u00e0 contribution au troisi\u00e8me colloque de Bobigny<\/strong><\/p>\n<p>Le 17 f\u00e9vrier 2014<\/p>\n<p>Cher(e)s Coll\u00e8gues,<\/p>\n<p>Le groupe Princeps, le D\u00e9partement de M\u00e9decine G\u00e9n\u00e9rale de la Facult\u00e9 de M\u00e9decine de Bobigny et la Soci\u00e9t\u00e9 de Formation Th\u00e9rapeutique du G\u00e9n\u00e9raliste (SFTG), l\u2019association Civic Sant\u00e9, organisent les 25 et 26 avril 2014 le troisi\u00e8me colloque de Bobigny<b>\u00a0: <\/b><\/p>\n<p><b>\u00ab\u00a0Sur- et sous- m\u00e9dicalisation, surdiagnostics et surtraitements\u00a0<\/b>\u00bb<\/p>\n<p>qui aura lieu \u00e0 la Facult\u00e9 de M\u00e9decine de Bobigny.<\/p>\n<p>Vous \u00eates invit\u00e9s \u00e0 participer \u00e0 ce colloque et nous vous proposons de soumettre d\u00e8s que possible l\u2019intitul\u00e9 de vos contributions aux ateliers de ce colloque. Le titre et un r\u00e9sum\u00e9 de 500 \u00e0 1.500 caract\u00e8res (espaces compris) sont attendus au plus tard le 25\/03\/2014. &gt;&gt;&gt; <b>Voir le pr\u00e9-programme et\u00a0<b>le bulletin d&rsquo;inscription<\/b><\/b> (t\u00e9l\u00e9chargeables au bas de la page). A noter que les horaires des ateliers N\u00b02 et 3 ont \u00e9t\u00e9 permut\u00e9s par rapport au pr\u00e9-programme diffus\u00e9 pr\u00e9c\u00e9demment.<\/p>\n<p>&nbsp;<\/p>\n<p>Les propositions de contributions retenues par le comit\u00e9 d&rsquo;organisation seront port\u00e9es \u00e0 la connaissance des auteurs au cours de la seconde quinzaine du mois de mars 2014.<\/p>\n<p>Les \u00e9changes se feront exclusivement par courrier \u00e9lectronique, les titres et les r\u00e9sum\u00e9s devront \u00eatre en format Word (97-2003) sous forme de documents attach\u00e9s. Les r\u00e9ponses doivent \u00eatre adress\u00e9es \u00e0\u00a0: <a title=\"blocked::outbind:\/\/2\/surmedicalisation@tribunes.com\" href=\"outbind:\/\/2\/surmedicalisation@tribunes.com\">surmedicalisation@tribunes.com<\/a><\/p>\n<p>Les intervenants, m\u00e9decins ou non m\u00e9decins devront faire une d\u00e9claration de liens d\u2019int\u00e9r\u00eats.<\/p>\n<p>Dans un souci d\u2019ind\u00e9pendance, la participation individuelle sera de 30 \u20ac\/personne (10\u20ac internes). Les inscriptions se feront exclusivement par ch\u00e8que \u00e0 l\u2019ordre de la SFTG, en pr\u00e9cisant \u00ab\u00a0Colloque Surm\u00e9dicalisation &#8211; 25 et 26 avril 2014\u00a0\u00bb \u00e0 l\u2019adresse\u00a0suivante : SFTG, 233 bis rue de Tolbiac 75013 Paris<\/p>\n<p>Esp\u00e9rant votre participation et vos contributions veuillez acceptez Cher(e)s Coll\u00e8gues l\u2019expression de nos meilleurs sentiments<\/p>\n<p>A noter, et nous nous en r\u00e9jouissons, la participation sous forme de conf\u00e9rences\u00a0inaugurales et introductives,\u00a0des personnalit\u00e9s suivantes :<\/p>\n<blockquote dir=\"ltr\"><p>&#8211; Pr. Jean-Luc DUMAS, Doyen de la facult\u00e9 de M\u00e9decine de Bobigny,<\/p>\n<p>&#8211; Pr. Jean-Luc HAROUSSEAU, Pr\u00e9sident de la Haute Autorit\u00e9,<\/p>\n<p>&#8211; Dr. Patrick BOUET, Pr\u00e9sident de Conseil National de l&rsquo;Ordre des M\u00e9decins,<\/p>\n<p>&#8211; Dr Iona HEATH, Ancienne Pr\u00e9sidente du \u00ab\u00a0Royal College of General Practitionners\u00a0\u00bb, Royaume Uni,<\/p>\n<p>&#8211; Pr. Didier SICARD, Ancien Pr\u00e9sident du Comit\u00e9 Consultatif National d&rsquo;Ethique<\/p><\/blockquote>\n<p>N&rsquo;h\u00e9sitez-pas \u00e0\u00a0diffuser \u00e0 vos r\u00e9seaux ou connaissances cette invitation et appel \u00e0 contribution<\/p>\n<p>Le groupe Princeps<\/p>\n<p>P.J.<br \/>\nT\u00e9l\u00e9charger le <a href=\"http:\/\/surmedicalisation.fr\/blog\/WordPress3\/wp-content\/uploads\/2014\/02\/Programme-3\u00e8me-colloque-de-Bobigny.pdf\" target=\"_blank\">programme du colloque 2014<\/a> (actualis\u00e9 au 22 mars 2014)<br \/>\nT\u00e9l\u00e9charger le <a href=\"http:\/\/surmedicalisation.fr\/blog\/WordPress3\/wp-content\/uploads\/2014\/02\/bulletin-dinscription_Colloque_4S_2014.pdf\" target=\"_blank\">bulletin d&rsquo;inscription 2014<\/a><\/p>\n<p>Nota\u00a0: Les actes des \u00e9ditions 2012 et 2013 du Colloque sont accessibles sur le site \u00ab\u00a0<a title=\"blocked::http:\/\/surmedicalisation.fr\/&lt;br \/&gt;&lt;br \/&gt;&lt;br \/&gt; Cliquer ici pour vous rendre sur le site &quot;surmedicalisation.fr&quot; \" href=\"http:\/\/surmedicalisation.fr\/\">surmedicalisation.fr<\/a>\u00a0\u00bb<\/p>\n<p>&nbsp;<\/p>\n","protected":false},"excerpt":{"rendered":"<p>2\u00e8me annonce : invitation et appel \u00e0 contribution au troisi\u00e8me colloque de Bobigny Le 17 f\u00e9vrier 2014 Cher(e)s Coll\u00e8gues, Le groupe Princeps, le D\u00e9partement de M\u00e9decine G\u00e9n\u00e9rale de la Facult\u00e9 de M\u00e9decine de Bobigny et la Soci\u00e9t\u00e9 de Formation Th\u00e9rapeutique &hellip; <a href=\"http:\/\/surmedicalisation.fr\/?page_id=2922\">Continuer la lecture <span class=\"meta-nav\">&rarr;<\/span><\/a><\/p>\n","protected":false},"author":1,"featured_media":0,"parent":2893,"menu_order":3,"comment_status":"open","ping_status":"open","template":"","meta":[],"_links":{"self":[{"href":"http:\/\/surmedicalisation.fr\/index.php?rest_route=\/wp\/v2\/pages\/2922"}],"collection":[{"href":"http:\/\/surmedicalisation.fr\/index.php?rest_route=\/wp\/v2\/pages"}],"about":[{"href":"http:\/\/surmedicalisation.fr\/index.php?rest_route=\/wp\/v2\/types\/page"}],"author":[{"embeddable":true,"href":"http:\/\/surmedicalisation.fr\/index.php?rest_route=\/wp\/v2\/users\/1"}],"replies":[{"embeddable":true,"href":"http:\/\/surmedicalisation.fr\/index.php?rest_route=%2Fwp%2Fv2%2Fcomments&post=2922"}],"version-history":[{"count":14,"href":"http:\/\/surmedicalisation.fr\/index.php?rest_route=\/wp\/v2\/pages\/2922\/revisions"}],"predecessor-version":[{"id":2941,"href":"http:\/\/surmedicalisation.fr\/index.php?rest_route=\/wp\/v2\/pages\/2922\/revisions\/2941"}],"up":[{"embeddable":true,"href":"http:\/\/surmedicalisation.fr\/index.php?rest_route=\/wp\/v2\/pages\/2893"}],"wp:attachment":[{"href":"http:\/\/surmedicalisation.fr\/index.php?rest_route=%2Fwp%2Fv2%2Fmedia&parent=2922"}],"curies":[{"name":"wp","href":"https:\/\/api.w.org\/{rel}","templated":true}]}}