{"id":303,"date":"2013-09-10T10:56:40","date_gmt":"2013-09-10T08:56:40","guid":{"rendered":"http:\/\/surmedicalisation.fr\/?page_id=303"},"modified":"2013-09-13T14:42:30","modified_gmt":"2013-09-13T12:42:30","slug":"atelier-n6","status":"publish","type":"page","link":"http:\/\/surmedicalisation.fr\/?page_id=303","title":{"rendered":"Atelier N\u00b06 &#8211; Colloque 2013"},"content":{"rendered":"<p><script type=\"text\/javascript\">\/\/ <![CDATA[\n(function(i,s,o,g,r,a,m){i['GoogleAnalyticsObject']=r;i[r]=i[r]||function(){\n  (i[r].q=i[r].q||[]).push(arguments)},i[r].l=1*new Date();a=s.createElement(o),\n  m=s.getElementsByTagName(o)[0];a.async=1;a.src=g;m.parentNode.insertBefore(a,m)\n  })(window,document,'script','\/\/www.google-analytics.com\/analytics.js','ga');\n\n  ga('create', 'UA-40453293-1', 'surmedicalisation.fr');\n  ga('send', 'pageview');\n\/\/ ]]><\/script><\/p>\n<h1 align=\"center\"><span style=\"color: #0000ff;\">Pour une meilleure efficience:<\/span><\/h1>\n<h1 align=\"center\"><span style=\"color: #0000ff;\">Les m\u00e9dicaments essentiels<\/span><\/h1>\n<h3 style=\"text-align: center;\"><strong>Mod\u00e9rateurs : Michel Dor\u00e9 et Michel Thomas<\/strong><\/h3>\n<h3 style=\"text-align: center;\"><em><span style=\"color: #666699;\">Introduction de Michel Thomas<\/span><\/em><\/h3>\n<p style=\"text-align: center;\"><strong>La question des m\u00e9dicaments essentiels est plus que jamais d\u2019actualit\u00e9.<\/strong><\/p>\n<h4 style=\"text-align: justify;\">\u00a0\u00a0\u00a0\u00a0\u00a0\u00a0\u00a0\u00a0\u00a0\u00a0\u00a0 Le rapport IGF\/IGAS de juin 2012, en rappelant que la \u00ab<strong>\u00a0<\/strong><em><strong>consommation fran\u00e7aise en m\u00e9dicaments est de 40% sup\u00e9rieure \u00e0 celle observ\u00e9e dans les principaux pays voisins<\/strong>\u00a0<\/em>\u00bb, a plaid\u00e9 pour le \u00ab\u00a0<em><strong>d\u00e9ploiement de r\u00e9f\u00e9rentiels m\u00e9dicaux\u2026 et l\u2019\u00e9laboration d\u2019une liste de m\u00e9dicaments de r\u00e9f\u00e9rence (\u00ab\u00a0wise list\u00a0\u00bb) telle qu\u2019elle existe en Su\u00e8de<\/strong><\/em>\u00a0\u00bb. Le livre de Ph. Even et B. Debr\u00e9 a alert\u00e9 le grand public.<\/h4>\n<h4 style=\"text-align: justify;\">\u00a0\u00a0\u00a0\u00a0\u00a0\u00a0\u00a0\u00a0\u00a0\u00a0\u00a0 Le travail entrepris par des Internistes au sein de la SNFMI rejoint\u00a0 par des g\u00e9n\u00e9ralistes du CNGE a consid\u00e9rablement avanc\u00e9, et les r\u00e9sultats actuels seront pr\u00e9sent\u00e9s et discut\u00e9s.<\/h4>\n<h4 style=\"text-align: justify;\">\u00a0\u00a0\u00a0\u00a0\u00a0\u00a0\u00a0\u00a0\u00a0\u00a0\u00a0 <strong>Parall\u00e8lement, la question de la d\u00e9prescription des m\u00e9dicaments inutiles et\/ou dangereux dans les populations en particulier chez les plus de 60 ans sera abord\u00e9e<\/strong>. Elle repr\u00e9sente l\u2019autre face d\u2019une bataille pour une meilleure efficience th\u00e9rapeutique.<\/h4>\n<h3 align=\"center\"><strong>\u00a0Jean-Claude Salomon<\/strong><\/h3>\n<h3 align=\"center\"><span style=\"text-decoration: underline;\"><span style=\"color: #666699;\"><em> M\u00e9dicaments essentiels\u00a0: pourquoi une liste courte ?<br \/>\nQuid des m\u00e9dicaments tr\u00e8s co\u00fbteux ?<br \/>\n<\/em><\/span><\/span><\/h3>\n<h4 style=\"text-align: justify;\">&#8211;<span style=\"text-decoration: underline;\"> Hypoth\u00e8ses<\/span>: un grand nombre de m\u00e9dicaments ont \u00e9t\u00e9 \u00ab<em>mis sur le march\u00e9<\/em>\u00bb. <strong>Peu d\u2019entre eux sont indispensables pour traiter le plus grand nombre de patients<\/strong>. Un consensus est possible autour d\u2019une liste de <em>m\u00e9dicaments essentiels<\/em>. Hypoth\u00e8se confirm\u00e9e partiellement.<\/h4>\n<h4 style=\"text-align: justify;\">&#8211;<strong> Chaque m\u00e9decin dans sa pratique prescrit moins d\u2019une centaine de m\u00e9dicaments diff\u00e9rents.<\/strong> Hypoth\u00e8se: <em>peut-on faire co\u00efncider ces m\u00e9dicaments avec la liste des\u00a0<strong>m\u00e9dicaments essentiels<\/strong> et accro\u00eetre l\u2019efficacit\u00e9 des prescriptions ?<br \/>\n<\/em><span style=\"color: #000000;\">Ceci reste \u00e0 prouver.<\/span><em><\/em><\/h4>\n<h4 style=\"text-align: justify;\">&#8211; En focalisant la connaissance sur un nombre r\u00e9duit de m\u00e9dicaments, peut-on obtenir<\/h4>\n<h4 style=\"text-align: justify;\">1- un approfondissement du savoir th\u00e9rapeutique et une r\u00e9duction des erreurs ?<\/h4>\n<h4 style=\"text-align: justify;\">2- une approche critique et ind\u00e9pendante des nouveaux m\u00e9dicaments ?<\/h4>\n<h4 style=\"text-align: justify;\">3- une \u00e9valuation comparative avec les ME choisis chaque fois que possible comme r\u00e9f\u00e9rentiels?<\/h4>\n<p style=\"text-align: justify;\"><i>Quid des m\u00e9dicaments tr\u00e8s co\u00fbteux ?<\/i><i><\/i><\/p>\n<h6 style=\"text-align: center;\"><span style=\"color: #339966;\">Cliquer sur l&rsquo;image pour ouvrir la pr\u00e9sentation<\/span><\/h6>\n<h4 style=\"text-align: center;\"><a href=\"http:\/\/surmedicalisation.fr\/blog\/WordPress3\/wp-content\/uploads\/2013\/07\/Salomon-atelier-6.ppsx\"><img loading=\"lazy\" class=\"aligncenter size-medium wp-image-2382\" alt=\"image diapo jean claude atelier 6\" src=\"http:\/\/surmedicalisation.fr\/blog\/WordPress3\/wp-content\/uploads\/2013\/07\/image-diapo-jean-claude-atelier-6-300x225.jpg\" width=\"300\" height=\"225\" srcset=\"http:\/\/surmedicalisation.fr\/blog\/WordPress3\/wp-content\/uploads\/2013\/07\/image-diapo-jean-claude-atelier-6-300x225.jpg 300w, http:\/\/surmedicalisation.fr\/blog\/WordPress3\/wp-content\/uploads\/2013\/07\/image-diapo-jean-claude-atelier-6-1024x768.jpg 1024w, http:\/\/surmedicalisation.fr\/blog\/WordPress3\/wp-content\/uploads\/2013\/07\/image-diapo-jean-claude-atelier-6.jpg 1200w\" sizes=\"(max-width: 300px) 100vw, 300px\" \/><\/a><\/h4>\n<hr \/>\n<p>&nbsp;<\/p>\n<h3 align=\"center\">Pr. Jean Doucet, Emilie Boisdin, Olivia Nicol, Marion Dufour, Pauline Savary<\/h3>\n<h3 align=\"center\"><span style=\"text-decoration: underline;\"><i>Etude des d\u00e9terminants de la d\u00e9-prescription des m\u00e9dicaments en m\u00e9decine g\u00e9n\u00e9rale<\/i><\/span><\/h3>\n<h6 style=\"text-align: center;\"><span style=\"color: #008000;\">Cliquer sur l&rsquo;image pour ouvrir la pr\u00e9sentation<\/span><\/h6>\n<p><a href=\"http:\/\/surmedicalisation.fr\/blog\/WordPress3\/wp-content\/uploads\/2013\/07\/D\u00e9prescription-M\u00e9d-Bobigny-Mai-13.ppsx\"><img loading=\"lazy\" class=\"aligncenter size-medium wp-image-2396\" alt=\"image d\u00e9prescription\" src=\"http:\/\/surmedicalisation.fr\/blog\/WordPress3\/wp-content\/uploads\/2013\/07\/image-d\u00e9prescription-300x199.jpg\" width=\"300\" height=\"199\" srcset=\"http:\/\/surmedicalisation.fr\/blog\/WordPress3\/wp-content\/uploads\/2013\/07\/image-d\u00e9prescription-300x199.jpg 300w, http:\/\/surmedicalisation.fr\/blog\/WordPress3\/wp-content\/uploads\/2013\/07\/image-d\u00e9prescription-1024x681.jpg 1024w, http:\/\/surmedicalisation.fr\/blog\/WordPress3\/wp-content\/uploads\/2013\/07\/image-d\u00e9prescription.jpg 1346w\" sizes=\"(max-width: 300px) 100vw, 300px\" \/><\/a><\/p>\n<hr \/>\n<p>&nbsp;<\/p>\n<h3 align=\"center\">Cam Anh Khau, H. Vaillant, Michel Dor\u00e9, P. Vorilhon<\/h3>\n<h3 align=\"center\"><span style=\"text-decoration: underline;\"> <i>G\u00e9n\u00e8se d\u2019une liste de 100 m\u00e9dicaments essentiels des g\u00e9n\u00e9ralistes<\/i><\/span><\/h3>\n<h4 style=\"text-align: justify;\">L&rsquo;<strong>OMS<\/strong> incite les pays d\u00e9velopp\u00e9s \u00e0 d\u00e9finir leur liste de m\u00e9dicaments essentiels. Un groupe de m\u00e9decins internistes travaillent sur les <strong>100 m\u00e9dicaments<\/strong> paraissant<strong> essentiels<\/strong> au traitement de 95% de la pathologie observ\u00e9e en France.<\/h4>\n<h4 style=\"text-align: justify;\">Les m\u00e9decins g\u00e9n\u00e9ralistes sont invit\u00e9s \u00e0 participer \u00e0 cette r\u00e9flexion.<\/h4>\n<h4><strong>Objectif :<\/strong> Initier une r\u00e9flexion sur les <span style=\"text-decoration: underline;\">m\u00e9dicaments dits essentiels.<\/span><\/h4>\n<h6 style=\"text-align: center;\"><span style=\"color: #008000;\">Cliquer sur l&rsquo;image pour ouvrir la pr\u00e9sentation<\/span><\/h6>\n<p style=\"text-align: center;\"><a href=\"http:\/\/surmedicalisation.fr\/blog\/WordPress3\/wp-content\/uploads\/2013\/07\/100-m\u00e9dic-g\u00e9n\u00e9ralistes-2013.ppsx\"><img loading=\"lazy\" class=\"aligncenter size-medium wp-image-2400\" style=\"border: 2px solid black;\" alt=\"100 m\u00e9dica essentiels image\" src=\"http:\/\/surmedicalisation.fr\/blog\/WordPress3\/wp-content\/uploads\/2013\/07\/100-m\u00e9dica-essentiels-image-300x223.jpg\" width=\"300\" height=\"223\" srcset=\"http:\/\/surmedicalisation.fr\/blog\/WordPress3\/wp-content\/uploads\/2013\/07\/100-m\u00e9dica-essentiels-image-300x223.jpg 300w, http:\/\/surmedicalisation.fr\/blog\/WordPress3\/wp-content\/uploads\/2013\/07\/100-m\u00e9dica-essentiels-image-1024x763.jpg 1024w, http:\/\/surmedicalisation.fr\/blog\/WordPress3\/wp-content\/uploads\/2013\/07\/100-m\u00e9dica-essentiels-image.jpg 1201w\" sizes=\"(max-width: 300px) 100vw, 300px\" \/><\/a><\/p>\n<h3 align=\"center\">Michel Thomas<\/h3>\n<h3 align=\"center\"><span style=\"text-decoration: underline;\"> <i>Les 151 m\u00e9dicaments essentiels<\/i><\/span><\/h3>\n<h4 style=\"text-align: justify;\">Le tr\u00e8s grand nombre de m\u00e9dicaments disponibles en France est<strong> source d&rsquo;inflation et possiblement de m\u00e9susage.<\/strong> Dix internistes, sollicit\u00e9s lors du congr\u00e8s de la SNFMI de Poitiers en juin 2011, acceptent d&rsquo;\u00e9tablir \u00e0 partir de leur exp\u00e9rience la liste tr\u00e8s contrainte des <strong>100 m\u00e9dicaments<\/strong> (en DCI) leur paraissant<strong> essentiels.<\/strong><\/h4>\n<h4 style=\"text-align: justify;\">La consigne \u00e9tait :<strong> Quels sont les m\u00e9dicaments capables de traiter 95% des pathologies observ\u00e9es en France.<\/strong><\/h4>\n<h6 style=\"text-align: center;\"><span style=\"color: #008000;\">Cliquer sur l&rsquo;image pour ouvrir la pr\u00e9sentation<\/span> <a href=\"http:\/\/surmedicalisation.fr\/blog\/WordPress3\/wp-content\/uploads\/2013\/07\/Les-151-m\u00e9dicaments-essentiels-Bobigny-mai-2013.ppsx\"><img loading=\"lazy\" class=\"aligncenter size-medium wp-image-2410\" style=\"border: 2px solid black;\" alt=\"image 151 m\u00e9dicaments essentiels\" src=\"http:\/\/surmedicalisation.fr\/blog\/WordPress3\/wp-content\/uploads\/2013\/07\/image-151-m\u00e9dicaments-essentiels-300x228.jpg\" width=\"300\" height=\"228\" srcset=\"http:\/\/surmedicalisation.fr\/blog\/WordPress3\/wp-content\/uploads\/2013\/07\/image-151-m\u00e9dicaments-essentiels-300x228.jpg 300w, http:\/\/surmedicalisation.fr\/blog\/WordPress3\/wp-content\/uploads\/2013\/07\/image-151-m\u00e9dicaments-essentiels-1024x780.jpg 1024w, http:\/\/surmedicalisation.fr\/blog\/WordPress3\/wp-content\/uploads\/2013\/07\/image-151-m\u00e9dicaments-essentiels.jpg 1181w\" sizes=\"(max-width: 300px) 100vw, 300px\" \/><\/a><\/h6>\n<h4 style=\"text-align: center;\"><span style=\"text-decoration: underline;\"><strong>Les 151 mol\u00e9cules actuelles:<\/strong><\/span><\/h4>\n<ul style=\"list-style-type: disc;\">\n<li>\n<h5 style=\"text-align: justify;\"><strong><span style=\"color: #ff0000;\">53<\/span><\/strong> d\u00e9j\u00e0 pr\u00e9sentes parmi les \u00ab\u00a0<strong><span style=\"color: #ff0000;\">200<\/span><\/strong> <em>m\u00e9dicaments essentiels<\/em>\u00a0\u00bb (en fait 195) de<strong> Maurice Rapin<\/strong> (1983).<\/h5>\n<\/li>\n<li style=\"text-align: justify;\">\n<h5><strong><span style=\"color: #ff0000;\">105<\/span><\/strong> figurent sur la liste confidentielle de <strong><span style=\"color: #ff0000;\">381<\/span><\/strong> m\u00e9dicaments \u00ab\u00a0<em>indispensables<\/em>\u00a0\u00bb de l&rsquo;<strong>AFSSAPS<\/strong> (2008).<\/h5>\n<\/li>\n<li style=\"text-align: justify;\">\n<h5><strong><span style=\"color: #ff0000;\">75<\/span><\/strong> parmi les <strong><span style=\"color: #ff0000;\">360<\/span><\/strong> \u00ab\u00a0<em>m\u00e9dicaments essentiels<\/em>\u00a0\u00bb de l&rsquo;<strong>OMS<\/strong> (2011).<\/h5>\n<\/li>\n<li style=\"text-align: justify;\">\n<h5><strong><span style=\"color: #ff0000;\">61<\/span><\/strong> sur la 1<sup>\u00e8re<\/sup> liste de <strong><span style=\"color: #ff0000;\">146<\/span><\/strong> mol\u00e9cules indispensables de<strong> Su\u00e8de<\/strong> (2004). <strong><span style=\"color: #ff0000;\">79<\/span> <\/strong>sur la liste \u00e9largie \u00e0 <strong><span style=\"color: #ff0000;\">219<\/span><\/strong> mol\u00e9cules (2012).<\/h5>\n<\/li>\n<li style=\"text-align: justify;\">\n<h5>Et <strong><span style=\"color: #ff0000;\">20<\/span><\/strong> sont parmi les <strong><span style=\"color: #ff0000;\">71<\/span> <\/strong>mol\u00e9cules \u00ab\u00a0<em>d&rsquo;efficacit\u00e9 exceptionnelle<\/em>\u00a0\u00bb retenues par <strong>Even<\/strong> et <strong>Debr\u00e9.<\/strong><\/h5>\n<\/li>\n<li style=\"text-align: justify;\">\n<h5><strong><span style=\"color: #ff0000;\">86<\/span> <\/strong><span style=\"text-decoration: underline;\">sont g\u00e9n\u00e9riqu\u00e9es<\/span> (derni\u00e8re mise \u00e0 jour, mars 2013).<\/h5>\n<\/li>\n<li>\n<h5 style=\"text-align: justify;\">Et<strong><span style=\"color: #ff0000;\"> 5<\/span><\/strong> ne le sont que sous forme d&rsquo;association.<\/h5>\n<\/li>\n<\/ul>\n<h4 style=\"text-align: center;\"><a href=\"http:\/\/whqlibdoc.who.int\/hq\/2011\/a95968_fre.pdf\" target=\"_blank\">Liste mod\u00e8le de l&rsquo;OMS des m\u00e9dicaments essentiels .<\/a><\/h4>\n","protected":false},"excerpt":{"rendered":"<p>Pour une meilleure efficience: Les m\u00e9dicaments essentiels Mod\u00e9rateurs : Michel Dor\u00e9 et Michel Thomas Introduction de Michel Thomas La question des m\u00e9dicaments essentiels est plus que jamais d\u2019actualit\u00e9. \u00a0\u00a0\u00a0\u00a0\u00a0\u00a0\u00a0\u00a0\u00a0\u00a0\u00a0 Le rapport IGF\/IGAS de juin 2012, en rappelant que la \u00ab\u00a0consommation &hellip; <a href=\"http:\/\/surmedicalisation.fr\/?page_id=303\">Continuer la lecture <span class=\"meta-nav\">&rarr;<\/span><\/a><\/p>\n","protected":false},"author":5,"featured_media":0,"parent":285,"menu_order":8,"comment_status":"open","ping_status":"open","template":"","meta":[],"_links":{"self":[{"href":"http:\/\/surmedicalisation.fr\/index.php?rest_route=\/wp\/v2\/pages\/303"}],"collection":[{"href":"http:\/\/surmedicalisation.fr\/index.php?rest_route=\/wp\/v2\/pages"}],"about":[{"href":"http:\/\/surmedicalisation.fr\/index.php?rest_route=\/wp\/v2\/types\/page"}],"author":[{"embeddable":true,"href":"http:\/\/surmedicalisation.fr\/index.php?rest_route=\/wp\/v2\/users\/5"}],"replies":[{"embeddable":true,"href":"http:\/\/surmedicalisation.fr\/index.php?rest_route=%2Fwp%2Fv2%2Fcomments&post=303"}],"version-history":[{"count":55,"href":"http:\/\/surmedicalisation.fr\/index.php?rest_route=\/wp\/v2\/pages\/303\/revisions"}],"predecessor-version":[{"id":2702,"href":"http:\/\/surmedicalisation.fr\/index.php?rest_route=\/wp\/v2\/pages\/303\/revisions\/2702"}],"up":[{"embeddable":true,"href":"http:\/\/surmedicalisation.fr\/index.php?rest_route=\/wp\/v2\/pages\/285"}],"wp:attachment":[{"href":"http:\/\/surmedicalisation.fr\/index.php?rest_route=%2Fwp%2Fv2%2Fmedia&parent=303"}],"curies":[{"name":"wp","href":"https:\/\/api.w.org\/{rel}","templated":true}]}}