{"id":3623,"date":"2014-12-27T23:28:32","date_gmt":"2014-12-27T22:28:32","guid":{"rendered":"http:\/\/surmedicalisation.fr\/?page_id=3623"},"modified":"2016-05-20T14:54:40","modified_gmt":"2016-05-20T12:54:40","slug":"1er-appel-a-contribution-29122014","status":"publish","type":"page","link":"http:\/\/surmedicalisation.fr\/?page_id=3623","title":{"rendered":"1er appel \u00e0 contribution &#8211; 29\/12\/2014"},"content":{"rendered":"<p><script>\/\/ <![CDATA[\n(function(i,s,o,g,r,a,m){i['GoogleAnalyticsObject']=r;i[r]=i[r]||function(){ (i[r].q=i[r].q||[]).push(arguments)},i[r].l=1*new Date();a=s.createElement(o), m=s.getElementsByTagName(o)[0];a.async=1;a.src=g;m.parentNode.insertBefore(a,m) })(window,document,'script','\/\/www.google-analytics.com\/analytics.js','ga'); ga('create', 'UA-40453293-1', 'surmedicalisation.fr'); ga('send', 'pageview');\n\/\/ ]]><\/script><\/p>\n<p style=\"text-align: justify;\">29\/12\/2014<\/p>\n<p style=\"text-align: justify;\"><strong><span style=\"background-color: #000000; color: #000000;\"><span style=\"background-color: #ffffff;\">PREMI\u00c8RE ANNONCE ET APPEL \u00c1 COMMUNICATIONS<\/span><\/span><\/strong><\/p>\n<p style=\"text-align: justify;\">Le groupe Princeps, le D\u00e9partement de M\u00e9decine G\u00e9n\u00e9rale de la Facult\u00e9 de M\u00e9decine de Bobigny, la Soci\u00e9t\u00e9 de Formation Th\u00e9rapeutique du G\u00e9n\u00e9raliste (SFTG) et l\u2019association Civic Sant\u00e9 ont le plaisir de vous inviter au<\/p>\n<p style=\"text-align: justify;\"><strong>4\u00b0 colloque de Bobigny : \u00ab Sur- et sous-m\u00e9dicalisation, surdiagnostics et surtraitements \u00bb<\/strong><\/p>\n<p style=\"text-align: justify;\">Qui se tiendra, sous la haute autorit\u00e9 du Doyen de la Facult\u00e9 de M\u00e9decine de Bobigny (UFR SMBH), les <strong>vendredi 17 et samedi 18 avril 2015<\/strong>, Facult\u00e9 de m\u00e9decine de Bobigny (entr\u00e9e du parking et des pi\u00e9tons avenue de la Convention)<\/p>\n<p style=\"text-align: justify;\">Apr\u00e8s l\u2019accueil du Doyen, trois ateliers seront organis\u00e9s sur les th\u00e8mes suivants :<\/p>\n<p style=\"text-align: justify;\">Vendredi 17 avril 2015 le matin, Atelier d\u00e9di\u00e9 \u00e0 la m\u00e9moire de Bernard JUNOD : <strong><em>Apports et exc\u00e8s de la m\u00e9decine pr\u00e9dictive et des d\u00e9pistages<\/em><\/strong>. Cet atelier sera pr\u00e9c\u00e9d\u00e9 d\u2019une conf\u00e9rence introductive du Pr. <strong>Philippe RAVAUD<\/strong>, Centre Cochrane fran\u00e7ais, INSERM U1153, Universit\u00e9 Ren\u00e9 Descartes.<\/p>\n<p style=\"text-align: justify;\">Vendredi 17 avril 2015 apr\u00e8s midi : <em><strong>Cons\u00e9quences des modes de r\u00e9mun\u00e9ration des professionnels de sant\u00e9 et des structures de soins sur la pertinence des soins<\/strong><\/em>. Cet atelier sera pr\u00e9c\u00e9d\u00e9 d\u2019une conf\u00e9rence introductive de Madame <strong>Dominique POLTON<\/strong>, Conseill\u00e8re aupr\u00e8s du Directeur G\u00e9n\u00e9ral de la CNAMTS.<\/p>\n<p style=\"text-align: justify;\">Samedi 18 avril 2015 le matin : <em><strong>M\u00e9dicaments essentiels, g\u00e9n\u00e9riques, m\u00e9dicaments co\u00fbteux<\/strong><\/em>. Cet atelier sera suivi d\u2019une conf\u00e9rence de cl\u00f4ture du Pr. <strong>Lo\u00efc GUILLEVIN<\/strong>, M\u00e9decin interniste, Professeur de th\u00e9rapeutique, Pr\u00e9sident de la Commission de la Transparence de la HAS.<\/p>\n<p style=\"text-align: justify;\">Le d\u00e9jeuner du vendredi midi sera servi \u00e0 la facult\u00e9<\/p>\n<p style=\"text-align: justify;\"><strong>INSCRIPTIONS<\/strong><\/p>\n<p style=\"text-align: justify;\">Le montant de l\u2019inscription est de <strong>30 euros<\/strong>. L\u2019inscription comprend l\u2019accueil et les pauses caf\u00e9, le d\u00e9jeuner du vendredi.<\/p>\n<p style=\"text-align: justify;\">Les inscriptions doivent \u00eatre adress\u00e9es \u00e0 la <strong>SFTG, 233 bis rue de Tolbiac 75013 Paris, avec la mention \u00ab Colloque de Bobigny \u00bb<\/strong>.<\/p>\n<p style=\"text-align: justify;\"><strong>APPEL A COMMUNICATIONS<\/strong><\/p>\n<p style=\"text-align: justify;\">Les communications devront \u00eatre <span style=\"text-decoration: underline;\"><em>soumises avant le 1\u00b0 mars 2015<\/em><\/span> par voie \u00e9lectronique \u00e0 jcsalomon@tribunes.fr <strong>Toutes les communications s\u00e9lectionn\u00e9es seront affich\u00e9es<\/strong>. Taille des posters : 110 cm large, 160 cm haut. Le comit\u00e9 d\u2019organisation s\u00e9lectionnera de plus, deux (ou au maximum trois) communications qui seront pr\u00e9sent\u00e9es en 10 minutes par oral au d\u00e9but de chacun des trois ateliers.<\/p>\n<p style=\"text-align: justify;\">N&rsquo;h\u00e9sitez-pas \u00e0 diffuser \u00e0 vos r\u00e9seaux ou connaissances cette invitation et appel \u00e0 contribution<\/p>\n<p style=\"text-align: justify;\">Le groupe Princeps<\/p>\n<p style=\"text-align: justify;\">Nota : Les actes des \u00e9ditions 2012, 2013 et 2014 du Colloque sont accessibles en suivant le lien : \u00ab <a href=\"http:\/\/surmedicalisation.fr\/?page_id=103\" target=\"_blank\">surmedicalisation.fr<\/a> \u00bb<\/p>\n<p style=\"text-align: justify;\">T\u00e9l\u00e9charger cette annonce au format pdf : <a href=\"http:\/\/surmedicalisation.fr\/blog\/WordPress3\/wp-content\/uploads\/2014\/12\/PREMIERE-ANNONCE-ET-APPEL-A-COMMUNICATIONS_version_web.pdf\" target=\"_blank\">Ici<\/a>.<\/p>\n","protected":false},"excerpt":{"rendered":"<p>29\/12\/2014 PREMI\u00c8RE ANNONCE ET APPEL \u00c1 COMMUNICATIONS Le groupe Princeps, le D\u00e9partement de M\u00e9decine G\u00e9n\u00e9rale de la Facult\u00e9 de M\u00e9decine de Bobigny, la Soci\u00e9t\u00e9 de Formation Th\u00e9rapeutique du G\u00e9n\u00e9raliste (SFTG) et l\u2019association Civic Sant\u00e9 ont le plaisir de vous inviter &hellip; <a href=\"http:\/\/surmedicalisation.fr\/?page_id=3623\">Continuer la lecture <span class=\"meta-nav\">&rarr;<\/span><\/a><\/p>\n","protected":false},"author":1,"featured_media":0,"parent":3621,"menu_order":4,"comment_status":"open","ping_status":"open","template":"","meta":[],"_links":{"self":[{"href":"http:\/\/surmedicalisation.fr\/index.php?rest_route=\/wp\/v2\/pages\/3623"}],"collection":[{"href":"http:\/\/surmedicalisation.fr\/index.php?rest_route=\/wp\/v2\/pages"}],"about":[{"href":"http:\/\/surmedicalisation.fr\/index.php?rest_route=\/wp\/v2\/types\/page"}],"author":[{"embeddable":true,"href":"http:\/\/surmedicalisation.fr\/index.php?rest_route=\/wp\/v2\/users\/1"}],"replies":[{"embeddable":true,"href":"http:\/\/surmedicalisation.fr\/index.php?rest_route=%2Fwp%2Fv2%2Fcomments&post=3623"}],"version-history":[{"count":8,"href":"http:\/\/surmedicalisation.fr\/index.php?rest_route=\/wp\/v2\/pages\/3623\/revisions"}],"predecessor-version":[{"id":3645,"href":"http:\/\/surmedicalisation.fr\/index.php?rest_route=\/wp\/v2\/pages\/3623\/revisions\/3645"}],"up":[{"embeddable":true,"href":"http:\/\/surmedicalisation.fr\/index.php?rest_route=\/wp\/v2\/pages\/3621"}],"wp:attachment":[{"href":"http:\/\/surmedicalisation.fr\/index.php?rest_route=%2Fwp%2Fv2%2Fmedia&parent=3623"}],"curies":[{"name":"wp","href":"https:\/\/api.w.org\/{rel}","templated":true}]}}