{"id":3646,"date":"2015-03-03T23:57:32","date_gmt":"2015-03-03T22:57:32","guid":{"rendered":"http:\/\/surmedicalisation.fr\/?page_id=3646"},"modified":"2016-05-20T14:49:12","modified_gmt":"2016-05-20T12:49:12","slug":"2eme-appel-a-contribution-04032015","status":"publish","type":"page","link":"http:\/\/surmedicalisation.fr\/?page_id=3646","title":{"rendered":"2\u00e8me appel \u00e0 contribution &#8211; 04\/03\/2015"},"content":{"rendered":"<p><script>\/\/ <![CDATA[\n(function(i,s,o,g,r,a,m){i['GoogleAnalyticsObject']=r;i[r]=i[r]||function(){ (i[r].q=i[r].q||[]).push(arguments)},i[r].l=1*new Date();a=s.createElement(o), m=s.getElementsByTagName(o)[0];a.async=1;a.src=g;m.parentNode.insertBefore(a,m) })(window,document,'script','\/\/www.google-analytics.com\/analytics.js','ga'); ga('create', 'UA-40453293-1', 'surmedicalisation.fr'); ga('send', 'pageview');\n\/\/ ]]><\/script><br \/>\n<a class=\"twitter-share-button\" href=\"https:\/\/twitter.com\/share\" data-url=\"http:\/\/surmedicalisation.fr\/?page_id=3646\" data-via=\"fpesty\">Tweet<\/a><br \/>\n<script>\/\/ <![CDATA[\n!function(d,s,id){var js,fjs=d.getElementsByTagName(s)[0],p=\/^http:\/.test(d.location)?'http':'https';if(!d.getElementById(id)){js=d.createElement(s);js.id=id;js.src=p+':\/\/platform.twitter.com\/widgets.js';fjs.parentNode.insertBefore(js,fjs);}}(document, 'script', 'twitter-wjs');\n\/\/ ]]><\/script><\/p>\n<p style=\"text-align: justify;\">04\/03\/2015<\/p>\n<p style=\"text-align: justify;\"><strong>DEUXI\u00c8ME ANNONCE ET APPEL <\/strong><strong>\u00c1<\/strong><strong> COMMUNICATIONS<\/strong><\/p>\n<p style=\"text-align: justify;\">Le groupe Princeps, le D\u00e9partement de M\u00e9decine G\u00e9n\u00e9rale de la Facult\u00e9 de M\u00e9decine de Bobigny, la Soci\u00e9t\u00e9 de Formation Th\u00e9rapeutique du G\u00e9n\u00e9raliste (SFTG) et l\u2019association Civic Sant\u00e9 ont le plaisir de vous inviter au<\/p>\n<p style=\"text-align: justify;\"><strong>4\u00b0 Colloque de Bobigny\u00a0: \u00ab\u00a0Sur- et sous-m\u00e9dicalisation, surdiagnostics et surtraitements\u00a0\u00bb<\/strong><\/p>\n<p style=\"text-align: justify;\">Qui se tiendra, sous la haute autorit\u00e9 du Doyen de la Facult\u00e9 de M\u00e9decine de Bobigny (UFR SMBH), les <strong>vendredi 17 et samedi 18 avril 2015<\/strong>, Facult\u00e9 de m\u00e9decine de Bobigny (entr\u00e9e du parking et des pi\u00e9tons avenue de la Convention)<\/p>\n<p style=\"text-align: justify;\">Apr\u00e8s l\u2019accueil du Doyen, trois ateliers seront organis\u00e9s sur les th\u00e8mes suivants\u00a0:<\/p>\n<p style=\"text-align: justify;\"><strong><em><span style=\"text-decoration: underline;\">&gt; Vendredi 17 avril 2015 le matin<\/span><\/em><\/strong>, <strong><em>Atelier 1<\/em><\/strong><em> d\u00e9di\u00e9 \u00e0 la m\u00e9moire de Bernard JUNOD<\/em>\u00a0: <strong><em>Apports et exc\u00e8s de la m\u00e9decine pr\u00e9dictive et des d\u00e9pistages.<\/em><\/strong> Cet atelier sera pr\u00e9c\u00e9d\u00e9 d\u2019une conf\u00e9rence introductive du Pr. <strong>Philippe RAVAUD<\/strong>, Centre Cochrane fran\u00e7ais, INSERM U1153, Universit\u00e9 Ren\u00e9 Descartes.<\/p>\n<p style=\"text-align: justify;\">Les dix questions suivantes relatives \u00e0 la th\u00e9matique de l\u2019atelier 1 alimenteront les travaux des participants r\u00e9partis en petits groupes\u00a0:<\/p>\n<ol style=\"text-align: justify;\">\n<li>M\u00e9decine personnalis\u00e9e\u00a0: mythes ou r\u00e9alit\u00e9\u00a0?<\/li>\n<li>Les calculateurs de risque cardio-vasculaire permettent-ils ou permettront-ils d\u2019am\u00e9liorer les conditions du d\u00e9pistage\u00a0?<\/li>\n<li>Apr\u00e8s Big Pharma, Big Data contribuera-t-il plus \u00e0 la sant\u00e9 du march\u00e9 qu\u2019\u00e0 la sant\u00e9 des hommes\u00a0?<\/li>\n<li>Quelle d\u00e9cision est prise le plus souvent par le patient ou la patiente en \u00e2ge d\u2019\u00eatre d\u00e9pist\u00e9(e) lorsqu\u2019il ou elle est bien inform\u00e9(e) des risques de surdiagnostic ?<\/li>\n<li>Comment mieux prendre en compte les pr\u00e9f\u00e9rences du patient en mati\u00e8re de d\u00e9pistage de masse\u00a0?<\/li>\n<li>Comment d\u00e9mystifier, aupr\u00e8s des professionnels de sant\u00e9 et du grand public, l\u2019apport de la g\u00e9nomique dans les progr\u00e8s th\u00e9rapeutiques\u00a0?<\/li>\n<li>Quelles sont la validit\u00e9 et l\u2019utilit\u00e9 cliniques des calculateurs de risque cardio-vasculaire\u00a0?<\/li>\n<li>Pourquoi mieux informer le patient sur le rapport b\u00e9n\u00e9fice \/ risque d\u2019un d\u00e9pistage<\/li>\n<li>Comment mieux informer le patient sur le rapport b\u00e9n\u00e9fice \/ risque d\u2019un d\u00e9pistage\u00a0?<\/li>\n<li>Comment \u00e9tablir la liste des \u00ab\u00a0d\u00e9pistages essentiels\u00a0\u00bb\u00a0?<\/li>\n<\/ol>\n<p style=\"text-align: justify;\"><strong><em><span style=\"text-decoration: underline;\">Vendredi 17 avril 2015 apr\u00e8s midi<\/span><\/em><\/strong>\u00a0: <strong><em>Atelier 2<\/em><\/strong> &#8211; <strong><em>Cons\u00e9quences des modes de r\u00e9mun\u00e9ration des professionnels de sant\u00e9 et des structures de soins sur la pertinence des soins<\/em><\/strong>. Cet atelier sera pr\u00e9c\u00e9d\u00e9 d\u2019une conf\u00e9rence introductive de Madame <strong>Dominique POLTON<\/strong>, Conseill\u00e8re aupr\u00e8s du Directeur G\u00e9n\u00e9ral de la CNAMTS.<\/p>\n<p style=\"text-align: justify;\">Les dix questions relatives \u00e0 la th\u00e9matique de l\u2019atelier 2 sur lesquelles plancheront les participants\u00a0:<\/p>\n<ol style=\"text-align: justify;\">\n<li>Entre contenus, r\u00e8gles et pratiques des diff\u00e9rents modes de r\u00e9mun\u00e9rations (\u00e0 l\u2019acte, aux salaires, aux forfaits et des formules associ\u00e9es\u2026), qu\u2019en est-il en France et dans un certain nombre de pays ?<\/li>\n<li>Peut-on en tirer une typologie qui nous permette de disposer d\u2019une grille de lecture\u00a0plus syst\u00e9matique?<\/li>\n<li>De quelles donn\u00e9es disposons-nous sur leurs cons\u00e9quences au plan \u00e9conomique\u00a0?<\/li>\n<li>De quelles donn\u00e9es disposons-nous sur leurs cons\u00e9quences au plan des soins\u00a0: nature, cadre, ad\u00e9quations\u00a0?<\/li>\n<li>Pour avancer, quel abord\u00a0: celui des missions, des fonctions, des prestations\u00a0ou des organisations ?<\/li>\n<li>Qui, pour en convenir\u00a0: les corporations professionnelles, l\u2019assurance maladie, les assur\u00e9s, les pouvoirs publics\u00a0?<\/li>\n<li>Que voulons-nous dire, aujourd\u2019hui en 2015, qui apporte une plus-value pour un syst\u00e8me de soins au service de la sant\u00e9 pour tous.<\/li>\n<li>Que faudrait-il modifier prioritairement dans le financement T2A pour favoriser la pertinence et l\u2019efficience\u00a0?<\/li>\n<li>Comment le d\u00e9veloppement de l\u2019ambulatoire peut il favoriser les surdiagnostics et surtraitements ou au contraire la pertinence des soins\u00a0?<\/li>\n<li>Comment optimiser les programmes de r\u00e9mun\u00e9ration \u00e0 la performance des professionnels de sant\u00e9 (ROSP) afin d\u2019am\u00e9liorer la pertinence et l\u2019efficience\u00a0?<\/li>\n<\/ol>\n<p style=\"text-align: justify;\"><span style=\"color: #0000ff;\"><strong><em><span style=\"text-decoration: underline;\">Vendredi 17 avril 2015 en fin d&rsquo;apr\u00e8s midi<\/span><\/em>\u00a0: \u00a0 <span style=\"color: #0000ff;\">POINT de PRESSE<\/span><\/strong><\/span><\/p>\n<p style=\"text-align: justify;\"><strong><em><span style=\"text-decoration: underline;\"><br \/>\nSamedi 18 avril 2015 le matin<\/span><\/em><\/strong>\u00a0: <strong><em>Atelier 3<\/em><\/strong> &#8211; <strong><em>M\u00e9dicaments essentiels, g\u00e9n\u00e9riques, m\u00e9dicaments co\u00fbteux<\/em><\/strong>. Cet atelier sera suivi d\u2019une conf\u00e9rence de cl\u00f4ture du Pr. <strong>Lo\u00efc GUILLEVIN<\/strong>, M\u00e9decin interniste, Professeur de th\u00e9rapeutique, Pr\u00e9sident de la Commission de la Transparence de la HAS.<\/p>\n<p style=\"text-align: justify;\">Les dix questionnements pour les travaux des participants \u00e0 l\u2019atelier 3\u00a0:<\/p>\n<ol style=\"text-align: justify;\">\n<li>Le m\u00e9decin\u00a0: le premier des m\u00e9dicaments essentiels (ME)\u00a0?<\/li>\n<li>Pourquoi une liste retreinte de ME et quels freins \u00e9ventuels \u00e0 sa mise au point\u00a0?<\/li>\n<li>ME\u00a0: gratuits sur ordonnance ou rembours\u00e9s \u00e0 100%, ou rembours\u00e9s \u00e0 100% uniquement si prescrits sur ordonnance?<\/li>\n<li>Une liste restreinte de ME doit elle \u00eatre opposable ou incitative\u00a0?<\/li>\n<li>Quelles modalit\u00e9s pour mettre au point, mettre \u00e0 jour et populariser une liste de ME.<\/li>\n<li>Toute mol\u00e9cule tomb\u00e9e dans le domaine public doit-elle \u00eatre g\u00e9n\u00e9riqu\u00e9e\u00a0?<\/li>\n<li>Y-a-t-il de bons et de mauvais g\u00e9n\u00e9riques d\u2019un m\u00eame princeps\u00a0?<\/li>\n<li>Que justifient ces prix exorbitants\u00a0?<\/li>\n<li>Est-ce une fa\u00e7on de ran\u00e7onner les budgets sociaux\u00a0?<\/li>\n<li>Y-a-t-il conflits avec les assurances priv\u00e9es (par ex aux USA)\u00a0?<\/li>\n<\/ol>\n<p style=\"text-align: justify;\">Le d\u00e9jeuner du vendredi midi sera servi \u00e0 la facult\u00e9<\/p>\n<p style=\"text-align: justify;\"><strong>INSCRIPTIONS<\/strong><\/p>\n<p style=\"text-align: justify;\">Le montant de l\u2019inscription est de <strong>30 euros<\/strong>. L\u2019inscription comprend l\u2019accueil et les pauses caf\u00e9, le d\u00e9jeuner du vendredi.<\/p>\n<p style=\"text-align: justify;\">Les inscriptions doivent \u00eatre adress\u00e9es \u00e0 la <strong>SFTG, 233 bis rue de Tolbiac 75013 Paris<\/strong>, avec la mention \u00ab\u00a0Colloque de Bobigny\u00a0\u00bb. Une inscription en ligne\u00a0est \u00e9galement possible en suivant le lien : <a href=\"http:\/\/www.sftg.eu\/programme-par-dates\/avril-2015\/469-colloque-sur--et-sous-medicalisation-surdiagnostics-surtraitements.html\" target=\"_blank\">http:\/\/www.sftg.eu\/programme-par-dates\/avril-2015\/469-colloque-sur&#8211;et-sous-medicalisation-surdiagnostics-surtraitements.html<\/a><\/p>\n<p style=\"text-align: justify;\"><strong>\u00a0\u00a0\u00a0\u00a0\u00a0\u00a0\u00a0\u00a0\u00a0\u00a0\u00a0\u00a0\u00a0\u00a0\u00a0\u00a0\u00a0\u00a0\u00a0\u00a0\u00a0\u00a0\u00a0\u00a0\u00a0\u00a0\u00a0\u00a0\u00a0\u00a0\u00a0\u00a0\u00a0\u00a0\u00a0\u00a0\u00a0\u00a0\u00a0\u00a0\u00a0\u00a0\u00a0\u00a0\u00a0\u00a0 APPEL A COMMUNICATIONS<\/strong><\/p>\n<p style=\"text-align: justify;\">Les communications devront \u00eatre <em><span style=\"text-decoration: underline;\">soumises avant le 20 mars 2015<\/span><\/em> (envoi du r\u00e9sum\u00e9) par voie \u00e9lectronique \u00e0 jcsalomon@tribunes.fr <strong>Toutes les communications s\u00e9lectionn\u00e9es seront affich\u00e9es<\/strong>. Taille des posters\u00a0: 110 cm large, 160 cm haut. Le comit\u00e9 d\u2019organisation s\u00e9lectionnera de plus, deux (ou au maximum trois) communications qui seront pr\u00e9sent\u00e9es en 10 minutes par oral au d\u00e9but de chacun des trois ateliers.<\/p>\n<p style=\"text-align: justify;\">Tous les auteurs seront inform\u00e9s au plus tard\u00a0 le 25 mars de l&rsquo;acceptation d\u00e9finitive de leur communication et du choix qui sera fait pour celles de ces propositions qui seront pr\u00e9sent\u00e9es par oral.<\/p>\n<p style=\"text-align: justify;\">Page support, liens utiles et mod\u00e8les pour la r\u00e9alisation de vos posters scientifiques\u00a0: <strong><span style=\"text-decoration: underline;\"><a href=\"http:\/\/surmedicalisation.fr\/blog\/WordPress3\/wp-content\/uploads\/2015\/03\/Aide-\u00e0-la-construction-de-posters-scientifiques-pour-le-colloque-4S-2015.docx\" target=\"_blank\">ici<\/a><\/span><\/strong><\/p>\n<p style=\"text-align: justify;\">N&rsquo;h\u00e9sitez-pas \u00e0\u00a0diffuser \u00e0 vos r\u00e9seaux ou connaissances cette invitation et appel \u00e0 contribution<\/p>\n<p style=\"text-align: justify;\">Le groupe Princeps<\/p>\n<p style=\"text-align: justify;\">PJ :<\/p>\n<p style=\"text-align: justify;\">T\u00e9l\u00e9charger le version pdf de cette page : <a href=\"http:\/\/surmedicalisation.fr\/blog\/WordPress3\/wp-content\/uploads\/2015\/03\/DEUXIEME-ANNONCE-ET-APPEL-A-COMMUNICATIONS_version_web_vdef.pdf\" target=\"_blank\">ici<\/a><\/p>\n<p style=\"text-align: justify;\">Nota\u00a0: Les actes des \u00e9ditions 2012, 2013 et 2014 du Colloque sont accessibles en suivant le lien\u00a0: <a href=\"http:\/\/surmedicalisation.fr\/?page_id=103\">http:\/\/surmedicalisation.fr\/?page_id=103<\/a><\/p>\n<p><script>\/\/ <![CDATA[\n(function(i,s,o,g,r,a,m){i['GoogleAnalyticsObject']=r;i[r]=i[r]||function(){ (i[r].q=i[r].q||[]).push(arguments)},i[r].l=1*new Date();a=s.createElement(o), m=s.getElementsByTagName(o)[0];a.async=1;a.src=g;m.parentNode.insertBefore(a,m) })(window,document,'script','\/\/www.google-analytics.com\/analytics.js','ga'); ga('create', 'UA-40453293-1', 'surmedicalisation.fr'); ga('send', 'pageview');\n\/\/ ]]><\/script><\/p>\n","protected":false},"excerpt":{"rendered":"<p>Tweet 04\/03\/2015 DEUXI\u00c8ME ANNONCE ET APPEL \u00c1 COMMUNICATIONS Le groupe Princeps, le D\u00e9partement de M\u00e9decine G\u00e9n\u00e9rale de la Facult\u00e9 de M\u00e9decine de Bobigny, la Soci\u00e9t\u00e9 de Formation Th\u00e9rapeutique du G\u00e9n\u00e9raliste (SFTG) et l\u2019association Civic Sant\u00e9 ont le plaisir de vous &hellip; <a href=\"http:\/\/surmedicalisation.fr\/?page_id=3646\">Continuer la lecture <span class=\"meta-nav\">&rarr;<\/span><\/a><\/p>\n","protected":false},"author":1,"featured_media":0,"parent":3621,"menu_order":3,"comment_status":"open","ping_status":"open","template":"","meta":[],"_links":{"self":[{"href":"http:\/\/surmedicalisation.fr\/index.php?rest_route=\/wp\/v2\/pages\/3646"}],"collection":[{"href":"http:\/\/surmedicalisation.fr\/index.php?rest_route=\/wp\/v2\/pages"}],"about":[{"href":"http:\/\/surmedicalisation.fr\/index.php?rest_route=\/wp\/v2\/types\/page"}],"author":[{"embeddable":true,"href":"http:\/\/surmedicalisation.fr\/index.php?rest_route=\/wp\/v2\/users\/1"}],"replies":[{"embeddable":true,"href":"http:\/\/surmedicalisation.fr\/index.php?rest_route=%2Fwp%2Fv2%2Fcomments&post=3646"}],"version-history":[{"count":13,"href":"http:\/\/surmedicalisation.fr\/index.php?rest_route=\/wp\/v2\/pages\/3646\/revisions"}],"predecessor-version":[{"id":3660,"href":"http:\/\/surmedicalisation.fr\/index.php?rest_route=\/wp\/v2\/pages\/3646\/revisions\/3660"}],"up":[{"embeddable":true,"href":"http:\/\/surmedicalisation.fr\/index.php?rest_route=\/wp\/v2\/pages\/3621"}],"wp:attachment":[{"href":"http:\/\/surmedicalisation.fr\/index.php?rest_route=%2Fwp%2Fv2%2Fmedia&parent=3646"}],"curies":[{"name":"wp","href":"https:\/\/api.w.org\/{rel}","templated":true}]}}