{"id":4488,"date":"2017-02-15T12:42:00","date_gmt":"2017-02-15T11:42:00","guid":{"rendered":"http:\/\/surmedicalisation.fr\/?page_id=4488"},"modified":"2017-06-16T11:18:03","modified_gmt":"2017-06-16T09:18:03","slug":"2eme-appel-a-contribution-15022017","status":"publish","type":"page","link":"http:\/\/surmedicalisation.fr\/?page_id=4488","title":{"rendered":"2\u00e8me appel \u00e0 contribution &#8211; 15\/02\/2017"},"content":{"rendered":"<p><script>\n  (function(i,s,o,g,r,a,m){i['GoogleAnalyticsObject']=r;i[r]=i[r]||function(){\n  (i[r].q=i[r].q||[]).push(arguments)},i[r].l=1*new Date();a=s.createElement(o),\n  m=s.getElementsByTagName(o)[0];a.async=1;a.src=g;m.parentNode.insertBefore(a,m)\n  })(window,document,'script','https:\/\/www.google-analytics.com\/analytics.js','ga');<\/p>\n<p>  ga('create', 'UA-40453293-1', 'auto');\n  ga('send', 'pageview');<\/p>\n<p><\/script><\/p>\n<p style=\"text-align: justify;\">15\/02\/2017<\/p>\n<p style=\"text-align: justify;\"><strong>DEUXI\u00c8ME ANNONCE ET APPEL \u00c1 COMMUNICATIONS<\/strong><\/p>\n<p style=\"text-align: justify;\">Le groupe Princeps, le D\u00e9partement de M\u00e9decine G\u00e9n\u00e9rale de la Facult\u00e9 de M\u00e9decine de Bobigny, la Soci\u00e9t\u00e9 de Formation Th\u00e9rapeutique du G\u00e9n\u00e9raliste (SFTG) et l\u2019association Civic Sant\u00e9 ont le plaisir de vous inviter au<\/p>\n<h1 style=\"text-align: justify;\"><strong>6\u00b0 Colloque de Bobigny\u00a0: \u00ab\u00a0Sur- et sous-m\u00e9dicalisation, surdiagnostics et surtraitements\u00a0\u00bb<\/strong><\/h1>\n<h2 style=\"text-align: justify;\"><strong>\u00a0\u00a0\u00a0\u00a0\u00a0\u00a0\u00a0\u00a0 <\/strong><strong>Les vendredi 28 et samedi matin 29 avril 2017<\/strong><\/h2>\n<p style=\"text-align: justify;\">Qui se tiendra, sous le patronage du Doyen de la Facult\u00e9 de M\u00e9decine de Bobigny (UFR SMBH),\u00a0 les <strong>vendredi 28 et samedi 29 avril 2017<\/strong>, Facult\u00e9 de m\u00e9decine de Bobigny (entr\u00e9e du parking et des pi\u00e9tons avenue de la Convention)<\/p>\n<p style=\"text-align: justify;\"><strong>Pr\u00e9programme\u00a0(th\u00e9matiques) :<\/strong><\/p>\n<p style=\"text-align: justify;\">Vendredi 28 avril 2017 le matin,<\/p>\n<p style=\"text-align: justify;\">&#8211; <strong>Introduction<\/strong><br \/>\n&#8211; <strong>Conf\u00e9rence inaugurale<\/strong>\u00a0: Dr G\u00e9rard ROIZES, CNRS, Institut de G\u00e9n\u00e9tique Humaine, Montpellier, sur l\u2019apport de la biologie mol\u00e9culaire dans les progr\u00e8s de la m\u00e9decine<\/p>\n<p style=\"text-align: justify;\">&#8211; <strong>Mises au point sur les actions de Princeps <\/strong>:<\/p>\n<p style=\"text-align: justify; padding-left: 60px;\">&#8211; D\u00e9pistage des cancers du sein,<br \/>\n&#8211; Prix, co\u00fbt et valeur des m\u00e9dicaments,<br \/>\n&#8211; M\u00e9dicaments essentiels,<br \/>\n&#8211; Surtraitements (de fond) de la polyarthrite rhumato\u00efde<\/p>\n<p style=\"text-align: justify;\">Vendredi 28 avril 2017 apr\u00e8s-midi,<\/p>\n<p style=\"text-align: justify;\">&#8211; Visite comment\u00e9e des posters<br \/>\n&#8211; <strong>Conf\u00e9rence introductive<\/strong>\u00a0: Pr St\u00e9phane OUSTRIC, M\u00e9decin G\u00e9n\u00e9raliste, Professeur des Universit\u00e9s, CNOM, Toulouse, autour de la grande consultation des m\u00e9decins organis\u00e9e par l\u2019Ordre<br \/>\n&#8211; <strong>Atelier 1<\/strong>: <strong>M\u00e9decine g\u00e9n\u00e9rale, sur et sous m\u00e9dicalisation<\/strong><br \/>\n&#8211; <strong>Atelier 2<\/strong>: <strong>Innovation ou progr\u00e8s?<\/strong><br \/>\n&#8211; Point Presse (17h30)<\/p>\n<p style=\"text-align: justify;\">Samedi 29 avril 2017 le matin,<\/p>\n<p style=\"text-align: justify;\">&#8211; Accueil caf\u00e9<br \/>\n&#8211; <strong>Conf\u00e9rence introductive<\/strong>\u00a0: Pr Lo\u00efc GUILLEVIN, Pr\u00e9sident de la Commission de la Transparence, Membre du Coll\u00e8ge de la HAS, sur \u00ab\u00a0Choisir avec discernement\u00a0\u00bb<br \/>\n&#8211; <strong>Conf\u00e9rence<\/strong>\u00a0: Dr Herv\u00e9 MAISONNEUVE, M\u00e9decin et blogueur<br \/>\n&#8211; <strong>Atelier 3<\/strong>: <strong>Fraude en m\u00e9decine, \u00ab\u00a0Bad Medicine\u00a0\u00bb et surm\u00e9dicalisation<br \/>\n<\/strong>&#8211; <strong>Conclusions g\u00e9n\u00e9rales du colloque<\/strong><\/p>\n<p style=\"text-align: justify;\"><strong>\u00a0<\/strong><\/p>\n<p style=\"text-align: justify;\"><strong>INSCRIPTIONS<\/strong><\/p>\n<p style=\"text-align: justify;\">Le montant de l\u2019inscription est de <strong>40 euros <\/strong>(20 euros pour les \u00e9tudiants et Internes en M\u00e9decine).<\/p>\n<p style=\"text-align: justify;\">Ces frais d\u2019inscription tr\u00e8s limit\u00e9s, qui comprennent les accueils et pauses caf\u00e9, le repas de midi du vendredi, et l\u2019intendance du colloque, ne sont possibles que gr\u00e2ce aux locaux mis \u00e0 disposition par la Facult\u00e9 de m\u00e9decine de Bobigny, et l\u2019engagement de la SFTG. Cette modeste somme est le prix de notre ind\u00e9pendance.<\/p>\n<p style=\"text-align: justify;\">Les inscriptions doivent \u00eatre adress\u00e9es \u00e0 la <strong>SFTG, 233 bis rue de Tolbiac 75013 Paris<\/strong>, avec la mention \u00ab\u00a0Colloque de Bobigny\u00a0\u00bb. L\u2019inscription en ligne est possible : <a href=\"http:\/\/www.sftg.eu\/programme-par-types\/colloques\/\" target=\"_blank\" rel=\"noopener\">ici<\/a>.<strong>\u00a0\u00a0\u00a0\u00a0\u00a0\u00a0\u00a0 <\/strong><\/p>\n<p style=\"text-align: justify;\">Vous pouvez \u00e9galement t\u00e9l\u00e9charger <a href=\"http:\/\/surmedicalisation.fr\/blog\/WordPress3\/wp-content\/uploads\/2017\/02\/SFTG_Colloque_surmedicalisation_2017_bulletin-dinscription.pdf\" target=\"_blank\" rel=\"noopener\">ici<\/a> le bulletin d\u2019inscription, le remplir et l\u2019adresser \u00e0 la SFTG<strong><br \/>\n<\/strong><\/p>\n<p style=\"text-align: justify;\"><strong>\u00a0<\/strong><\/p>\n<p style=\"text-align: justify;\"><strong>APPEL A COMMUNICATIONS<\/strong><\/p>\n<p style=\"text-align: justify;\">Les communications devront \u00eatre <em><u>soumises avant le 15 mars 2017<\/u><\/em> par voie \u00e9lectronique \u00e0 <a href=\"mailto:colloque_bobigny_2017@surmedicalisation.fr\">colloque_bobigny_2017@surmedicalisation.fr<\/a> <strong>Toutes les communications s\u00e9lectionn\u00e9es pourront \u00eatre affich\u00e9es<\/strong>. Taille des posters\u00a0: 110 cm large, 160 cm haut.<\/p>\n<p style=\"text-align: justify;\">Le comit\u00e9 d\u2019organisation s\u00e9lectionnera de plus, deux (ou au maximum trois) communications qui seront pr\u00e9sent\u00e9es en 10 minutes par oral au d\u00e9but de chacun des trois ateliers. Ces six \u00e0 neuf communications orales devront traiter les th\u00e9matiques abord\u00e9es lors des ateliers. Les communications affich\u00e9es, quant \u00e0 elles, pourront embrasser l\u2019ensemble du champ immense de la sur- et sous-m\u00e9dicalisation, des surdiagnostics et surtraitements\u2026<a href=\"http:\/\/www.sftg.eu\/programme-par-types\/colloques\/\" target=\"_blank\" rel=\"noopener\">http:\/\/www.sftg.eu\/programme-par-types\/colloques\/<\/a><\/p>\n<p style=\"text-align: justify;\">N&rsquo;h\u00e9sitez-pas \u00e0\u00a0diffuser \u00e0 vos r\u00e9seaux ou connaissances cette invitation et appel \u00e0 contribution<\/p>\n<p style=\"text-align: justify;\">Le groupe Princeps<\/p>\n<p style=\"text-align: justify;\">Nota\u00a0: Les actes des \u00e9ditions 2012, 2013, 2014, 2015, et 2016 du Colloque sont accessibles en cliquant <a href=\"http:\/\/surmedicalisation.fr\/?page_id=103\">ici<\/a>. La rencontre organis\u00e9e le 12 janvier 2016 par le groupe Princeps et la SFTG sur le \u00ab\u00a0D\u00e9pistage organis\u00e9 des cancers du sein\u00a0\u00bb est accessible <a href=\"http:\/\/surmedicalisation.fr\/?page_id=3714\">ici<\/a>.<\/p>\n<p>&nbsp;<\/p>\n","protected":false},"excerpt":{"rendered":"<p>15\/02\/2017 DEUXI\u00c8ME ANNONCE ET APPEL \u00c1 COMMUNICATIONS Le groupe Princeps, le D\u00e9partement de M\u00e9decine G\u00e9n\u00e9rale de la Facult\u00e9 de M\u00e9decine de Bobigny, la Soci\u00e9t\u00e9 de Formation Th\u00e9rapeutique du G\u00e9n\u00e9raliste (SFTG) et l\u2019association Civic Sant\u00e9 ont le plaisir de vous inviter &hellip; <a href=\"http:\/\/surmedicalisation.fr\/?page_id=4488\">Continuer la lecture <span class=\"meta-nav\">&rarr;<\/span><\/a><\/p>\n","protected":false},"author":1,"featured_media":0,"parent":4475,"menu_order":3,"comment_status":"closed","ping_status":"closed","template":"","meta":[],"_links":{"self":[{"href":"http:\/\/surmedicalisation.fr\/index.php?rest_route=\/wp\/v2\/pages\/4488"}],"collection":[{"href":"http:\/\/surmedicalisation.fr\/index.php?rest_route=\/wp\/v2\/pages"}],"about":[{"href":"http:\/\/surmedicalisation.fr\/index.php?rest_route=\/wp\/v2\/types\/page"}],"author":[{"embeddable":true,"href":"http:\/\/surmedicalisation.fr\/index.php?rest_route=\/wp\/v2\/users\/1"}],"replies":[{"embeddable":true,"href":"http:\/\/surmedicalisation.fr\/index.php?rest_route=%2Fwp%2Fv2%2Fcomments&post=4488"}],"version-history":[{"count":11,"href":"http:\/\/surmedicalisation.fr\/index.php?rest_route=\/wp\/v2\/pages\/4488\/revisions"}],"predecessor-version":[{"id":4549,"href":"http:\/\/surmedicalisation.fr\/index.php?rest_route=\/wp\/v2\/pages\/4488\/revisions\/4549"}],"up":[{"embeddable":true,"href":"http:\/\/surmedicalisation.fr\/index.php?rest_route=\/wp\/v2\/pages\/4475"}],"wp:attachment":[{"href":"http:\/\/surmedicalisation.fr\/index.php?rest_route=%2Fwp%2Fv2%2Fmedia&parent=4488"}],"curies":[{"name":"wp","href":"https:\/\/api.w.org\/{rel}","templated":true}]}}