{"id":4503,"date":"2017-04-04T14:12:48","date_gmt":"2017-04-04T12:12:48","guid":{"rendered":"http:\/\/surmedicalisation.fr\/?page_id=4503"},"modified":"2017-06-16T11:09:30","modified_gmt":"2017-06-16T09:09:30","slug":"collloque-2017-programme-definitif","status":"publish","type":"page","link":"http:\/\/surmedicalisation.fr\/?page_id=4503","title":{"rendered":"Collloque 2017 &#8211; Programme d\u00e9finitif"},"content":{"rendered":"<p><script>\n  (function(i,s,o,g,r,a,m){i['GoogleAnalyticsObject']=r;i[r]=i[r]||function(){\n  (i[r].q=i[r].q||[]).push(arguments)},i[r].l=1*new Date();a=s.createElement(o),\n  m=s.getElementsByTagName(o)[0];a.async=1;a.src=g;m.parentNode.insertBefore(a,m)\n  })(window,document,'script','https:\/\/www.google-analytics.com\/analytics.js','ga');<\/p>\n<p>  ga('create', 'UA-40453293-1', 'auto');\n  ga('send', 'pageview');<\/p>\n<p><\/script><\/p>\n<p>04\/04\/2017<\/p>\n<h3 style=\"text-align: left;\"><strong>Programme d\u00e9taill\u00e9<\/strong><\/h3>\n<h5>T\u00e9l\u00e9charger le programme en pdf : <a href=\"http:\/\/surmedicalisation.fr\/blog\/WordPress3\/wp-content\/uploads\/2017\/04\/Programme_Colloque_4S_2017_Bobigny_vdef_04-04-2017.pdf\" target=\"_blank\" rel=\"noopener\">ici<\/a><br \/>\nT\u00e9l\u00e9charger le bulletin d\u2019inscription SFTG : <a href=\"http:\/\/surmedicalisation.fr\/blog\/WordPress3\/wp-content\/uploads\/2017\/02\/SFTG_Colloque_surmedicalisation_2017_bulletin-dinscription.pdf\" target=\"_blank\" rel=\"noopener\">ici<\/a><\/h5>\n<p>&nbsp;<\/p>\n<h4 style=\"text-align: justify;\">Le groupe Princeps, le D\u00e9partement de M\u00e9decine G\u00e9n\u00e9rale de la Facult\u00e9 de M\u00e9decine de Bobigny, la Soci\u00e9t\u00e9 de Formation Th\u00e9rapeutique du G\u00e9n\u00e9raliste (SFTG) et l\u2019association Civic Sant\u00e9, ont le plaisir de vous inviter au\u00a0:<\/h4>\n<p>&nbsp;<\/p>\n<h2><strong>6\u00b0 Colloque de Bobigny\u00a0: \u00ab\u00a0Sur- et sous-m\u00e9dicalisation, surdiagnostics et surtraitements\u00a0\u00bb<\/strong><\/h2>\n<p>&nbsp;<\/p>\n<h4 style=\"text-align: justify;\">Qui se tiendra, sous le patronage du Doyen de la Facult\u00e9 de M\u00e9decine de Bobigny (UFR SMBH),\u00a0 les <strong>vendredi 28 et samedi 29 avril 2017<\/strong>, Facult\u00e9 de m\u00e9decine de Bobigny (entr\u00e9e du parking et des pi\u00e9tons avenue de la Convention)<\/h4>\n<p>&nbsp;<\/p>\n<h3><strong><em>&gt; Vendredi 28 avril 2017 le matin<\/em><\/strong>, <em>Amphith\u00e9\u00e2tre De Gennes<\/em><\/h3>\n<h4>8h30 &#8211; Accueil caf\u00e9 des participants<\/h4>\n<h4>9h00 &#8211; Introduction par le Doyen de la Facult\u00e9 de m\u00e9decine de Bobigny<\/h4>\n<h4>9h15 &#8211; Pr\u00e9sentation du colloque\u00a0: Pr. Michel THOMAS<\/h4>\n<h3 style=\"text-align: justify;\">9h30 <strong>\u00ab\u00a0Apport de la biologie mol\u00e9culaire dans les progr\u00e8s de la m\u00e9decine\u00a0\u00bb <\/strong><strong>Conf\u00e9rence du Dr. G\u00e9rard ROIZES<\/strong>, Directeur de Recherches \u00e9m\u00e9rite au CNRS, Montpellier.<\/h3>\n<h4>Discussion<\/h4>\n<p style=\"text-align: justify;\"><strong>\u00ab\u00a0Innovation et progr\u00e8s\u00a0\u00bb<\/strong>, <strong>Etienne KLEIN<\/strong>, Physicien et philosophe, Professeur \u00e0 l\u2019Ecole Centrale (vid\u00e9o 15\/04\/2016, 3:38)<\/p>\n<p>&nbsp;<\/p>\n<h4>10h30 &#8211; Pause<\/h4>\n<p><strong>\u00a0<\/strong><\/p>\n<h3>10h45 &#8211;<strong> Le point sur les actions de Princeps<\/strong><\/h3>\n<p><strong>\u00a0<\/strong><\/p>\n<h4 style=\"padding-left: 60px;\"><strong>&#8211; D\u00e9pistage des cancers du sein<\/strong>\u00a0<strong>: Dr. Alain SIARY<\/strong><\/h4>\n<h4 style=\"padding-left: 60px;\"><strong>&#8211;<\/strong> <strong>M\u00e9dicaments essentiels\u00a0: Pr. Michel THOMAS<\/strong><\/h4>\n<h4 style=\"padding-left: 60px;\"><strong>&#8211;<\/strong> <strong>Antibior\u00e9sistance\u00a0: Dr. Michel DOR\u00c9<br \/>\n<\/strong><\/h4>\n<h4 style=\"padding-left: 60px;\"><strong>&#8211; Prix, co\u00fbt et valeur des m\u00e9dicaments\u00a0: Dr. Jean-Claude SALOMON<br \/>\n<\/strong><\/h4>\n<h4 style=\"padding-left: 60px;\"><strong>&#8211; Traitement de fond de la polyarthrite rhumato\u00efde\u00a0: Dr. Fran\u00e7ois PESTY <\/strong>(5 min)<strong>\u00a0 <\/strong><\/h4>\n<h4 style=\"padding-left: 60px;\"><strong>&#8211; Et les vaccinations\u00a0?\u00a0: Dr. Alain SIARY<\/strong><\/h4>\n<p>&nbsp;<\/p>\n<h4>&#8211; <strong>Discussion<\/strong> (40 min.)<\/h4>\n<p>&nbsp;<\/p>\n<h4>12h30 &#8211; 13h45 \u00a0 <strong>Repas offert sur place pour les participants inscrits<\/strong><\/h4>\n<h4><strong>\u00a0<\/strong><\/h4>\n<h3>13h45 &#8211; 14h30 \u00a0 <strong>Visite comment\u00e9e des posters\u00a0: Dr. Ma\u00eflys MICHOT-CASBAS<\/strong><\/h3>\n<p><strong><br \/>\n<\/strong><\/p>\n<h3><strong><em>&gt; Vendredi 28 avril 2017 l\u2019apr\u00e8s-midi<\/em><\/strong><\/h3>\n<p><strong><em>\u00a0<\/em><\/strong><\/p>\n<h3 style=\"text-align: justify;\">14h30 &#8211; <strong>\u00ab Autour de la grande consultation des m\u00e9decins organis\u00e9e par l\u2019Ordre \u00bb<\/strong><br \/>\n<strong>Conf\u00e9rence introductive<\/strong>\u00a0<strong>: Pr St\u00e9phane OUSTRIC<\/strong>, M\u00e9decin G\u00e9n\u00e9raliste, Professeur des Universit\u00e9s, CNOM, Toulouse,<\/h3>\n<p>&nbsp;<\/p>\n<p>&nbsp;<\/p>\n<p>15h15 &#8211; 17h15 \u00a0 <strong>Atelier N\u00b01 &#8211; Mod\u00e9ration : Omar BRIXI, Alain SIARY, <\/strong><\/p>\n<p><strong>Avec la participation des Dr. Jacques BIRG\u00c9, Patrick LAMOUR, et Ma\u00eflys MICHOT-CASBAS<\/strong><\/p>\n<p>&nbsp;<\/p>\n<h2><strong>\u00ab\u00a0Sur- et Sous- m\u00e9dicalisation en M\u00e9decine g\u00e9n\u00e9rale\u00a0\u00bb<\/strong><\/h2>\n<p>&nbsp;<\/p>\n<p>&#8211; <strong>Discussion g\u00e9n\u00e9rale<\/strong><\/p>\n<p><strong>\u00a0<\/strong><\/p>\n<p>&nbsp;<\/p>\n<h3 style=\"text-align: justify;\">15h15 &#8211; 17h15 \u00a0 <strong>Atelier N\u00b02 &#8211; Mod\u00e9ration\u00a0: Jean-Claude SALOMON, Fran\u00e7ois PESTY<\/strong><\/h3>\n<p>&nbsp;<\/p>\n<h2><strong>\u00ab\u00a0Innovation et\/ou progr\u00e8s\u00a0?\u00a0\u00bb<\/strong><\/h2>\n<p>&nbsp;<\/p>\n<h4><strong>\u00a0\u00a0 &#8211; Introduction\u00a0: Dr. Jean-Claude SALOMON<\/strong><\/h4>\n<h4>&#8211; <strong>\u00ab\u00a0Le Lymphorac. En quoi le statut social influe sur les s\u00e9quelles de la chirurgie du cancer du sein\u00a0\u00bb, Pr. Isabelle QU\u00c9R\u00c9<\/strong>, Chirurgie Vasculaire, Universit\u00e9 et CHU Saint-Eloi, Montpellier (15 min.)<\/h4>\n<h4>&#8211; <strong>\u00ab\u00a0Bioth\u00e9rapies\u00a0: Innovation ou progr\u00e8s dans le traitement de fond de la polyarthrite rhumato\u00efde\u00a0?\u00a0\u00bb, Dr. Fran\u00e7ois PESTY<\/strong> (10 min.)<\/h4>\n<h4>&#8211; <strong>\u00ab\u00a0La dur\u00e9e de survie sans progression est-elle pr\u00e9dictive de la survie globale? Analyse des \u00e9tudes de th\u00e9rapies cibl\u00e9es en canc\u00e9rologie\u00a0\u00bb, Dr. G\u00e9rard DEL\u00c9PINE<\/strong> (15 min.)<\/h4>\n<h4>&#8211; <strong>Discussion<\/strong> <strong>g\u00e9n\u00e9rale<\/strong><\/h4>\n<p>&nbsp;<\/p>\n<h4>17h15 &#8211; 17h30\u00a0\u00a0\u00a0\u00a0\u00a0 &#8211; <strong>Pause (r\u00e9daction des rapports d\u2019atelier)<\/strong><\/h4>\n<p><strong>\u00a0<\/strong><\/p>\n<h4>17h30 &#8211; 18h00\u00a0\u00a0 \u00a0 &#8211; <strong>S\u00e9ance pl\u00e9ni\u00e8re de restitution des 2 ateliers et synth\u00e8se <\/strong><\/h4>\n<p>&nbsp;<\/p>\n<h4>18h00\u00a0\u00a0\u00a0\u00a0\u00a0\u00a0\u00a0\u00a0\u00a0\u00a0\u00a0\u00a0\u00a0\u00a0\u00a0\u00a0\u00a0 &#8211; <strong>Point Presse de Princeps anim\u00e9 par Fran\u00e7ois PESTY<\/strong><\/h4>\n<p>&nbsp;<\/p>\n<h3><strong><em>&gt; Samedi 29 avril 2017 le matin<\/em><\/strong>, <em>Amphith\u00e9\u00e2tre De Gennes<\/em><\/h3>\n<p>&nbsp;<\/p>\n<h4>8h30 &#8211; Accueil des participants<\/h4>\n<p>&nbsp;<\/p>\n<h3 style=\"text-align: justify;\">9h00 <strong>\u00ab\u00a0L\u2019embellissement des publications pollue la science\u00a0\u00bb.<br \/>\n<\/strong><strong>Conf\u00e9rence du Dr. Herv\u00e9 MAISONNEUVE<\/strong>, Consultant en r\u00e9daction scientifique, Ancien Professeur associ\u00e9 de Sant\u00e9 Publique, R\u00e9dacteur de <a href=\"http:\/\/www.redactionmedicale.fr\">www.redactionmedicale.fr<\/a><\/h3>\n<h4>Discussion<\/h4>\n<h4>10h00 &#8211; Pause<\/h4>\n<p>&nbsp;<\/p>\n<h3>10h15 &#8211; 12h15 \u00a0 <strong>Atelier N\u00b03 &#8211; Mod\u00e9ration\u00a0: Ma\u00eflys MICHOT-CASBAS, Alain SIARY, Michel THOMAS<\/strong><\/h3>\n<p>&nbsp;<\/p>\n<h2><strong>\u00ab\u00a0Fraude en m\u00e9decine, \u00ab bad medicine \u00bb et surm\u00e9dicalisation\u00a0\u00bb<\/strong><\/h2>\n<p>&nbsp;<\/p>\n<h4>&#8211; <strong>\u00ab\u00a0Recommandations biais\u00e9es, embellissement des essais, mauvais comparateurs, questions \u00e9thiques, conflits d\u2019int\u00e9r\u00eats et surtraitement dans la polyarthrite rhumato\u00efde\u00a0?\u00a0\u00bb, Dr. Fran\u00e7ois PESTY<\/strong> (10 min.)<\/h4>\n<h4>&#8211; <strong>\u00ab\u00a0Les r\u00e9sultats des \u00e9tudes pivot en canc\u00e9rologie sont-ils fiables ?\u00a0\u00bb, Dr. G\u00e9rard DEL\u00c9PINE<\/strong> (10 min.)<\/h4>\n<h4>&#8211; <strong>\u00ab\u00a0Modification des normes et surm\u00e9dicalisation\u00a0\u00bb, Dr. Fedor LURIE, USA &#8211; Vid\u00e9o enregistr\u00e9e<\/strong> (10 min.)<\/h4>\n<h3><\/h3>\n<h4>&#8211; <strong>Discussion<\/strong> <strong>g\u00e9n\u00e9rale<\/strong><\/h4>\n<p><em><br \/>\n<\/em><\/p>\n<h4>12h15 &#8211; 12h30\u00a0\u00a0\u00a0\u00a0\u00a0 <strong>&#8211; Pr\u00e9paration des conclusions g\u00e9n\u00e9rales<\/strong><\/h4>\n<p><em>\u00a0<\/em><\/p>\n<h4><em>\u00a0<\/em>12h30 &#8211; 12h45\u00a0\u00a0\u00a0\u00a0 &#8211; <strong>Cl\u00f4ture du colloque\u00a0: Omar BRIXI<\/strong><\/h4>\n<p><strong>\u00a0<\/strong><\/p>\n<p><strong>\u00a0<\/strong><\/p>\n<h2 style=\"text-align: center;\"><strong>Posters <\/strong><\/h2>\n<p>&nbsp;<\/p>\n<h4 style=\"text-align: justify;\">Ils seront affich\u00e9s pendant toute la dur\u00e9e du colloque. Taille\u00a0: largeur 90 cm, hauteur 110 cm.<\/h4>\n<h3 style=\"text-align: justify;\">\u00a0N\u00b01 &#8211; Francis ABRAMOVICI\u00a0: Colposcopie et cancer du col de l\u2019ut\u00e9rus<\/h3>\n<h4 style=\"text-align: justify;\">N\u00b02 &#8211; Jean-Yves LE HESTRAN, Arnaud GB\u00c9NOU, Emilienne ANAGO, Olga H\u00c9MADOU, Carine BAXERRES : Pratiques de soins et acc\u00e8s aux m\u00e9dicaments dans les familles du B\u00e9nin<\/h4>\n<h4 style=\"text-align: justify;\">N\u00b03 &#8211; Mathilde LEGAY, Jacques BIRG\u00c9\u00a0: Co-prescriptions antibiotiques-anti-inflammatoires\u00a0: donn\u00e9es en pharmacie de ville et information diagnostiques per\u00e7ues par le patient de la part du m\u00e9decin g\u00e9n\u00e9raliste<\/h4>\n<h4 style=\"text-align: justify;\">N\u00b04 &#8211; G\u00e9rard DEL\u00c9PINE, Nicole DEL\u00c9PINE, Salwa ALKHALLAF\u00a0: La dur\u00e9e de survie sans progression est-elle pr\u00e9dictive de la survie globale\u00a0? Analyse des \u00e9tudes de th\u00e9rapies cibl\u00e9es en canc\u00e9rologie<\/h4>\n<h4 style=\"text-align: justify;\">N\u00b05 &#8211; G\u00e9rard DEL\u00c9PINE, Nicole DEL\u00c9PINE, Salwa ALKHALLAF\u00a0: Les r\u00e9sultats des \u00e9tudes pivot en canc\u00e9rologie sont-ils fiables\u00a0?<\/h4>\n<h4 style=\"text-align: justify;\">N\u00b06 &#8211; Philippe ARLET, Gr\u00e9gory PUGNET, Haleh BAGHERI, Serge BISMUTH, France LAFFISSE, Maylis MICHOT-CASBAS\u00a0: Cr\u00e9ation d\u2019un r\u00e9seau ville-h\u00f4pital d\u2019aide \u00e0 la d\u00e9prescription m\u00e9dicamenteuse en Occitanie<\/h4>\n<h4 style=\"text-align: justify;\">N\u00b07 &#8211; Florence TABOULET\u00a0: Une offre illimit\u00e9e\u00a0: porte ouverte \u00e0 une surm\u00e9dicalisation\u00a0? Interrogations autour de la contraception d\u2019urgence chez les mineures<\/h4>\n<h4 style=\"text-align: justify;\">N\u00b08 &#8211; Patrick LAMOUR\u00a0: La surm\u00e9dicalisation, le sur diagnostic et le sur traitement dans le quotidien d\u2019une consultation de m\u00e9decine g\u00e9n\u00e9rale<\/h4>\n<h4 style=\"text-align: justify;\">N\u00b09 &#8211; B\u00e9atrice FERRARI\u00a0: R\u00e9\u00e9ducation de l\u2019AOMI en cabinet de kin\u00e9 lib\u00e9ral<\/h4>\n","protected":false},"excerpt":{"rendered":"<p>04\/04\/2017 Programme d\u00e9taill\u00e9 T\u00e9l\u00e9charger le programme en pdf : ici T\u00e9l\u00e9charger le bulletin d\u2019inscription SFTG : ici &nbsp; Le groupe Princeps, le D\u00e9partement de M\u00e9decine G\u00e9n\u00e9rale de la Facult\u00e9 de M\u00e9decine de Bobigny, la Soci\u00e9t\u00e9 de Formation Th\u00e9rapeutique du G\u00e9n\u00e9raliste &hellip; <a href=\"http:\/\/surmedicalisation.fr\/?page_id=4503\">Continuer la lecture <span class=\"meta-nav\">&rarr;<\/span><\/a><\/p>\n","protected":false},"author":1,"featured_media":0,"parent":4475,"menu_order":2,"comment_status":"closed","ping_status":"closed","template":"","meta":[],"_links":{"self":[{"href":"http:\/\/surmedicalisation.fr\/index.php?rest_route=\/wp\/v2\/pages\/4503"}],"collection":[{"href":"http:\/\/surmedicalisation.fr\/index.php?rest_route=\/wp\/v2\/pages"}],"about":[{"href":"http:\/\/surmedicalisation.fr\/index.php?rest_route=\/wp\/v2\/types\/page"}],"author":[{"embeddable":true,"href":"http:\/\/surmedicalisation.fr\/index.php?rest_route=\/wp\/v2\/users\/1"}],"replies":[{"embeddable":true,"href":"http:\/\/surmedicalisation.fr\/index.php?rest_route=%2Fwp%2Fv2%2Fcomments&post=4503"}],"version-history":[{"count":16,"href":"http:\/\/surmedicalisation.fr\/index.php?rest_route=\/wp\/v2\/pages\/4503\/revisions"}],"predecessor-version":[{"id":4515,"href":"http:\/\/surmedicalisation.fr\/index.php?rest_route=\/wp\/v2\/pages\/4503\/revisions\/4515"}],"up":[{"embeddable":true,"href":"http:\/\/surmedicalisation.fr\/index.php?rest_route=\/wp\/v2\/pages\/4475"}],"wp:attachment":[{"href":"http:\/\/surmedicalisation.fr\/index.php?rest_route=%2Fwp%2Fv2%2Fmedia&parent=4503"}],"curies":[{"name":"wp","href":"https:\/\/api.w.org\/{rel}","templated":true}]}}