{"id":4552,"date":"2017-12-17T23:00:29","date_gmt":"2017-12-17T22:00:29","guid":{"rendered":"http:\/\/surmedicalisation.fr\/?page_id=4552"},"modified":"2017-12-17T23:00:29","modified_gmt":"2017-12-17T22:00:29","slug":"atelier-n2-colloque-2017","status":"publish","type":"page","link":"http:\/\/surmedicalisation.fr\/?page_id=4552","title":{"rendered":"Atelier N\u00b02 &#8211; Colloque 2017"},"content":{"rendered":"<p><script>\/\/ <![CDATA[ (function(i,s,o,g,r,a,m){i['GoogleAnalyticsObject']=r;i[r]=i[r]||function(){ (i[r].q=i[r].q||[]).push(arguments)},i[r].l=1*new Date();a=s.createElement(o), m=s.getElementsByTagName(o)[0];a.async=1;a.src=g;m.parentNode.insertBefore(a,m) })(window,document,'script','\/\/www.google-analytics.com\/analytics.js','ga'); ga('create', 'UA-40453293-1', 'surmedicalisation.fr'); ga('send', 'pageview'); \/\/ ]]><\/script><\/p>\n<p>&nbsp;<\/p>\n<h1 style=\"text-align: center;\"><span style=\"color: #000000;\">Atelier N\u00b02<\/span><\/h1>\n<h1 style=\"text-align: center;\"><span style=\"color: #000000;\">\u00ab Innovation et\/ou Progr\u00e8s \u00bb<\/span><\/h1>\n<p style=\"text-align: center;\">Mod\u00e9rateur : Fran\u00e7ois PESTY, Rapporteur : Jean-Claude SALOMON<\/p>\n<p>&nbsp;<\/p>\n<p><span style=\"color: #ffffff;\">&#8230;<\/span><br \/>\n<a name=\"Pr_Isabelle_QUERE\"><\/a><\/p>\n<h2 style=\"text-align: center;\"><strong><span style=\"color: #0000ff;\">\u00ab Le Lymphorac. En quoi le statut social influe sur les s\u00e9quelles de la chirurgie du cancer du sein ? \u00bb<\/span><\/strong><\/h2>\n<p>&nbsp;<\/p>\n<p style=\"text-align: center;\"><span style=\"color: #000000;\"><strong>Pr. Isabelle QU\u00c9R\u00c9, Chirurgie vasculaire, Universit\u00e9 et CHU Saint-Eloi, Montpellier<\/strong><\/span><\/p>\n<h6 style=\"text-align: center;\">Cliquer sur l&rsquo;image ci-dessous pour ouvrir la pr\u00e9sentation diapositives<a href=\"http:\/\/surmedicalisation.fr\/blog\/WordPress3\/wp-content\/uploads\/2017\/09\/LYMPHORAC-Bobigny-2017.ppsx\" target=\"_blank\" rel=\"attachment wp-att-4730 noopener\"><img loading=\"lazy\" class=\"aligncenter wp-image-4730\" src=\"http:\/\/surmedicalisation.fr\/blog\/WordPress3\/wp-content\/uploads\/2017\/09\/LYMPHORAC-Bobigny-2017-300x225.jpg\" alt=\"\" width=\"431\" height=\"323\" srcset=\"http:\/\/surmedicalisation.fr\/blog\/WordPress3\/wp-content\/uploads\/2017\/09\/LYMPHORAC-Bobigny-2017-300x225.jpg 300w, http:\/\/surmedicalisation.fr\/blog\/WordPress3\/wp-content\/uploads\/2017\/09\/LYMPHORAC-Bobigny-2017-768x576.jpg 768w, http:\/\/surmedicalisation.fr\/blog\/WordPress3\/wp-content\/uploads\/2017\/09\/LYMPHORAC-Bobigny-2017.jpg 960w\" sizes=\"(max-width: 431px) 100vw, 431px\" \/><\/a><\/h6>\n<p><span style=\"color: #ffffff;\">&#8230;<\/span><\/p>\n<p>&nbsp;<\/p>\n<p><a name=\"Francois_PESTY\"><\/a><\/p>\n<p>&nbsp;<\/p>\n<h2 style=\"text-align: center;\"><strong>\u00ab\u00a0Bioth\u00e9rapies\u00a0: Innovation ou progr\u00e8s dans le traitement de fond de la polyarthrite rhumato\u00efde\u00a0?\u00a0\u00bb<\/strong><\/h2>\n<p style=\"text-align: center;\"><strong>Dr. Fran\u00e7ois PESTY<\/strong><\/p>\n<p><span style=\"color: #ffffff;\">&#8230;<\/span><\/p>\n<h6 style=\"text-align: center;\">Cliquer sur l&rsquo;image ci-dessous pour ouvrir la pr\u00e9sentation diapositives<a href=\"http:\/\/surmedicalisation.fr\/blog\/WordPress3\/wp-content\/uploads\/2017\/09\/Colloque_Bobigny_2017_Bioth\u00e9rapies_PR_Innovation_ou_progr\u00e8s_Fran\u00e7ois_PESTY_28-04-2017_PM.ppsx\" target=\"_blank\" rel=\"attachment wp-att-4723 noopener\"><img loading=\"lazy\" class=\"aligncenter wp-image-4723\" src=\"http:\/\/surmedicalisation.fr\/blog\/WordPress3\/wp-content\/uploads\/2017\/09\/Colloque_Bobigny_2017_Bioth\u00e9rapies_PR_Innovation_ou_progr\u00e8s_Fran\u00e7ois_PESTY_28-04-2017_PM-300x208.jpg\" alt=\"\" width=\"431\" height=\"299\" srcset=\"http:\/\/surmedicalisation.fr\/blog\/WordPress3\/wp-content\/uploads\/2017\/09\/Colloque_Bobigny_2017_Bioth\u00e9rapies_PR_Innovation_ou_progr\u00e8s_Fran\u00e7ois_PESTY_28-04-2017_PM-300x208.jpg 300w, http:\/\/surmedicalisation.fr\/blog\/WordPress3\/wp-content\/uploads\/2017\/09\/Colloque_Bobigny_2017_Bioth\u00e9rapies_PR_Innovation_ou_progr\u00e8s_Fran\u00e7ois_PESTY_28-04-2017_PM-768x532.jpg 768w, http:\/\/surmedicalisation.fr\/blog\/WordPress3\/wp-content\/uploads\/2017\/09\/Colloque_Bobigny_2017_Bioth\u00e9rapies_PR_Innovation_ou_progr\u00e8s_Fran\u00e7ois_PESTY_28-04-2017_PM-1024x710.jpg 1024w, http:\/\/surmedicalisation.fr\/blog\/WordPress3\/wp-content\/uploads\/2017\/09\/Colloque_Bobigny_2017_Bioth\u00e9rapies_PR_Innovation_ou_progr\u00e8s_Fran\u00e7ois_PESTY_28-04-2017_PM.jpg 1039w\" sizes=\"(max-width: 431px) 100vw, 431px\" \/><\/a><\/h6>\n<p><span style=\"color: #ffffff;\">&#8230;<\/span><\/p>\n<p>&nbsp;<\/p>\n<p><a name=\"Gerard_DELEPINE\"><\/a><\/p>\n<h2 style=\"text-align: center;\"><strong>\u00ab La dur\u00e9e de survie sans progression est-elle <\/strong><strong>pr\u00e9dictive de la survie globale ?<\/strong><\/h2>\n<h2 style=\"text-align: center;\"><strong>Analyse des \u00e9tudes de th\u00e9rapies cibl\u00e9es en <\/strong><strong>canc\u00e9rologie \u00bb<\/strong><\/h2>\n<p>&nbsp;<\/p>\n<p style=\"text-align: center;\"><strong>Dr. G\u00e9rard DEL\u00c9PINE, Chirurgien et Oncologue<br \/>\n<\/strong><\/p>\n<p>&nbsp;<\/p>\n<h6 style=\"text-align: center;\">Cliquer sur l&rsquo;image ci-dessous pour ouvrir la pr\u00e9sentation diapositives<a href=\"http:\/\/surmedicalisation.fr\/blog\/WordPress3\/wp-content\/uploads\/2017\/09\/2017-04-28-Colloque-Bobigny-Survie-sans-progression_G_DELEPINE.ppsx\" target=\"_blank\" rel=\"attachment wp-att-4731 noopener\"><img loading=\"lazy\" class=\"aligncenter wp-image-4731\" src=\"http:\/\/surmedicalisation.fr\/blog\/WordPress3\/wp-content\/uploads\/2017\/09\/2017-04-28-Colloque-Bobigny-Survie-sans-progression_G_DELEPINE-300x169.jpg\" alt=\"\" width=\"431\" height=\"242\" srcset=\"http:\/\/surmedicalisation.fr\/blog\/WordPress3\/wp-content\/uploads\/2017\/09\/2017-04-28-Colloque-Bobigny-Survie-sans-progression_G_DELEPINE-300x169.jpg 300w, http:\/\/surmedicalisation.fr\/blog\/WordPress3\/wp-content\/uploads\/2017\/09\/2017-04-28-Colloque-Bobigny-Survie-sans-progression_G_DELEPINE-768x432.jpg 768w, http:\/\/surmedicalisation.fr\/blog\/WordPress3\/wp-content\/uploads\/2017\/09\/2017-04-28-Colloque-Bobigny-Survie-sans-progression_G_DELEPINE-1024x576.jpg 1024w, http:\/\/surmedicalisation.fr\/blog\/WordPress3\/wp-content\/uploads\/2017\/09\/2017-04-28-Colloque-Bobigny-Survie-sans-progression_G_DELEPINE.jpg 1280w\" sizes=\"(max-width: 431px) 100vw, 431px\" \/><\/a><\/h6>\n<p><span style=\"color: #ffffff;\">&#8230;.<\/span><\/p>\n<p>&nbsp;<\/p>\n<p style=\"text-align: center;\"><strong><span style=\"color: #000000;\">Discussion<\/span><\/strong><\/p>\n<p>&nbsp;<\/p>\n<hr \/>\n<p>&nbsp;<\/p>\n<p style=\"text-align: center;\"><span style=\"color: #000000;\"><strong>S\u00e9ance pl\u00e9ni\u00e8re de restitution des ateliers et synth\u00e8se<\/strong><\/span><\/p>\n<p style=\"text-align: center;\"><span style=\"color: #ffffff;\">&#8230;<\/span><\/p>\n<p>&nbsp;<\/p>\n","protected":false},"excerpt":{"rendered":"<p>&nbsp; Atelier N\u00b02 \u00ab Innovation et\/ou Progr\u00e8s \u00bb Mod\u00e9rateur : Fran\u00e7ois PESTY, Rapporteur : Jean-Claude SALOMON &nbsp; &#8230; \u00ab Le Lymphorac. En quoi le statut social influe sur les s\u00e9quelles de la chirurgie du cancer du sein ? \u00bb &nbsp; &hellip; <a href=\"http:\/\/surmedicalisation.fr\/?page_id=4552\">Continuer la lecture <span class=\"meta-nav\">&rarr;<\/span><\/a><\/p>\n","protected":false},"author":1,"featured_media":0,"parent":4525,"menu_order":3,"comment_status":"closed","ping_status":"closed","template":"","meta":[],"_links":{"self":[{"href":"http:\/\/surmedicalisation.fr\/index.php?rest_route=\/wp\/v2\/pages\/4552"}],"collection":[{"href":"http:\/\/surmedicalisation.fr\/index.php?rest_route=\/wp\/v2\/pages"}],"about":[{"href":"http:\/\/surmedicalisation.fr\/index.php?rest_route=\/wp\/v2\/types\/page"}],"author":[{"embeddable":true,"href":"http:\/\/surmedicalisation.fr\/index.php?rest_route=\/wp\/v2\/users\/1"}],"replies":[{"embeddable":true,"href":"http:\/\/surmedicalisation.fr\/index.php?rest_route=%2Fwp%2Fv2%2Fcomments&post=4552"}],"version-history":[{"count":14,"href":"http:\/\/surmedicalisation.fr\/index.php?rest_route=\/wp\/v2\/pages\/4552\/revisions"}],"predecessor-version":[{"id":4750,"href":"http:\/\/surmedicalisation.fr\/index.php?rest_route=\/wp\/v2\/pages\/4552\/revisions\/4750"}],"up":[{"embeddable":true,"href":"http:\/\/surmedicalisation.fr\/index.php?rest_route=\/wp\/v2\/pages\/4525"}],"wp:attachment":[{"href":"http:\/\/surmedicalisation.fr\/index.php?rest_route=%2Fwp%2Fv2%2Fmedia&parent=4552"}],"curies":[{"name":"wp","href":"https:\/\/api.w.org\/{rel}","templated":true}]}}