{"id":4978,"date":"2018-03-26T19:45:21","date_gmt":"2018-03-26T17:45:21","guid":{"rendered":"http:\/\/surmedicalisation.fr\/?page_id=4978"},"modified":"2018-11-18T23:18:15","modified_gmt":"2018-11-18T22:18:15","slug":"troisieme-annonce-et-programme-definitif-colloque-2018","status":"publish","type":"page","link":"http:\/\/surmedicalisation.fr\/?page_id=4978","title":{"rendered":"Troisi\u00e8me annonce et Programme d\u00e9finitif &#8211; Colloque 2018"},"content":{"rendered":"<p style=\"text-align: justify;\"><script>\n  (function(i,s,o,g,r,a,m){i['GoogleAnalyticsObject']=r;i[r]=i[r]||function(){\n  (i[r].q=i[r].q||[]).push(arguments)},i[r].l=1*new Date();a=s.createElement(o),\n  m=s.getElementsByTagName(o)[0];a.async=1;a.src=g;m.parentNode.insertBefore(a,m)\n  })(window,document,'script','https:\/\/www.google-analytics.com\/analytics.js','ga');<\/p>\n<p>  ga('create', 'UA-40453293-1', 'auto');\n  ga('send', 'pageview');<\/p>\n<p><\/script><\/p>\n<p style=\"text-align: justify;\">26\/03\/2018<\/p>\n<p style=\"text-align: justify;\">A VOS AGENDAS POUR LES 13 &amp; 14 AVRIL 2018<\/p>\n<p style=\"text-align: justify;\"><strong>TROISI\u00c8ME ANNONCE ET PROGRAMME D\u00c9FINITIF<\/strong><\/p>\n<p style=\"text-align: justify;\">T\u00e9l\u00e9charger une version imprimable du programme d\u00e9finitif : <a href=\"http:\/\/surmedicalisation.fr\/blog\/WordPress3\/wp-content\/uploads\/2018\/03\/TROISIEME-ANNONCE-ET-PROGRAMME_DEF_Colloque_2018_v_imprimable.pdf\" target=\"_blank\" rel=\"noopener\">ici<\/a><\/p>\n<p style=\"text-align: justify;\">Le groupe Princeps, le D\u00e9partement de M\u00e9decine G\u00e9n\u00e9rale de la Facult\u00e9 de M\u00e9decine de Bobigny, la Soci\u00e9t\u00e9 de Formation Th\u00e9rapeutique du G\u00e9n\u00e9raliste (SFTG) et l\u2019association Civic Sant\u00e9 ont le plaisir de vous inviter au<\/p>\n<h2 style=\"text-align: left;\"><strong>7\u00b0 Colloque de Bobigny\u00a0: \u00ab\u00a0Sur- et sous-m\u00e9dicalisation, surdiagnostics et surtraitements\u00a0\u00bb<\/strong><\/h2>\n<h1 style=\"text-align: left;\"><strong>\u00ab\u00a0Internet, m\u00e9decine personnalis\u00e9e, sources de surm\u00e9dicalisation ?\u00a0\u00bb<\/strong><\/h1>\n<p style=\"text-align: justify;\"><strong>\u00a0<\/strong><\/p>\n<p style=\"text-align: justify;\">Qui se tiendra, sous le patronage du Doyen de la Facult\u00e9 de M\u00e9decine de Bobigny (UFR SMBH),\u00a0 les <strong>vendredi 13 et samedi 14 avril 2018<\/strong>, Facult\u00e9 de m\u00e9decine de Bobigny (entr\u00e9e avenue de la Convention)<\/p>\n<p style=\"text-align: justify;\"><strong>Programme d\u00e9finitif<\/strong><\/p>\n<p style=\"text-align: justify;\"><strong>\u00a0<\/strong><\/p>\n<p style=\"text-align: justify;\"><strong><em>&gt; Vendredi 13 avril 2018 le matin<\/em><\/strong>, <em>Amphith\u00e9\u00e2tre De Gennes<\/em><\/p>\n<p style=\"text-align: justify;\">8h30 &#8211; Accueil caf\u00e9 des participants<\/p>\n<p style=\"text-align: justify;\">9h00 &#8211; Introduction par le Doyen de la Facult\u00e9 de M\u00e9decine de Bobigny<\/p>\n<p style=\"text-align: justify;\">9h15 &#8211; Pr\u00e9sentation du colloque\u00a0: Pr. Michel THOMAS<\/p>\n<p style=\"text-align: justify;\">9h20 \u00ab\u00a0<strong>2017-2018\u00a0: une ann\u00e9e de\u00a0 progr\u00e8s et de difficult\u00e9s dans le domaine de la surm\u00e9dicalisation\u00a0\u00bb\u00a0Dr. Omar BRIXI<\/strong><\/p>\n<p style=\"text-align: justify;\">10h00 &#8211; <strong>Conf\u00e9rence introductive \u00ab\u00a0Quelle feuille de route pour la HAS sur la pertinence\u00a0?\u00a0\u00bb<br \/>\nDr. Marie-H\u00e9l\u00e8ne RODDE-DUNET, cheffe du service \u00ab\u00a0Evaluation de la pertinence des soins et am\u00e9lioration des pratiques et des parcours\u00a0\u00bb, HAS,<\/strong><\/p>\n<p style=\"text-align: justify;\">10h20 &#8211; Discussion<\/p>\n<p style=\"text-align: justify;\">10h40 &#8211; Pause<\/p>\n<p style=\"text-align: justify;\"><strong>\u00a0<\/strong><\/p>\n<p style=\"text-align: justify;\">11h00 &#8211;<strong> Atelier N\u00b01 \u00ab\u00a0M\u00e9decine \u00ab\u00a0personnalis\u00e9e\u00a0\u00bb, progr\u00e8s ou nouveau leurre, nouvelle source de profits et de surm\u00e9dicalisation\u00a0? Dr. Omar BRIXI, Mod\u00e9rateur <\/strong><\/p>\n<p style=\"text-align: justify;\"><strong>\u00a0<\/strong><\/p>\n<p style=\"text-align: justify;\">Communication Orale Br\u00e8ve (10 min.)\u00a0\u00a0\u00a0 \u00ab\u00a0Peut-on vraiment parler de \u00ab m\u00e9decine de pr\u00e9cision \u00bb \u00e0 propos des nouvelles immunoth\u00e9rapies et des th\u00e9rapies cibl\u00e9es des tumeurs solides, de leurs biotests compagnons, et des seuils d\u00e9finis (ou pas) pour l\u2019\u00e9ligibilit\u00e9 des patients aux traitements ?\u00a0\u00bb. Fran\u00e7ois PESTY<\/p>\n<p style=\"text-align: justify;\">Communication Orale Br\u00e8ve (10 min.)\u00a0\u00a0\u00a0 \u00ab\u00a0Tests sanguins de d\u00e9pistage du cancer. Nouveaux leurres de la m\u00e9decine personnalis\u00e9e, sources de profits et de surm\u00e9dicalisation\u00a0\u00bb. G\u00e9rard DEL\u00c9PINE,\u00a0 Salwa ALKHALLAF, Nicole DEL\u00c9PINE.<\/p>\n<p style=\"text-align: justify;\">Communication Orale Br\u00e8ve (10 min.)\u00a0\u00a0\u00a0 \u00ab\u00a0Les recommandations des soci\u00e9t\u00e9s savantes refl\u00e8tent-elles l\u2019\u00e9tat de la science ou sont-elles sources de surm\u00e9dicalisation ? Analyse des recommandations des th\u00e9rapies cibl\u00e9es dans le cancer du rein\u00a0\u00bb. Salwa ALKHALLAF, Nicole DEL\u00c9PINE, G\u00e9rard DEL\u00c9PINE.<\/p>\n<p style=\"text-align: justify;\">12h30 &#8211; 13h45 \u00a0 <strong>Repas offert sur place pour les participants inscrits<\/strong><\/p>\n<p style=\"text-align: justify;\"><strong>\u00a0<\/strong><\/p>\n<p style=\"text-align: justify;\"><strong>\u00a0<\/strong><\/p>\n<p style=\"text-align: justify;\"><strong><em>&gt; Vendredi 13 avril 2018 apr\u00e8s-midi<\/em><\/strong><\/p>\n<p style=\"text-align: justify;\"><strong>\u00a0<\/strong><\/p>\n<p style=\"text-align: justify;\">13h45 &#8211; 14h30 \u00a0 <strong>Visite comment\u00e9e des posters\u00a0<\/strong><\/p>\n<p style=\"text-align: justify;\"><strong>\u00a0<\/strong><\/p>\n<p style=\"text-align: justify;\"><strong>Nota\u00a0: <\/strong>Toutes les contributions seront pr\u00e9sent\u00e9es sous forme de communications orales br\u00e8ves (10 min.) lors des ateliers th\u00e9matiques ou lors de la s\u00e9ance de communications libres du samedi matin<\/p>\n<p style=\"text-align: justify;\"><strong>\u00a0<\/strong><\/p>\n<p style=\"text-align: justify;\">14h30 &#8211; <strong>Conf\u00e9rence introductive \u00ab\u00a0Choisir avec soin, le travail de la Soci\u00e9t\u00e9 Nationale Fran\u00e7aise de M\u00e9decine Interne dans la cadre de la campagne mondiale \u00ab Choosing Wisely\u00a0\u00bb<br \/>\nPr Thomas HANSLIK, h\u00f4pital Ambroise Par\u00e9, AP-HP, Boulogne-Billancourt,<\/strong><\/p>\n<p style=\"text-align: justify;\"><strong>\u00a0<\/strong><\/p>\n<p style=\"text-align: justify;\"><strong>\u00a0<\/strong><\/p>\n<p style=\"text-align: justify;\">15h15 &#8211; <em>Amphith\u00e9\u00e2tre De Gennes,<\/em> <strong>Atelier N\u00b02 \u00ab\u00a0Recommandations officielles (HAS et soci\u00e9t\u00e9s savantes) et ind\u00e9pendance des experts : source de surm\u00e9dicalisation ?\u00a0\u00bb introduit par le Pr. Didier DREYFUSS, Chef de Service R\u00e9animation, H\u00f4pital Louis MOURIER, AP-HP, Colombes, Mod\u00e9rateur Dr. Michel DOR\u00c9<\/strong><\/p>\n<p style=\"text-align: justify;\"><strong>\u00a0<\/strong><\/p>\n<p style=\"text-align: justify;\">Communication Orale Br\u00e8ve (10 min.)\u00a0\u00a0\u00a0 \u00ab\u00a0Implantation de politiques de licences socialement responsables dans les Universit\u00e9s et Institutions de Recherche financ\u00e9es par des fonds publics\u00a0\u00bb. Ana BOCQUET et Juliana VERAS, Universities Allied for Essential Medicines (UAEM)<\/p>\n<p style=\"text-align: justify;\">Communication Orale Br\u00e8ve (10 min.)\u00a0\u00a0\u00a0 \u00ab\u00a0D\u00e9pistage pr\u00e9natal non invasif : quand les recommandations conduisent \u00e0 la surm\u00e9dicalisation\u00a0\u00bb. Carine Vassy, Sociologue, Ma\u00eetre de conf\u00e9rences HDR, IRIS, Universit\u00e9 Paris 13<\/p>\n<p style=\"text-align: justify;\">Communication Orale Br\u00e8ve (10 min.) \u00ab\u00a0Le point sur les inhibiteurs de l\u2019aromatase 14\u00a0 ans\u00a0 apr\u00e8s\u00a0 les AMM\u00a0 en\u00a0 adjuvant &#8211; La sous-estimation par les experts de leurs effets ind\u00e9sirables\u00a0\u00bb. Danielle BARBOTIN, M\u00e9decin Gyn\u00e9cologue et Patiente<\/p>\n<p style=\"text-align: justify;\"><strong>\u00a0<\/strong><\/p>\n<p style=\"text-align: justify;\">15h15 &#8211; <em>Salle R37,<\/em> <strong>Atelier N\u00b03 \u00ab\u00a0La surm\u00e9dicalisation des personnes \u00e2g\u00e9es et les difficult\u00e9s de la d\u00e9prescription \u00bb introduit par le Dr. Marc UZAN, Mod\u00e9rateur Dr. Jean-Claude SALOMON<\/strong><\/p>\n<p style=\"text-align: justify;\">Communication Orale Br\u00e8ve (10 min.) \u00ab\u00a0La surm\u00e9dicalisation des personnes\u00a0 \u00e2g\u00e9es et les difficult\u00e9s de la d\u00e9prescription\u00a0\u00bb. Catherine PIROT-PHE, Psychiatre, PH, EPSM de la Sarthe, Chef de p\u00f4le<\/p>\n<p style=\"text-align: justify;\">Communication Orale Br\u00e8ve (10 min.) \u00ab\u00a0Fragilit\u00e9 et m\u00e9dicaments en population \u00e2g\u00e9e : \u00e9tude de la polym\u00e9dication et des prescriptions potentiellement inappropri\u00e9es\u00a0\u00bb. Marie HERR, UMR 1168 \u00ab Vieillissement et Maladies chroniques : approches \u00e9pid\u00e9miologique et de sant\u00e9 publique \u00bb, Inserm &#8211; Universit\u00e9 Versailles St-Quentin-en-Yvelines, G\u00e9riatre, H\u00f4pital Sainte-P\u00e9rine, AP-HP, Paris<\/p>\n<p style=\"text-align: justify;\">Communication Orale Br\u00e8ve (10 min.) \u00ab\u00a0La production organisationnelle de la pharmaceuticalisation : une analyse du monde de la prescription en EHPAD\u00a0\u00bb. Laura DEL ROCIO DUPRAT, Doctorante en sociologie de la sant\u00e9 et de la m\u00e9decine, Mention : Sant\u00e9, populations et politiques sociales, CERMES3<\/p>\n<p style=\"text-align: justify;\">Communication Orale Br\u00e8ve (10 min.) \u00ab\u00a0La r\u00e9vision critique de l\u2019ordonnance m\u00e9dicamenteuse et l\u2019optimisation de la prescription des m\u00e9dicaments\u00a0: enjeu important de la prise en soins de patients \u00e2g\u00e9s hospitalis\u00e9s\u00a0\u00bb. Smahane MEDJAHED, Kenza BENCHEIKH, Nassyma MEZIANI, Samira STAMBOULI, G\u00e9riatres, H\u00f4pital Ren\u00e9 MURET, AP-HP, Sevran<\/p>\n<p style=\"text-align: justify;\">17h15 &#8211; Pause<\/p>\n<p style=\"text-align: justify;\">17h30 &#8211; 18H00 <em>Amphith\u00e9\u00e2tre De Gennes\u00a0: <\/em><strong>S\u00e9ance pl\u00e9ni\u00e8re de restitution des ateliers, synth\u00e8se de la journ\u00e9e<\/strong><em>.<\/em><\/p>\n<p style=\"text-align: justify;\"><strong>\u00a0<\/strong><\/p>\n<p style=\"text-align: justify;\"><strong><em>&gt; Samedi 14 avril 2018 le matin<\/em><\/strong>, <em>Amphith\u00e9\u00e2tre De Gennes<\/em><\/p>\n<p style=\"text-align: justify;\">8h30 &#8211; Accueil caf\u00e9 des participants<\/p>\n<p style=\"text-align: justify;\">9h00 &#8211; <strong>Conf\u00e9rence introductive \u00ab\u00a0Comment les usagers, les patients et leurs associations per\u00e7oivent-ils la surm\u00e9dicalisation\u00a0? \u00bb<br \/>\nDr. Jean-Pierre THIERRY, Conseiller m\u00e9dical de France-Assos-Sant\u00e9, Membre titulaire repr\u00e9sentant les usagers \u00e0 la commission de la transparence, HAS<\/strong><\/p>\n<p style=\"text-align: justify;\">9h50 &#8211; 10h20 <strong>S\u00e9ance de communications orales libres<\/strong><\/p>\n<p style=\"text-align: justify;\">Communication Orale Br\u00e8ve (10 min.) \u00ab\u00a0La surm\u00e9dicalisation : qu\u2019en pensent les m\u00e9decins g\u00e9n\u00e9ralistes ? Approche qualitative \u00e0 partir d\u2019entretiens individuels\u00a0\u00bb. L\u00e9a CHARTON, L\u00e9o FAIDHERBE, Philippe HILD, Fabien ROUGERIE, D\u00e9partement de m\u00e9decine g\u00e9n\u00e9rale, Facult\u00e9 de M\u00e9decine de Strasbourg<\/p>\n<p style=\"text-align: justify;\">Communication Orale Br\u00e8ve (10 min.) \u00ab\u00a0Vitamine D : sur prescription des dosages, sous prescription et sur prescription de la vitaminoth\u00e9rapie\u00a0\u00bb. Pr Philippe ARLET, M\u00e9decine Interne, CHU Toulouse<\/p>\n<p style=\"text-align: justify;\">Communication Orale Br\u00e8ve (10 min.) \u00ab\u00a0Analyse s\u00e9mantique actualis\u00e9e des programmes d\u00e9taill\u00e9s des 6 derniers congr\u00e8s de la SFR qui s\u2019obstine \u00e0 nier l\u2019evidence based medicine dans le traitement de fond de la polyarthrite rhumato\u00efde\u00a0\u00bb. Fran\u00e7ois PESTY<\/p>\n<p style=\"text-align: justify;\">10h20 &#8211; 10h35 &#8211; Pause caf\u00e9<\/p>\n<p style=\"text-align: justify;\">10h35 &#8211;<strong> Atelier N\u00b04 \u00ab\u00a0La recherche d\u2019informations sur Internet par les m\u00e9decins et les patients, la t\u00e9l\u00e9m\u00e9decine sont-elles source de surm\u00e9dicalisation ?\u00a0\u00bb, introduit par le Dr Sandrine DELOCHE, Mod\u00e9rateur Pr. Michel THOMAS <\/strong><\/p>\n<p style=\"text-align: justify;\"><strong>\u00a0<\/strong><\/p>\n<p style=\"text-align: justify;\">Communication Orale Br\u00e8ve (10 min.) \u00ab\u00a0Comment les firmes pharmaceutiques profitent-elles des failles de conception et d\u2019usage de la base de donn\u00e9es Transparence Sant\u00e9 pour mieux dissimuler les liens qui les unissent aux professionnels de sant\u00e9 ?\u00a0\u00bb. Fran\u00e7ois PESTY<\/p>\n<p style=\"text-align: justify;\"><strong>\u00a0<\/strong><\/p>\n<p style=\"text-align: justify;\">12h20 &#8211; 12h35 &#8211; Pause<\/p>\n<p style=\"text-align: justify;\"><strong>\u00a0<\/strong><\/p>\n<p style=\"text-align: justify;\">12h35 <em>Amphith\u00e9\u00e2tre De Gennes\u00a0: <\/em><strong>Conclusions g\u00e9n\u00e9rales du colloque<\/strong><em>.<\/em><\/p>\n<p style=\"text-align: justify;\"><strong>\u00a0<\/strong><\/p>\n<p style=\"text-align: justify;\"><strong>Nota\u00a0: <\/strong>Toutes les communications s\u00e9lectionn\u00e9es pourront \u00eatre affich\u00e9es. Taille des posters\u00a0: 110 cm large, 160 cm haut.<\/p>\n<p style=\"text-align: justify;\">N&rsquo;h\u00e9sitez-pas \u00e0\u00a0diffuser \u00e0 vos r\u00e9seaux ou connaissances cette invitation<\/p>\n<p style=\"text-align: justify;\">Le groupe Princeps<\/p>\n<p style=\"text-align: justify;\">Nota\u00a0: Les actes des \u00e9ditions <a href=\"http:\/\/surmedicalisation.fr\/?page_id=120\">2012<\/a>, <a href=\"http:\/\/surmedicalisation.fr\/?page_id=285\">2013<\/a>, <a href=\"http:\/\/surmedicalisation.fr\/?page_id=2958\">2014<\/a>, <a href=\"http:\/\/surmedicalisation.fr\/?page_id=3782\">2015<\/a>, <a href=\"http:\/\/surmedicalisation.fr\/?page_id=4094\">2016<\/a> et <a href=\"http:\/\/surmedicalisation.fr\/?page_id=4525\">2017<\/a> du Colloque sont tous accessibles en suivant le lien\u00a0: <a href=\"http:\/\/surmedicalisation.fr\/?page_id=103\">ici<\/a>. La rencontre organis\u00e9e le 12 janvier 2016 par le groupe Princeps et la SFTG sur le \u00ab\u00a0D\u00e9pistage organis\u00e9 des cancers du sein\u00a0\u00bb est accessible <a href=\"http:\/\/surmedicalisation.fr\/?page_id=3714\">ici<\/a> et la rencontre du 16 octobre 2016 \u00ab\u00a0Le prix, le co\u00fbt et la valeur des m\u00e9dicaments\u00a0\u00bb <a href=\"http:\/\/surmedicalisation.fr\/?page_id=4444\">ici<\/a>.<\/p>\n<p style=\"text-align: justify;\"><strong>INSCRIPTIONS<\/strong><\/p>\n<p style=\"text-align: justify;\">Le montant de l\u2019inscription est de <strong>40 euros <\/strong>(20 euros pour les \u00e9tudiants et Internes en M\u00e9decine).<\/p>\n<p style=\"text-align: justify;\">Ces frais d\u2019inscription tr\u00e8s limit\u00e9s, qui comprennent les accueils et pauses caf\u00e9, le repas de midi du vendredi, et l\u2019intendance du colloque, ne sont possibles que gr\u00e2ce aux locaux mis \u00e0 disposition par la Facult\u00e9 de m\u00e9decine de Bobigny, et l\u2019engagement de la SFTG. Cette modeste somme est le prix de notre ind\u00e9pendance.<\/p>\n<p style=\"text-align: justify;\">Les inscriptions doivent \u00eatre adress\u00e9es \u00e0 la <strong>SFTG, 233 bis rue de Tolbiac 75013 Paris<\/strong>, avec la mention \u00ab\u00a0Colloque de Bobigny\u00a0\u00bb. L\u2019inscription en ligne est possible : <a href=\"http:\/\/www.sftg.eu\/programme-par-types\/colloques\/\">ici<\/a>.<strong>\u00a0\u00a0\u00a0\u00a0\u00a0\u00a0\u00a0 <\/strong><\/p>\n<p style=\"text-align: justify;\">Vous pouvez \u00e9galement t\u00e9l\u00e9charger <a href=\"http:\/\/surmedicalisation.fr\/blog\/WordPress3\/wp-content\/uploads\/2018\/01\/bulletin-dinscription-SFTG_Colloque_Bobigny_2018.pdf\">ici<\/a> le <strong>bulletin d\u2019inscription<\/strong>, le remplir et l\u2019adresser \u00e0 la SFTG<\/p>\n<p style=\"text-align: justify;\">\n","protected":false},"excerpt":{"rendered":"<p>26\/03\/2018 A VOS AGENDAS POUR LES 13 &amp; 14 AVRIL 2018 TROISI\u00c8ME ANNONCE ET PROGRAMME D\u00c9FINITIF T\u00e9l\u00e9charger une version imprimable du programme d\u00e9finitif : ici Le groupe Princeps, le D\u00e9partement de M\u00e9decine G\u00e9n\u00e9rale de la Facult\u00e9 de M\u00e9decine de Bobigny, &hellip; <a href=\"http:\/\/surmedicalisation.fr\/?page_id=4978\">Continuer la lecture <span class=\"meta-nav\">&rarr;<\/span><\/a><\/p>\n","protected":false},"author":1,"featured_media":0,"parent":4934,"menu_order":2,"comment_status":"closed","ping_status":"closed","template":"","meta":[],"_links":{"self":[{"href":"http:\/\/surmedicalisation.fr\/index.php?rest_route=\/wp\/v2\/pages\/4978"}],"collection":[{"href":"http:\/\/surmedicalisation.fr\/index.php?rest_route=\/wp\/v2\/pages"}],"about":[{"href":"http:\/\/surmedicalisation.fr\/index.php?rest_route=\/wp\/v2\/types\/page"}],"author":[{"embeddable":true,"href":"http:\/\/surmedicalisation.fr\/index.php?rest_route=\/wp\/v2\/users\/1"}],"replies":[{"embeddable":true,"href":"http:\/\/surmedicalisation.fr\/index.php?rest_route=%2Fwp%2Fv2%2Fcomments&post=4978"}],"version-history":[{"count":8,"href":"http:\/\/surmedicalisation.fr\/index.php?rest_route=\/wp\/v2\/pages\/4978\/revisions"}],"predecessor-version":[{"id":4989,"href":"http:\/\/surmedicalisation.fr\/index.php?rest_route=\/wp\/v2\/pages\/4978\/revisions\/4989"}],"up":[{"embeddable":true,"href":"http:\/\/surmedicalisation.fr\/index.php?rest_route=\/wp\/v2\/pages\/4934"}],"wp:attachment":[{"href":"http:\/\/surmedicalisation.fr\/index.php?rest_route=%2Fwp%2Fv2%2Fmedia&parent=4978"}],"curies":[{"name":"wp","href":"https:\/\/api.w.org\/{rel}","templated":true}]}}