{"id":5028,"date":"2018-11-19T19:42:35","date_gmt":"2018-11-19T18:42:35","guid":{"rendered":"http:\/\/surmedicalisation.fr\/?page_id=5028"},"modified":"2020-03-07T18:04:16","modified_gmt":"2020-03-07T17:04:16","slug":"les-actes-colloque-2018","status":"publish","type":"page","link":"http:\/\/surmedicalisation.fr\/?page_id=5028","title":{"rendered":"Les Actes &#8211; Colloque 2018"},"content":{"rendered":"<p><script><span style=\"display: inline-block; width: 0px; overflow: hidden; line-height: 0;\" data-mce-type=\"bookmark\" class=\"mce_SELRES_start\">\ufeff<\/span><span style=\"display: inline-block; width: 0px; overflow: hidden; line-height: 0;\" data-mce-type=\"bookmark\" class=\"mce_SELRES_start\">\ufeff<\/span><span style=\"display: inline-block; width: 0px; overflow: hidden; line-height: 0;\" data-mce-type=\"bookmark\" class=\"mce_SELRES_start\">\ufeff<\/span>\/\/ <![CDATA[ (function(i,s,o,g,r,a,m){i['GoogleAnalyticsObject']=r;i[r]=i[r]||function(){ (i[r].q=i[r].q||[]).push(arguments)},i[r].l=1*new Date();a=s.createElement(o), m=s.getElementsByTagName(o)[0];a.async=1;a.src=g;m.parentNode.insertBefore(a,m) })(window,document,'script','\/\/www.google-analytics.com\/analytics.js','ga'); ga('create', 'UA-40453293-1', 'surmedicalisation.fr'); ga('send', 'pageview'); \/\/ ]]><\/script><\/p>\n<h1><\/h1>\n<h1><\/h1>\n<h1><\/h1>\n<h1>Colloque 2018<\/h1>\n<h2>Sur et sous m\u00e9dicalisation, surdiagnostics, surtraitements<\/h2>\n<h2>Facult\u00e9 de M\u00e9decine de Bobigny, Universit\u00e9 Paris 13<\/h2>\n<h4 style=\"text-align: justify;\">Le groupe Princeps, le D\u00e9partement de M\u00e9decine G\u00e9n\u00e9rale de la facult\u00e9 de m\u00e9decine de Bobigny, la Soci\u00e9t\u00e9 de Formation \u00e0 la Th\u00e9rapeutique du G\u00e9n\u00e9raliste (SFTG), et l&rsquo;association Civic Sant\u00e9, sont heureux de vous pr\u00e9senter les actes du colloque qui s&rsquo;est tenu les vendredi 13 avril 2018, de 9h \u00e0 17h, et samedi 14 avril de 9h \u00e0 13h.<\/h4>\n<hr \/>\n<h5 style=\"text-align: center;\"><span style=\"text-decoration: underline;\"><span style=\"color: #000000; text-decoration: underline;\">Cliquer sur les liens pour ouvrir les pages<\/span><\/span><\/h5>\n<h2 style=\"text-align: center;\"><strong><span style=\"color: #000000;\">Vendredi 13 avril 2018 &#8211; Matin\u00e9e<\/span><\/strong><\/h2>\n<p style=\"text-align: center;\"><span style=\"color: #000000;\">Accueil des participants<\/span><\/p>\n<p style=\"text-align: center;\"><a href=\"http:\/\/surmedicalisation.fr\/?page_id=5032#ouverture\" target=\"_blank\" rel=\"noopener noreferrer\"><span style=\"color: #000000;\"><strong>Ouverture du colloque<\/strong><\/span><\/a><\/p>\n<p style=\"text-align: center;\"><strong><span style=\"color: #000000;\">Accueil de la Vice-Doyenne de la facult\u00e9 de m\u00e9decine de Bobigny<\/span><\/strong><\/p>\n<p style=\"text-align: center;\"><span style=\"color: #0000ff;\"><strong><a href=\"http:\/\/surmedicalisation.fr\/?page_id=5032#introduction\" target=\"_blank\" rel=\"noopener noreferrer\">Mots de bienvenue<\/a> : Professeur Michel THOMAS<\/strong><\/span><\/p>\n<h1 style=\"text-align: center;\"><a href=\"http:\/\/surmedicalisation.fr\/?page_id=5032#r\u00e9trospective\" target=\"_blank\" rel=\"noopener noreferrer\">\u00ab 2017-2018 : Une ann\u00e9e de progr\u00e8s et de difficult\u00e9s dans le domaine de la surm\u00e9dicalisation \u00bb<\/a><\/h1>\n<p style=\"text-align: center;\"><strong>Dr. Omar BRIXI<\/strong><\/p>\n<p>&nbsp;<\/p>\n<h2 style=\"text-align: center;\">Conf\u00e9rence introductive<\/h2>\n<p>&nbsp;<\/p>\n<h1 style=\"text-align: center;\"><a href=\"http:\/\/surmedicalisation.fr\/?page_id=5032#HAS_et_pertinence\" target=\"_blank\" rel=\"noopener noreferrer\">\u00ab Quelle feuille de route pour la HAS<\/a><br \/>\n<a href=\"http:\/\/surmedicalisation.fr\/?page_id=5032#HAS_et_pertinence\" target=\"_blank\" rel=\"noopener noreferrer\">sur la pertinence ? \u00bb<\/a><\/h1>\n<p>&nbsp;<\/p>\n<p style=\"text-align: center;\"><strong>Dr.<\/strong> <strong>Marie H\u00e9l\u00e8ne RODDE-DUNET, Cheffe de Service \u00ab \u00c9valuation de la pertinence des soins et am\u00e9lioration des pratiques et des parcours \u00bb, Haute Autorit\u00e9 de Sant\u00e9<\/strong><\/p>\n<p>&nbsp;<\/p>\n<p style=\"text-align: center;\"><strong>Discussion<\/strong><\/p>\n<p>&nbsp;<\/p>\n<h1 style=\"text-align: center;\"><a href=\"http:\/\/surmedicalisation.fr\/?page_id=5060#A1\" target=\"_blank\" rel=\"noopener noreferrer\"><span style=\"color: #000000;\"><strong><span style=\"color: #0000ff;\">\u00ab Atelier N\u00b01 &#8211; M\u00e9decine personnalis\u00e9e, progr\u00e8s ou nouveau leurre, nouvelle source de profits et de surm\u00e9dicalisation \u00bb<\/span><\/strong><\/span><\/a><\/h1>\n<h2 style=\"text-align: center;\">Dr. Omar BRIXI, Mod\u00e9rateur<\/h2>\n<p>&nbsp;<\/p>\n<p style=\"text-align: center;\"><a href=\"http:\/\/surmedicalisation.fr\/?page_id=5060#Omar_BRIXI\" target=\"_blank\" rel=\"noopener noreferrer\"><strong><span style=\"color: #0000ff;\">Introduction de l&rsquo;atelier<\/span><\/strong><\/a><\/p>\n<p>&nbsp;<\/p>\n<p style=\"text-align: center;\"><strong><span style=\"color: #000000;\">Communications orales br\u00e8ves<\/span><\/strong><\/p>\n<h1 style=\"text-align: center;\"><a href=\"http:\/\/surmedicalisation.fr\/?page_id=5060#biotherapies\" target=\"_blank\" rel=\"noopener noreferrer\"><span style=\"color: #0000ff;\">\u00ab Peut-on vraiment parler de \u00ab m\u00e9decine de pr\u00e9cision \u00bb \u00e0 propos des nouvelles immunoth\u00e9rapies et des th\u00e9rapies cibl\u00e9es des tumeurs solides, de leurs biotests compagnons, et des seuils d\u00e9finis (ou pas)<br \/>\npour l\u2019\u00e9ligibilit\u00e9 des patients<br \/>\naux traitements ?\u00a0 \u00bb<\/span><\/a><\/h1>\n<p><span style=\"color: #ffffff;\"> &#8230;<\/span><\/p>\n<p style=\"text-align: center;\"><span style=\"color: #0000ff;\"><strong>Dr. Fran\u00e7ois PESTY, Pharmacien<br \/>\n<\/strong><\/span><\/p>\n<p>&nbsp;<\/p>\n<h1 style=\"text-align: center;\"><a href=\"http:\/\/surmedicalisation.fr\/?page_id=5060#tests_sang\" target=\"_blank\" rel=\"noopener noreferrer\">\u00ab\u00a0Tests sanguins de d\u00e9pistage du cancer. Nouveaux leurres de la m\u00e9decine personnalis\u00e9e, sources de profits et de surm\u00e9dicalisation \u00bb<\/a><\/h1>\n<p style=\"text-align: center;\"><strong>G\u00e9rard DEL\u00c9PINE,\u00a0 Salwa ALKHALLAF, Nicole DEL\u00c9PINE<\/strong><\/p>\n<p>&nbsp;<\/p>\n<p>&nbsp;<\/p>\n<h1 style=\"text-align: center;\"><a href=\"http:\/\/surmedicalisation.fr\/?page_id=5060#recos_AFU-EAU\" target=\"_blank\" rel=\"noopener noreferrer\">\u00ab Les recommandations des soci\u00e9t\u00e9s savantes refl\u00e8tent-elles l\u2019\u00e9tat de la science ou sont-elles sources de surm\u00e9dicalisation ? Analyse des recommandations des th\u00e9rapies cibl\u00e9es dans le cancer du rein \u00bb<\/a><\/h1>\n<p style=\"text-align: center;\"><span style=\"color: #ffffff;\">&#8230;<\/span><\/p>\n<p style=\"text-align: center;\"><strong>G\u00e9rard DEL\u00c9PINE,\u00a0 Salwa ALKHALLAF, Nicole DEL\u00c9PINE<\/strong><\/p>\n<p>&nbsp;<\/p>\n<h5 style=\"text-align: center;\">Cliquer sur les liens pour ouvrir les pages<\/h5>\n<h2 style=\"text-align: center;\"><strong>Vendredi 13 avril 2018 &#8211; Apr\u00e8s-Midi<\/strong><\/h2>\n<p>&nbsp;<\/p>\n<h2 style=\"text-align: center;\">Pr. Michel THOMAS<\/h2>\n<p style=\"text-align: center;\"><a href=\"http:\/\/surmedicalisation.fr\/?page_id=5171#Intro_MT\" target=\"_blank\" rel=\"noopener noreferrer\"><strong><span style=\"color: #0000ff;\">Introduction<\/span><\/strong><\/a><\/p>\n<p>&nbsp;<\/p>\n<h2 style=\"text-align: center;\">Conf\u00e9rence introductive<\/h2>\n<h1 style=\"text-align: center;\"><a href=\"http:\/\/surmedicalisation.fr\/?page_id=5171#Choosing_wisely\" target=\"_blank\" rel=\"noopener noreferrer\"><strong><span style=\"color: #0000ff;\">\u00ab\u00a0Choisir avec soin, le travail de la Soci\u00e9t\u00e9 Nationale Fran\u00e7aise de M\u00e9decine Interne dans la cadre de la campagne<br \/>\nmondiale Choosing Wisely \u00bb<\/span><\/strong><\/a><\/h1>\n<p style=\"text-align: center;\"><strong>Pr Thomas HANSLIK, h\u00f4pital Ambroise Par\u00e9, AP-HP, Boulogne-Billancourt,<\/strong><\/p>\n<p style=\"text-align: center;\"><a href=\"http:\/\/surmedicalisation.fr\/?page_id=5171#Discussion_Top_Five\" target=\"_blank\" rel=\"noopener noreferrer\"><strong><span style=\"color: #0000ff;\">Discussion<\/span><\/strong><\/a><\/p>\n<p>&nbsp;<\/p>\n<h1 style=\"text-align: center;\"><span style=\"color: #000000;\"><a style=\"color: #000000;\" href=\"http:\/\/surmedicalisation.fr\/?page_id=5171#A2\" target=\"_blank\" rel=\"noopener noreferrer\"><strong><span style=\"color: #0000ff;\">\u00ab Atelier N\u00b02 \u00ab\u00a0Recommandations officielles (HAS et soci\u00e9t\u00e9s savantes) et ind\u00e9pendance des experts : source de surm\u00e9dicalisation ? \u00bb<\/span><\/strong><\/a><\/span><\/h1>\n<h1 style=\"text-align: center;\"><\/h1>\n<h2 style=\"text-align: center;\">Dr. Michel DOR\u00c9, Mod\u00e9rateur<\/h2>\n<p style=\"text-align: center;\"><a href=\"http:\/\/surmedicalisation.fr\/?page_id=5171#Intro_MD\" target=\"_blank\" rel=\"noopener noreferrer\"><strong><span style=\"color: #0000ff;\">Introduction de l&rsquo;atelier<\/span><\/strong><\/a><\/p>\n<h2><\/h2>\n<h2><\/h2>\n<h2 style=\"text-align: center;\">Introduction \u00e0 la th\u00e9matique d\u2019atelier<\/h2>\n<h1 style=\"text-align: center;\"><a href=\"http:\/\/surmedicalisation.fr\/?page_id=5171#COI\" target=\"_blank\" rel=\"noopener noreferrer\">\u00ab\u00a0Conflits d\u2019int\u00e9r\u00eat : Un danger pour l\u2019int\u00e9grit\u00e9 scientifique \u00bb<\/a><\/h1>\n<p style=\"text-align: center;\"><span style=\"color: #ffffff;\">&#8230;<\/span><\/p>\n<p style=\"text-align: center;\"><strong>Pr. Didier DREYFUSS, Chef de Service R\u00e9animation,<br \/>\nH\u00f4pital Louis MOURIER, AP-HP, Colombes, <\/strong><\/p>\n<p>&nbsp;<\/p>\n<p style=\"text-align: center;\"><strong>Discussion<\/strong><\/p>\n<hr \/>\n<p style=\"text-align: center;\"><strong>Communications orales br\u00e8ves<\/strong><\/p>\n<p>&nbsp;<\/p>\n<h1 style=\"text-align: center;\"><a href=\"http:\/\/surmedicalisation.fr\/?page_id=5171#UAEM\" target=\"_blank\" rel=\"noopener noreferrer\">\u00ab\u00a0Implantation de politiques de licences socialement responsables dans les Universit\u00e9s et Institutions de Recherche financ\u00e9es par des fonds publics \u00bb<\/a><\/h1>\n<p style=\"text-align: center;\"><span style=\"color: #ffffff;\">&#8230;<\/span><\/p>\n<p style=\"text-align: center;\"><strong>Juliana VERAS et Ana BOCQUET,<br \/>\nUniversities Allied for Essential Medicines (UAEM)<\/strong><\/p>\n<p>&nbsp;<\/p>\n<p>&nbsp;<\/p>\n<h1 style=\"text-align: center;\"><a href=\"http:\/\/surmedicalisation.fr\/?page_id=5171#Carine_VASSY\" target=\"_blank\" rel=\"noopener noreferrer\">\u00ab D\u00e9pistage pr\u00e9natal non invasif : quand les recommandations conduisent \u00e0 la surm\u00e9dicalisation \u00bb<\/a><\/h1>\n<p style=\"text-align: center;\"><span style=\"color: #ffffff;\">&#8230;<\/span><\/p>\n<p style=\"text-align: center;\"><strong>Carine Vassy, Sociologue, Ma\u00eetre de conf\u00e9rences<br \/>\nHDR, IRIS, Universit\u00e9 Paris 13<\/strong><\/p>\n<h1 style=\"text-align: center;\"><a href=\"http:\/\/surmedicalisation.fr\/?page_id=5171#Danielle_BARBOTIN\" target=\"_blank\" rel=\"noopener noreferrer\">\u00ab Le point sur les inhibiteurs de l\u2019aromatase <\/a><br \/>\n<a href=\"http:\/\/surmedicalisation.fr\/?page_id=5171#Danielle_BARBOTIN\" target=\"_blank\" rel=\"noopener noreferrer\">14\u00a0 ans\u00a0 apr\u00e8s\u00a0 les AMM\u00a0 en\u00a0 adjuvant &#8211; La sous-<\/a><a href=\"http:\/\/surmedicalisation.fr\/?page_id=5171#Danielle_BARBOTIN\" target=\"_blank\" rel=\"noopener noreferrer\">estimation par les experts de leurs effets<\/a> <a href=\"http:\/\/surmedicalisation.fr\/?page_id=5171#Danielle_BARBOTIN\" target=\"_blank\" rel=\"noopener noreferrer\">ind\u00e9sirables \u00bb<\/a><\/h1>\n<p style=\"text-align: center;\"><span style=\"color: #ffffff;\">&#8230;<\/span><\/p>\n<p style=\"text-align: center;\"><strong>Dr. Danielle BARBOTIN,<br \/>\nM\u00e9decin Gyn\u00e9cologue et Patiente<\/strong><\/p>\n<p>&nbsp;<\/p>\n<hr \/>\n<h1 style=\"text-align: center;\"><a href=\"http:\/\/surmedicalisation.fr\/?page_id=5282#A3\" target=\"_blank\" rel=\"noopener noreferrer\"><strong><span style=\"color: #0000ff;\">\u00ab Atelier N\u00b03 \u00ab La surm\u00e9dicalisation des personnes \u00e2g\u00e9es et les difficult\u00e9s de la d\u00e9prescription \u00bb<\/span><\/strong><\/a><\/h1>\n<h1><\/h1>\n<h2 style=\"text-align: center;\">Dr. Jean-Claude SALOMON, Mod\u00e9rateur<\/h2>\n<h2 style=\"text-align: center;\"><\/h2>\n<h2 style=\"text-align: center;\">Dr. Marc UZAN, Toulouse<\/h2>\n<p style=\"text-align: center;\"><a href=\"http:\/\/surmedicalisation.fr\/?page_id=5282#Intro_Marc_UZAN\" target=\"_blank\" rel=\"noopener noreferrer\"><strong><span style=\"color: #0000ff;\">Introduction de l&rsquo;atelier<\/span><\/strong><\/a><\/p>\n<p>&nbsp;<\/p>\n<p>&nbsp;<\/p>\n<p style=\"text-align: center;\"><strong>Communications orales br\u00e8ves<\/strong><\/p>\n<h1 style=\"text-align: center;\">\u00ab <a href=\"http:\/\/surmedicalisation.fr\/?page_id=5282#Catherine_PIROT-PHE\" target=\"_blank\" rel=\"noopener noreferrer\">La surm\u00e9dicalisation des personnes \u00e2g\u00e9es et les difficult\u00e9s de la d\u00e9prescription<\/a> \u00bb<\/h1>\n<p style=\"text-align: center;\"><span style=\"color: #ffffff;\">&#8230;<\/span><\/p>\n<p style=\"text-align: center;\">Catherine PIROT-PHE, Psychiatre, PH, EPSM de la Sarthe, Chef de p\u00f4le<\/p>\n<p>&nbsp;<\/p>\n<p>&nbsp;<\/p>\n<h1 style=\"text-align: center;\"><a href=\"http:\/\/surmedicalisation.fr\/?page_id=5282#Marie_HERR\" target=\"_blank\" rel=\"noopener noreferrer\">\u00ab Fragilit\u00e9 et m\u00e9dicaments en population \u00e2g\u00e9e : \u00e9tude de la polym\u00e9dication<br \/>\net des prescriptions potentiellement inappropri\u00e9es \u00bb<\/a><\/h1>\n<p style=\"text-align: center;\"><span style=\"color: #ffffff;\">&#8230;<\/span><\/p>\n<p style=\"text-align: center;\">Marie HERR, UMR 1168 \u00ab Vieillissement et Maladies chroniques : approches \u00e9pid\u00e9miologique et de sant\u00e9 publique \u00bb, Inserm &#8211; Universit\u00e9 Versailles St-Quentin-en-Yvelines, G\u00e9riatre, H\u00f4pital Sainte-P\u00e9rine, AP-HP, Paris<\/p>\n<p>&nbsp;<\/p>\n<p>&nbsp;<\/p>\n<h1 style=\"text-align: center;\"><a href=\"http:\/\/surmedicalisation.fr\/?page_id=5282#Laura_DUPRAT\" target=\"_blank\" rel=\"noopener noreferrer\">\u00ab La production organisationnelle de la pharmaceuticalisation : une analyse du monde de la prescription en EHPAD \u00bb<\/a><\/h1>\n<p style=\"text-align: center;\"><span style=\"color: #ffffff;\">&#8230;<\/span><\/p>\n<p style=\"text-align: center;\">Laura DEL ROCIO DUPRAT, Doctorante en sociologie de la sant\u00e9 et de la m\u00e9decine, Mention : Sant\u00e9, populations et politiques sociales, CERMES3<\/p>\n<p>&nbsp;<\/p>\n<p>&nbsp;<\/p>\n<h1 style=\"text-align: center;\"><a href=\"http:\/\/surmedicalisation.fr\/?page_id=5282#Smahane_MEDJAHED\" target=\"_blank\" rel=\"noopener noreferrer\">\u00ab La r\u00e9vision critique de l\u2019ordonnance m\u00e9dicamenteuse et l\u2019optimisation de la prescription des m\u00e9dicaments\u00a0: enjeu important de la prise en soins de patients \u00e2g\u00e9s hospitalis\u00e9s \u00bb<\/a><\/h1>\n<p style=\"text-align: center;\"><span style=\"color: #ffffff;\">&#8230;<\/span><\/p>\n<p style=\"text-align: center;\">Smahane MEDJAHED, Kenza BENCHEIKH, Nassyma MEZIANI, Samira STAMBOULI, G\u00e9riatres, H\u00f4pital Ren\u00e9 MURET, AP-HP, Sevran<\/p>\n<p>&nbsp;<\/p>\n<p>&nbsp;<\/p>\n<h2 style=\"text-align: center;\"><a href=\"http:\/\/surmedicalisation.fr\/?page_id=5171#Restitution\" target=\"_blank\" rel=\"noopener noreferrer\"><strong><span style=\"color: #0000ff;\">S\u00e9ance pl\u00e9ni\u00e8re de restitution des ateliers<\/span><\/strong><\/a><\/h2>\n<p>&nbsp;<\/p>\n<p style=\"text-align: center;\"><a href=\"http:\/\/surmedicalisation.fr\/?page_id=5171#R_Alain_SIARY\" target=\"_blank\" rel=\"noopener noreferrer\"><strong><span style=\"color: #0000ff;\">Restitution de l&rsquo;atelier N\u00b02 &#8211; Dr. Alain SIARY, SFTG <\/span><\/strong><\/a><\/p>\n<p>&nbsp;<\/p>\n<p style=\"text-align: center;\"><a href=\"http:\/\/surmedicalisation.fr\/?page_id=5171#R_Marc_UZAN\" target=\"_blank\" rel=\"noopener noreferrer\"><strong><span style=\"color: #0000ff;\">Restitution de l&rsquo;atelier N\u00b03 &#8211; Dr. Marc UZAN, Toulouse<\/span><\/strong><\/a><\/p>\n<p>&nbsp;<\/p>\n<p style=\"text-align: center;\"><a href=\"http:\/\/surmedicalisation.fr\/?page_id=5171#Conclusion_J1\" target=\"_blank\" rel=\"noopener noreferrer\"><strong><span style=\"color: #0000ff;\">Conclusion de la journ\u00e9e &#8211; <\/span><\/strong><span style=\"color: #0000ff;\"><strong>Pr. Michel THOMAS<\/strong><\/span><\/a><\/p>\n<hr \/>\n<h5><\/h5>\n<h5 style=\"text-align: center;\">Cliquer sur les liens pour ouvrir les pages<\/h5>\n<h2 style=\"text-align: center;\"><strong>Samedi 14 avril 2018 &#8211; Matin\u00e9e<\/strong><\/h2>\n<h2><\/h2>\n<h2 style=\"text-align: center;\">Conf\u00e9rence introductive<\/h2>\n<p>&nbsp;<\/p>\n<h1 style=\"text-align: center;\"><a href=\"http:\/\/surmedicalisation.fr\/?page_id=5333#Point_de_vue_du_patient\" target=\"_blank\" rel=\"noopener noreferrer\"><span style=\"color: #0000ff;\">\u00ab\u00a0<strong><span style=\"color: #0000ff;\">Comment les usagers, les patients et<\/span> <span style=\"color: #0000ff;\">leurs associations per\u00e7oivent-ils la surm\u00e9dicalisation\u00a0?<\/span><\/strong> \u00bb<\/span><\/a><\/h1>\n<p>&nbsp;<\/p>\n<p style=\"text-align: center;\"><strong>Dr. Jean-Pierre THIERRY, Conseiller m\u00e9dical de France-Assos-Sant\u00e9, Membre titulaire repr\u00e9sentant les usagers \u00e0 la commission de la transparence, HAS<\/strong><\/p>\n<p>&nbsp;<\/p>\n<p style=\"text-align: center;\"><strong>Discussion<\/strong><\/p>\n<p>&nbsp;<\/p>\n<p style=\"text-align: center;\"><a href=\"http:\/\/surmedicalisation.fr\/?page_id=5333#CO_libres\" target=\"_blank\" rel=\"noopener noreferrer\"><strong><span style=\"color: #0000ff;\">Communications orales br\u00e8ves<\/span><\/strong><\/a><\/p>\n<p>&nbsp;<\/p>\n<h1 style=\"text-align: center;\"><a href=\"http:\/\/surmedicalisation.fr\/?page_id=5333#Point_de_vue_des_MG\" target=\"_blank\" rel=\"noopener noreferrer\">\u00ab\u00a0La surm\u00e9dicalisation : qu\u2019en pensent les m\u00e9decins g\u00e9n\u00e9ralistes ? Approche qualitative \u00e0 partir d\u2019entretiens individuels \u00bb<\/a><\/h1>\n<h1 style=\"text-align: center;\"><span style=\"color: #ffffff;\">&#8230;<\/span><\/h1>\n<p style=\"text-align: center;\"><strong>L\u00e9a CHARTON, L\u00e9o FAIDHERBE, Philippe HILD, Fabien ROUGERIE, D\u00e9partement de m\u00e9decine g\u00e9n\u00e9rale, Facult\u00e9 de M\u00e9decine de Strasbourg<\/strong><\/p>\n<p>&nbsp;<\/p>\n<p>&nbsp;<\/p>\n<h1 style=\"text-align: center;\"><a href=\"http:\/\/surmedicalisation.fr\/?page_id=5333#Pr_Ph_ARLET\" target=\"_blank\" rel=\"noopener noreferrer\">\u00ab\u00a0Vitamine D : sur prescription des dosages, sous prescription et sur prescription de la vitaminoth\u00e9rapie \u00bb<\/a><\/h1>\n<h1 style=\"text-align: center;\"><span style=\"color: #ffffff;\">&#8230;<\/span><\/h1>\n<p style=\"text-align: center;\"><strong>Pr. Philippe ARLET, M\u00e9decine Interne, CHU Toulouse<\/strong><\/p>\n<p>&nbsp;<\/p>\n<p>&nbsp;<\/p>\n<h1 style=\"text-align: center;\"><a href=\"http:\/\/surmedicalisation.fr\/?page_id=5333#Actu_congr\u00e8s_SFR\" target=\"_blank\" rel=\"noopener noreferrer\">\u00ab\u00a0Analyse s\u00e9mantique actualis\u00e9e des programmes d\u00e9taill\u00e9s des 6 derniers congr\u00e8s de la SFR qui s\u2019obstine \u00e0 nier l\u2019evidence based medicine dans le traitement de fond de la polyarthrite rhumato\u00efde\u00a0 \u00bb<\/a><\/h1>\n<h1 style=\"text-align: center;\"><span style=\"color: #ffffff;\">..<\/span><\/h1>\n<p style=\"text-align: center;\"><strong>Dr. Fran\u00e7ois PESTY, Pharmacien<\/strong><\/p>\n<p>&nbsp;<\/p>\n<hr \/>\n<hr \/>\n<h1 style=\"text-align: center;\"><a href=\"http:\/\/surmedicalisation.fr\/?page_id=5333#A4\" target=\"_blank\" rel=\"noopener noreferrer\"><strong><span style=\"color: #0000ff;\">\u00ab Atelier N\u00b04 &#8211; M\u00e9decine personnalis\u00e9e, progr\u00e8s ou nouveau leurre, nouvelle source de profits et de surm\u00e9dicalisation \u00bb<\/span><\/strong><\/a><\/h1>\n<p>&nbsp;<\/p>\n<h2 style=\"text-align: center;\">Pr. Michel THOMAS, Mod\u00e9rateur<\/h2>\n<p style=\"text-align: center;\"><a href=\"http:\/\/surmedicalisation.fr\/?page_id=5333#Intro_MT\" target=\"_blank\" rel=\"noopener noreferrer\"><strong><span style=\"color: #0000ff;\">Introduction de l&rsquo;atelier<\/span><\/strong><\/a><\/p>\n<p>&nbsp;<\/p>\n<h2 style=\"text-align: center;\">Introduction \u00e0 la th\u00e9matique d\u2019atelier<\/h2>\n<p>&nbsp;<\/p>\n<h1 style=\"text-align: center;\"><a href=\"http:\/\/surmedicalisation.fr\/?page_id=5333#Sandrine_DELOCHE\" target=\"_blank\" rel=\"noopener noreferrer\">\u00ab Sant\u00e9 num\u00e9rique \u00bb<\/a><\/h1>\n<p style=\"text-align: center;\"><span style=\"color: #ffffff;\">&#8230;<\/span><\/p>\n<p style=\"text-align: center;\"><strong>Dr Sandrine DELOCHE, P\u00e9dopsychiatre<\/strong><\/p>\n<p>&nbsp;<\/p>\n<p>&nbsp;<\/p>\n<p style=\"text-align: center;\"><strong>Communication orale<br \/>\n<\/strong><\/p>\n<h1 style=\"text-align: center;\"><a href=\"http:\/\/surmedicalisation.fr\/?page_id=5333#Critique_transparence_sant\u00e9\" target=\"_blank\" rel=\"noopener noreferrer\">\u00ab\u00a0Comment les firmes pharmaceutiques profitent-elles des failles de conception et d\u2019usage de la base de donn\u00e9es Transparence Sant\u00e9 pour mieux dissimuler les liens qui les unissent aux professionnels de sant\u00e9 ? \u00bb<\/a><\/h1>\n<p style=\"text-align: center;\"><span style=\"color: #ffffff;\">&#8230;<\/span><\/p>\n<p style=\"text-align: center;\"><strong>Dr. Fran\u00e7ois PESTY, Pharmacien<\/strong><\/p>\n<p>&nbsp;<\/p>\n<p style=\"text-align: center;\"><a href=\"http:\/\/surmedicalisation.fr\/?page_id=5333#Echanges_et_cloture\" target=\"_blank\" rel=\"noopener noreferrer\"><strong><span style=\"color: #0000ff;\">\u00c9changes avec les participants et cl\u00f4ture du colloque<\/span><\/strong><\/a><\/p>\n<p>&nbsp;<\/p>\n<p>&nbsp;<\/p>\n<h1><\/h1>\n<p>&nbsp;<\/p>\n<hr \/>\n<p style=\"text-align: center;\">\n","protected":false},"excerpt":{"rendered":"<p>Colloque 2018 Sur et sous m\u00e9dicalisation, surdiagnostics, surtraitements Facult\u00e9 de M\u00e9decine de Bobigny, Universit\u00e9 Paris 13 Le groupe Princeps, le D\u00e9partement de M\u00e9decine G\u00e9n\u00e9rale de la facult\u00e9 de m\u00e9decine de Bobigny, la Soci\u00e9t\u00e9 de Formation \u00e0 la Th\u00e9rapeutique du G\u00e9n\u00e9raliste &hellip; <a href=\"http:\/\/surmedicalisation.fr\/?page_id=5028\">Continuer la lecture <span class=\"meta-nav\">&rarr;<\/span><\/a><\/p>\n","protected":false},"author":1,"featured_media":0,"parent":4934,"menu_order":1,"comment_status":"closed","ping_status":"closed","template":"","meta":[],"_links":{"self":[{"href":"http:\/\/surmedicalisation.fr\/index.php?rest_route=\/wp\/v2\/pages\/5028"}],"collection":[{"href":"http:\/\/surmedicalisation.fr\/index.php?rest_route=\/wp\/v2\/pages"}],"about":[{"href":"http:\/\/surmedicalisation.fr\/index.php?rest_route=\/wp\/v2\/types\/page"}],"author":[{"embeddable":true,"href":"http:\/\/surmedicalisation.fr\/index.php?rest_route=\/wp\/v2\/users\/1"}],"replies":[{"embeddable":true,"href":"http:\/\/surmedicalisation.fr\/index.php?rest_route=%2Fwp%2Fv2%2Fcomments&post=5028"}],"version-history":[{"count":43,"href":"http:\/\/surmedicalisation.fr\/index.php?rest_route=\/wp\/v2\/pages\/5028\/revisions"}],"predecessor-version":[{"id":5705,"href":"http:\/\/surmedicalisation.fr\/index.php?rest_route=\/wp\/v2\/pages\/5028\/revisions\/5705"}],"up":[{"embeddable":true,"href":"http:\/\/surmedicalisation.fr\/index.php?rest_route=\/wp\/v2\/pages\/4934"}],"wp:attachment":[{"href":"http:\/\/surmedicalisation.fr\/index.php?rest_route=%2Fwp%2Fv2%2Fmedia&parent=5028"}],"curies":[{"name":"wp","href":"https:\/\/api.w.org\/{rel}","templated":true}]}}