{"id":5032,"date":"2018-11-22T15:27:30","date_gmt":"2018-11-22T14:27:30","guid":{"rendered":"http:\/\/surmedicalisation.fr\/?page_id=5032"},"modified":"2019-01-06T10:09:58","modified_gmt":"2019-01-06T09:09:58","slug":"introduction-retrospective-colloque-2018","status":"publish","type":"page","link":"http:\/\/surmedicalisation.fr\/?page_id=5032","title":{"rendered":"Ouverture, r\u00e9trospective, conf\u00e9rence &#8211; Colloque 2018"},"content":{"rendered":"<p><script>\n  (function(i,s,o,g,r,a,m){i['GoogleAnalyticsObject']=r;i[r]=i[r]||function(){\n  (i[r].q=i[r].q||[]).push(arguments)},i[r].l=1*new Date();a=s.createElement(o),\n  m=s.getElementsByTagName(o)[0];a.async=1;a.src=g;m.parentNode.insertBefore(a,m)\n  })(window,document,'script','https:\/\/www.google-analytics.com\/analytics.js','ga');<\/p>\n<p>  ga('create', 'UA-40453293-1', 'auto');\n  ga('send', 'pageview');<\/p>\n<p><\/script><\/p>\n<h4 style=\"text-align: justify;\"><span style=\"color: #000000;\">\u00a0<\/span><\/h4>\n<h1 style=\"text-align: center;\">7<sup>\u00e8me<\/sup> colloque de Bobigny :<\/h1>\n<h1 style=\"text-align: center;\"><strong>\u00ab\u00a0Internet, m\u00e9decine personnalis\u00e9e, sources de surm\u00e9dicalisation ?\u00a0\u00bb<\/strong><\/h1>\n<h2 style=\"text-align: center;\"><strong><span style=\"color: #000000;\">Vendredi 13 avril 2018 &#8211; Matin\u00e9e<\/span><\/strong><\/h2>\n<p>&nbsp;<\/p>\n<h4 style=\"text-align: justify;\">Pour \u00e9couter les enregistrements audio, visionner les pr\u00e9sentations diapositives sonoris\u00e9es et pour t\u00e9l\u00e9charger les versions pdf des pr\u00e9sentations diapositives de cette page web, vous pourrez utiliser les logiciels libres suivants :<\/h4>\n<h4 style=\"text-align: left;\">&#8211; VLC M\u00e9dia Player (t\u00e9l\u00e9chargeable : <a href=\"https:\/\/get.videolan.org\/vlc\/3.0.4\/win64\/vlc-3.0.4-win64.exe\" target=\"_blank\" rel=\"noopener\">ici<\/a>) pour les fichiers audio .wav<br \/>\n&#8211; La visionneuse PowerPoint (\u00e0 t\u00e9l\u00e9charger et installer gratuitement si vous ne disposez pas de PowerPoint, en cliquant : <a href=\"https:\/\/www.commentcamarche.net\/download\/telecharger-208-powerpoint-viewer\" target=\"_blank\" rel=\"noopener\">ici<\/a>) pour les pr\u00e9sentations diapositives sonoris\u00e9es<br \/>\n&#8211; Adobe Acrobat Reader DC (<a href=\"https:\/\/get.adobe.com\/fr\/reader\/\" target=\"_blank\" rel=\"noopener\">ici<\/a>) pour ouvrir les fichiers .pdf<\/h4>\n<p><a name=\"ouverture\"><\/a><\/p>\n<h2 style=\"text-align: center;\"><span style=\"color: #000000;\">Pr. G\u00e9raldine FALGARONE<\/span><\/h2>\n<h2 style=\"text-align: center;\"><span style=\"color: #000000;\">Ouverture du colloque par la Vice-Doyenne de la Facult\u00e9 de M\u00e9decine de Bobigny (2 min 09 s)<br \/>\n<\/span><\/h2>\n<p>&nbsp;<\/p>\n<p style=\"text-align: center;\"><span style=\"color: #000000; font-size: 10pt;\">Cliquer pour ouvrir l&rsquo;enregistrement audio<\/span><br \/>\n<a href=\"http:\/\/surmedicalisation.fr\/blog\/WordPress3\/wp-content\/uploads\/2018\/11\/180413_001_Accueil_Doyen_Pr_G\u00e9raldine_FALGARONE.wav\" rel=\"noopener\"><img loading=\"lazy\" class=\"aligncenter size-full wp-image-5046\" src=\"http:\/\/surmedicalisation.fr\/blog\/WordPress3\/wp-content\/uploads\/2018\/11\/Fichier_audio_logo_haut-parleur.jpg\" alt=\"\" width=\"120\" height=\"120\" \/><\/a><a href=\"http:\/\/surmedicalisation.fr\/?attachment_id=5069\" rel=\"attachment wp-att-5069\"><img loading=\"lazy\" class=\"aligncenter size-medium wp-image-5069\" src=\"http:\/\/surmedicalisation.fr\/blog\/WordPress3\/wp-content\/uploads\/2018\/11\/WP_20180413_09_14_18_Pro-300x169.jpg\" alt=\"\" width=\"300\" height=\"169\" srcset=\"http:\/\/surmedicalisation.fr\/blog\/WordPress3\/wp-content\/uploads\/2018\/11\/WP_20180413_09_14_18_Pro-300x169.jpg 300w, http:\/\/surmedicalisation.fr\/blog\/WordPress3\/wp-content\/uploads\/2018\/11\/WP_20180413_09_14_18_Pro-768x431.jpg 768w, http:\/\/surmedicalisation.fr\/blog\/WordPress3\/wp-content\/uploads\/2018\/11\/WP_20180413_09_14_18_Pro-1024x575.jpg 1024w\" sizes=\"(max-width: 300px) 100vw, 300px\" \/><\/a><\/p>\n<p><a name=\"introduction\"><\/a><\/p>\n<h2 style=\"text-align: center;\">Pr. Michel THOMAS<\/h2>\n<h2 style=\"text-align: center;\">Introduction du colloque 2018 (2 min 54 s)<\/h2>\n<p style=\"text-align: center;\"><span style=\"font-size: 10pt;\">Cliquer pour ouvrir l&rsquo;enregistrement audio<\/span><a href=\"http:\/\/surmedicalisation.fr\/blog\/WordPress3\/wp-content\/uploads\/2018\/11\/180413_002_Intro_colloque_Pr_Michel_THOMAS.wav\" rel=\"attachment noopener wp-att-5035\"><img loading=\"lazy\" class=\"aligncenter wp-image-5046 size-full\" src=\"http:\/\/surmedicalisation.fr\/blog\/WordPress3\/wp-content\/uploads\/2018\/11\/Fichier_audio_logo_haut-parleur.jpg\" alt=\"\" width=\"120\" height=\"120\" \/><\/a><a href=\"http:\/\/surmedicalisation.fr\/?attachment_id=5070\" rel=\"attachment wp-att-5070\"><img loading=\"lazy\" class=\"aligncenter size-medium wp-image-5070\" src=\"http:\/\/surmedicalisation.fr\/blog\/WordPress3\/wp-content\/uploads\/2018\/11\/WP_20180413_09_16_37_Pro-300x169.jpg\" alt=\"\" width=\"300\" height=\"169\" srcset=\"http:\/\/surmedicalisation.fr\/blog\/WordPress3\/wp-content\/uploads\/2018\/11\/WP_20180413_09_16_37_Pro-300x169.jpg 300w, http:\/\/surmedicalisation.fr\/blog\/WordPress3\/wp-content\/uploads\/2018\/11\/WP_20180413_09_16_37_Pro-768x431.jpg 768w, http:\/\/surmedicalisation.fr\/blog\/WordPress3\/wp-content\/uploads\/2018\/11\/WP_20180413_09_16_37_Pro-1024x575.jpg 1024w\" sizes=\"(max-width: 300px) 100vw, 300px\" \/><\/a><\/p>\n<p><a name=\"r\u00e9trospective\"><\/a><\/p>\n<h2 style=\"text-align: center;\">Dr. Omar BRIXI<\/h2>\n<h2 style=\"text-align: center;\">\u00ab 2017-2018 : Une ann\u00e9e de progr\u00e8s et de difficult\u00e9s dans le domaine de la surm\u00e9dicalisation \u00bb (31 min 57 s)<\/h2>\n<p><span style=\"font-size: 10pt;\">Cliquer pour ouvrir\u00a0\u00a0\u00a0\u00a0\u00a0\u00a0\u00a0\u00a0\u00a0\u00a0\u00a0\u00a0\u00a0\u00a0\u00a0\u00a0 Cliquer ci-dessous pour ouvrir\u00a0\u00a0\u00a0\u00a0\u00a0\u00a0\u00a0\u00a0\u00a0\u00a0\u00a0\u00a0\u00a0\u00a0\u00a0\u00a0\u00a0\u00a0\u00a0\u00a0\u00a0\u00a0\u00a0\u00a0\u00a0\u00a0\u00a0\u00a0\u00a0 Cliquer pour ouvrir<\/span><br \/>\n<span style=\"font-size: 10pt;\">l&rsquo;enregistrement audio\u00a0\u00a0\u00a0\u00a0\u00a0\u00a0\u00a0\u00a0\u00a0 la pr\u00e9sentation diapositives sonoris\u00e9e\u00a0\u00a0\u00a0\u00a0\u00a0\u00a0\u00a0\u00a0\u00a0 \u00a0 \u00a0 \u00a0\u00a0\u00a0\u00a0 la version .pdf<\/span><br \/>\n<a href=\"http:\/\/surmedicalisation.fr\/blog\/WordPress3\/wp-content\/uploads\/2018\/11\/180413_003_R\u00e9trospective_Dr_Omar_BRIXI.wav\"><img loading=\"lazy\" class=\"alignleft wp-image-5046\" src=\"http:\/\/surmedicalisation.fr\/blog\/WordPress3\/wp-content\/uploads\/2018\/11\/Fichier_audio_logo_haut-parleur.jpg\" alt=\"\" width=\"100\" height=\"100\" \/><\/a><a href=\"http:\/\/surmedicalisation.fr\/blog\/WordPress3\/wp-content\/uploads\/2018\/11\/Revue-2017-2018_Omar_BRIXI_v2_12-04-2018.pdf\" target=\"_blank\" rel=\"noopener\"><img loading=\"lazy\" class=\"wp-image-5051 alignnone\" src=\"http:\/\/surmedicalisation.fr\/blog\/WordPress3\/wp-content\/uploads\/2018\/11\/pdf_logo.jpg\" alt=\"\" width=\"93\" height=\"100\" \/><\/a><a href=\"http:\/\/surmedicalisation.fr\/blog\/WordPress3\/wp-content\/uploads\/2018\/11\/Sur-et-sous-m\u00e9dicalisation-quelles-\u00e9volutions-Survol-sur-une-ann\u00e9e-\u2013-Dr-Omar-BRIXI-Colloque_2018_sonoris\u00e9.ppsx\"><img loading=\"lazy\" class=\"size-medium wp-image-5050 alignleft\" src=\"http:\/\/surmedicalisation.fr\/blog\/WordPress3\/wp-content\/uploads\/2018\/11\/Sur-et-sous-m\u00e9dicalisation-quelles-\u00e9volutions-Survol-sur-une-ann\u00e9e-\u2013-Dr-Omar-BRIXI-Colloque_2018_sonoris\u00e9-300x225.jpg\" alt=\"\" width=\"300\" height=\"225\" srcset=\"http:\/\/surmedicalisation.fr\/blog\/WordPress3\/wp-content\/uploads\/2018\/11\/Sur-et-sous-m\u00e9dicalisation-quelles-\u00e9volutions-Survol-sur-une-ann\u00e9e-\u2013-Dr-Omar-BRIXI-Colloque_2018_sonoris\u00e9-300x225.jpg 300w, http:\/\/surmedicalisation.fr\/blog\/WordPress3\/wp-content\/uploads\/2018\/11\/Sur-et-sous-m\u00e9dicalisation-quelles-\u00e9volutions-Survol-sur-une-ann\u00e9e-\u2013-Dr-Omar-BRIXI-Colloque_2018_sonoris\u00e9-768x576.jpg 768w, http:\/\/surmedicalisation.fr\/blog\/WordPress3\/wp-content\/uploads\/2018\/11\/Sur-et-sous-m\u00e9dicalisation-quelles-\u00e9volutions-Survol-sur-une-ann\u00e9e-\u2013-Dr-Omar-BRIXI-Colloque_2018_sonoris\u00e9.jpg 962w\" sizes=\"(max-width: 300px) 100vw, 300px\" \/><\/a><\/p>\n<p>&nbsp;<\/p>\n<p><strong>\u00a0<\/strong><\/p>\n<p>&nbsp;<\/p>\n<p><a href=\"http:\/\/surmedicalisation.fr\/?attachment_id=5071\" rel=\"attachment wp-att-5071\"><img loading=\"lazy\" class=\"aligncenter wp-image-5071 size-large\" src=\"http:\/\/surmedicalisation.fr\/blog\/WordPress3\/wp-content\/uploads\/2018\/11\/WP_20180413_09_26_45_Pro-1024x575.jpg\" alt=\"\" width=\"640\" height=\"359\" srcset=\"http:\/\/surmedicalisation.fr\/blog\/WordPress3\/wp-content\/uploads\/2018\/11\/WP_20180413_09_26_45_Pro-1024x575.jpg 1024w, http:\/\/surmedicalisation.fr\/blog\/WordPress3\/wp-content\/uploads\/2018\/11\/WP_20180413_09_26_45_Pro-300x169.jpg 300w, http:\/\/surmedicalisation.fr\/blog\/WordPress3\/wp-content\/uploads\/2018\/11\/WP_20180413_09_26_45_Pro-768x431.jpg 768w\" sizes=\"(max-width: 640px) 100vw, 640px\" \/><\/a><\/p>\n<h2><\/h2>\n<p><a name=\"HAS_et_pertinence\"><\/a><\/p>\n<h2 style=\"text-align: center;\">Conf\u00e9rence introductive<\/h2>\n<h1 style=\"text-align: center;\">\u00ab Quelle feuille de route pour la HAS sur la pertinence ? \u00bb<\/h1>\n<p style=\"text-align: center;\"><strong>Dr.<\/strong> <strong>Marie-H\u00e9l\u00e8ne RODDE-DUNET, Cheffe de Service \u00ab \u00c9valuation de la pertinence des soins et am\u00e9lioration des pratiques et des parcours \u00bb<br \/>\n(28 min 20 s)<br \/>\n<\/strong><\/p>\n<p><span style=\"font-size: 10pt;\">Cliquer pour ouvrir\u00a0\u00a0\u00a0\u00a0\u00a0\u00a0\u00a0\u00a0\u00a0\u00a0\u00a0\u00a0\u00a0\u00a0\u00a0\u00a0 Cliquer ci-dessous pour ouvrir\u00a0\u00a0\u00a0\u00a0\u00a0\u00a0\u00a0\u00a0\u00a0\u00a0\u00a0\u00a0\u00a0\u00a0\u00a0\u00a0\u00a0\u00a0\u00a0\u00a0\u00a0\u00a0\u00a0\u00a0\u00a0\u00a0\u00a0\u00a0\u00a0 Cliquer pour ouvrir<\/span><br \/>\n<span style=\"font-size: 10pt;\">l&rsquo;enregistrement audio\u00a0\u00a0\u00a0\u00a0\u00a0\u00a0\u00a0\u00a0\u00a0 la pr\u00e9sentation diapositives sonoris\u00e9e\u00a0\u00a0\u00a0\u00a0\u00a0\u00a0\u00a0\u00a0\u00a0 \u00a0 \u00a0 \u00a0\u00a0\u00a0\u00a0 la version .pdf<\/span><br \/>\n<a href=\"http:\/\/surmedicalisation.fr\/blog\/WordPress3\/wp-content\/uploads\/2018\/11\/180413_005_Conf\u00e9rence_pertinence_Dr_Marie-H\u00e9l\u00e8ne_RODDE-DUNET_HAS.wav\" target=\"_blank\" rel=\"noopener\"><img loading=\"lazy\" class=\"alignleft wp-image-5046\" src=\"http:\/\/surmedicalisation.fr\/blog\/WordPress3\/wp-content\/uploads\/2018\/11\/Fichier_audio_logo_haut-parleur.jpg\" alt=\"\" width=\"100\" height=\"100\" \/><\/a><a href=\"http:\/\/surmedicalisation.fr\/blog\/WordPress3\/wp-content\/uploads\/2018\/11\/HAS_Pertinence_Bobigny_-13-avril.VF_.pdf\" target=\"_blank\" rel=\"noopener\"><img loading=\"lazy\" class=\"wp-image-5051 alignnone\" src=\"http:\/\/surmedicalisation.fr\/blog\/WordPress3\/wp-content\/uploads\/2018\/11\/pdf_logo.jpg\" alt=\"\" width=\"93\" height=\"100\" \/><\/a><a href=\"http:\/\/surmedicalisation.fr\/blog\/WordPress3\/wp-content\/uploads\/2018\/11\/HAS_Pertinence_Bobigny_Dr_Marie-H\u00e9l\u00e8ne_RODDE-DUNET_Sonoris\u00e9_04-2018.ppsx\" target=\"_blank\" rel=\"noopener\"><img loading=\"lazy\" class=\"wp-image-5064 size-medium alignleft\" src=\"http:\/\/surmedicalisation.fr\/blog\/WordPress3\/wp-content\/uploads\/2018\/11\/HAS_Pertinence_Bobigny_-13-avril.VF_-300x225.jpg\" alt=\"\" width=\"300\" height=\"225\" srcset=\"http:\/\/surmedicalisation.fr\/blog\/WordPress3\/wp-content\/uploads\/2018\/11\/HAS_Pertinence_Bobigny_-13-avril.VF_-300x225.jpg 300w, http:\/\/surmedicalisation.fr\/blog\/WordPress3\/wp-content\/uploads\/2018\/11\/HAS_Pertinence_Bobigny_-13-avril.VF_-768x576.jpg 768w, http:\/\/surmedicalisation.fr\/blog\/WordPress3\/wp-content\/uploads\/2018\/11\/HAS_Pertinence_Bobigny_-13-avril.VF_.jpg 962w\" sizes=\"(max-width: 300px) 100vw, 300px\" \/><\/a><\/p>\n<p>&nbsp;<\/p>\n<p>&nbsp;<\/p>\n<p>&nbsp;<\/p>\n<p><a href=\"http:\/\/surmedicalisation.fr\/?attachment_id=5082\" rel=\"attachment wp-att-5082\"><img loading=\"lazy\" class=\"aligncenter wp-image-5082 size-large\" src=\"http:\/\/surmedicalisation.fr\/blog\/WordPress3\/wp-content\/uploads\/2018\/11\/WP_20180413_10_05_28_Pro-1024x575.jpg\" alt=\"\" width=\"640\" height=\"359\" srcset=\"http:\/\/surmedicalisation.fr\/blog\/WordPress3\/wp-content\/uploads\/2018\/11\/WP_20180413_10_05_28_Pro-1024x575.jpg 1024w, http:\/\/surmedicalisation.fr\/blog\/WordPress3\/wp-content\/uploads\/2018\/11\/WP_20180413_10_05_28_Pro-300x169.jpg 300w, http:\/\/surmedicalisation.fr\/blog\/WordPress3\/wp-content\/uploads\/2018\/11\/WP_20180413_10_05_28_Pro-768x431.jpg 768w\" sizes=\"(max-width: 640px) 100vw, 640px\" \/><\/a><\/p>\n<p style=\"text-align: center;\"><strong>\u00c9changes avec les participants (17 min 15 s)<br \/>\n<\/strong><\/p>\n<p style=\"text-align: center;\">Cliquer pour ouvrir<br \/>\nl&rsquo;enregistrement audio<\/p>\n<!--[if lt IE 9]><script>document.createElement('audio');<\/script><![endif]-->\n<audio class=\"wp-audio-shortcode\" id=\"audio-5032-1\" preload=\"none\" style=\"width: 100%;\" controls=\"controls\"><source type=\"audio\/wav\" src=\"http:\/\/surmedicalisation.fr\/blog\/WordPress3\/wp-content\/uploads\/2018\/11\/180413_006_Discussion_post_conf\u00e9rence_HAS.wav?_=1\" \/><a href=\"http:\/\/surmedicalisation.fr\/blog\/WordPress3\/wp-content\/uploads\/2018\/11\/180413_006_Discussion_post_conf\u00e9rence_HAS.wav\">http:\/\/surmedicalisation.fr\/blog\/WordPress3\/wp-content\/uploads\/2018\/11\/180413_006_Discussion_post_conf\u00e9rence_HAS.wav<\/a><\/audio>\n<p>&nbsp;<\/p>\n<p>&nbsp;<\/p>\n<p>&nbsp;<\/p>\n<p>&nbsp;<\/p>\n<p>&nbsp;<\/p>\n","protected":false},"excerpt":{"rendered":"<p>\u00a0 7\u00e8me colloque de Bobigny : \u00ab\u00a0Internet, m\u00e9decine personnalis\u00e9e, sources de surm\u00e9dicalisation ?\u00a0\u00bb Vendredi 13 avril 2018 &#8211; Matin\u00e9e &nbsp; Pour \u00e9couter les enregistrements audio, visionner les pr\u00e9sentations diapositives sonoris\u00e9es et pour t\u00e9l\u00e9charger les versions pdf des pr\u00e9sentations diapositives de &hellip; <a href=\"http:\/\/surmedicalisation.fr\/?page_id=5032\">Continuer la lecture <span class=\"meta-nav\">&rarr;<\/span><\/a><\/p>\n","protected":false},"author":1,"featured_media":0,"parent":5028,"menu_order":1,"comment_status":"closed","ping_status":"closed","template":"","meta":[],"_links":{"self":[{"href":"http:\/\/surmedicalisation.fr\/index.php?rest_route=\/wp\/v2\/pages\/5032"}],"collection":[{"href":"http:\/\/surmedicalisation.fr\/index.php?rest_route=\/wp\/v2\/pages"}],"about":[{"href":"http:\/\/surmedicalisation.fr\/index.php?rest_route=\/wp\/v2\/types\/page"}],"author":[{"embeddable":true,"href":"http:\/\/surmedicalisation.fr\/index.php?rest_route=\/wp\/v2\/users\/1"}],"replies":[{"embeddable":true,"href":"http:\/\/surmedicalisation.fr\/index.php?rest_route=%2Fwp%2Fv2%2Fcomments&post=5032"}],"version-history":[{"count":38,"href":"http:\/\/surmedicalisation.fr\/index.php?rest_route=\/wp\/v2\/pages\/5032\/revisions"}],"predecessor-version":[{"id":5238,"href":"http:\/\/surmedicalisation.fr\/index.php?rest_route=\/wp\/v2\/pages\/5032\/revisions\/5238"}],"up":[{"embeddable":true,"href":"http:\/\/surmedicalisation.fr\/index.php?rest_route=\/wp\/v2\/pages\/5028"}],"wp:attachment":[{"href":"http:\/\/surmedicalisation.fr\/index.php?rest_route=%2Fwp%2Fv2%2Fmedia&parent=5032"}],"curies":[{"name":"wp","href":"https:\/\/api.w.org\/{rel}","templated":true}]}}