{"id":6014,"date":"2020-03-19T19:29:30","date_gmt":"2020-03-19T18:29:30","guid":{"rendered":"http:\/\/surmedicalisation.fr\/?page_id=6014"},"modified":"2020-03-19T19:30:44","modified_gmt":"2020-03-19T18:30:44","slug":"posters-colloque-2019","status":"publish","type":"page","link":"http:\/\/surmedicalisation.fr\/?page_id=6014","title":{"rendered":"Posters &#8211; Colloque 2019"},"content":{"rendered":"<p><script>\n  (function(i,s,o,g,r,a,m){i['GoogleAnalyticsObject']=r;i[r]=i[r]||function(){\n  (i[r].q=i[r].q||[]).push(arguments)},i[r].l=1*new Date();a=s.createElement(o),\n  m=s.getElementsByTagName(o)[0];a.async=1;a.src=g;m.parentNode.insertBefore(a,m)\n  })(window,document,'script','https:\/\/www.google-analytics.com\/analytics.js','ga');<\/p>\n<p>  ga('create', 'UA-40453293-1', 'auto');\n  ga('send', 'pageview');<\/p>\n<p><\/script><\/p>\n<p>&nbsp;<\/p>\n<h1 style=\"text-align: center;\">8<sup>\u00e8me<\/sup> colloque de Bobigny :<\/h1>\n<h1 style=\"text-align: center;\"><strong>\u00ab L\u2019int\u00e9r\u00eat public face \u00e0 l\u2019extension du domaine du pathologique \u00bb<\/strong><\/h1>\n<h1 style=\"text-align: center;\"><strong>\u00a0<\/strong><\/h1>\n<h2 style=\"text-align: center;\"><strong>Vendredi 29 &amp; Samedi 30 novembre 2019<br \/>\n<\/strong><\/h2>\n<hr \/>\n<h1 style=\"text-align: center;\">POSTERS<\/h1>\n<h2 style=\"text-align: center;\"><strong>\u00ab L&rsquo;envol\u00e9e du prix des m\u00e9dicaments \u00bb<\/strong><\/h2>\n<h2 style=\"text-align: center;\"><strong>\u00c9liane MANDINE<\/strong><\/h2>\n<p style=\"text-align: center;\">Cliquer sur l&rsquo;image ci-dessous pour t\u00e9l\u00e9charger le poster au format pdf<\/p>\n<p><a href=\"http:\/\/surmedicalisation.fr\/blog\/WordPress3\/wp-content\/uploads\/2020\/03\/Poster_Prix-medicaments_brevets-04-19.pdf\" target=\"_blank\" rel=\"noopener noreferrer\"><img loading=\"lazy\" class=\"aligncenter size-medium wp-image-6022\" src=\"http:\/\/surmedicalisation.fr\/blog\/WordPress3\/wp-content\/uploads\/2020\/03\/Eliane_MANDINE_Poster_Prix-medicaments_brevets-04-19-213x300.jpg\" alt=\"\" width=\"213\" height=\"300\" srcset=\"http:\/\/surmedicalisation.fr\/blog\/WordPress3\/wp-content\/uploads\/2020\/03\/Eliane_MANDINE_Poster_Prix-medicaments_brevets-04-19-213x300.jpg 213w, http:\/\/surmedicalisation.fr\/blog\/WordPress3\/wp-content\/uploads\/2020\/03\/Eliane_MANDINE_Poster_Prix-medicaments_brevets-04-19.jpg 519w\" sizes=\"(max-width: 213px) 100vw, 213px\" \/><\/a><\/p>\n<hr \/>\n<h2 style=\"text-align: center;\"><strong>\u00ab Censur\u00e9s et perdus de vue, donn\u00e9es manquantes, mauvais reporting\u2026, les analyses de survie pourraient bien faciliter l\u2019embellissement des r\u00e9sultats d\u2019essais cliniques en canc\u00e9rologie : Quelques outils \u00e0 l\u2019intention des lecteurs critiques \u00bb<\/strong><\/h2>\n<h2 style=\"text-align: center;\"><strong>Fran\u00e7ois PESTY<\/strong><\/h2>\n<p style=\"text-align: center;\">Cliquer sur l&rsquo;image ci-dessous pour t\u00e9l\u00e9charger le poster au format pdf<\/p>\n<p><a href=\"http:\/\/surmedicalisation.fr\/blog\/WordPress3\/wp-content\/uploads\/2020\/03\/F_PESTY_CA_Patients_censur\u00e9s_dans_les_essais_cliniques_avec_analyse_de_survie_en_canc\u00e9rologie_Colloque_Bobigny_2019_d\u00e9f.pdf\" target=\"_blank\" rel=\"noopener noreferrer\"><img loading=\"lazy\" class=\"aligncenter size-medium wp-image-6025\" src=\"http:\/\/surmedicalisation.fr\/blog\/WordPress3\/wp-content\/uploads\/2020\/03\/F_PESTY_CA_Patients_censur\u00e9s_dans_les_essais_cliniques_avec_analyse_de_survie_en_canc\u00e9rologie_Colloque_Bobigny_2019_d\u00e9f-236x300.jpg\" alt=\"\" width=\"236\" height=\"300\" srcset=\"http:\/\/surmedicalisation.fr\/blog\/WordPress3\/wp-content\/uploads\/2020\/03\/F_PESTY_CA_Patients_censur\u00e9s_dans_les_essais_cliniques_avec_analyse_de_survie_en_canc\u00e9rologie_Colloque_Bobigny_2019_d\u00e9f-236x300.jpg 236w, http:\/\/surmedicalisation.fr\/blog\/WordPress3\/wp-content\/uploads\/2020\/03\/F_PESTY_CA_Patients_censur\u00e9s_dans_les_essais_cliniques_avec_analyse_de_survie_en_canc\u00e9rologie_Colloque_Bobigny_2019_d\u00e9f-805x1024.jpg 805w, http:\/\/surmedicalisation.fr\/blog\/WordPress3\/wp-content\/uploads\/2020\/03\/F_PESTY_CA_Patients_censur\u00e9s_dans_les_essais_cliniques_avec_analyse_de_survie_en_canc\u00e9rologie_Colloque_Bobigny_2019_d\u00e9f-768x977.jpg 768w, http:\/\/surmedicalisation.fr\/blog\/WordPress3\/wp-content\/uploads\/2020\/03\/F_PESTY_CA_Patients_censur\u00e9s_dans_les_essais_cliniques_avec_analyse_de_survie_en_canc\u00e9rologie_Colloque_Bobigny_2019_d\u00e9f-1207x1536.jpg 1207w, http:\/\/surmedicalisation.fr\/blog\/WordPress3\/wp-content\/uploads\/2020\/03\/F_PESTY_CA_Patients_censur\u00e9s_dans_les_essais_cliniques_avec_analyse_de_survie_en_canc\u00e9rologie_Colloque_Bobigny_2019_d\u00e9f-1609x2048.jpg 1609w, http:\/\/surmedicalisation.fr\/blog\/WordPress3\/wp-content\/uploads\/2020\/03\/F_PESTY_CA_Patients_censur\u00e9s_dans_les_essais_cliniques_avec_analyse_de_survie_en_canc\u00e9rologie_Colloque_Bobigny_2019_d\u00e9f-scaled.jpg 2011w\" sizes=\"(max-width: 236px) 100vw, 236px\" \/><\/a><\/p>\n<hr \/>\n<h2 style=\"text-align: center;\"><strong>\u00ab La forte opacit\u00e9 des 29 CHU\/CHR m\u00e9tropolitains sur leurs d\u00e9penses pharmaceutiques hors de contr\u00f4le et \u00e9voluant au principal d\u00e9triment des charges de personnel non m\u00e9dical (infirmi\u00e8res, aides-soignantes\u2026) jette un doute sur la pertinence et l\u2019efficience des prescriptions hospitali\u00e8res de produits de sant\u00e9 \u00bb<\/strong><\/h2>\n<h2 style=\"text-align: center;\"><strong><br \/>\n<\/strong><strong>Fran\u00e7ois PESTY<\/strong><\/h2>\n<p style=\"text-align: center;\">Cliquer sur l&rsquo;image ci-dessous pour t\u00e9l\u00e9charger le poster au format pdf<\/p>\n<p><a href=\"http:\/\/surmedicalisation.fr\/blog\/WordPress3\/wp-content\/uploads\/2020\/03\/F_PESTY_CA_Opacit\u00e9_des_29_CHU-CHR_sur_leurs_d\u00e9penses_pharmaceutiques_Colloque-2019_d\u00e9f.pdf\" target=\"_blank\" rel=\"noopener noreferrer\"><img loading=\"lazy\" class=\"aligncenter size-medium wp-image-6027\" src=\"http:\/\/surmedicalisation.fr\/blog\/WordPress3\/wp-content\/uploads\/2020\/03\/F_PESTY_CA_Opacit\u00e9_des_29_CHU-CHR_sur_leurs_d\u00e9penses_pharmaceutiques_Colloque-2019_d\u00e9f-236x300.jpg\" alt=\"\" width=\"236\" height=\"300\" srcset=\"http:\/\/surmedicalisation.fr\/blog\/WordPress3\/wp-content\/uploads\/2020\/03\/F_PESTY_CA_Opacit\u00e9_des_29_CHU-CHR_sur_leurs_d\u00e9penses_pharmaceutiques_Colloque-2019_d\u00e9f-236x300.jpg 236w, http:\/\/surmedicalisation.fr\/blog\/WordPress3\/wp-content\/uploads\/2020\/03\/F_PESTY_CA_Opacit\u00e9_des_29_CHU-CHR_sur_leurs_d\u00e9penses_pharmaceutiques_Colloque-2019_d\u00e9f-805x1024.jpg 805w, http:\/\/surmedicalisation.fr\/blog\/WordPress3\/wp-content\/uploads\/2020\/03\/F_PESTY_CA_Opacit\u00e9_des_29_CHU-CHR_sur_leurs_d\u00e9penses_pharmaceutiques_Colloque-2019_d\u00e9f-768x977.jpg 768w, http:\/\/surmedicalisation.fr\/blog\/WordPress3\/wp-content\/uploads\/2020\/03\/F_PESTY_CA_Opacit\u00e9_des_29_CHU-CHR_sur_leurs_d\u00e9penses_pharmaceutiques_Colloque-2019_d\u00e9f-1207x1536.jpg 1207w, http:\/\/surmedicalisation.fr\/blog\/WordPress3\/wp-content\/uploads\/2020\/03\/F_PESTY_CA_Opacit\u00e9_des_29_CHU-CHR_sur_leurs_d\u00e9penses_pharmaceutiques_Colloque-2019_d\u00e9f-1609x2048.jpg 1609w, http:\/\/surmedicalisation.fr\/blog\/WordPress3\/wp-content\/uploads\/2020\/03\/F_PESTY_CA_Opacit\u00e9_des_29_CHU-CHR_sur_leurs_d\u00e9penses_pharmaceutiques_Colloque-2019_d\u00e9f-scaled.jpg 2011w\" sizes=\"(max-width: 236px) 100vw, 236px\" \/><\/a><\/p>\n<hr \/>\n<h2 style=\"text-align: center;\"><strong>\u00ab Quel impact aura eu sur ses prescriptions l\u2019obligation d\u2019accord pr\u00e9alable avant instauration de la rosuvastatine mise en \u0153uvre par la CNAMTS entre mars 2016 et juin 2018 ? \u00bb<\/strong><\/h2>\n<h2 style=\"text-align: center;\"><strong><br \/>\n<\/strong><strong>Fran\u00e7ois PESTY<\/strong><\/h2>\n<p><a href=\"http:\/\/surmedicalisation.fr\/blog\/WordPress3\/wp-content\/uploads\/2020\/03\/F_PESTY_CA_Echec_de_lobligation_dentente_pr\u00e9alable_\u00e0_linstauration_de_la_rosuvastatine_Colloque-2019_d\u00e9f.pdf\" target=\"_blank\" rel=\"noopener noreferrer\"><img loading=\"lazy\" class=\"aligncenter size-medium wp-image-6029\" src=\"http:\/\/surmedicalisation.fr\/blog\/WordPress3\/wp-content\/uploads\/2020\/03\/F_PESTY_CA_Echec_de_lobligation_dentente_pr\u00e9alable_\u00e0_linstauration_de_la_rosuvastatine_Colloque-2019_d\u00e9f-236x300.jpg\" alt=\"\" width=\"236\" height=\"300\" srcset=\"http:\/\/surmedicalisation.fr\/blog\/WordPress3\/wp-content\/uploads\/2020\/03\/F_PESTY_CA_Echec_de_lobligation_dentente_pr\u00e9alable_\u00e0_linstauration_de_la_rosuvastatine_Colloque-2019_d\u00e9f-236x300.jpg 236w, http:\/\/surmedicalisation.fr\/blog\/WordPress3\/wp-content\/uploads\/2020\/03\/F_PESTY_CA_Echec_de_lobligation_dentente_pr\u00e9alable_\u00e0_linstauration_de_la_rosuvastatine_Colloque-2019_d\u00e9f-805x1024.jpg 805w, http:\/\/surmedicalisation.fr\/blog\/WordPress3\/wp-content\/uploads\/2020\/03\/F_PESTY_CA_Echec_de_lobligation_dentente_pr\u00e9alable_\u00e0_linstauration_de_la_rosuvastatine_Colloque-2019_d\u00e9f-768x977.jpg 768w, http:\/\/surmedicalisation.fr\/blog\/WordPress3\/wp-content\/uploads\/2020\/03\/F_PESTY_CA_Echec_de_lobligation_dentente_pr\u00e9alable_\u00e0_linstauration_de_la_rosuvastatine_Colloque-2019_d\u00e9f-1207x1536.jpg 1207w, http:\/\/surmedicalisation.fr\/blog\/WordPress3\/wp-content\/uploads\/2020\/03\/F_PESTY_CA_Echec_de_lobligation_dentente_pr\u00e9alable_\u00e0_linstauration_de_la_rosuvastatine_Colloque-2019_d\u00e9f-1609x2048.jpg 1609w, http:\/\/surmedicalisation.fr\/blog\/WordPress3\/wp-content\/uploads\/2020\/03\/F_PESTY_CA_Echec_de_lobligation_dentente_pr\u00e9alable_\u00e0_linstauration_de_la_rosuvastatine_Colloque-2019_d\u00e9f-scaled.jpg 2011w\" sizes=\"(max-width: 236px) 100vw, 236px\" \/><\/a><\/p>\n","protected":false},"excerpt":{"rendered":"<p>&nbsp; 8\u00e8me colloque de Bobigny : \u00ab L\u2019int\u00e9r\u00eat public face \u00e0 l\u2019extension du domaine du pathologique \u00bb \u00a0 Vendredi 29 &amp; Samedi 30 novembre 2019 POSTERS \u00ab L&rsquo;envol\u00e9e du prix des m\u00e9dicaments \u00bb \u00c9liane MANDINE Cliquer sur l&rsquo;image ci-dessous pour &hellip; <a href=\"http:\/\/surmedicalisation.fr\/?page_id=6014\">Continuer la lecture <span class=\"meta-nav\">&rarr;<\/span><\/a><\/p>\n","protected":false},"author":1,"featured_media":0,"parent":5707,"menu_order":4,"comment_status":"closed","ping_status":"closed","template":"","meta":[],"_links":{"self":[{"href":"http:\/\/surmedicalisation.fr\/index.php?rest_route=\/wp\/v2\/pages\/6014"}],"collection":[{"href":"http:\/\/surmedicalisation.fr\/index.php?rest_route=\/wp\/v2\/pages"}],"about":[{"href":"http:\/\/surmedicalisation.fr\/index.php?rest_route=\/wp\/v2\/types\/page"}],"author":[{"embeddable":true,"href":"http:\/\/surmedicalisation.fr\/index.php?rest_route=\/wp\/v2\/users\/1"}],"replies":[{"embeddable":true,"href":"http:\/\/surmedicalisation.fr\/index.php?rest_route=%2Fwp%2Fv2%2Fcomments&post=6014"}],"version-history":[{"count":8,"href":"http:\/\/surmedicalisation.fr\/index.php?rest_route=\/wp\/v2\/pages\/6014\/revisions"}],"predecessor-version":[{"id":6033,"href":"http:\/\/surmedicalisation.fr\/index.php?rest_route=\/wp\/v2\/pages\/6014\/revisions\/6033"}],"up":[{"embeddable":true,"href":"http:\/\/surmedicalisation.fr\/index.php?rest_route=\/wp\/v2\/pages\/5707"}],"wp:attachment":[{"href":"http:\/\/surmedicalisation.fr\/index.php?rest_route=%2Fwp%2Fv2%2Fmedia&parent=6014"}],"curies":[{"name":"wp","href":"https:\/\/api.w.org\/{rel}","templated":true}]}}