{"id":6216,"date":"2020-03-20T10:55:49","date_gmt":"2020-03-20T09:55:49","guid":{"rendered":"http:\/\/surmedicalisation.fr\/?page_id=6216"},"modified":"2020-03-20T10:55:49","modified_gmt":"2020-03-20T09:55:49","slug":"communique-de-presse-16-05-2019","status":"publish","type":"page","link":"http:\/\/surmedicalisation.fr\/?page_id=6216","title":{"rendered":"Communiqu\u00e9 de Presse &#8211; 16\/05\/2019"},"content":{"rendered":"<p><script>\n  (function(i,s,o,g,r,a,m){i['GoogleAnalyticsObject']=r;i[r]=i[r]||function(){\n  (i[r].q=i[r].q||[]).push(arguments)},i[r].l=1*new Date();a=s.createElement(o),\n  m=s.getElementsByTagName(o)[0];a.async=1;a.src=g;m.parentNode.insertBefore(a,m)\n  })(window,document,'script','https:\/\/www.google-analytics.com\/analytics.js','ga');<\/p>\n<p>  ga('create', 'UA-40453293-1', 'auto');\n  ga('send', 'pageview');<\/p>\n<p><\/script><\/p>\n<p>16\/05\/2019<\/p>\n<h4 style=\"text-align: center;\"><span style=\"font-size: 14pt;\">Communiqu\u00e9<\/span><\/h4>\n<h4 style=\"text-align: justify;\"><\/h4>\n<h4 style=\"text-align: justify;\"><span style=\"font-size: 14pt;\">Le 15 mai 2019, le professeur Nathalie Charnaux, Doyen de la facult\u00e9 de m\u00e9decine de Bobigny a annonc\u00e9 que la facult\u00e9 retirait son patronage au 8\u00b0 colloque de Bobigny \u00ab Sur- et sous-m\u00e9dicalisation, surdiagnostics et surtraitements, l\u2019int\u00e9r\u00eat public face \u00e0 l\u2019extension du domaine du pathologique \u00bb pr\u00e9vu les 24 et 25 mai 2019.<\/span><\/h4>\n<h4 style=\"text-align: justify;\"><\/h4>\n<h4 style=\"text-align: justify;\"><span style=\"font-size: 14pt;\">Dans le m\u00eame temps, elle a demand\u00e9 qu\u2019une des communications s\u00e9lectionn\u00e9es par le comit\u00e9 d\u2019organisation soit retir\u00e9e du programme, faute de quoi, apr\u00e8s en avoir parl\u00e9 avec le Pr\u00e9sident de l\u2019Universit\u00e9 Paris 13, elle retirerait l\u2019autorisation de la tenue du colloque dans les locaux de la Facult\u00e9.<\/span><\/h4>\n<h4 style=\"text-align: justify;\"><\/h4>\n<h4 style=\"text-align: justify;\"><span style=\"font-size: 14pt;\">Les organisateurs, <strong>groupe Princeps et SFTG<\/strong>, refusent et condamnent cette censure qui ne s\u2019est jamais produite au cours des 7 premi\u00e8res \u00e9ditions de la manifestation.<\/span><\/h4>\n<h4 style=\"text-align: justify;\"><\/h4>\n<h4 style=\"text-align: justify;\"><span style=\"font-size: 14pt;\">En cons\u00e9quence,<strong> le 8\u00b0 colloque de Bobigny \u00ab L\u2019int\u00e9r\u00eat g\u00e9n\u00e9ral face \u00e0 l\u2019extension du domaine du pathologique \u00bb est report\u00e9 \u00e0 une date ult\u00e9rieure, avec un programme inchang\u00e9, dans un lieu qui sera pr\u00e9cis\u00e9 d\u00e8s que possible.<\/strong><\/span><\/h4>\n<h4 style=\"text-align: justify;\"><\/h4>\n<h4 style=\"text-align: justify;\"><span style=\"font-size: 14pt;\"> A Paris le 16 mai 2019,<\/span><\/h4>\n<h4 style=\"text-align: justify;\"><span style=\"font-size: 14pt;\"> Les organisateurs<\/span><\/h4>\n<p>&nbsp;<\/p>\n<hr \/>\n","protected":false},"excerpt":{"rendered":"<p>16\/05\/2019 Communiqu\u00e9 Le 15 mai 2019, le professeur Nathalie Charnaux, Doyen de la facult\u00e9 de m\u00e9decine de Bobigny a annonc\u00e9 que la facult\u00e9 retirait son patronage au 8\u00b0 colloque de Bobigny \u00ab Sur- et sous-m\u00e9dicalisation, surdiagnostics et surtraitements, l\u2019int\u00e9r\u00eat public &hellip; <a href=\"http:\/\/surmedicalisation.fr\/?page_id=6216\">Continuer la lecture <span class=\"meta-nav\">&rarr;<\/span><\/a><\/p>\n","protected":false},"author":1,"featured_media":0,"parent":317,"menu_order":1,"comment_status":"closed","ping_status":"closed","template":"","meta":[],"_links":{"self":[{"href":"http:\/\/surmedicalisation.fr\/index.php?rest_route=\/wp\/v2\/pages\/6216"}],"collection":[{"href":"http:\/\/surmedicalisation.fr\/index.php?rest_route=\/wp\/v2\/pages"}],"about":[{"href":"http:\/\/surmedicalisation.fr\/index.php?rest_route=\/wp\/v2\/types\/page"}],"author":[{"embeddable":true,"href":"http:\/\/surmedicalisation.fr\/index.php?rest_route=\/wp\/v2\/users\/1"}],"replies":[{"embeddable":true,"href":"http:\/\/surmedicalisation.fr\/index.php?rest_route=%2Fwp%2Fv2%2Fcomments&post=6216"}],"version-history":[{"count":2,"href":"http:\/\/surmedicalisation.fr\/index.php?rest_route=\/wp\/v2\/pages\/6216\/revisions"}],"predecessor-version":[{"id":6218,"href":"http:\/\/surmedicalisation.fr\/index.php?rest_route=\/wp\/v2\/pages\/6216\/revisions\/6218"}],"up":[{"embeddable":true,"href":"http:\/\/surmedicalisation.fr\/index.php?rest_route=\/wp\/v2\/pages\/317"}],"wp:attachment":[{"href":"http:\/\/surmedicalisation.fr\/index.php?rest_route=%2Fwp%2Fv2%2Fmedia&parent=6216"}],"curies":[{"name":"wp","href":"https:\/\/api.w.org\/{rel}","templated":true}]}}