{"id":79,"date":"2012-12-29T00:42:53","date_gmt":"2012-12-28T23:42:53","guid":{"rendered":"http:\/\/surmedicalisation.fr\/?page_id=79"},"modified":"2016-02-07T23:55:25","modified_gmt":"2016-02-07T22:55:25","slug":"qui-sommes-nous","status":"publish","type":"page","link":"http:\/\/surmedicalisation.fr\/?page_id=79","title":{"rendered":"Qui sommes nous ?"},"content":{"rendered":"<p><script type=\"text\/javascript\">\/\/ <![CDATA[\n(function(i,s,o,g,r,a,m){i['GoogleAnalyticsObject']=r;i[r]=i[r]||function(){ (i[r].q=i[r].q||[]).push(arguments)},i[r].l=1*new Date();a=s.createElement(o), m=s.getElementsByTagName(o)[0];a.async=1;a.src=g;m.parentNode.insertBefore(a,m) })(window,document,'script','\/\/www.google-analytics.com\/analytics.js','ga'); ga('create', 'UA-40453293-1', 'surmedicalisation.fr'); ga('send', 'pageview');\n\/\/ ]]><\/script><\/p>\n<p>&#8211; <a href=\"http:\/\/surmedicalisation.fr\/?page_id=78\">Un peu d\u2019histoire<\/a><\/p>\n<p>&#8211; <a href=\"http:\/\/surmedicalisation.fr\/?page_id=88\">Pr\u00e9sentation du blog<\/a><\/p>\n<p>&#8211; <a href=\"http:\/\/surmedicalisation.fr\/?page_id=83\">Le groupe d\u2019initiative Princeps<\/a><\/p>\n<p>&#8211; <a href=\"http:\/\/surmedicalisation.fr\/?page_id=86\">Le r\u00e9seau Princeps<\/a><\/p>\n<p>&#8211; <a href=\"http:\/\/surmedicalisation.fr\/?page_id=90\">La charte \u00ab Princeps \u00bb<\/a><\/p>\n<p>&#8211; <a href=\"http:\/\/surmedicalisation.fr\/?page_id=92\">Les d\u00e9clarations publiques d\u2019int\u00e9r\u00eats des auteurs<\/a><\/p>\n<p>&#8211; <a href=\"http:\/\/surmedicalisation.fr\/?page_id=95\">D\u00e9clarer ses liens d&rsquo;int\u00e9r\u00eats<\/a><\/p>\n<p>&nbsp;<\/p>\n","protected":false},"excerpt":{"rendered":"<p>&#8211; Un peu d\u2019histoire &#8211; Pr\u00e9sentation du blog &#8211; Le groupe d\u2019initiative Princeps &#8211; Le r\u00e9seau Princeps &#8211; La charte \u00ab Princeps \u00bb &#8211; Les d\u00e9clarations publiques d\u2019int\u00e9r\u00eats des auteurs &#8211; D\u00e9clarer ses liens d&rsquo;int\u00e9r\u00eats &nbsp;<\/p>\n","protected":false},"author":1,"featured_media":0,"parent":0,"menu_order":1,"comment_status":"open","ping_status":"closed","template":"","meta":[],"_links":{"self":[{"href":"http:\/\/surmedicalisation.fr\/index.php?rest_route=\/wp\/v2\/pages\/79"}],"collection":[{"href":"http:\/\/surmedicalisation.fr\/index.php?rest_route=\/wp\/v2\/pages"}],"about":[{"href":"http:\/\/surmedicalisation.fr\/index.php?rest_route=\/wp\/v2\/types\/page"}],"author":[{"embeddable":true,"href":"http:\/\/surmedicalisation.fr\/index.php?rest_route=\/wp\/v2\/users\/1"}],"replies":[{"embeddable":true,"href":"http:\/\/surmedicalisation.fr\/index.php?rest_route=%2Fwp%2Fv2%2Fcomments&post=79"}],"version-history":[{"count":14,"href":"http:\/\/surmedicalisation.fr\/index.php?rest_route=\/wp\/v2\/pages\/79\/revisions"}],"predecessor-version":[{"id":2799,"href":"http:\/\/surmedicalisation.fr\/index.php?rest_route=\/wp\/v2\/pages\/79\/revisions\/2799"}],"wp:attachment":[{"href":"http:\/\/surmedicalisation.fr\/index.php?rest_route=%2Fwp%2Fv2%2Fmedia&parent=79"}],"curies":[{"name":"wp","href":"https:\/\/api.w.org\/{rel}","templated":true}]}}