{"id":92,"date":"2012-12-29T16:21:19","date_gmt":"2012-12-29T15:21:19","guid":{"rendered":"http:\/\/surmedicalisation.fr\/?page_id=92"},"modified":"2013-09-14T18:08:16","modified_gmt":"2013-09-14T16:08:16","slug":"dpi-des-auteurs","status":"publish","type":"page","link":"http:\/\/surmedicalisation.fr\/?page_id=92","title":{"rendered":"DPI des auteurs"},"content":{"rendered":"<p><script type=\"text\/javascript\">\/\/ <![CDATA[\n  (function(i,s,o,g,r,a,m){i['GoogleAnalyticsObject']=r;i[r]=i[r]||function(){\n  (i[r].q=i[r].q||[]).push(arguments)},i[r].l=1*new Date();a=s.createElement(o),\n  m=s.getElementsByTagName(o)[0];a.async=1;a.src=g;m.parentNode.insertBefore(a,m)\n  })(window,document,'script','\/\/www.google-analytics.com\/analytics.js','ga');\n\n  ga('create', 'UA-40453293-1', 'surmedicalisation.fr');\n  ga('send', 'pageview');\n\/\/ ]]><\/script><\/p>\n<h3><\/h3>\n<h3><\/h3>\n<h3><\/h3>\n<h3>Vous trouverez prochainement les \u00ab\u00a0D\u00e9clarations Publiques d&rsquo;Int\u00e9r\u00eats\u00a0\u00bb des auteurs sur cette page<\/h3>\n","protected":false},"excerpt":{"rendered":"<p>Vous trouverez prochainement les \u00ab\u00a0D\u00e9clarations Publiques d&rsquo;Int\u00e9r\u00eats\u00a0\u00bb des auteurs sur cette page<\/p>\n","protected":false},"author":1,"featured_media":0,"parent":79,"menu_order":6,"comment_status":"open","ping_status":"open","template":"","meta":[],"_links":{"self":[{"href":"http:\/\/surmedicalisation.fr\/index.php?rest_route=\/wp\/v2\/pages\/92"}],"collection":[{"href":"http:\/\/surmedicalisation.fr\/index.php?rest_route=\/wp\/v2\/pages"}],"about":[{"href":"http:\/\/surmedicalisation.fr\/index.php?rest_route=\/wp\/v2\/types\/page"}],"author":[{"embeddable":true,"href":"http:\/\/surmedicalisation.fr\/index.php?rest_route=\/wp\/v2\/users\/1"}],"replies":[{"embeddable":true,"href":"http:\/\/surmedicalisation.fr\/index.php?rest_route=%2Fwp%2Fv2%2Fcomments&post=92"}],"version-history":[{"count":8,"href":"http:\/\/surmedicalisation.fr\/index.php?rest_route=\/wp\/v2\/pages\/92\/revisions"}],"predecessor-version":[{"id":2791,"href":"http:\/\/surmedicalisation.fr\/index.php?rest_route=\/wp\/v2\/pages\/92\/revisions\/2791"}],"up":[{"embeddable":true,"href":"http:\/\/surmedicalisation.fr\/index.php?rest_route=\/wp\/v2\/pages\/79"}],"wp:attachment":[{"href":"http:\/\/surmedicalisation.fr\/index.php?rest_route=%2Fwp%2Fv2%2Fmedia&parent=92"}],"curies":[{"name":"wp","href":"https:\/\/api.w.org\/{rel}","templated":true}]}}