{"id":95,"date":"2012-12-29T16:34:17","date_gmt":"2012-12-29T15:34:17","guid":{"rendered":"http:\/\/surmedicalisation.fr\/?page_id=95"},"modified":"2013-09-14T18:11:58","modified_gmt":"2013-09-14T16:11:58","slug":"declarer-vos-liens-dinterets","status":"publish","type":"page","link":"http:\/\/surmedicalisation.fr\/?page_id=95","title":{"rendered":"D\u00e9clarer ses liens d&rsquo;int\u00e9r\u00eats"},"content":{"rendered":"<p><script type=\"text\/javascript\">\/\/ <![CDATA[\n  (function(i,s,o,g,r,a,m){i['GoogleAnalyticsObject']=r;i[r]=i[r]||function(){\n  (i[r].q=i[r].q||[]).push(arguments)},i[r].l=1*new Date();a=s.createElement(o),\n  m=s.getElementsByTagName(o)[0];a.async=1;a.src=g;m.parentNode.insertBefore(a,m)\n  })(window,document,'script','\/\/www.google-analytics.com\/analytics.js','ga');\n\n  ga('create', 'UA-40453293-1', 'surmedicalisation.fr');\n  ga('send', 'pageview');\n\/\/ ]]><\/script><\/p>\n<h3><\/h3>\n<h3><\/h3>\n<h3><\/h3>\n<h3>Un formulaire sera prochainement propos\u00e9 ici aux auteurs pour d\u00e9clarer leurs liens d&rsquo;int\u00e9r\u00eats<\/h3>\n","protected":false},"excerpt":{"rendered":"<p>Un formulaire sera prochainement propos\u00e9 ici aux auteurs pour d\u00e9clarer leurs liens d&rsquo;int\u00e9r\u00eats<\/p>\n","protected":false},"author":1,"featured_media":0,"parent":79,"menu_order":7,"comment_status":"open","ping_status":"open","template":"","meta":[],"_links":{"self":[{"href":"http:\/\/surmedicalisation.fr\/index.php?rest_route=\/wp\/v2\/pages\/95"}],"collection":[{"href":"http:\/\/surmedicalisation.fr\/index.php?rest_route=\/wp\/v2\/pages"}],"about":[{"href":"http:\/\/surmedicalisation.fr\/index.php?rest_route=\/wp\/v2\/types\/page"}],"author":[{"embeddable":true,"href":"http:\/\/surmedicalisation.fr\/index.php?rest_route=\/wp\/v2\/users\/1"}],"replies":[{"embeddable":true,"href":"http:\/\/surmedicalisation.fr\/index.php?rest_route=%2Fwp%2Fv2%2Fcomments&post=95"}],"version-history":[{"count":10,"href":"http:\/\/surmedicalisation.fr\/index.php?rest_route=\/wp\/v2\/pages\/95\/revisions"}],"predecessor-version":[{"id":2793,"href":"http:\/\/surmedicalisation.fr\/index.php?rest_route=\/wp\/v2\/pages\/95\/revisions\/2793"}],"up":[{"embeddable":true,"href":"http:\/\/surmedicalisation.fr\/index.php?rest_route=\/wp\/v2\/pages\/79"}],"wp:attachment":[{"href":"http:\/\/surmedicalisation.fr\/index.php?rest_route=%2Fwp%2Fv2%2Fmedia&parent=95"}],"curies":[{"name":"wp","href":"https:\/\/api.w.org\/{rel}","templated":true}]}}