{"id":115,"date":"2013-01-29T10:54:05","date_gmt":"2013-01-29T09:54:05","guid":{"rendered":"http:\/\/surmedicalisation.fr\/?page_id=115"},"modified":"2013-05-16T18:55:00","modified_gmt":"2013-05-16T16:55:00","slug":"preprogramme","status":"publish","type":"page","link":"https:\/\/surmedicalisation.fr\/?page_id=115","title":{"rendered":"Programme (version du 25 avril 2013)"},"content":{"rendered":"<p align=\"center\"><b>Le 2<sup>\u00e8me<\/sup> colloque de Bobigny:<\/b><\/p>\n<p align=\"center\"><b>Sur- et sous-m\u00e9dicalisation, surdiagnostics, surtraitements<\/b><\/p>\n<p align=\"center\"><b>3 et 4 mai 2013<\/b><\/p>\n<p><b>Le groupe Princeps, le D\u00e9partement de M\u00e9decine G\u00e9n\u00e9rale de la facult\u00e9 de m\u00e9decine de Bobigny, la Soci\u00e9t\u00e9 de Formation \u00e0 la Th\u00e9rapeutique du G\u00e9n\u00e9raliste, l&rsquo;association Civic Sant\u00e9 organisent<\/b><\/p>\n<p><b>\u00a0<\/b><\/p>\n<p><b>Vendredi 3 mai de 9h \u00e0 17h, samedi 4 mai de 9h \u00e0 13h,<\/b><\/p>\n<p><b>\u00a0<\/b><\/p>\n<p><b>\u00e0 la Facult\u00e9 de M\u00e9decine de Bobigny, UFR Sant\u00e9 M\u00e9decine Biologie Humaine,<\/b><\/p>\n<p><b>74 rue Marcel Cachin 93000 Bobigny. (Entr\u00e9e du parking-et des pi\u00e9tons- avenue de la Convention)<\/b><\/p>\n<p>T\u00e9l\u00e9charger <a href=\"http:\/\/surmedicalisation.fr\/blog\/WordPress3\/wp-content\/uploads\/2013\/04\/Programme-2%C3%A8me-colloque-v25-04-2013.pdf\" target=\"_blank\">ici<\/a> le programme<br \/>\n<a class=\"twitter-share-button\" href=\"https:\/\/twitter.com\/share\" data-url=\"http:\/\/surmedicalisation.fr\/?page_id=115\" data-text=\"Colloque 4S\" data-via=\"fpesty\" data-lang=\"fr\" data-size=\"large\">Tweeter<\/a><br \/>\n<script type=\"text\/javascript\">\/\/ <![CDATA[\n!function(d,s,id){var js,fjs=d.getElementsByTagName(s)[0],p=\/^http:\/.test(d.location)?'http':'https';if(!d.getElementById(id)){js=d.createElement(s);js.id=id;js.src=p+':\/\/platform.twitter.com\/widgets.js';fjs.parentNode.insertBefore(js,fjs);}}(document, 'script', 'twitter-wjs');\n\/\/ ]]><\/script><\/p>\n<p>&nbsp;<\/p>\n<p>&nbsp;<\/p>\n<p align=\"center\"><i>Vendredi 3 mai 8h30 &#8211; 9h<\/i><\/p>\n<p align=\"center\"><i>Accueil caf\u00e9<\/i><\/p>\n<p align=\"center\"><i>\u00a0<\/i><\/p>\n<p align=\"center\"><i>Vendredi 3 mai &#8211; 9 heures<\/i><\/p>\n<p align=\"center\">Introduction Doyen de la facult\u00e9 de m\u00e9decine de Bobigny (ou son repr\u00e9sentant)<\/p>\n<p align=\"center\">Pr\u00e9sentation introductive du Pr Didier Sicard\u00a0: Autour du d\u00e9pistage<\/p>\n<p align=\"center\"><i>Vendredi 3 mai &#8211; 9h30 &#8211; 11h30<\/i><\/p>\n<p align=\"center\">Atelier N\u00b0 1 (mod\u00e9rateurs J. C. Salomon et O. Brixi): Approche th\u00e9orique :<\/p>\n<p align=\"center\">Comment se construit la m\u00e9dicalisation, ses exc\u00e8s, ses carences.<\/p>\n<p align=\"center\">\u00a0E. Galam\u00a0: <i>Surm\u00e9dicalisation, croyances et transmission<\/i><\/p>\n<p align=\"center\">F. Amrouche\u00a0: <i>La progression de la pauvret\u00e9 et ses effets sur la sant\u00e9<\/i><\/p>\n<p align=\"center\">M. Jamoulle\u00a0: <i>La pr\u00e9vention quaternaire<\/i><\/p>\n<p align=\"center\">M. Le Barzic\u00a0: <i>Ob\u00e9sit\u00e9\u00a0:<\/i> <i>surm\u00e9dicalisation ou m\u00e9dicalisation abusive\u00a0?<\/i><\/p>\n<p align=\"center\">Atelier N\u00b0 2 (mod\u00e9rateurs F. Pesty et A. Siary): Surm\u00e9dicalisation: \u00c9tat des r\u00e9flexions et<\/p>\n<p align=\"center\">des actions dans diff\u00e9rents pays.<\/p>\n<p align=\"center\">Intervenants par Vid\u00e9o\u00a0:<\/p>\n<p align=\"center\">S. Woolf : The US disadvantage, Shorter lives, poorer health<\/p>\n<p align=\"center\">M. Kale : Trends in overuse, underuse and misuse<\/p>\n<p align=\"center\">A. Elshaug : The Value of Low-value lists<\/p>\n<p align=\"center\">Ch. Cassel : The Choosing Wisely campaign<\/p>\n<p align=\"center\">H. Krumholz : Shared decision making<\/p>\n<p align=\"center\">T. Quill &amp; J. Temel : Early Palliative Care<\/p>\n<p align=\"center\">J. Avorn : Academic detailing<\/p>\n<p align=\"center\">S. Svensson : Surrogate End Points in clinical trials<\/p>\n<p align=\"center\">L. Bero : Management of conflicts of interest<\/p>\n<p align=\"center\"><i>Vendredi 3 mai &#8211; 11h30 \u2013 11h45<\/i><\/p>\n<p align=\"center\">Pause caf\u00e9<\/p>\n<p align=\"center\"><i>Vendredi 3 mai &#8211; 11h45 &#8211; 12h 45<\/i><\/p>\n<p align=\"center\">S\u00e9ance pl\u00e9ni\u00e8re<\/p>\n<p align=\"center\">Mod\u00e9rateur\u00a0: M. Dor\u00e9<\/p>\n<p align=\"center\"><i>Vendredi 3 mai &#8211; 12h45 &#8211; 14h<\/i><\/p>\n<p align=\"center\">D\u00e9jeuner de travail sur place<i><br \/>\n<\/i><\/p>\n<p align=\"center\"><i>Vendredi 3 mai &#8211; 14h &#8211; 16h<\/i><\/p>\n<p align=\"center\">Atelier N\u00b0 3 (mod\u00e9rateurs E. Pasca et M. Thomas): Le disease mongering ou le fa\u00e7onnage des maladies.<\/p>\n<p align=\"center\">E. Pasca: <i>M\u00e9thodes<\/i> <i>de disease mongering et leurs cons\u00e9quences concr\u00e8tes<\/i><\/p>\n<p align=\"center\">J. C. St Onge:<i> Tous fous!<\/i><\/p>\n<p align=\"center\">A. Giami: <i>La m\u00e9dicalisation de la sexualit\u00e9: un exemple paradigmatique<\/i><\/p>\n<p align=\"center\">\u00a0X. Briffault : <i>Le r\u00f4le de l\u2019\u00e9valuation par les \u00e9chelles dans la sur-prescription des psychotropes<\/i><\/p>\n<p align=\"center\">\u00a0R. Campergue\u00a0: <i>Comment les techniques classiques de marketing sont utilis\u00e9es dans la campagne de d\u00e9pistage du cancer du sein<\/i><\/p>\n<p align=\"center\"><i>\u00a0<\/i><\/p>\n<p align=\"center\">Atelier N\u00b0 4 (mod\u00e9rateurs O. Brixi et M. Dor\u00e9): Le d\u00e9pistage en cause ?<\/p>\n<p align=\"center\">La pr\u00e9vention une cause.<\/p>\n<p align=\"center\">\u00a0C. Vassy\u00a0:<i> Le d\u00e9pistage de la trisomie 21 en France\u00a0: une surm\u00e9dicalisation\u00a0?<\/i><\/p>\n<p align=\"center\">A. Siary\u00a0: <i>Cancer du sein et iatrog\u00e9n\u00e8se<\/i><\/p>\n<p align=\"center\">\u00a0E. Pasca\u00a0: <i>Le d\u00e9pistage du cancer du sein\u00a0: une construction sociale \u00e9rig\u00e9e en science<\/i><\/p>\n<p align=\"center\">G. Del\u00e9pine\u00a0: D\u00e9pi<i>stage des cancers de la prostate par le PSA\u00a0: scandale financier, g\u00e2chis humain<\/i><\/p>\n<p align=\"center\">M. Yver\u00a0: <i>Surdiagnostic du cancer de la prostate\u00a0: r\u00f4le de l\u2019anapath<\/i><\/p>\n<p align=\"center\"><i>Vendredi 3 mai &#8211; 16h &#8211; 17h<\/i><\/p>\n<p align=\"center\">S\u00e9ance pl\u00e9ni\u00e8re<\/p>\n<p align=\"center\">Mod\u00e9rateur\u00a0: J.C. Salomon<\/p>\n<p align=\"center\"><i>\u00a0<\/i><\/p>\n<p align=\"center\"><i>Samedi 4 mai \u00a08h 30\u00a0:<\/i><\/p>\n<p align=\"center\"><i>Accueil caf\u00e9<\/i><\/p>\n<p align=\"center\"><i>\u00a0<\/i><\/p>\n<p align=\"center\"><i>Samedi 4 mai 9h &#8211; 11h<\/i><\/p>\n<p align=\"center\">Atelier N\u00b0 5 (mod\u00e9rateurs A. Siary et Ma\u00eflys Michot-Casbas): Pour une meilleure efficience: Actions et \u00e9valuations<\/p>\n<p align=\"center\">\u00a0S. Duval\u00a0:<i> Meilleure efficience dans la prescription de 2 anti-cholest\u00e9rol<\/i><\/p>\n<p align=\"center\">\u00a0F. Pesty\u00a0: <i>Efficience des m\u00e9dicaments de l\u2019hypertension<\/i><\/p>\n<p align=\"center\">\u00a0E. Foisset\u00a0: <i>Influence de la visite m\u00e9dicale<\/i><\/p>\n<p align=\"center\">\u00a0N. Del\u00e9pine\u00a0<i>: Le paradoxe de la pratique de la canc\u00e9rologie en France\u00a0: sur diagnostic et sous traitements<\/i><\/p>\n<p align=\"center\">Atelier N\u00b0 6 (mod\u00e9rateurs M. Dor\u00e9 et M. Thomas): Pour une meilleure efficience:<\/p>\n<p align=\"center\">Les m\u00e9dicaments essentiels<\/p>\n<p align=\"center\">\u00a0J.C. Salomon\u00a0: M\u00e9dicaments essentiels\u00a0: pourquoi une liste courte<\/p>\n<p align=\"center\">\u00a0J. Doucet, E Boisdin, O. Nicol et coll\u00a0: <i>Etude des d\u00e9terminants de la d\u00e9-prescription des m\u00e9dicaments en m\u00e9decine g\u00e9n\u00e9rale<\/i><\/p>\n<p align=\"center\">Cam Anh Khau, H. Vaillant, M. Dor\u00e9\u00a0: <i>G\u00e9n\u00e8se d\u2019une liste de 100 m\u00e9dicaments essentiels des g\u00e9n\u00e9ralistes<\/i><\/p>\n<p align=\"center\">M. Thomas\u00a0: <i>Les 151 m\u00e9dicaments essentiels<\/i><\/p>\n<p align=\"center\"><i>Samedi 4 mai &#8211; 11h &#8211; 11h 15\u00a0:<\/i><\/p>\n<p align=\"center\"><i>Pause caf\u00e9<\/i><\/p>\n<p align=\"center\"><i>\u00a0<\/i><\/p>\n<p align=\"center\"><i>\u00a0<\/i><\/p>\n<p align=\"center\"><i>Samedi 4 mai 11h 15-12h 15<\/i><\/p>\n<p align=\"center\">S\u00e9ance pl\u00e9ni\u00e8re<\/p>\n<p align=\"center\">Mod\u00e9rateur\u00a0: O. Brixi<\/p>\n<p align=\"center\"><i>Samedi 4 mai 12h-12h15<\/i><\/p>\n<p align=\"center\">Conclusions g\u00e9n\u00e9rales<\/p>\n<p align=\"center\"><i>Samedi 4 mai 12h15<\/i><\/p>\n<p align=\"center\">Fin du colloque<\/p>\n<h5 style=\"text-align: justify;\"><i>Le groupe d\u2019\u00e9tudes Princeps est constitu\u00e9 de\u00a0: Dr Jean-Claude SALOMON, M\u00e9decin, ancien chercheur en immunologie du Cancer\u00a0; Pr Michel THOMAS, M\u00e9decin interniste, ancien chef de service\u00a0; Dr Omar BRIXI, M\u00e9decin de Sant\u00e9 Publique, Consultant\u00a0; Dr Fran\u00e7ois PESTY, Pharmacien et consultant, Mme Elena PASCA, Philosophe et sociologue, Cr\u00e9atrice du blog Pharmacritique &#8211; La SFTG est repr\u00e9sent\u00e9e par le Dr Alain SIARY, M\u00e9decin g\u00e9n\u00e9raliste et enseignant en M\u00e9decine G\u00e9n\u00e9rale\u00a0; La Facult\u00e9 de M\u00e9decine de Bobigny est repr\u00e9sent\u00e9e par le Dr Michel DOR\u00c9, M\u00e9decin et Directeur du d\u00e9partement de M\u00e9decine G\u00e9n\u00e9rale. L\u2019Association Civic Sant\u00e9 est repr\u00e9sent\u00e9e par Mme le Dr Ma\u00eflys Michot-Casbas, Praticien Hospitalier.<\/i><\/h5>\n<p>Imprimer le programme <a href=\"http:\/\/surmedicalisation.fr\/blog\/WordPress3\/wp-content\/uploads\/2013\/04\/Programme-2%C3%A8me-colloque-v25-04-2013.pdf\" target=\"_blank\">ici<\/a><\/p>\n","protected":false},"excerpt":{"rendered":"<p>Le 2\u00e8me colloque de Bobigny: Sur- et sous-m\u00e9dicalisation, surdiagnostics, surtraitements 3 et 4 mai 2013 Le groupe Princeps, le D\u00e9partement de M\u00e9decine G\u00e9n\u00e9rale de la facult\u00e9 de m\u00e9decine de Bobigny, la Soci\u00e9t\u00e9 de Formation \u00e0 la Th\u00e9rapeutique du G\u00e9n\u00e9raliste, l&rsquo;association &hellip; <a href=\"https:\/\/surmedicalisation.fr\/?page_id=115\">Continuer la lecture <span class=\"meta-nav\">&rarr;<\/span><\/a><\/p>\n","protected":false},"author":1,"featured_media":0,"parent":113,"menu_order":2,"comment_status":"open","ping_status":"open","template":"","meta":[],"_links":{"self":[{"href":"https:\/\/surmedicalisation.fr\/index.php?rest_route=\/wp\/v2\/pages\/115"}],"collection":[{"href":"https:\/\/surmedicalisation.fr\/index.php?rest_route=\/wp\/v2\/pages"}],"about":[{"href":"https:\/\/surmedicalisation.fr\/index.php?rest_route=\/wp\/v2\/types\/page"}],"author":[{"embeddable":true,"href":"https:\/\/surmedicalisation.fr\/index.php?rest_route=\/wp\/v2\/users\/1"}],"replies":[{"embeddable":true,"href":"https:\/\/surmedicalisation.fr\/index.php?rest_route=%2Fwp%2Fv2%2Fcomments&post=115"}],"version-history":[{"count":25,"href":"https:\/\/surmedicalisation.fr\/index.php?rest_route=\/wp\/v2\/pages\/115\/revisions"}],"predecessor-version":[{"id":2515,"href":"https:\/\/surmedicalisation.fr\/index.php?rest_route=\/wp\/v2\/pages\/115\/revisions\/2515"}],"up":[{"embeddable":true,"href":"https:\/\/surmedicalisation.fr\/index.php?rest_route=\/wp\/v2\/pages\/113"}],"wp:attachment":[{"href":"https:\/\/surmedicalisation.fr\/index.php?rest_route=%2Fwp%2Fv2%2Fmedia&parent=115"}],"curies":[{"name":"wp","href":"https:\/\/api.w.org\/{rel}","templated":true}]}}