{"id":217,"date":"2013-03-27T12:28:08","date_gmt":"2013-03-27T11:28:08","guid":{"rendered":"http:\/\/surmedicalisation.fr\/?page_id=217"},"modified":"2013-05-16T18:56:20","modified_gmt":"2013-05-16T16:56:20","slug":"2eme-appel-a-contribution-25032013","status":"publish","type":"page","link":"https:\/\/surmedicalisation.fr\/?page_id=217","title":{"rendered":"2\u00e8me Appel \u00e0 contribution &#8211; 25\/03\/2013"},"content":{"rendered":"<p style=\"text-align: justify;\" align=\"center\"><b>2<sup>\u00e8me<\/sup> annonce\u00a0: invitation et appel \u00e0 contribution au deuxi\u00e8me colloque de Bobigny<\/b><\/p>\n<p style=\"text-align: justify;\">Le 25 mars 2013<\/p>\n<p style=\"text-align: justify;\">Cher(e)s Coll\u00e8gues,<\/p>\n<p style=\"text-align: justify;\">Le groupe Princeps, le D\u00e9partement de M\u00e9decine G\u00e9n\u00e9rale de la Facult\u00e9 de M\u00e9decine de Bobigny et la Soci\u00e9t\u00e9 de Formation Th\u00e9rapeutique du G\u00e9n\u00e9raliste (SFTG), l\u2019association Civic Sant\u00e9, organisent les 3 et 4 mai 2013 le deuxi\u00e8me colloque de Bobigny<b>\u00a0: <\/b><\/p>\n<p style=\"text-align: justify;\"><b>\u00ab\u00a0Sur- et sous- m\u00e9dicalisation, surdiagnostics et surtraitements\u00a0<\/b>\u00bb<\/p>\n<p style=\"text-align: justify;\">qui aura lieu \u00e0 la Facult\u00e9 de M\u00e9decine de Bobigny.<\/p>\n<p style=\"text-align: justify;\">Vous \u00eates invit\u00e9s \u00e0 participer \u00e0 ce colloque et nous vous proposons de soumettre au plus tard le 15 avril 2013 l\u2019intitul\u00e9 de vos contributions aux ateliers de ce colloque &gt;&gt;&gt; Voir le programme, la pr\u00e9sentation des ateliers, et le bulletin d\u2019inscription joints en pi\u00e8ce attach\u00e9es.<\/p>\n<p style=\"text-align: justify;\">Les propositions de communications retenues par le comit\u00e9 d&rsquo;organisation seront port\u00e9es \u00e0 la connaissance des auteurs \u00e0 partir du 3 avril 2013, date \u00e0 laquelle il se r\u00e9unit.<\/p>\n<p style=\"text-align: justify;\">Les \u00e9changes se feront exclusivement par courrier \u00e9lectronique, les titres et les r\u00e9sum\u00e9s devront \u00eatre en format Word (97-2003) sous forme de documents attach\u00e9s. Les r\u00e9ponses doivent \u00eatre adress\u00e9es \u00e0\u00a0: <a href=\"surmedicalisation@tribunes.com\">surmedicalisation@tribunes.com<\/a><\/p>\n<p style=\"text-align: justify;\">Les intervenants, m\u00e9decins ou non m\u00e9decins devront faire une d\u00e9claration de liens d\u2019int\u00e9r\u00eats.<\/p>\n<p style=\"text-align: justify;\">Dans un souci d\u2019ind\u00e9pendance, la participation individuelle sera de 30 \u20ac\/personne (10\u20ac internes). Les inscriptions se feront exclusivement par ch\u00e8que \u00e0 l\u2019ordre de la SFTG, en pr\u00e9cisant \u00ab\u00a0Colloque Surm\u00e9dicalisation &#8211; 3 et 4 mai 2013\u00a0\u00bb \u00e0 l\u2019adresse\u00a0suivante : SFTG, 233 bis rue de Tolbiac 75013 Paris<\/p>\n<p style=\"text-align: justify;\">Une inscription en ligne est possible sur le site de la SFTP\u00a0en suivant le lien : <a href=\"http:\/\/www.sftg.eu\/programme-par-types\/colloques\/541-colloque-surmedicalisation-surtraitements-surdiagnostics.html\">http:\/\/www.sftg.eu\/programme-par-types\/colloques\/541-colloque-surmedicalisation-surtraitements-surdiagnostics.html<\/a><\/p>\n<p style=\"text-align: justify;\">Esp\u00e9rant votre participation et vos contributions veuillez acceptez Cher(e)s Coll\u00e8gues l\u2019expression de nos meilleurs sentiments<\/p>\n<p style=\"text-align: justify;\">Le groupe Princeps<\/p>\n<p style=\"text-align: justify;\">P.J.<\/p>\n<p style=\"text-align: justify;\">T\u00e9l\u00e9charger le bulletin d&rsquo;inscription : <a href=\"http:\/\/surmedicalisation.fr\/?attachment_id=224\" rel=\"attachment wp-att-224\">bulletin d&rsquo;inscription_Colloque_4S<\/a><\/p>\n<p>&nbsp;<\/p>\n","protected":false},"excerpt":{"rendered":"<p>2\u00e8me annonce\u00a0: invitation et appel \u00e0 contribution au deuxi\u00e8me colloque de Bobigny Le 25 mars 2013 Cher(e)s Coll\u00e8gues, Le groupe Princeps, le D\u00e9partement de M\u00e9decine G\u00e9n\u00e9rale de la Facult\u00e9 de M\u00e9decine de Bobigny et la Soci\u00e9t\u00e9 de Formation Th\u00e9rapeutique du &hellip; <a href=\"https:\/\/surmedicalisation.fr\/?page_id=217\">Continuer la lecture <span class=\"meta-nav\">&rarr;<\/span><\/a><\/p>\n","protected":false},"author":1,"featured_media":0,"parent":113,"menu_order":4,"comment_status":"open","ping_status":"open","template":"","meta":[],"_links":{"self":[{"href":"https:\/\/surmedicalisation.fr\/index.php?rest_route=\/wp\/v2\/pages\/217"}],"collection":[{"href":"https:\/\/surmedicalisation.fr\/index.php?rest_route=\/wp\/v2\/pages"}],"about":[{"href":"https:\/\/surmedicalisation.fr\/index.php?rest_route=\/wp\/v2\/types\/page"}],"author":[{"embeddable":true,"href":"https:\/\/surmedicalisation.fr\/index.php?rest_route=\/wp\/v2\/users\/1"}],"replies":[{"embeddable":true,"href":"https:\/\/surmedicalisation.fr\/index.php?rest_route=%2Fwp%2Fv2%2Fcomments&post=217"}],"version-history":[{"count":6,"href":"https:\/\/surmedicalisation.fr\/index.php?rest_route=\/wp\/v2\/pages\/217\/revisions"}],"predecessor-version":[{"id":733,"href":"https:\/\/surmedicalisation.fr\/index.php?rest_route=\/wp\/v2\/pages\/217\/revisions\/733"}],"up":[{"embeddable":true,"href":"https:\/\/surmedicalisation.fr\/index.php?rest_route=\/wp\/v2\/pages\/113"}],"wp:attachment":[{"href":"https:\/\/surmedicalisation.fr\/index.php?rest_route=%2Fwp%2Fv2%2Fmedia&parent=217"}],"curies":[{"name":"wp","href":"https:\/\/api.w.org\/{rel}","templated":true}]}}