{"id":2502,"date":"2013-09-10T12:08:17","date_gmt":"2013-09-10T10:08:17","guid":{"rendered":"http:\/\/surmedicalisation.fr\/?page_id=2502"},"modified":"2013-09-10T12:08:17","modified_gmt":"2013-09-10T10:08:17","slug":"programme-version-du-12042012","status":"publish","type":"page","link":"https:\/\/surmedicalisation.fr\/?page_id=2502","title":{"rendered":"Programme (Version du 12\/04\/2012)"},"content":{"rendered":"<p><script type=\"text\/javascript\">\/\/ <![CDATA[\n(function(i,s,o,g,r,a,m){i['GoogleAnalyticsObject']=r;i[r]=i[r]||function(){\n  (i[r].q=i[r].q||[]).push(arguments)},i[r].l=1*new Date();a=s.createElement(o),\n  m=s.getElementsByTagName(o)[0];a.async=1;a.src=g;m.parentNode.insertBefore(a,m)\n  })(window,document,'script','\/\/www.google-analytics.com\/analytics.js','ga');\n\n  ga('create', 'UA-40453293-1', 'surmedicalisation.fr');\n  ga('send', 'pageview');\n\/\/ ]]><\/script><\/p>\n<h2 style=\"text-align: center;\"><\/h2>\n<h2 style=\"text-align: center;\"><\/h2>\n<h2 style=\"text-align: center;\"><strong>Programme<\/strong><\/h2>\n<p>&nbsp;<\/p>\n<h4 style=\"text-align: justify;\"><strong>Atelier N\u00b01: 27 avril matin<\/strong><\/h4>\n<h4 style=\"text-align: justify;\">SURMEDICALISATION, MYTHE OU REALITE<\/h4>\n<h4 style=\"text-align: justify;\">Mod\u00e9rateur : J-C. Salomon<\/h4>\n<h4 style=\"text-align: justify;\">FAINZANG Sylvie<\/h4>\n<h4 style=\"text-align: justify;\">La surm\u00e9dicalisation, entre m\u00e9decins et malades<\/h4>\n<h4 style=\"text-align: justify;\">BIRGE Jacques<\/h4>\n<h4 style=\"text-align: justify;\">La non prescription en m\u00e9decine g\u00e9n\u00e9rale : enqu\u00eate de pratiques chez les ma\u00eetres de stage et stagiaires SASPAS lorrains<\/h4>\n<h4 style=\"text-align: justify;\">JUNOD Bernard<\/h4>\n<h4 style=\"text-align: justify;\">D\u00e9pistage du cancer\u00a0: le mod\u00e8le de pr\u00e9vention contredit par les faits<\/h4>\n<h4 style=\"text-align: justify;\">ETIENNE Antoine<\/h4>\n<h4 style=\"text-align: justify;\">Surm\u00e9dicalisation ou contre-productivit\u00e9 : un regard contemporain sur Ivan Illich.<\/h4>\n<h4 style=\"text-align: justify;\">&#8212;&#8212;&#8212;&#8212;&#8212;&#8212;-<\/h4>\n<h4 style=\"text-align: justify;\"><\/h4>\n<h4 style=\"text-align: justify;\"><strong>Atelier N\u00b02: 27 avril, matin<\/strong><\/h4>\n<h4 style=\"text-align: justify;\">CAUSES ET SOURCES DE SURMEDICALISATION<\/h4>\n<h4 style=\"text-align: justify;\">Mod\u00e9rateur : E. Pasca<\/h4>\n<h4 style=\"text-align: justify;\">DEBAUCHE Monique<\/h4>\n<h4 style=\"text-align: justify;\">Les m\u00e9dicaments psychiatriques : modes et tendances<\/h4>\n<h4 style=\"text-align: justify;\">LE MOUEL E., DECAUX O., PERLAT A., JEGO P., GROSBOIS Bernard<\/h4>\n<h4 style=\"text-align: justify;\">Incidentalomes biologiques\u00a0:\u00e9tude prospective en consultation de m\u00e9decine interne<\/h4>\n<h4 style=\"text-align: justify;\">LETRILLIART Laurent<sup>1,<\/sup> POUCHAIN Denis <sup>2<\/sup><\/h4>\n<h4 style=\"text-align: justify;\">Troubles cognitifs l\u00e9gers: une zone grise \u00e0 risque de surm\u00e9dicalisation<\/h4>\n<h4 style=\"text-align: justify;\">PERINO Luc<\/h4>\n<h4 style=\"text-align: justify;\">Surm\u00e9dicalisation\u00a0: un dysfonctionnement syst\u00e9mique habilement exploit\u00e9.<\/h4>\n<h4 style=\"text-align: justify;\">PARIS Pierre-Guillaume<\/h4>\n<h4 style=\"text-align: justify;\">La sant\u00e9, cat\u00e9gorie normative qui fa\u00e7onne les subjectivit\u00e9s<\/h4>\n<h4 style=\"text-align: justify;\">&#8212;&#8212;&#8212;&#8212;&#8212;&#8212;-<\/h4>\n<h4 style=\"text-align: justify;\"><\/h4>\n<h4 style=\"text-align: justify;\"><strong>Atelier N\u00b03: 27 avril, apr\u00e8s midi<\/strong><\/h4>\n<h4 style=\"text-align: justify;\">SURDIAGNOSTICS sources de SURTRAITEMENTS<\/h4>\n<h4 style=\"text-align: justify;\">Mod\u00e9rateur : A. Siary<\/h4>\n<h4 style=\"text-align: justify;\"><\/h4>\n<h4 style=\"text-align: justify;\">JUNOD Bernard<\/h4>\n<h4 style=\"text-align: justify;\">Surdiagnostic et surtraitement du cancer du sein par radioth\u00e9rapie<\/h4>\n<h4 style=\"text-align: justify;\">BRAILLON Alain<\/h4>\n<h4 style=\"text-align: justify;\">D\u00e9pistage du cancer de la prostate, un scandale sanitaire de plus ?<\/h4>\n<h4 style=\"text-align: justify;\">LASSOUED Ibrahim<sup>a<\/sup>, JAMOULLE Marc<sup>b<\/sup><\/h4>\n<h4 style=\"text-align: justify;\">Cancer du sein\u00a0; d\u00e9pistage ou surdiagnostic\u00a0?<\/h4>\n<h4 style=\"text-align: justify;\">TESTART Jacques<\/h4>\n<h4 style=\"text-align: justify;\">Le cas de l\u2019Assistance m\u00e9dicale \u00e0 la procr\u00e9ation (AMP)<\/h4>\n<h4 style=\"text-align: justify;\">&#8212;&#8212;&#8212;&#8212;&#8212;&#8212;-<\/h4>\n<h4 style=\"text-align: justify;\"><\/h4>\n<h4 style=\"text-align: justify;\"><strong>Atelier N\u00b04: 27 avril apr\u00e8s midi<\/strong><\/h4>\n<h4 style=\"text-align: justify;\">SURTRAITEMENTS non li\u00e9s aux SURDIAGNOSTICS<\/h4>\n<h4 style=\"text-align: justify;\">Mod\u00e9rateur : F . Pesty<\/h4>\n<h4 style=\"text-align: justify;\">LEGOAZIOU Marie-France.<\/h4>\n<h4 style=\"text-align: justify;\">Surm\u00e9dicalisation\u00a0: A propos de deux situations qui m\u2019ont interrog\u00e9es<\/h4>\n<h4 style=\"text-align: justify;\">BRIFFAULT Xavier<\/h4>\n<h4 style=\"text-align: justify;\">AMM et RBP, \u00ab\u00a0substituts pratiques\u00a0\u00bb au raisonnement EBM\u00a0?<\/h4>\n<h4 style=\"text-align: justify;\">GUILLONNEAU Bertrand<\/h4>\n<h4 style=\"text-align: justify;\">R\u00e9flexions sur le(s) Cancer(s) de la Prostate<\/h4>\n<h4 style=\"text-align: justify;\">&#8212;&#8212;&#8212;&#8212;&#8212;&#8212;-<\/h4>\n<h4 style=\"text-align: justify;\"><\/h4>\n<h4 style=\"text-align: justify;\"><i><\/i><strong>Atelier N\u00b05: 28 avril matin<\/strong><\/h4>\n<h4 style=\"text-align: justify;\">CONSIDERATIONS ET ENJEUX.<\/h4>\n<h4 style=\"text-align: justify;\">Mod\u00e9rateur : O. Brixi<\/h4>\n<h4 style=\"text-align: justify;\">MINGUET Guy &amp; LANGEARD Chlo\u00e9<\/h4>\n<h4 style=\"text-align: justify;\">Langeard, C.Minguet, G.Gu\u00e9ganton, L.Cam, P.Faquet ,C.Lombrail, P.Rault, G.<\/h4>\n<h4 style=\"text-align: justify;\">PELLISSIER-FALL Anne<\/h4>\n<h4 style=\"text-align: justify;\">M\u00e9dicalisation et anticipation de la maladie<\/h4>\n<h4 style=\"text-align: justify;\">VEGA Anne<\/h4>\n<h4 style=\"text-align: justify;\">Exergue\u00a0: \u00ab\u00a0Les m\u00e9decins devraient \u00eatre sensibilis\u00e9s pendant leur formation aux m\u00e9thodes qu\u2019utilisent les firmes pharmaceutiques pour les influencer.\u00a0\u00bb<\/h4>\n<h4 style=\"text-align: justify;\">&#8212;&#8212;&#8212;&#8212;&#8212;&#8212;-<\/h4>\n<h4 style=\"text-align: justify;\"><\/h4>\n<h4 style=\"text-align: justify;\"><strong>Atelier N\u00b06: 28 avril matin<\/strong><\/h4>\n<h4 style=\"text-align: justify;\">HIERARCHISER LESMOYENS: LES MEDICAMENTS ESSENTIELS<\/h4>\n<h4 style=\"text-align: justify;\">Mod\u00e9rateurs : M. Thomas, M. Dor\u00e9<\/h4>\n<h4 style=\"text-align: justify;\">BEDOIN Dominique<\/h4>\n<h4 style=\"text-align: justify;\">La prise en charge des affections transitoires b\u00e9nignes en m\u00e9decine g\u00e9n\u00e9rale\u00a0:<\/h4>\n<h4 style=\"text-align: justify;\">avec ou sans m\u00e9dicaments<\/h4>\n<h4 style=\"text-align: justify;\">MICHOT-CASBAS Ma\u00eflys<\/h4>\n<h4 style=\"text-align: justify;\">Sur prise en charge ou mauvaise prise en charge\u00a0?<\/h4>\n<h4 style=\"text-align: justify;\">THOMAS Michel, ARLET Philippe, AUMAITRE Olivier, COSSERAT Julie, GROSBOIS Bernard, GUILLEVIN Lo\u00efc, KETTANEH Adrien, LE JEUNNE Claire, MASSOT Christian, MORLAT Philippe<\/h4>\n<h4 style=\"text-align: justify;\">Les m\u00e9dicaments essentiels\u00a0: la d\u00e9marche des internistes<\/h4>\n<h4 style=\"text-align: justify;\">HILAL Yassine<\/h4>\n<h4 style=\"text-align: justify;\">Les m\u00e9dicaments essentiels\u00a0: la liste de Bobigny<\/h4>\n<p>&nbsp;<\/p>\n<p>T\u00e9l\u00e9charger le programme complet <a href=\"http:\/\/surmedicalisation.fr\/blog\/WordPress3\/wp-content\/uploads\/2013\/09\/colloque-Bobigny-avril-2012.pdf\" target=\"_blank\">ici<\/a><\/p>\n","protected":false},"excerpt":{"rendered":"<p>Programme &nbsp; Atelier N\u00b01: 27 avril matin SURMEDICALISATION, MYTHE OU REALITE Mod\u00e9rateur : J-C. Salomon FAINZANG Sylvie La surm\u00e9dicalisation, entre m\u00e9decins et malades BIRGE Jacques La non prescription en m\u00e9decine g\u00e9n\u00e9rale : enqu\u00eate de pratiques chez les ma\u00eetres de stage &hellip; <a href=\"https:\/\/surmedicalisation.fr\/?page_id=2502\">Continuer la lecture <span class=\"meta-nav\">&rarr;<\/span><\/a><\/p>\n","protected":false},"author":1,"featured_media":0,"parent":111,"menu_order":2,"comment_status":"open","ping_status":"open","template":"","meta":[],"_links":{"self":[{"href":"https:\/\/surmedicalisation.fr\/index.php?rest_route=\/wp\/v2\/pages\/2502"}],"collection":[{"href":"https:\/\/surmedicalisation.fr\/index.php?rest_route=\/wp\/v2\/pages"}],"about":[{"href":"https:\/\/surmedicalisation.fr\/index.php?rest_route=\/wp\/v2\/types\/page"}],"author":[{"embeddable":true,"href":"https:\/\/surmedicalisation.fr\/index.php?rest_route=\/wp\/v2\/users\/1"}],"replies":[{"embeddable":true,"href":"https:\/\/surmedicalisation.fr\/index.php?rest_route=%2Fwp%2Fv2%2Fcomments&post=2502"}],"version-history":[{"count":8,"href":"https:\/\/surmedicalisation.fr\/index.php?rest_route=\/wp\/v2\/pages\/2502\/revisions"}],"predecessor-version":[{"id":2511,"href":"https:\/\/surmedicalisation.fr\/index.php?rest_route=\/wp\/v2\/pages\/2502\/revisions\/2511"}],"up":[{"embeddable":true,"href":"https:\/\/surmedicalisation.fr\/index.php?rest_route=\/wp\/v2\/pages\/111"}],"wp:attachment":[{"href":"https:\/\/surmedicalisation.fr\/index.php?rest_route=%2Fwp%2Fv2%2Fmedia&parent=2502"}],"curies":[{"name":"wp","href":"https:\/\/api.w.org\/{rel}","templated":true}]}}