{"id":2943,"date":"2014-04-16T10:53:35","date_gmt":"2014-04-16T08:53:35","guid":{"rendered":"http:\/\/surmedicalisation.fr\/?page_id=2943"},"modified":"2014-05-04T22:43:42","modified_gmt":"2014-05-04T20:43:42","slug":"colloque-2014-programme-definitif","status":"publish","type":"page","link":"https:\/\/surmedicalisation.fr\/?page_id=2943","title":{"rendered":"Colloque 2014 &#8211; Programme d\u00e9finitif"},"content":{"rendered":"<p><strong>Colloque 2014 : Programme d\u00e9finitif du troisi\u00e8me colloque de Bobigny<\/strong><\/p>\n<p>Le 16 avril 2014<\/p>\n<p>Cher(e)s Coll\u00e8gues,<\/p>\n<p>Le groupe Princeps, le D\u00e9partement de M\u00e9decine G\u00e9n\u00e9rale de la Facult\u00e9 de M\u00e9decine de Bobigny et la Soci\u00e9t\u00e9 de Formation Th\u00e9rapeutique du G\u00e9n\u00e9raliste (SFTG), l\u2019association Civic Sant\u00e9, organisent les 25 et 26 avril 2014 le troisi\u00e8me colloque de Bobigny<b>\u00a0: <\/b><\/p>\n<p><b>\u00ab\u00a0Sur- et sous- m\u00e9dicalisation, surdiagnostics et surtraitements\u00a0<\/b>\u00bb<\/p>\n<p>qui aura lieu \u00e0 la Facult\u00e9 de M\u00e9decine de Bobigny.<\/p>\n<p>Vous \u00eates invit\u00e9s \u00e0 participer \u00e0 ce colloque<\/p>\n<p>Dans un souci d\u2019ind\u00e9pendance, la participation individuelle sera de 30 \u20ac\/personne (10\u20ac internes, sans emploi). Les inscriptions se feront exclusivement par ch\u00e8que \u00e0 l\u2019ordre de la SFTG, en pr\u00e9cisant \u00ab\u00a0Colloque Surm\u00e9dicalisation &#8211; 25 et 26 avril 2014\u00a0\u00bb \u00e0 l\u2019adresse\u00a0suivante : SFTG, 233 bis rue de Tolbiac 75013 Paris<\/p>\n<p>A noter, et nous nous en r\u00e9jouissons, la participation sous forme de conf\u00e9rences\u00a0inaugurales et introductives,\u00a0des personnalit\u00e9s suivantes :<\/p>\n<blockquote dir=\"ltr\"><p>&#8211; Pr. Jean-Luc DUMAS, Doyen de la facult\u00e9 de M\u00e9decine de Bobigny,<\/p>\n<p>&#8211; Pr. Jean-Luc HAROUSSEAU, Pr\u00e9sident de la Haute Autorit\u00e9,<\/p>\n<p>&#8211; Dr. Patrick BOUET, Pr\u00e9sident de Conseil National de l&rsquo;Ordre des M\u00e9decins,<\/p>\n<p>&#8211; Dr Iona HEATH, Ancienne Pr\u00e9sidente du \u00ab\u00a0Royal College of General Practitionners\u00a0\u00bb, Royaume Uni,<\/p>\n<p>&#8211; Pr. Didier SICARD, Ancien Pr\u00e9sident du Comit\u00e9 Consultatif National d&rsquo;Ethique<\/p><\/blockquote>\n<p>N&rsquo;h\u00e9sitez-pas \u00e0\u00a0diffuser \u00e0 vos r\u00e9seaux ou connaissances cette invitation<\/p>\n<p>Le groupe Princeps<\/p>\n<p>P.J.<br \/>\nT\u00e9l\u00e9charger le <a href=\"http:\/\/surmedicalisation.fr\/blog\/WordPress3\/wp-content\/uploads\/2014\/04\/Programme-3\u00e8me-colloque-de-Bobigny_2526-03-2014_vdef.pdf\" target=\"_blank\">programme du colloque 2014<\/a> (d\u00e9finitif au 16 avril 2014)<br \/>\nT\u00e9l\u00e9charger le <a href=\"http:\/\/surmedicalisation.fr\/blog\/WordPress3\/wp-content\/uploads\/2014\/02\/bulletin-dinscription_Colloque_4S_2014.pdf\" target=\"_blank\">bulletin d&rsquo;inscription 2014<\/a><br \/>\nT\u00e9l\u00e9charger les plans : <a href=\"http:\/\/surmedicalisation.fr\/blog\/WordPress3\/wp-content\/uploads\/2014\/04\/93-FACULTE-MEDECINE-BOBIGNY.pdf\" target=\"_blank\">acc\u00e8s<\/a> et <a href=\"http:\/\/surmedicalisation.fr\/blog\/WordPress3\/wp-content\/uploads\/2014\/04\/93-Bobigny-rue-de-Stalingrad.pdf\" target=\"_blank\">\u00e0 proximit\u00e9<\/a><\/p>\n<p>Nota\u00a0: Les actes des \u00e9ditions 2012 et 2013 du Colloque sont accessibles sur le site \u00ab\u00a0<a title=\"blocked::http:\/\/surmedicalisation.fr\/&lt;br \/&gt;&lt;br \/&gt;&lt;br \/&gt; Cliquer ici pour vous rendre sur le site &quot;surmedicalisation.fr&quot; \" href=\"http:\/\/surmedicalisation.fr\/\">surmedicalisation.fr<\/a>\u00a0\u00bb<\/p>\n<p><strong>Les horaires pr\u00e9cis du Colloque<\/strong> :<\/p>\n<p>Vendredi 25\u00a0avril 2014:<\/p>\n<p>8h 30 accueil<\/p>\n<p>9h 00- 9h 15\u00a0: Ouverture du colloque\u00a0: Pr\u00a0 JL Dumas, Doyen de la facult\u00e9<\/p>\n<p>9h 15-9h 45\u00a0: Pr JL Harousseau<\/p>\n<p>9h 45- 10h 15\u00a0: pause caf\u00e9<\/p>\n<p>10h 15-11h 45\u00a0: ateliers 1 et 2<\/p>\n<p>11h 45-12h 30\u00a0: pl\u00e9ni\u00e8re de restitution<\/p>\n<p>12h 30-14h\u00a0: d\u00e9jeuner<\/p>\n<p>&nbsp;<\/p>\n<p>14h-14h 30\u00a0: Dr P. Bouet<\/p>\n<p>14h 30-15h\u00a0: Dr. I. Heath<\/p>\n<p>15h 15-16h 45\u00a0: ateliers 3 et 4<\/p>\n<p>16h 45-17h 30\u00a0: pl\u00e9ni\u00e8re de restitution (dont M. Grassin)<\/p>\n<p>&nbsp;<\/p>\n<p>Samedi 26 avril 2014:<\/p>\n<p>8h 30\u00a0: accueil<\/p>\n<p>9h- 9h 30\u00a0: Pr. D. Sicard<\/p>\n<p>9h 30-10h\u00a0: pause caf\u00e9<\/p>\n<p>10h-11h 30\u00a0: ateliers 5 et 6<\/p>\n<p>11h30-12h 15\u00a0: pl\u00e9ni\u00e8re de restitution<\/p>\n<p>12h 15-12h 30 conclusion et fin du colloque<\/p>\n","protected":false},"excerpt":{"rendered":"<p>Colloque 2014 : Programme d\u00e9finitif du troisi\u00e8me colloque de Bobigny Le 16 avril 2014 Cher(e)s Coll\u00e8gues, Le groupe Princeps, le D\u00e9partement de M\u00e9decine G\u00e9n\u00e9rale de la Facult\u00e9 de M\u00e9decine de Bobigny et la Soci\u00e9t\u00e9 de Formation Th\u00e9rapeutique du G\u00e9n\u00e9raliste (SFTG), &hellip; <a href=\"https:\/\/surmedicalisation.fr\/?page_id=2943\">Continuer la lecture <span class=\"meta-nav\">&rarr;<\/span><\/a><\/p>\n","protected":false},"author":1,"featured_media":0,"parent":2893,"menu_order":2,"comment_status":"open","ping_status":"open","template":"","meta":[],"_links":{"self":[{"href":"https:\/\/surmedicalisation.fr\/index.php?rest_route=\/wp\/v2\/pages\/2943"}],"collection":[{"href":"https:\/\/surmedicalisation.fr\/index.php?rest_route=\/wp\/v2\/pages"}],"about":[{"href":"https:\/\/surmedicalisation.fr\/index.php?rest_route=\/wp\/v2\/types\/page"}],"author":[{"embeddable":true,"href":"https:\/\/surmedicalisation.fr\/index.php?rest_route=\/wp\/v2\/users\/1"}],"replies":[{"embeddable":true,"href":"https:\/\/surmedicalisation.fr\/index.php?rest_route=%2Fwp%2Fv2%2Fcomments&post=2943"}],"version-history":[{"count":7,"href":"https:\/\/surmedicalisation.fr\/index.php?rest_route=\/wp\/v2\/pages\/2943\/revisions"}],"predecessor-version":[{"id":2953,"href":"https:\/\/surmedicalisation.fr\/index.php?rest_route=\/wp\/v2\/pages\/2943\/revisions\/2953"}],"up":[{"embeddable":true,"href":"https:\/\/surmedicalisation.fr\/index.php?rest_route=\/wp\/v2\/pages\/2893"}],"wp:attachment":[{"href":"https:\/\/surmedicalisation.fr\/index.php?rest_route=%2Fwp%2Fv2%2Fmedia&parent=2943"}],"curies":[{"name":"wp","href":"https:\/\/api.w.org\/{rel}","templated":true}]}}