{"id":3022,"date":"2014-05-15T19:33:06","date_gmt":"2014-05-15T17:33:06","guid":{"rendered":"http:\/\/surmedicalisation.fr\/?page_id=3022"},"modified":"2014-06-26T09:32:30","modified_gmt":"2014-06-26T07:32:30","slug":"atelier-n-6-colloque-2014","status":"publish","type":"page","link":"https:\/\/surmedicalisation.fr\/?page_id=3022","title":{"rendered":"Atelier N\u00b0 6 &#8211; Colloque 2014"},"content":{"rendered":"<p><script>\/\/ <![CDATA[\n(function(i,s,o,g,r,a,m){i['GoogleAnalyticsObject']=r;i[r]=i[r]||function(){   (i[r].q=i[r].q||[]).push(arguments)},i[r].l=1*new Date();a=s.createElement(o),   m=s.getElementsByTagName(o)[0];a.async=1;a.src=g;m.parentNode.insertBefore(a,m)   })(window,document,'script','\/\/www.google-analytics.com\/analytics.js','ga');   ga('create', 'UA-40453293-1', 'surmedicalisation.fr');   ga('send', 'pageview');\n\/\/ ]]><\/script><\/p>\n<h2 align=\"center\">Atelier N\u00b0 6<\/h2>\n<h1 style=\"text-align: center;\"><\/h1>\n<h1 style=\"text-align: center;\"><span style=\"color: #0000ff;\">\u00ab m\u00e9dicaments essentiels \u00bb<\/span><\/h1>\n<p>&nbsp;<\/p>\n<h3 style=\"text-align: center;\"><strong>Mod\u00e9rateurs : Michel Thomas et Michel Dor\u00e9<br \/>\n<\/strong><\/h3>\n<h3 align=\"center\"><\/h3>\n<h3 style=\"text-align: center;\"><strong>Sommaire de l&rsquo;atelier N\u00b06\u00a0 <a name=\"Sommaire_atelier6_2014\"><\/a><br \/>\n<\/strong><\/h3>\n<h6 style=\"text-align: center;\"><span style=\"color: #008000;\">Cliquer sur les liens pour naviguer dans la page<\/span><\/h6>\n<h4 style=\"text-align: center;\"><a href=\"#Michel_THOMAS\">Michel Thomas<\/a> &#8211; \u00ab\u00a0<a href=\"#Michel_THOMAS\">Les m\u00e9dicaments essentiels dans les BRICS et les pays d\u00e9velopp\u00e9s<\/a> \u00bb<\/h4>\n<h4 style=\"text-align: center;\"><a href=\"#Jeanne_POISSON\">Jeanne Poisson<\/a> &#8211; \u00ab\u00a0<a href=\"#Jeanne_POISSON\">Etat de la validation d\u2019une liste de m\u00e9dicaments essentiels<\/a>\u00a0\u00bb<\/h4>\n<h4 style=\"text-align: center;\"><a href=\"#Cam-Anh_KHAU\">Cam-Anh Khau<\/a> &#8211; \u00ab\u00a0<a href=\"#Cam-Anh_KHAU\">Les m\u00e9dicaments essentiels \u00e0 la pratique du m\u00e9decin g\u00e9n\u00e9raliste<\/a>\u00a0\u00bb<\/h4>\n<h4 style=\"text-align: center;\"><a href=\"#Eleonore_BREUVART\">El\u00e9onore Breuvart<\/a> &#8211; \u00ab\u00a0<a href=\"#Eleonore_BREUVART\">\u00c9tude de la conformit\u00e9 des prescriptions d&rsquo;inhibiteurs de la pompe \u00e0 protons aux recommandations HAS de 2009\u00a0: \u00e9tude prospective sur 208 patients<\/a>\u00a0\u00bb<\/h4>\n<h4 style=\"text-align: center;\"><a href=\"#Jean-Claude_SALOMON\">Jean-Claude Salomon<\/a> &#8211; \u00ab\u00a0<a href=\"#Jean-Claude_SALOMON\">Evolution du march\u00e9 en volume sur six ans &#8211; Sc\u00e9nario de mise en \u0153uvre d\u2019une liste restreinte de m\u00e9dicaments essentiels (ME)<\/a>\u00a0\u00bb<\/h4>\n<p>&nbsp;<\/p>\n<p><span style=\"color: #ffffff;\">&#8230;<\/span><\/p>\n<p><a name=\"Michel_THOMAS\"><\/a><\/p>\n<p><span style=\"color: #ffffff;\">&#8230;<\/span><\/p>\n<p><span style=\"color: #ffffff;\">.<\/span><\/p>\n<h6 style=\"text-align: right;\"><a title=\"Revenir au sommaire de cette page\" href=\"#Sommaire_atelier6_2014\">Retour<\/a><\/h6>\n<h3 style=\"text-align: center;\" align=\"center\">Michel Thomas : \u00ab\u00a0Les m\u00e9dicaments essentiels dans les BRICS et<br \/>\nles pays d\u00e9velopp\u00e9s \u00bb<\/h3>\n<h6 style=\"text-align: center;\">Cliquer sur l&rsquo;image ci-dessous pour ouvrir le diaporama <a href=\"http:\/\/surmedicalisation.fr\/blog\/WordPress3\/wp-content\/uploads\/2014\/05\/M\u00e9dicaments-essentiels-dans-les-Brics-et-les-pays-d\u00e9velopp\u00e9s-M-Thomas.pps\" target=\"_blank\"><img loading=\"lazy\" class=\"alignnone size-medium wp-image-3199 aligncenter\" src=\"http:\/\/surmedicalisation.fr\/blog\/WordPress3\/wp-content\/uploads\/2014\/05\/M\u00e9dicaments-essentiels-dans-les-Brics-et-les-pays-d\u00e9velopp\u00e9s-M-Thomas-300x225.jpg\" alt=\"M\u00e9dicaments essentiels dans les Brics et les pays d\u00e9velopp\u00e9s M Thomas\" width=\"300\" height=\"225\" srcset=\"https:\/\/surmedicalisation.fr\/blog\/WordPress3\/wp-content\/uploads\/2014\/05\/M\u00e9dicaments-essentiels-dans-les-Brics-et-les-pays-d\u00e9velopp\u00e9s-M-Thomas-300x225.jpg 300w, https:\/\/surmedicalisation.fr\/blog\/WordPress3\/wp-content\/uploads\/2014\/05\/M\u00e9dicaments-essentiels-dans-les-Brics-et-les-pays-d\u00e9velopp\u00e9s-M-Thomas.jpg 960w\" sizes=\"(max-width: 300px) 100vw, 300px\" \/><\/a><\/h6>\n<p><span style=\"color: #ffffff;\">&#8230;<\/span><\/p>\n<p><a name=\"Jeanne_POISSON\"><\/a><\/p>\n<p><span style=\"color: #ffffff;\">&#8230;<\/span><\/p>\n<p><span style=\"color: #ffffff;\">.<\/span><\/p>\n<h6 style=\"text-align: right;\"><a title=\"Revenir au sommaire de cette page\" href=\"#Sommaire_atelier6_2014\">Retour<\/a><\/h6>\n<h3 style=\"text-align: center;\">Jeanne Poisson : \u00ab\u00a0Etat de la validation d\u2019une liste de m\u00e9dicaments essentiels\u00a0\u00bb<\/h3>\n<h6 style=\"text-align: center;\">Cliquer sur l&rsquo;image ci-dessous pour ouvrir le diaporama <a href=\"http:\/\/surmedicalisation.fr\/blog\/WordPress3\/wp-content\/uploads\/2014\/05\/Validation-d\u2019une-liste-de-m\u00e9dicaments-essentiels-J-Poisson.pps\" target=\"_blank\"><img loading=\"lazy\" class=\"size-medium wp-image-3209 aligncenter\" src=\"http:\/\/surmedicalisation.fr\/blog\/WordPress3\/wp-content\/uploads\/2014\/05\/Validation-d\u2019une-liste-de-m\u00e9dicaments-essentiels-J-Poisson-300x225.jpg\" alt=\"Validation d\u2019une liste de m\u00e9dicaments essentiels J Poisson\" width=\"300\" height=\"225\" srcset=\"https:\/\/surmedicalisation.fr\/blog\/WordPress3\/wp-content\/uploads\/2014\/05\/Validation-d\u2019une-liste-de-m\u00e9dicaments-essentiels-J-Poisson-300x225.jpg 300w, https:\/\/surmedicalisation.fr\/blog\/WordPress3\/wp-content\/uploads\/2014\/05\/Validation-d\u2019une-liste-de-m\u00e9dicaments-essentiels-J-Poisson.jpg 960w\" sizes=\"(max-width: 300px) 100vw, 300px\" \/><\/a><\/h6>\n<p><span style=\"color: #ffffff;\">&#8230;<\/span><\/p>\n<p><a name=\"Cam-Anh_KHAU\"><\/a><\/p>\n<p><span style=\"color: #ffffff;\">&#8230;<\/span><\/p>\n<p><span style=\"color: #ffffff;\">.<\/span><\/p>\n<h6 style=\"text-align: right;\"><a title=\"Revenir au sommaire de cette page\" href=\"#Sommaire_atelier6_2014\">Retour<\/a><\/h6>\n<h3 style=\"text-align: center;\">Cam-Anh Khau : \u00ab\u00a0Les m\u00e9dicaments essentiels \u00e0 la pratique du m\u00e9decin g\u00e9n\u00e9raliste\u00a0\u00bb<\/h3>\n<h6 style=\"text-align: center;\">Cliquer sur l&rsquo;image ci-dessous pour ouvrir le diaporama <a href=\"http:\/\/surmedicalisation.fr\/blog\/WordPress3\/wp-content\/uploads\/2014\/05\/colloque-princeps2014-khau.pps\" target=\"_blank\"><img loading=\"lazy\" class=\"size-medium wp-image-3216 aligncenter\" src=\"http:\/\/surmedicalisation.fr\/blog\/WordPress3\/wp-content\/uploads\/2014\/05\/colloque-princeps2014-khau-300x168.jpg\" alt=\"colloque princeps2014-khau\" width=\"300\" height=\"168\" srcset=\"https:\/\/surmedicalisation.fr\/blog\/WordPress3\/wp-content\/uploads\/2014\/05\/colloque-princeps2014-khau-300x168.jpg 300w, https:\/\/surmedicalisation.fr\/blog\/WordPress3\/wp-content\/uploads\/2014\/05\/colloque-princeps2014-khau-1024x576.jpg 1024w, https:\/\/surmedicalisation.fr\/blog\/WordPress3\/wp-content\/uploads\/2014\/05\/colloque-princeps2014-khau.jpg 1279w\" sizes=\"(max-width: 300px) 100vw, 300px\" \/><\/a><\/h6>\n<p><span style=\"color: #ffffff;\">&#8230;<\/span><\/p>\n<p><a name=\"Eleonore_BREUVART\"><\/a><\/p>\n<p><span style=\"color: #ffffff;\">&#8230;<\/span><\/p>\n<p><span style=\"color: #ffffff;\">.<\/span><\/p>\n<h6 style=\"text-align: right;\"><a title=\"Revenir au sommaire de cette page\" href=\"#Sommaire_atelier6_2014\">Retour<\/a><\/h6>\n<h3 style=\"text-align: center;\">El\u00e9onore Breuvart\u00a0&#8211; \u00ab\u00a0\u00c9tude de la conformit\u00e9 des prescriptions d&rsquo;inhibiteurs de la pompe \u00e0 protons aux recommandations HAS de 2009\u00a0: \u00e9tude prospective sur 208 patients\u00a0\u00bb<\/h3>\n<h6 style=\"text-align: center;\">Cliquer sur l&rsquo;image ci-dessous pour ouvrir le diaporama <a href=\"http:\/\/surmedicalisation.fr\/blog\/WordPress3\/wp-content\/uploads\/2014\/05\/Conformit\u00e9_prescription_IPP_recos_HAS_CHU_Dijon_E-Breuvart.pps\" target=\"_blank\"><img loading=\"lazy\" class=\"size-medium wp-image-3219 aligncenter\" src=\"http:\/\/surmedicalisation.fr\/blog\/WordPress3\/wp-content\/uploads\/2014\/05\/Conformit\u00e9_prescription_IPP_recos_HAS_CHU_Dijon_E-Breuvart-300x224.jpg\" alt=\"Conformit\u00e9_prescription_IPP_recos_HAS_CHU_Dijon_E Breuvart\" width=\"300\" height=\"224\" srcset=\"https:\/\/surmedicalisation.fr\/blog\/WordPress3\/wp-content\/uploads\/2014\/05\/Conformit\u00e9_prescription_IPP_recos_HAS_CHU_Dijon_E-Breuvart-300x224.jpg 300w, https:\/\/surmedicalisation.fr\/blog\/WordPress3\/wp-content\/uploads\/2014\/05\/Conformit\u00e9_prescription_IPP_recos_HAS_CHU_Dijon_E-Breuvart-1024x767.jpg 1024w, https:\/\/surmedicalisation.fr\/blog\/WordPress3\/wp-content\/uploads\/2014\/05\/Conformit\u00e9_prescription_IPP_recos_HAS_CHU_Dijon_E-Breuvart.jpg 1058w\" sizes=\"(max-width: 300px) 100vw, 300px\" \/><\/a><\/h6>\n<p><span style=\"color: #ffffff;\">&#8230;<\/span><\/p>\n<p><a name=\"Jean-Claude_SALOMON\"><\/a><\/p>\n<p><span style=\"color: #ffffff;\">&#8230;<\/span><\/p>\n<p><span style=\"color: #ffffff;\">.<\/span><\/p>\n<h6 style=\"text-align: right;\"><a title=\"Revenir au sommaire de cette page\" href=\"#Sommaire_atelier6_2014\">Retour<\/a><\/h6>\n<h3 style=\"text-align: center;\" align=\"center\">Jean-Claude Salomon : \u00ab\u00a0Evolution du march\u00e9 en volume sur six ans &#8211; Sc\u00e9nario de mise en \u0153uvre d\u2019une liste restreinte de m\u00e9dicaments essentiels (ME) \u00bb<\/h3>\n<h6 style=\"text-align: center;\">Cliquer sur l&rsquo;image ci-dessous pour ouvrir le diaporama <a href=\"http:\/\/surmedicalisation.fr\/blog\/WordPress3\/wp-content\/uploads\/2014\/05\/Sc\u00e9nario_mise_en_oeuvre_liste_restreinte_m\u00e9dicaments_essentiels_JCL_SALOMON.pps\" target=\"_blank\"><img loading=\"lazy\" class=\"size-medium wp-image-3204 aligncenter\" src=\"http:\/\/surmedicalisation.fr\/blog\/WordPress3\/wp-content\/uploads\/2014\/05\/Sc\u00e9nario_mise_en_oeuvre_liste_restreinte_m\u00e9dicaments_essentiels_JCL_SALOMON-300x168.jpg\" alt=\"Sc\u00e9nario_mise_en_oeuvre_liste_restreinte_m\u00e9dicaments_essentiels_JCL_SALOMON\" width=\"300\" height=\"168\" srcset=\"https:\/\/surmedicalisation.fr\/blog\/WordPress3\/wp-content\/uploads\/2014\/05\/Sc\u00e9nario_mise_en_oeuvre_liste_restreinte_m\u00e9dicaments_essentiels_JCL_SALOMON-300x168.jpg 300w, https:\/\/surmedicalisation.fr\/blog\/WordPress3\/wp-content\/uploads\/2014\/05\/Sc\u00e9nario_mise_en_oeuvre_liste_restreinte_m\u00e9dicaments_essentiels_JCL_SALOMON-1024x576.jpg 1024w, https:\/\/surmedicalisation.fr\/blog\/WordPress3\/wp-content\/uploads\/2014\/05\/Sc\u00e9nario_mise_en_oeuvre_liste_restreinte_m\u00e9dicaments_essentiels_JCL_SALOMON.jpg 1504w\" sizes=\"(max-width: 300px) 100vw, 300px\" \/><\/a><\/h6>\n","protected":false},"excerpt":{"rendered":"<p>Atelier N\u00b0 6 \u00ab m\u00e9dicaments essentiels \u00bb &nbsp; Mod\u00e9rateurs : Michel Thomas et Michel Dor\u00e9 Sommaire de l&rsquo;atelier N\u00b06\u00a0 Cliquer sur les liens pour naviguer dans la page Michel Thomas &#8211; \u00ab\u00a0Les m\u00e9dicaments essentiels dans les BRICS et les pays &hellip; <a href=\"https:\/\/surmedicalisation.fr\/?page_id=3022\">Continuer la lecture <span class=\"meta-nav\">&rarr;<\/span><\/a><\/p>\n","protected":false},"author":1,"featured_media":0,"parent":2958,"menu_order":7,"comment_status":"open","ping_status":"open","template":"","meta":[],"_links":{"self":[{"href":"https:\/\/surmedicalisation.fr\/index.php?rest_route=\/wp\/v2\/pages\/3022"}],"collection":[{"href":"https:\/\/surmedicalisation.fr\/index.php?rest_route=\/wp\/v2\/pages"}],"about":[{"href":"https:\/\/surmedicalisation.fr\/index.php?rest_route=\/wp\/v2\/types\/page"}],"author":[{"embeddable":true,"href":"https:\/\/surmedicalisation.fr\/index.php?rest_route=\/wp\/v2\/users\/1"}],"replies":[{"embeddable":true,"href":"https:\/\/surmedicalisation.fr\/index.php?rest_route=%2Fwp%2Fv2%2Fcomments&post=3022"}],"version-history":[{"count":27,"href":"https:\/\/surmedicalisation.fr\/index.php?rest_route=\/wp\/v2\/pages\/3022\/revisions"}],"predecessor-version":[{"id":3594,"href":"https:\/\/surmedicalisation.fr\/index.php?rest_route=\/wp\/v2\/pages\/3022\/revisions\/3594"}],"up":[{"embeddable":true,"href":"https:\/\/surmedicalisation.fr\/index.php?rest_route=\/wp\/v2\/pages\/2958"}],"wp:attachment":[{"href":"https:\/\/surmedicalisation.fr\/index.php?rest_route=%2Fwp%2Fv2%2Fmedia&parent=3022"}],"curies":[{"name":"wp","href":"https:\/\/api.w.org\/{rel}","templated":true}]}}