{"id":319,"date":"2013-05-06T23:18:26","date_gmt":"2013-05-06T21:18:26","guid":{"rendered":"http:\/\/surmedicalisation.fr\/?page_id=319"},"modified":"2020-03-20T10:58:08","modified_gmt":"2020-03-20T09:58:08","slug":"communique-de-presse-21052012","status":"publish","type":"page","link":"https:\/\/surmedicalisation.fr\/?page_id=319","title":{"rendered":"Communiqu\u00e9 de Presse &#8211; 21\/05\/2012"},"content":{"rendered":"<p><script type=\"text\/javascript\">\/\/ <![CDATA[ (function(i,s,o,g,r,a,m){i['GoogleAnalyticsObject']=r;i[r]=i[r]||function(){ (i[r].q=i[r].q||[]).push(arguments)},i[r].l=1*new Date();a=s.createElement(o), m=s.getElementsByTagName(o)[0];a.async=1;a.src=g;m.parentNode.insertBefore(a,m) })(window,document,'script','\/\/www.google-analytics.com\/analytics.js','ga'); ga('create', 'UA-40453293-1', 'surmedicalisation.fr'); ga('send', 'pageview'); \/\/ ]]><\/script><\/p>\n<h5><span style=\"color: #888888;\">Groupe d\u2019\u00e9tudes Princeps &#8211; SFTG &#8211; D\u00e9partement de M\u00e9decine G\u00e9n\u00e9rale de la Facult\u00e9 de M\u00e9decine de Bobigny<\/span><\/h5>\n<h4><b>La surm\u00e9dicalisation\u00a0: un dysfonctionnement majeur et syst\u00e9mique, \u00e0 haut risque pour la sant\u00e9 publique comme pour notre syst\u00e8me de soins<\/b><\/h4>\n<h4 style=\"text-align: justify;\"><b><i>La surm\u00e9dicalisation a envahi de nombreux champs du soin en donnant l\u2019illusion de progr\u00e8s diagnostics et th\u00e9rapeutiques \u00e0 une majorit\u00e9 de m\u00e9decins, soignants, patients et usagers qui n\u2019en ont souvent pas conscience. Dans nos pays d\u00e9velopp\u00e9s, surm\u00e9dicalisation et sous-m\u00e9dicalisation co-existent, touchant \u00e0 la fois des populations et des probl\u00e8mes de sant\u00e9, voire soci\u00e9taux, diff\u00e9rents.\u00a0 L\u2019ensemble des acteurs doit se ressaisir avant que notre syst\u00e8me solidaire de sant\u00e9 ne soit englouti par tant d\u2019exc\u00e8s. Il y a urgence \u00e0 d\u00e9velopper l\u2019esprit critique chez l\u2019ensemble des acteurs afin que changent les pratiques en vue d\u2019une m\u00e9decine raisonn\u00e9e et d\u2019un usage rationnel des moyens, m\u00e9dicamenteux et autres.<\/i><\/b><\/h4>\n<h4 style=\"text-align: justify;\">La <b>pertinence des actes m\u00e9dicaux<\/b> doit \u00eatre le crit\u00e8re primordial, fond\u00e9 sur une \u00e9valuation ind\u00e9pendante et rigoureuse des b\u00e9n\u00e9fices cliniques pour le patient, sur la qualit\u00e9 des r\u00e9sultats et non sur la quantit\u00e9 de moyens mis en \u0153uvre, et prenant en compte les rapports b\u00e9n\u00e9fices\/risques et co\u00fbt\/efficacit\u00e9.<\/h4>\n<p style=\"text-align: justify;\"><i>C\u2019est dans cet esprit critique qu\u2019a eu lieu, les 27 et 28 avril \u00e0 la Facult\u00e9 de M\u00e9decine de Bobigny, le colloque \u00ab Surm\u00e9dicalisation, surdiagnostics, surtraitements\u00a0\u00bb, organis\u00e9 par le groupe Princeps, la Soci\u00e9t\u00e9 de Formation Th\u00e9rapeutique du G\u00e9n\u00e9raliste (SFTG) et le <\/i><i>D\u00e9partement de M\u00e9decine G\u00e9n\u00e9rale de la Facult\u00e9 de M\u00e9decine de Bobigny. Malgr\u00e9 une conjoncture charg\u00e9e (\u00e9lections, vacances scolaires\u2026), une centaine de professionnels de sant\u00e9, d\u2019universitaires des sciences sociales et d\u2019usagers ont d\u00e9battu durant ces deux journ\u00e9es, o\u00f9 24 communications ont \u00e9t\u00e9 pr\u00e9sent\u00e9es dans six ateliers et analys\u00e9es lors des pl\u00e9ni\u00e8res.<\/i><\/p>\n<h4 style=\"text-align: justify;\">Les d\u00e9bats ont permis de d\u00e9gager un certain consensus autour de l\u2019hypoth\u00e8se de d\u00e9part\u00a0: plus de soins ne produisent pas plus de sant\u00e9, et\u00a0trop de soins peuvent \u00eatre nuisibles, cr\u00e9er des confusions entre le superflu et les soins n\u00e9cessaires et utiles. Les exc\u00e8s occultent le ph\u00e9nom\u00e8ne contraire\u00a0en apparence: la <b>sous-m\u00e9dicalisation<\/b>, li\u00e9e \u00e0 une distribution inad\u00e9quate des ressources, \u00e0 l\u2019acc\u00e8s in\u00e9gal aux soins, \u00e0 la pr\u00e9carit\u00e9 et \u00e0 d\u2019autres in\u00e9galit\u00e9s socio-\u00e9conomiques.<\/h4>\n<h4 style=\"text-align: justify;\">La perception de la <strong>surm\u00e9dicalisation<\/strong> est d\u00e9form\u00e9e \u00e0 cause de son assimilation \u00e0 une intention de gestion purement comptable de la sant\u00e9. Le colloque a contribu\u00e9 \u00e0 une red\u00e9finition de son champ s\u00e9mantique, \u00e0 une mise en \u00e9vidence de ses causes, de ses formes et cons\u00e9quences. <strong>Une r\u00e9flexion sur toutes les dimensions de la surm\u00e9dicalisation<\/strong> permet d\u2019envisager des solutions \u2013 telles que <strong>les m\u00e9dicaments essentiels,<\/strong> la red\u00e9finition de la place des soins primaires et de la r\u00e9mun\u00e9ration des professionnels de sant\u00e9, le d\u00e9veloppement de l\u2019esprit critique des usagers\u2026<\/h4>\n<h4 style=\"text-align: justify;\">Cette r\u00e9flexion con\u00e7ue comme un chantier ouvert permet de construire des <b>cat\u00e9gories explicatives \u00e0 l\u2019usage de l\u2019ensemble des citoyens<\/b>, pour que ces questions \u00e9mergentes dans le d\u00e9bat scientifique et pr\u00e9sentes sous forme confuse ou timide dans le d\u00e9bat social se cristallisent dans une critique m\u00e9thodique \u00e0 tous les niveaux et aboutissent \u00e0 une red\u00e9finition des pratiques et des mentalit\u00e9s.<\/h4>\n<h4 style=\"text-align: justify;\"><span style=\"text-decoration: underline;\">Cela passe par la mise en \u00e9vidence de toutes les collusions, de tous les int\u00e9r\u00eats industriels et corporatistes du complexe m\u00e9dico-industriel, qui cr\u00e9ent de la d\u00e9sinformation, des biais, des influences sur les prescripteurs et les patients, entretenus par un matraquage publicitaire qui renforce le cercle vicieux du consum\u00e9risme des patients et de l\u2019offre m\u00e9dicale, in\u00e9galement r\u00e9partie et sans rapport avec les besoins r\u00e9els de soins, qui cr\u00e9e la demande.<\/span><\/h4>\n<h4 style=\"text-align: justify;\">Il faut s\u2019opposer au d\u00e9voiement de la fonction sociale de la m\u00e9decine, tel qu\u2019on le voit avec une <b>m\u00e9decine pr\u00e9ventive<\/b> (assimil\u00e9e \u00e0 la pr\u00e9vention pharmacologique, au lieu d\u2019une modification des modes de vie et des comportements \u00e0 risque), une <b>m\u00e9decine pr\u00e9dictive <\/b>(par le tout g\u00e9n\u00e9tique) et une <b>m\u00e9decine prescriptive <\/b>(au sens \u00e9thique du terme, o\u00f9 le m\u00e9decin formulerait des pr\u00e9ceptes moraux et des normes m\u00e9dicales qui deviennent des normes sociales). <span style=\"text-decoration: underline;\">Il faut contrecarrer la m\u00e9dicalisation de tous les aspects de la vie et des \u00e9tats physiologiques, la m\u00e9dicalisation du mal-\u00eatre socio-\u00e9conomique, qui tend \u00e0 occulter des tares syst\u00e9miques sur lesquelles l\u2019individu n\u2019a aucune prise.<\/span> <strong>Tout en d\u00e9non\u00e7ant la sous-m\u00e9dicalisation partout o\u00f9 elle existe.<\/strong><\/h4>\n<h4 style=\"text-align: justify;\">Les premiers \u00e9l\u00e9ments de ce d\u00e9bat, qui n\u2019est qu\u2019un d\u00e9but et ne pr\u00e9tend pas apporter des r\u00e9ponses d\u00e9finitives, seront accessibles sur le site de la SFTG, en attendant la construction d\u2019un site sp\u00e9cifique. L\u2019\u00e9laboration d\u2019une plateforme de d\u00e9bats, d\u2019\u00e9tudes et de recherches est en cours et de nouveaux rendez-vous, en perspective.<\/h4>\n<h4><b>Contact<\/b>\u00a0: Dr Jean-Claude Salomon\u00a0\u00a0 <a href=\"mailto:jcsalomon@tribunes.com\">jcsalomon@tribunes.com<\/a><\/h4>\n<h4 style=\"text-align: justify;\"><b>Comit\u00e9 d\u2019organisation du colloque \u00ab\u00a0Surm\u00e9dicalisation, surdiagnostics, surtraitements\u00a0\u00bb<\/b><b><i>\u00a0: <\/i><\/b><span style=\"color: #888888;\"><i><br \/>\nLe groupe d\u2019\u00e9tudes Princeps est constitu\u00e9 de\u00a0: Dr Jean-Claude SALOMON, M\u00e9decin, ancien chercheur en immunologie du Cancer\u00a0; Pr Michel THOMAS, M\u00e9decin interniste, ancien chef de service\u00a0; Dr Omar BRIXI, M\u00e9decin de Sant\u00e9 Publique, Consultant\u00a0; Dr Fran\u00e7ois PESTY, Pharmacien et Consultant, Mme Elena PASCA, Philosophe et sociologue, Cr\u00e9atrice du blog Pharmacritique &#8211; La SFTG est repr\u00e9sent\u00e9e par le Dr Alain SIARY, M\u00e9decin g\u00e9n\u00e9raliste et enseignant en M\u00e9decine G\u00e9n\u00e9rale\u00a0; La Facult\u00e9 de M\u00e9decine de Bobigny est repr\u00e9sent\u00e9e par le Dr Michel DOR\u00c9, M\u00e9decin et Directeur du d\u00e9partement de M\u00e9decine G\u00e9n\u00e9rale.<\/i><\/span><\/h4>\n<h4><\/h4>\n<h4>T\u00e9l\u00e9charger le communiqu\u00e9 de presse du 21\/05\/2012 : <a href=\"http:\/\/surmedicalisation.fr\/blog\/WordPress3\/wp-content\/uploads\/2013\/05\/Princeps-CP_Surm%C3%A9dicalisation_21-05-2012.pdf\" target=\"_blank\" rel=\"noopener noreferrer\">ici<\/a><\/h4>\n<h4><\/h4>\n","protected":false},"excerpt":{"rendered":"<p>Groupe d\u2019\u00e9tudes Princeps &#8211; SFTG &#8211; D\u00e9partement de M\u00e9decine G\u00e9n\u00e9rale de la Facult\u00e9 de M\u00e9decine de Bobigny La surm\u00e9dicalisation\u00a0: un dysfonctionnement majeur et syst\u00e9mique, \u00e0 haut risque pour la sant\u00e9 publique comme pour notre syst\u00e8me de soins La surm\u00e9dicalisation a &hellip; <a href=\"https:\/\/surmedicalisation.fr\/?page_id=319\">Continuer la lecture <span class=\"meta-nav\">&rarr;<\/span><\/a><\/p>\n","protected":false},"author":1,"featured_media":0,"parent":317,"menu_order":5,"comment_status":"open","ping_status":"open","template":"","meta":[],"_links":{"self":[{"href":"https:\/\/surmedicalisation.fr\/index.php?rest_route=\/wp\/v2\/pages\/319"}],"collection":[{"href":"https:\/\/surmedicalisation.fr\/index.php?rest_route=\/wp\/v2\/pages"}],"about":[{"href":"https:\/\/surmedicalisation.fr\/index.php?rest_route=\/wp\/v2\/types\/page"}],"author":[{"embeddable":true,"href":"https:\/\/surmedicalisation.fr\/index.php?rest_route=\/wp\/v2\/users\/1"}],"replies":[{"embeddable":true,"href":"https:\/\/surmedicalisation.fr\/index.php?rest_route=%2Fwp%2Fv2%2Fcomments&post=319"}],"version-history":[{"count":17,"href":"https:\/\/surmedicalisation.fr\/index.php?rest_route=\/wp\/v2\/pages\/319\/revisions"}],"predecessor-version":[{"id":6222,"href":"https:\/\/surmedicalisation.fr\/index.php?rest_route=\/wp\/v2\/pages\/319\/revisions\/6222"}],"up":[{"embeddable":true,"href":"https:\/\/surmedicalisation.fr\/index.php?rest_route=\/wp\/v2\/pages\/317"}],"wp:attachment":[{"href":"https:\/\/surmedicalisation.fr\/index.php?rest_route=%2Fwp%2Fv2%2Fmedia&parent=319"}],"curies":[{"name":"wp","href":"https:\/\/api.w.org\/{rel}","templated":true}]}}