{"id":333,"date":"2013-05-15T10:30:35","date_gmt":"2013-05-15T08:30:35","guid":{"rendered":"http:\/\/surmedicalisation.fr\/?page_id=333"},"modified":"2015-12-30T17:41:37","modified_gmt":"2015-12-30T16:41:37","slug":"atelier-n1","status":"publish","type":"page","link":"https:\/\/surmedicalisation.fr\/?page_id=333","title":{"rendered":"Atelier N\u00b01 &#8211; Colloque 2012"},"content":{"rendered":"<p><script type=\"text\/javascript\">\/\/ <![CDATA[\n(function(i,s,o,g,r,a,m){i['GoogleAnalyticsObject']=r;i[r]=i[r]||function(){ (i[r].q=i[r].q||[]).push(arguments)},i[r].l=1*new Date();a=s.createElement(o), m=s.getElementsByTagName(o)[0];a.async=1;a.src=g;m.parentNode.insertBefore(a,m) })(window,document,'script','\/\/www.google-analytics.com\/analytics.js','ga'); ga('create', 'UA-40453293-1', 'surmedicalisation.fr'); ga('send', 'pageview');\n\/\/ ]]><\/script><\/p>\n<h2>\u00a027 avril, matin.<\/h2>\n<h1><span style=\"color: #3366ff;\">Surm\u00e9dicalisation, mythe ou r\u00e9alit\u00e9<\/span><\/h1>\n<h3><strong>Mod\u00e9rateur : Jean-Claude Salomon<\/strong><\/h3>\n<h3><em>Introduction\u00a0 Jean Claude Salomon<\/em><\/h3>\n<p><a href=\"http:\/\/surmedicalisation.fr\/blog\/WordPress3\/wp-content\/uploads\/2013\/05\/270420121914.jpg\"><img loading=\"lazy\" class=\"aligncenter size-medium wp-image-477\" src=\"http:\/\/surmedicalisation.fr\/blog\/WordPress3\/wp-content\/uploads\/2013\/05\/270420121914-300x225.jpg\" alt=\"270420121914\" width=\"300\" height=\"225\" srcset=\"https:\/\/surmedicalisation.fr\/blog\/WordPress3\/wp-content\/uploads\/2013\/05\/270420121914-300x225.jpg 300w, https:\/\/surmedicalisation.fr\/blog\/WordPress3\/wp-content\/uploads\/2013\/05\/270420121914-1024x768.jpg 1024w, https:\/\/surmedicalisation.fr\/blog\/WordPress3\/wp-content\/uploads\/2013\/05\/270420121914.jpg 1600w\" sizes=\"(max-width: 300px) 100vw, 300px\" \/><\/a><\/p>\n<h4 style=\"text-align: justify;\"><strong><em>Quelles hypoth\u00e8ses peuvent \u00eatre explor\u00e9es :<\/em><\/strong><\/h4>\n<h4 style=\"text-align: justify;\">La surm\u00e9dicalisation est une tendance lourde associ\u00e9e au mouvement m\u00e9dical.<\/h4>\n<p style=\"text-align: justify;\">La surm\u00e9dicalisation fait progressivement obstacle au progr\u00e8s m\u00e9dical et entrave le fonctionnement de l&rsquo;action sanitaire et m\u00e9dicale.<\/p>\n<p style=\"text-align: justify;\">La surm\u00e9dicalisation r\u00e9sulte de l&rsquo;obligation de moyens plut\u00f4t que de l&rsquo;obligation de r\u00e9sultats. Elle d\u00e9tourne les moyens de leurs fins.<\/p>\n<p style=\"text-align: justify;\">La surm\u00e9dicalisation coexiste avec la sous-m\u00e9dicalisation et avec<strong> les in\u00e9galit\u00e9s de sant\u00e9<\/strong>, sans parvenir \u00e0 les r\u00e9duire<\/p>\n<h4 style=\"text-align: justify;\"><em><strong>Quelles questions peuvent avoir des r\u00e9ponses :<\/strong><\/em><\/h4>\n<h4 style=\"text-align: justify;\">Quel rapport y a-t-il entre la surm\u00e9dicalisation et la marchandisation de la sant\u00e9 ?<\/h4>\n<h4 style=\"text-align: justify;\">La d\u00e9marcation entre le normal et le pathologique s&rsquo;est-elle d\u00e9plac\u00e9e ?<\/h4>\n<h4 style=\"text-align: justify;\"><strong>La m\u00e9dicalisation des probl\u00e8mes sociaux<\/strong> est-elle extensive ?<\/h4>\n<h4 style=\"text-align: justify;\">Comment la surm\u00e9dicalisation est-elle ressentie par les citoyens, par les institutions, par les professionnels ?<\/h4>\n<h4 style=\"text-align: justify;\">Quels dysfonctionnements provoque-t-elle ?<\/h4>\n<h4 style=\"text-align: justify;\">Que peut-on mesurer avec m\u00e9thode et rigueur ?<\/h4>\n<h4 style=\"text-align: justify;\">Quelles cat\u00e9gories professionnelles sont concern\u00e9es : \u00c9pid\u00e9miologistes, \u00e9conomistes, d\u00e9mographes, g\u00e9ographes etc. (IRDES,DRESS). Situation compar\u00e9e entre pays et entre r\u00e9gions.<\/h4>\n<h4 style=\"text-align: justify;\"><strong>La surm\u00e9dicalisation, les surdiagnostics et les surtraitements<\/strong> sont-ils seulement l&rsquo;expression du consum\u00e9risme ordinaire commun \u00e0 tous les pays industrialis\u00e9s?<\/h4>\n<h4 style=\"text-align: justify;\">La surm\u00e9dicalisation est-elle un dysfonctionnement du syst\u00e8me de sant\u00e9 ?<\/h4>\n<h4>A qui ces ph\u00e9nom\u00e8nes profitent-ils ?<\/h4>\n<ul>\n<li>\n<h5 style=\"text-align: justify;\">Aux patients (malades et non malades)<\/h5>\n<\/li>\n<li>\n<h5 style=\"text-align: justify;\">Aux professionnels<\/h5>\n<\/li>\n<li style=\"text-align: justify;\">\n<h5>Au march\u00e9 et aux vendeurs de produits et de service<\/h5>\n<\/li>\n<li>\n<h5 style=\"text-align: justify;\">Aux institutions<\/h5>\n<\/li>\n<\/ul>\n<h4 style=\"text-align: justify;\"><strong>Surm\u00e9dicalisation et sous m\u00e9dicalisation<\/strong> : <span style=\"text-decoration: underline;\">2 revers de la m\u00eame m\u00e9daille ou expression des in\u00e9galit\u00e9s de sant\u00e9 ?<\/span><\/h4>\n<h4 style=\"text-align: justify;\">La surm\u00e9dicalisation peut elle \u00eatre une r\u00e9ponse adaptative ?<\/h4>\n<h4><strong>La pr\u00e9vention quaternaire<\/strong> permet-elle de r\u00e9duire la surm\u00e9dicalisation ?<\/h4>\n<h4>L&rsquo;orientation vers les actes, les examens et les produits<strong> essentiels.<\/strong><\/h4>\n<hr \/>\n<p>&nbsp;<\/p>\n<h3><span style=\"color: #000000;\"><strong>Sylvie Fainzang<\/strong> <\/span><\/h3>\n<h3 style=\"text-align: justify;\"><span style=\"text-decoration: underline;\"><span style=\"color: #888888;\"><em>La surm\u00e9dicalisation, entre m\u00e9decins et malades<\/em><\/span><\/span><\/h3>\n<h4 style=\"text-align: justify;\">En mettant la surm\u00e9dicalisation en perspective avec les r\u00e9actions de r\u00e9sistance qu&rsquo;elle engendre chez les patients et les diagnostics auxquels ces derniers se livrent dans le cadre de l&rsquo;autom\u00e9dication, on montrera que <span style=\"text-decoration: underline;\">les individus ne sont pas les simples objets, passifs, de la surm\u00e9dicalisation puisqu&rsquo;ils peuvent y \u00eatre r\u00e9fractaires, ou au contraire en \u00eatre les auteurs<\/span>. Dans ces deux cas, <strong>la surm\u00e9dicalisation va de pair avec une sous-m\u00e9dicalisation,<\/strong> par un effet de s\u00e9lection des sympt\u00f4mes m\u00e9dicalis\u00e9s.<\/h4>\n<h3><\/h3>\n<h3><strong><span style=\"color: #000000;\">Jacques Birg\u00e9\u00a0<\/span><\/strong><\/h3>\n<h3><span style=\"text-decoration: underline;\"><span style=\"color: #808080;\"><em>La non prescription en m\u00e9decine g\u00e9n\u00e9rale : enqu\u00eate de pratiques chez les ma\u00eetres de stage et stagiaires SASPAS lorrains<\/em><\/span><\/span><\/h3>\n<h4 style=\"text-align: justify;\"><em><strong>Hypoth\u00e8ses :<\/strong> <\/em>Il existe une dispersion de pratiques en terme de prescription ou de non-prescription. Un nombre non n\u00e9gligeable de m\u00e9decins s&rsquo;abstienne de prescrire, quand cela ne met pas en cause la qualit\u00e9 des soins.<\/h4>\n<h4 style=\"text-align: justify;\"><em><strong>M\u00e9thodes :<\/strong><\/em> Enqu\u00eate de pratiques, prospective.<\/h4>\n<h4 style=\"text-align: justify;\"><em><strong>R\u00e9sultats :<\/strong> <\/em>Dispersion de non-prescription : 0 \u00e0 34%<\/h4>\n<h4 style=\"text-align: justify;\"><em><strong>Conclusions<\/strong><\/em><strong> :<\/strong> Hypoth\u00e8se valid\u00e9e, la non-prescription est une pratique r\u00e9alisable et accept\u00e9e que l&rsquo;ont peut promouvoir en France. Ceci vaut aussi bien pour les m\u00e9dicaments que pour les examens compl\u00e9mentaires .<\/h4>\n<h6 style=\"text-align: center;\"><span style=\"font-size: small; color: #008000;\">Cliquer sur l&rsquo;image pour ouvrir la pr\u00e9sentation<\/span><\/h6>\n<p style=\"text-align: center;\"><a href=\"http:\/\/surmedicalisation.fr\/blog\/WordPress3\/wp-content\/uploads\/2013\/05\/La-non-prescription-en-m\u00e9decine-g\u00e9n\u00e9rale.pdf\" target=\"_blank\"><img loading=\"lazy\" class=\"aligncenter size-medium wp-image-416\" style=\"border: 2px solid black;\" title=\"La non prescription en m\u00e9decine g\u00e9n\u00e9rale\" src=\"http:\/\/surmedicalisation.fr\/blog\/WordPress3\/wp-content\/uploads\/2013\/05\/La-non-prescription-en-medecine-g\u00e9n\u00e9rale-300x222.jpg\" alt=\"La non prescription en m\u00e9decine g\u00e9n\u00e9rale\" width=\"300\" height=\"222\" srcset=\"https:\/\/surmedicalisation.fr\/blog\/WordPress3\/wp-content\/uploads\/2013\/05\/La-non-prescription-en-medecine-g\u00e9n\u00e9rale-300x222.jpg 300w, https:\/\/surmedicalisation.fr\/blog\/WordPress3\/wp-content\/uploads\/2013\/05\/La-non-prescription-en-medecine-g\u00e9n\u00e9rale.jpg 1011w\" sizes=\"(max-width: 300px) 100vw, 300px\" \/><\/a><\/p>\n<h3 style=\"text-align: center;\">R\u00e9sum\u00e9 du diaporama de Jacques Birg\u00e9 : <a title=\"La non prescription en m\u00e9decine g\u00e9n\u00e9rale\" href=\"http:\/\/surmedicalisation.fr\/blog\/WordPress3\/wp-content\/uploads\/2013\/05\/r\u00e9sum\u00e9-Birg\u00e9-atelier-1.docx\" target=\"_blank\">cliquer sur le lien<\/a><\/h3>\n<p>&nbsp;<\/p>\n<h3><strong>Bernard Junod et Bernard Duperray<br \/>\n<\/strong><\/h3>\n<h3><span style=\"text-decoration: underline;\"><span style=\"color: #808080;\"><em>D\u00e9pistage du cancer\u00a0: le mod\u00e8le de pr\u00e9vention contredit par les faits.<\/em><\/span><\/span><\/h3>\n<h4 style=\"text-align: justify;\"><strong>La justification du d\u00e9pistage proc\u00e8de d&rsquo;un mythe<\/strong> : le mod\u00e8le lin\u00e9aire de l&rsquo;histoire naturelle du cancer. La confiance des m\u00e9decins dans la valeur pronostique de l&rsquo;examen au microscope d&rsquo;un pr\u00e9l\u00e8vement de l\u00e9sions suspectes a renforc\u00e9 la perception d&rsquo;efficacit\u00e9 de la destruction des cancers diagnostiqu\u00e9s t\u00f4t. Morbidit\u00e9 et mortalit\u00e9 cons\u00e9cutives au d\u00e9pistage de masse prouvent aujourd&rsquo;hui que le surdiagnostic &#8211; confusion entre maladie canc\u00e9reuse et \u00ab\u00a0cancer\u00a0\u00bb qui n&rsquo;aurait pas eu de cons\u00e9quence sur la sant\u00e9 &#8211; a illusionn\u00e9 soignants et patients. <strong>Contrairement aux espoirs suscit\u00e9s par l&rsquo;extension du d\u00e9pistage organis\u00e9, l&rsquo;incidence des cancers ne recule pas<\/strong> . Le fronti\u00e8re entre le normal et le pathologique est un th\u00e8me de recherche trop n\u00e9glig\u00e9 en canc\u00e9rologie mammaire.<\/h4>\n<h3 style=\"text-align: center;\"><span style=\"font-size: small; color: #008000;\">Cliquer sur l&rsquo;image pour ouvrir la pr\u00e9sentation<\/span><strong><br \/>\n<\/strong><\/h3>\n<p style=\"text-align: center;\"><a href=\"http:\/\/surmedicalisation.fr\/blog\/WordPress3\/wp-content\/uploads\/2013\/05\/DuperrayJunod-kc-sein-atelier-1.pdf\" target=\"_blank\"><img loading=\"lazy\" class=\"size-medium wp-image-432 aligncenter\" style=\"border: 2px solid black;\" title=\"Le cancer : une image ?\" src=\"http:\/\/surmedicalisation.fr\/blog\/WordPress3\/wp-content\/uploads\/2013\/05\/d\u00e9pistage-du-cancer.Duperray-300x224.jpg\" alt=\"d\u00e9pistage du cancer.Duperray\" width=\"300\" height=\"224\" srcset=\"https:\/\/surmedicalisation.fr\/blog\/WordPress3\/wp-content\/uploads\/2013\/05\/d\u00e9pistage-du-cancer.Duperray-300x224.jpg 300w, https:\/\/surmedicalisation.fr\/blog\/WordPress3\/wp-content\/uploads\/2013\/05\/d\u00e9pistage-du-cancer.Duperray.jpg 1003w\" sizes=\"(max-width: 300px) 100vw, 300px\" \/><\/a><\/p>\n<h3 style=\"text-align: center;\">R\u00e9sum\u00e9 du diaporama de Bernard Junod : <a title=\"D\u00e9pistage du cancer: le mod\u00e8le de pr\u00e9vention contredit par les faits\" href=\"http:\/\/surmedicalisation.fr\/blog\/WordPress3\/wp-content\/uploads\/2013\/05\/D\u00e9pistage-du-cancer-R\u00e9sum\u00e9-diapo-B-Junod.pdf\" target=\"_blank\">cliquer sur le lien<\/a><\/h3>\n<h3><strong>Antoine Etienne<\/strong><\/h3>\n<h3><span style=\"text-decoration: underline;\"><span style=\"color: #808080;\"><em>Surm\u00e9dicalisation ou contre-productivit\u00e9 : un regard contemporain sur Ivan Illich.<\/em><\/span><\/span><\/h3>\n<h4 style=\"text-align: justify;\">Ivan Illich commen\u00e7ait <em><span style=\"text-decoration: underline;\">N\u00e9m\u00e9sis m\u00e9dicale, l&rsquo;expropriation de la sant\u00e9<\/span>, <\/em>par ces mots : \u00ab\u00a0L&rsquo;entreprise m\u00e9dicale menace la sant\u00e9\u00a0\u00bb.\u00a0<a href=\"http:\/\/www.monde-diplomatique.fr\/1999\/03\/ILLICH\/11802\" target=\"_blank\"> <em><span style=\"color: #0000ff;\">Article du \u00ab\u00a0Monde diplomatique\u00a0\u00bb<\/span><\/em><\/a><\/h4>\n<h4 style=\"text-align: justify;\">Il analysait l&rsquo;effet paradoxal de cette m\u00e9decine en plein essor, qu&rsquo;il divisait en trois formes de iatrog\u00e9n\u00e8se : clinique, structurelle et sociale.<\/h4>\n<h4 style=\"text-align: justify;\">Nous nous demanderons si ce livre pol\u00e9mique publi\u00e9 en 1976 reste d&rsquo;actualit\u00e9. La surm\u00e9dicalisation n&rsquo;\u00e9tant actuellement envisag\u00e9e que sous son aspect de iatrog\u00e9n\u00e8se clinique, il nous faudra donc nous int\u00e9rroger sur ses aspects structuraux et sociaux .<\/h4>\n<h3 style=\"text-align: center;\"><span style=\"font-size: small; color: #008000;\">Cliquer sur l&rsquo;image pour ouvrir la pr\u00e9sentation<\/span><\/h3>\n<p style=\"text-align: center;\"><span style=\"color: #008000;\"><a href=\"http:\/\/surmedicalisation.fr\/blog\/WordPress3\/wp-content\/uploads\/2013\/05\/Etienne-Antoine-atelier-1.pdf\" target=\"_blank\"><span style=\"color: #008000;\"><img loading=\"lazy\" class=\"aligncenter size-medium wp-image-460\" style=\"border: 2px solid black;\" title=\"Surm\u00e9dicalisation ou contre productivit\u00e9\" src=\"http:\/\/surmedicalisation.fr\/blog\/WordPress3\/wp-content\/uploads\/2013\/05\/surmedicalisation-ou-contre-productivit\u00e9-300x226.jpg\" alt=\"surmedicalisation ou contre-productivit\u00e9\" width=\"300\" height=\"226\" srcset=\"https:\/\/surmedicalisation.fr\/blog\/WordPress3\/wp-content\/uploads\/2013\/05\/surmedicalisation-ou-contre-productivit\u00e9-300x226.jpg 300w, https:\/\/surmedicalisation.fr\/blog\/WordPress3\/wp-content\/uploads\/2013\/05\/surmedicalisation-ou-contre-productivit\u00e9.jpg 1004w\" sizes=\"(max-width: 300px) 100vw, 300px\" \/><\/span><\/a><\/span><\/p>\n<h4><em><strong>D\u00e9bat et synth\u00e8se de l&rsquo;atelier :<\/strong><\/em><\/h4>\n<h4 style=\"text-align: justify;\">Il est clair que les hypoth\u00e8ses et les questions formul\u00e9es en introduction n&rsquo;ont pas de r\u00e9ponse apr\u00e8s la pr\u00e9sentation des communications. Elles ne pouvaient en avoir, sinon de fa\u00e7on partielle. En partant des exp\u00e9riences et des observations rapport\u00e9es, il n&rsquo;est possible par induction de parvenir \u00e0 la vision g\u00e9n\u00e9rale de la surm\u00e9dicalisation que de fa\u00e7on progressive, par accumulation de r\u00e9sultats. Cet atelier ne pouvait pr\u00e9tendre \u00e0 plus. Toutefois il est important que l&rsquo;exploration de ce ph\u00e9nom\u00e8ne ait \u00e9t\u00e9 amorc\u00e9e. En ce sens le but recherch\u00e9 a \u00e9t\u00e9 atteint. Il semble vain de d\u00e9noncer le consum\u00e9risme des patients ou les prescriptions abusives des m\u00e9decins si on n&rsquo;est pas capable de mesurer ce que l&rsquo;on explore. L&rsquo;\u00e9conomie et la politique de sant\u00e9 ne peuvent \u00eatre \u00e9vacu\u00e9es ou \u00eatre fond\u00e9es sur des affirmations ou sur de simples intuitions. Alors que la m\u00e9decine tente de se reb\u00e2tir sur des preuves scientifiques (Evidence Based Medecine &#8211; <a href=\"http:\/\/www.ebm.lib.ulg.ac.be\/prostate\/ebm.htm\" target=\"_blank\">EBM<\/a>), l&rsquo;\u00e9conomie et la politique de sant\u00e9 doivent se construire sur des preuves d&rsquo;une autre nature, mais aussi rigoureuses, pour enlever la conviction et aider \u00e0 prendre des d\u00e9cisions. (Evidence Based Policy &#8211; EBP) <span style=\"color: #0000ff;\"><a href=\"http:\/\/surmedicalisation.fr\/blog\/WordPress3\/wp-content\/uploads\/2013\/05\/EBP.pdf\" target=\"_blank\">EBP Article de presse.<br \/>\n<\/a><\/span><\/h4>\n<h4 style=\"text-align: justify;\">On con\u00e7oit que cette d\u00e9marche soit entour\u00e9e d&rsquo;un bruit de fond qu&rsquo;il faut m\u00e9thodiquement att\u00e9nuer. Bien d&rsquo;autres questions devront faire l&rsquo;objet d&rsquo;\u00e9tudes pour les ann\u00e9es \u00e0 venir .<\/h4>\n<h4>La surm\u00e9dicalisation peut-elle \u00eatre une r\u00e9ponse adaptative ?<\/h4>\n<h4>La pr\u00e9vention quaternaire permet-elle de r\u00e9duire la surm\u00e9dicalisation ?<\/h4>\n<h4>L&rsquo;orientation vers les actes, les examens et les produits essentiels est-elle illusoire ?<\/h4>\n<h4>Quels sont les avantages et les inconv\u00e9nients des normes de m\u00e9dicalisation et de bonnes pratiques.<\/h4>\n<h4 style=\"text-align: justify;\">La \u00ab\u00a0r\u00e8gle ou la norme\u00a0\u00bb doivent-elles r\u00e9sulter de d\u00e9marches simultan\u00e9es du terrain vers la conceptualisation (botton up) et l&rsquo;inverse (top down).<\/h4>\n<h4>Si la surm\u00e9dicalisation est bien r\u00e9elle, ses d\u00e9terminants peuvent-ils \u00eatre mieux analys\u00e9s ?<\/h4>\n<h4>Dans l&rsquo;affirmative sont-ils accessibles \u00e0 l&rsquo;action sanitaire et sociale ?<\/h4>\n<hr \/>\n<p>&nbsp;<\/p>\n<h3>Compte rendu de l&rsquo;atelier N\u00b01 :<a title=\"Surm\u00e9dicalisation, mythe ou r\u00e9alit\u00e9\" href=\"http:\/\/surmedicalisation.fr\/blog\/WordPress3\/wp-content\/uploads\/2013\/05\/CR-atelier-1-Salomon.pdf\" target=\"_blank\"> cliquer sur ce lien<\/a><\/h3>\n<h3>R\u00e9sum\u00e9 des principales interventions pendant les pl\u00e9ni\u00e8res : <a href=\"http:\/\/surmedicalisation.fr\/blog\/WordPress3\/wp-content\/uploads\/2013\/05\/coll-surm\u00e9d-verbatim-F-Pesty+additifs_E_Pasca_07-2012.pdf\" target=\"_blank\">cliquer sur le lien<\/a><\/h3>\n","protected":false},"excerpt":{"rendered":"<p>\u00a027 avril, matin. Surm\u00e9dicalisation, mythe ou r\u00e9alit\u00e9 Mod\u00e9rateur : Jean-Claude Salomon Introduction\u00a0 Jean Claude Salomon Quelles hypoth\u00e8ses peuvent \u00eatre explor\u00e9es : La surm\u00e9dicalisation est une tendance lourde associ\u00e9e au mouvement m\u00e9dical. La surm\u00e9dicalisation fait progressivement obstacle au progr\u00e8s m\u00e9dical et &hellip; <a href=\"https:\/\/surmedicalisation.fr\/?page_id=333\">Continuer la lecture <span class=\"meta-nav\">&rarr;<\/span><\/a><\/p>\n","protected":false},"author":9,"featured_media":0,"parent":120,"menu_order":1,"comment_status":"open","ping_status":"open","template":"","meta":[],"_links":{"self":[{"href":"https:\/\/surmedicalisation.fr\/index.php?rest_route=\/wp\/v2\/pages\/333"}],"collection":[{"href":"https:\/\/surmedicalisation.fr\/index.php?rest_route=\/wp\/v2\/pages"}],"about":[{"href":"https:\/\/surmedicalisation.fr\/index.php?rest_route=\/wp\/v2\/types\/page"}],"author":[{"embeddable":true,"href":"https:\/\/surmedicalisation.fr\/index.php?rest_route=\/wp\/v2\/users\/9"}],"replies":[{"embeddable":true,"href":"https:\/\/surmedicalisation.fr\/index.php?rest_route=%2Fwp%2Fv2%2Fcomments&post=333"}],"version-history":[{"count":135,"href":"https:\/\/surmedicalisation.fr\/index.php?rest_route=\/wp\/v2\/pages\/333\/revisions"}],"predecessor-version":[{"id":3685,"href":"https:\/\/surmedicalisation.fr\/index.php?rest_route=\/wp\/v2\/pages\/333\/revisions\/3685"}],"up":[{"embeddable":true,"href":"https:\/\/surmedicalisation.fr\/index.php?rest_route=\/wp\/v2\/pages\/120"}],"wp:attachment":[{"href":"https:\/\/surmedicalisation.fr\/index.php?rest_route=%2Fwp%2Fv2%2Fmedia&parent=333"}],"curies":[{"name":"wp","href":"https:\/\/api.w.org\/{rel}","templated":true}]}}