{"id":3782,"date":"2016-05-20T14:45:37","date_gmt":"2016-05-20T12:45:37","guid":{"rendered":"http:\/\/surmedicalisation.fr\/?page_id=3782"},"modified":"2016-09-26T09:41:53","modified_gmt":"2016-09-26T07:41:53","slug":"les-actes-colloque-2015","status":"publish","type":"page","link":"https:\/\/surmedicalisation.fr\/?page_id=3782","title":{"rendered":"Les Actes &#8211; Colloque 2015"},"content":{"rendered":"<p><script>\/\/ <![CDATA[ (function(i,s,o,g,r,a,m){i['GoogleAnalyticsObject']=r;i[r]=i[r]||function(){ (i[r].q=i[r].q||[]).push(arguments)},i[r].l=1*new Date();a=s.createElement(o), m=s.getElementsByTagName(o)[0];a.async=1;a.src=g;m.parentNode.insertBefore(a,m) })(window,document,'script','\/\/www.google-analytics.com\/analytics.js','ga'); ga('create', 'UA-40453293-1', 'surmedicalisation.fr'); ga('send', 'pageview'); \/\/ ]]><\/script><\/p>\n<h1>Colloque 2015<\/h1>\n<h2>Sur et sous m\u00e9dicalisation, surdiagnostics, surtraitements<\/h2>\n<h2>Facult\u00e9 de M\u00e9decine de Bobigny<\/h2>\n<h4 style=\"text-align: justify;\">Le groupe Princeps, le D\u00e9partement de M\u00e9decine G\u00e9n\u00e9rale de la facult\u00e9 de m\u00e9decine de Bobigny, la Soci\u00e9t\u00e9 de Formation \u00e0 la Th\u00e9rapeutique du G\u00e9n\u00e9raliste, l&rsquo;association Civic Sant\u00e9 sont heureux de vous pr\u00e9senter les actes du colloque qui s&rsquo;est tenu les vendredi 17 avril 2015, de 9h \u00e0 17h, et samedi 18 avril de 9h \u00e0 13h (Mise en ligne le 20 mai 2016).<\/h4>\n<hr \/>\n<h5 style=\"text-align: center;\"><span style=\"text-decoration: underline;\"><span style=\"color: #000000; text-decoration: underline;\">Cliquer sur les liens pour ouvrir les pages<\/span><\/span><\/h5>\n<h2 style=\"text-align: center;\"><a href=\"http:\/\/surmedicalisation.fr\/?page_id=3785#Atelier N\u00b01\" target=\"_blank\">Atelier N\u00b01<\/a><\/h2>\n<h3 style=\"text-align: center;\"><span style=\"color: #000000;\">D\u00e9di\u00e9 \u00e0 la m\u00e9moire du <a href=\"http:\/\/surmedicalisation.fr\/#Bernard JUNOD\" target=\"_blank\">Dr Bernard JUNOD<\/a><\/span><\/h3>\n<h1 style=\"text-align: center;\"><span style=\"color: #000000;\"><strong>\u00ab\u00a0Apports et exc\u00e8s de la m\u00e9decine pr\u00e9dictive et des d\u00e9pistages\u00a0\u00bb<\/strong><\/span><\/h1>\n<p>&nbsp;<\/p>\n<h2 style=\"text-align: center;\"><a href=\"http:\/\/surmedicalisation.fr\/?page_id=3785#Philippe RAVAUD\" target=\"_blank\"><span style=\"text-decoration: underline; color: #333333;\"><strong>Conf\u00e9rence introductive<\/strong><\/span><\/a><\/h2>\n<h1 style=\"text-align: center;\"><span style=\"color: #0000ff;\">\u00ab\u00a0M\u00e9decine personnalis\u00e9e\u00a0: mythes ou r\u00e9alit\u00e9\u00a0?\u00a0\u00bb<\/span><\/h1>\n<h3 style=\"text-align: center;\"><strong>Pr.<\/strong> <strong>Philippe RAVAUD<\/strong>, Centre Cochrane fran\u00e7ais, INSERM U1153, Universit\u00e9 Ren\u00e9 Descartes<\/h3>\n<p>&nbsp;<\/p>\n<p><span style=\"color: #ffffff;\">\u00a0&#8230;<\/span><\/p>\n<h3 style=\"text-align: center;\"><span style=\"background-color: #ffffff;\"><span style=\"color: #000000;\"><strong>Dr Bernard PABION<\/strong><\/span><br \/>\n<\/span><\/h3>\n<h3 style=\"text-align: center;\"><span style=\"text-decoration: underline;\"><span style=\"color: #0000ff;\"><em><a style=\"color: #0000ff; text-decoration: underline;\" href=\"http:\/\/surmedicalisation.fr\/?page_id=3785#Bernard PABION\" target=\"_blank\">\u00ab\u00a0Balance B\u00e9n\u00e9fices Risques du d\u00e9pistage organis\u00e9 par \u00a0mammographie en France\u00a0\u00bb<\/a><\/em><\/span><\/span><\/h3>\n<h3 style=\"text-align: center;\"><span style=\"color: #ffffff;\">&#8230;&#8230;<\/span><\/h3>\n<h3 style=\"text-align: center;\"><span style=\"color: #000000;\"><strong>Lionel POURTAU<\/strong><\/span><\/h3>\n<h3 style=\"text-align: center;\"><span style=\"text-decoration: underline; color: #0000ff;\"><a style=\"color: #0000ff;\" href=\"http:\/\/surmedicalisation.fr\/?page_id=3785#Lionel POURTAU\" target=\"_blank\"><em>\u00ab\u00a0Perception et repr\u00e9sentations d\u2019un nouvel outil de calcul du risque de cancer du sein\u00a0\u00bb<\/em><\/a><\/span><\/h3>\n<p>&nbsp;<\/p>\n<h3 style=\"text-align: center;\"><span style=\"color: #000000;\"><a style=\"color: #000000;\" href=\"http:\/\/surmedicalisation.fr\/?page_id=3785#Sous-Groupes\" target=\"_blank\"><strong>Travaux en sous-groupes<\/strong><\/a><\/span><\/h3>\n<p>&nbsp;<\/p>\n<hr \/>\n<h2 style=\"text-align: center;\"><a href=\"http:\/\/surmedicalisation.fr\/?page_id=3882#Atelier N\u00b02\" target=\"_blank\">Atelier N\u00b02<\/a><\/h2>\n<h1 style=\"text-align: center;\"><span style=\"color: #000000;\"><strong>\u00ab\u00a0Cons\u00e9quences des modes de r\u00e9mun\u00e9ration des professionnels de sant\u00e9 et des structures de soins sur la pertinence des soins\u00a0\u00bb<\/strong><\/span><\/h1>\n<h3 style=\"text-align: center;\"><\/h3>\n<p><span style=\"color: #ffffff;\">&#8230;<\/span><\/p>\n<h2 style=\"text-align: center;\"><span style=\"text-decoration: underline; color: #808080;\"><strong><a style=\"color: #808080;\" href=\"http:\/\/surmedicalisation.fr\/?page_id=3882#Dominique POLTON\" target=\"_blank\">Conf\u00e9rence introductive<\/a><\/strong><\/span><\/h2>\n<h1 style=\"text-align: center;\"><span style=\"color: #0000ff;\">\u00ab\u00a0Cons\u00e9quences des modes de r\u00e9mun\u00e9ration des professionnels de sant\u00e9 et des structures de soins sur la pertinence des soins\u00a0\u00bb<\/span><\/h1>\n<h1 style=\"text-align: center;\"><span style=\"color: #0000ff;\">\u00a0<\/span><\/h1>\n<h3 style=\"text-align: center;\"><strong>Mme Dominique POLTON<\/strong>, Conseill\u00e8re aupr\u00e8s du Directeur G\u00e9n\u00e9ral de la CNAMTS<\/h3>\n<p><span style=\"color: #ffffff;\">\u00a0&#8230;<\/span><\/p>\n<h3 style=\"text-align: center;\">\u00a0<span style=\"color: #000000;\"><strong>Omar BRIXI<\/strong><\/span><\/h3>\n<h3 style=\"text-align: center;\"><span style=\"color: #808080;\"><em><span style=\"text-decoration: underline;\"><span style=\"color: #0000ff;\"><a style=\"color: #0000ff;\" href=\"http:\/\/surmedicalisation.fr\/?page_id=3882#Omar BRIXI\" target=\"_blank\">Pr\u00e9sentation de l&rsquo;atelier<\/a><\/span><br \/>\n<\/span><\/em><\/span><\/h3>\n<p><span style=\"color: #ffffff;\">\u00a0&#8230;<\/span><\/p>\n<h3 style=\"text-align: center;\"><span style=\"background-color: #ffffff;\"><span style=\"color: #000000;\"><strong>Didier M\u00c9NARD<\/strong><\/span><br \/>\n<\/span><\/h3>\n<h3 style=\"text-align: center;\"><span style=\"text-decoration: underline; color: #0000ff;\"><a style=\"color: #0000ff;\" href=\"http:\/\/surmedicalisation.fr\/?page_id=3882#Didier MENARD\" target=\"_blank\"><em>\u00ab D\u00e9finir d&rsquo;abord le service, ensuite le mode de r\u00e9mun\u00e9ration\u00a0\u00bb<\/em><\/a><\/span><\/h3>\n<h3 style=\"text-align: center;\"><span style=\"color: #ffffff;\">&#8230;&#8230;<\/span><\/h3>\n<h3 style=\"text-align: center;\"><span style=\"color: #000000;\"><strong>L\u00e9a<\/strong> <strong>TOULEMON<\/strong><\/span><\/h3>\n<h3 style=\"text-align: center;\"><span style=\"text-decoration: underline; color: #0000ff;\"><a style=\"color: #0000ff;\" href=\"http:\/\/surmedicalisation.fr\/?page_id=3882#L\u00e9a TOULEMON\" target=\"_blank\"><em>\u00ab\u00a0D\u00e9m\u00e9nager vers un syst\u00e8me o\u00f9 l\u2019assurance maladie est<br \/>\nplus g\u00e9n\u00e9reuse augmente-t-il la consommation de soins de sant\u00e9 ? \u00bb<\/em><\/a><\/span><\/h3>\n<p>&nbsp;<\/p>\n<h3 style=\"text-align: center;\"><strong>Pierre DRIELSMA<\/strong><\/h3>\n<h3 style=\"text-align: center;\"><span style=\"text-decoration: underline; color: #0000ff;\"><a style=\"color: #0000ff;\" href=\"http:\/\/surmedicalisation.fr\/?page_id=3882#Pierre DRIELSMA\" target=\"_blank\"><em>\u00ab\u00a0Impact du changement de r\u00e9mun\u00e9ration sur les pratiques de soins et de sant\u00e9 ; impact sur les patients ; impact sur le positionnement des Maisons M\u00e9dicales, impact politique, obstacle et menace \u00bb<\/em><\/a><\/span><strong>\u00a0<\/strong><\/h3>\n<p>&nbsp;<\/p>\n<hr \/>\n<p>&nbsp;<\/p>\n<h2 style=\"text-align: center;\"><a href=\"http:\/\/surmedicalisation.fr\/?page_id=3923#Atelier N\u00b03\" target=\"_blank\">Atelier N\u00b03<\/a><\/h2>\n<h1 style=\"text-align: center;\"><span style=\"color: #0000ff;\"><em>M\u00e9dicaments essentiels, g\u00e9n\u00e9riques, m\u00e9dicaments co\u00fbteux<\/em><\/span><\/h1>\n<h3 style=\"text-align: center;\"><\/h3>\n<p>&nbsp;<\/p>\n<h2 style=\"text-align: center;\"><span style=\"text-decoration: underline; color: #333333;\"><strong><a style=\"color: #333333;\" href=\"http:\/\/surmedicalisation.fr\/?page_id=3923#Michel THOMAS\" target=\"_blank\">Conf\u00e9rence introductive<\/a><\/strong><\/span><\/h2>\n<h1 style=\"text-align: center;\"><span style=\"color: #0000ff;\">\u00ab Le M\u00e9decin Clinicien : Premier des M\u00e9dicaments Essentiels \u00bb<\/span><\/h1>\n<h1 style=\"text-align: center;\"><span style=\"color: #0000ff;\">\u00a0<\/span><\/h1>\n<h3 style=\"text-align: center;\"><strong>Pr Michel THOMAS<\/strong>, M\u00e9decin Interniste, Cofondateur du Groupe Princeps<\/h3>\n<h3 style=\"text-align: center;\"><span style=\"color: #ffffff;\">&#8230;<\/span><\/h3>\n<h3 style=\"text-align: center;\"><strong>Fran\u00e7ois PESTY<br \/>\n<\/strong><\/h3>\n<h3 style=\"text-align: center;\"><span style=\"color: #808080;\"><em><span style=\"text-decoration: underline;\"><a href=\"http:\/\/surmedicalisation.fr\/?page_id=3923#Fran\u00e7ois PESTY\" target=\"_blank\">Pr\u00e9sentation de l&rsquo;atelier<\/a><br \/>\n<\/span><\/em><\/span><\/h3>\n<p>&nbsp;<\/p>\n<h3 style=\"text-align: center;\"><strong>Pr Michel THOMAS<br \/>\n<\/strong><\/h3>\n<h3 style=\"text-align: center;\"><span style=\"color: #808080;\"><em><span style=\"text-decoration: underline;\"><a href=\"http:\/\/surmedicalisation.fr\/?page_id=3923#100 M\u00e9dicaments Essentiels\" target=\"_blank\">\u00ab Les 100 M\u00e9dicaments Essentiels de M\u00e9decine G\u00e9n\u00e9rale \u00bb<\/a><br \/>\n<\/span><\/em><\/span><\/h3>\n<p>&nbsp;<\/p>\n<h3 style=\"text-align: center;\"><strong>Amina TALEB<br \/>\n<\/strong><\/h3>\n<h3 style=\"text-align: center;\"><span style=\"color: #808080;\"><em><span style=\"text-decoration: underline;\"><a href=\"http:\/\/surmedicalisation.fr\/?page_id=3923#Amina TALEB\" target=\"_blank\">\u00ab Le co\u00fbt des nouveaux anticanc\u00e9reux \u00bb<\/a><br \/>\n<\/span><\/em><\/span><\/h3>\n<p>&nbsp;<\/p>\n<h3 style=\"text-align: center;\"><strong>Jean-Claude SALOMON<br \/>\n<\/strong><\/h3>\n<h3 style=\"text-align: center;\"><span style=\"color: #808080;\"><em><span style=\"text-decoration: underline;\"><a href=\"http:\/\/surmedicalisation.fr\/?page_id=3923#Jean-Claude SALOMON\" target=\"_blank\">\u00ab La formation du prix des m\u00e9dicaments (trop) co\u00fbteux \u00bb<\/a><br \/>\n<\/span><\/em><\/span><\/h3>\n<h3 style=\"text-align: center;\"><\/h3>\n<p><span style=\"color: #ffffff;\">&#8230;<\/span><\/p>\n<h2 style=\"text-align: center;\"><span style=\"text-decoration: underline; color: #808080;\"><strong><a style=\"color: #808080;\" href=\"http:\/\/surmedicalisation.fr\/?page_id=3923#Pr Lo\u00efc GUILLEVIN\" target=\"_blank\">Conf\u00e9rence de cl\u00f4ture<\/a><\/strong><\/span><\/h2>\n<h1 style=\"text-align: center;\"><span style=\"color: #0000ff;\">\u00ab La Commission de la Transparence de la HAS \u00bb<\/span><\/h1>\n<h1 style=\"text-align: center;\"><span style=\"color: #0000ff;\">\u00a0<\/span><\/h1>\n<h3 style=\"text-align: center;\"><strong>Pr Lo\u00efc GUILLEVIN<\/strong>, M\u00e9decin Interniste, Pr\u00e9sident de la Commission de la Transparence, Membre du Coll\u00e8ge de la Haute Autorit\u00e9 de Sant\u00e9<\/h3>\n<p><span style=\"color: #ffffff;\">\u00a0&#8230;<\/span><\/p>\n<p>&nbsp;<\/p>\n<p>&nbsp;<\/p>\n<hr \/>\n<p>&nbsp;<\/p>\n<p>&nbsp;<\/p>\n<h1 style=\"text-align: center;\"><span style=\"text-decoration: underline;\"><a href=\"http:\/\/surmedicalisation.fr\/?page_id=3928#Posters\" target=\"_blank\"><strong><span style=\"color: #000000; text-decoration: underline;\">Communications affich\u00e9es<\/span><\/strong><\/a><\/span><\/h1>\n<p>&nbsp;<\/p>\n<h3 style=\"text-align: center;\"><strong>Jacques BIRG\u00c9 &amp; Sophie WANG<br \/>\n<\/strong><\/h3>\n<h3 style=\"text-align: center;\"><a href=\"http:\/\/surmedicalisation.fr\/?page_id=3928#Jacques BIRG\u00c9\" target=\"_blank\"><span style=\"text-decoration: underline; color: #0000ff;\"><em>\u00ab\u00a0Limiter la surprescription d\u2019antibiotiques<br \/>\nComment fait \u2013 on ailleurs ?\u00a0\u00bb<\/em><\/span><\/a><\/h3>\n<p>&nbsp;<\/p>\n<h3 style=\"text-align: center;\"><strong>Christophe de BROUWER<br \/>\n<\/strong><\/h3>\n<h3 style=\"text-align: center;\"><a href=\"http:\/\/surmedicalisation.fr\/?page_id=3928#Christophe de BROUWER\" target=\"_blank\"><span style=\"text-decoration: underline; color: #0000ff;\"><em>\u00ab Quelle relation y-aurait-il entre les nouvelles organisations de travail et l\u2019abus des anxiolytiques ?\u00a0\u00bb<\/em><\/span><\/a><\/h3>\n<p>&nbsp;<\/p>\n<h3 style=\"text-align: center;\"><strong>G\u00e9rard DEL\u00c9PINE<br \/>\n<\/strong><\/h3>\n<h3 style=\"text-align: center;\"><a href=\"http:\/\/surmedicalisation.fr\/?page_id=3928#G\u00e9rard DEL\u00c9PINE\" target=\"_blank\"><span style=\"text-decoration: underline; color: #0000ff;\"><em>\u00ab Est-il \u00e9thique de traiter des affections b\u00e9nignes et curables par la chirurgie par les mol\u00e9cules dites innovantes cent fois plus ch\u00e8res que l\u2019or\u00a0\u00e0 avaler<\/em><\/span><\/a><br \/>\n<span style=\"text-decoration: underline; color: #0000ff;\"><em> pendant des mois ? \u00bb<\/em><\/span><\/h3>\n<p>&nbsp;<\/p>\n<h3 style=\"text-align: center;\"><strong>Bernard PABION<br \/>\n<\/strong><\/h3>\n<h3 style=\"text-align: center;\"><a href=\"http:\/\/surmedicalisation.fr\/?page_id=3928#Bernard PABION\" target=\"_blank\"><span style=\"text-decoration: underline; color: #0000ff;\"><em>\u00ab\u00a0Estimation des B\u00e9n\u00e9fices et Risques du D\u00e9pistage Organis\u00e9 du Cancer du Sein en France \u00bb<\/em><\/span><\/a><\/h3>\n<p>&nbsp;<\/p>\n<h3 style=\"text-align: center;\"><strong>J\u00e9r\u00e9my PERRON<br \/>\n<\/strong><\/h3>\n<h3 style=\"text-align: center;\"><a href=\"http:\/\/surmedicalisation.fr\/?page_id=3928#J\u00e9r\u00e9my PERRON\" target=\"_blank\"><span style=\"text-decoration: underline; color: #0000ff;\"><em>\u00ab R\u00e9action \u00e0 la d\u00e9cision du minist\u00e8re de la sant\u00e9 d\u2019un accord pr\u00e9alable pour le remboursement de la rosuvastatine : retrait du livret pharmaceutique d\u2019une Pharmacie \u00e0 Usage Int\u00e9rieur (PUI) \u00bb<\/em><\/span><\/a><\/h3>\n<p>&nbsp;<\/p>\n<h3 style=\"text-align: center;\"><strong>Jeanne POISSON<br \/>\n<\/strong><\/h3>\n<h3 style=\"text-align: center;\"><a href=\"http:\/\/surmedicalisation.fr\/?page_id=3928#Jeanne POISSON\" target=\"_blank\"><span style=\"text-decoration: underline; color: #0000ff;\"><em>\u00ab Validation d&rsquo;une liste de M\u00e9dicaments Essentiels par 101 internistes fran\u00e7ais \u00bb<\/em><\/span><\/a><\/h3>\n<h3 style=\"text-align: center;\"><span style=\"color: #ffffff;\">&#8230;<\/span><\/h3>\n<p>&nbsp;<\/p>\n<p>&nbsp;<\/p>\n","protected":false},"excerpt":{"rendered":"<p>Colloque 2015 Sur et sous m\u00e9dicalisation, surdiagnostics, surtraitements Facult\u00e9 de M\u00e9decine de Bobigny Le groupe Princeps, le D\u00e9partement de M\u00e9decine G\u00e9n\u00e9rale de la facult\u00e9 de m\u00e9decine de Bobigny, la Soci\u00e9t\u00e9 de Formation \u00e0 la Th\u00e9rapeutique du G\u00e9n\u00e9raliste, l&rsquo;association Civic Sant\u00e9 &hellip; <a href=\"https:\/\/surmedicalisation.fr\/?page_id=3782\">Continuer la lecture <span class=\"meta-nav\">&rarr;<\/span><\/a><\/p>\n","protected":false},"author":1,"featured_media":0,"parent":3621,"menu_order":1,"comment_status":"closed","ping_status":"closed","template":"","meta":[],"_links":{"self":[{"href":"https:\/\/surmedicalisation.fr\/index.php?rest_route=\/wp\/v2\/pages\/3782"}],"collection":[{"href":"https:\/\/surmedicalisation.fr\/index.php?rest_route=\/wp\/v2\/pages"}],"about":[{"href":"https:\/\/surmedicalisation.fr\/index.php?rest_route=\/wp\/v2\/types\/page"}],"author":[{"embeddable":true,"href":"https:\/\/surmedicalisation.fr\/index.php?rest_route=\/wp\/v2\/users\/1"}],"replies":[{"embeddable":true,"href":"https:\/\/surmedicalisation.fr\/index.php?rest_route=%2Fwp%2Fv2%2Fcomments&post=3782"}],"version-history":[{"count":57,"href":"https:\/\/surmedicalisation.fr\/index.php?rest_route=\/wp\/v2\/pages\/3782\/revisions"}],"predecessor-version":[{"id":4472,"href":"https:\/\/surmedicalisation.fr\/index.php?rest_route=\/wp\/v2\/pages\/3782\/revisions\/4472"}],"up":[{"embeddable":true,"href":"https:\/\/surmedicalisation.fr\/index.php?rest_route=\/wp\/v2\/pages\/3621"}],"wp:attachment":[{"href":"https:\/\/surmedicalisation.fr\/index.php?rest_route=%2Fwp%2Fv2%2Fmedia&parent=3782"}],"curies":[{"name":"wp","href":"https:\/\/api.w.org\/{rel}","templated":true}]}}