{"id":3859,"date":"2016-04-28T01:00:29","date_gmt":"2016-04-27T23:00:29","guid":{"rendered":"http:\/\/surmedicalisation.fr\/?page_id=3859"},"modified":"2016-05-20T10:16:05","modified_gmt":"2016-05-20T08:16:05","slug":"colloque-2016-programme-definitif","status":"publish","type":"page","link":"https:\/\/surmedicalisation.fr\/?page_id=3859","title":{"rendered":"Colloque 2016 &#8211; Programme d\u00e9finitif"},"content":{"rendered":"<p><script>\/\/ <![CDATA[\n(function(i,s,o,g,r,a,m){i['GoogleAnalyticsObject']=r;i[r]=i[r]||function(){ (i[r].q=i[r].q||[]).push(arguments)},i[r].l=1*new Date();a=s.createElement(o), m=s.getElementsByTagName(o)[0];a.async=1;a.src=g;m.parentNode.insertBefore(a,m) })(window,document,'script','\/\/www.google-analytics.com\/analytics.js','ga'); ga('create', 'UA-40453293-1', 'surmedicalisation.fr'); ga('send', 'pageview');\n\/\/ ]]><\/script><\/p>\n<p>20\/05\/2016<\/p>\n<h3><strong>Programme d\u00e9taill\u00e9<\/strong><\/h3>\n<h4>T\u00e9l\u00e9charger le programme en pdf : <a href=\"http:\/\/surmedicalisation.fr\/blog\/WordPress3\/wp-content\/uploads\/2016\/04\/Programme_Colloque_4S_2016_Bobigny_vdef_20-05-2016.pdf\" target=\"_blank\">ici<\/a><\/h4>\n<h4>T\u00e9l\u00e9charger le bulletin d&rsquo;inscription SFTG : <a href=\"http:\/\/surmedicalisation.fr\/blog\/WordPress3\/wp-content\/uploads\/2016\/04\/SFTG_Colloque_surmedicalisation_2016_bulletin-dinscription.pdf\" target=\"_blank\">ici<\/a><\/h4>\n<p>&nbsp;<\/p>\n<h4 style=\"text-align: justify;\">Le groupe Princeps, le D\u00e9partement de M\u00e9decine G\u00e9n\u00e9rale de la Facult\u00e9 de M\u00e9decine de Bobigny, la Soci\u00e9t\u00e9 de Formation Th\u00e9rapeutique du G\u00e9n\u00e9raliste (SFTG) et l\u2019association Civic Sant\u00e9 ont le plaisir de vous inviter au<\/h4>\n<p>&nbsp;<\/p>\n<h2><strong>5\u00b0 Colloque de Bobigny\u00a0: \u00ab\u00a0Sur- et sous-m\u00e9dicalisation, surdiagnostics et surtraitements\u00a0\u00bb<\/strong><\/h2>\n<p>&nbsp;<\/p>\n<h4 style=\"text-align: justify;\">Qui se tiendra, sous le patronage du Doyen de la Facult\u00e9 de M\u00e9decine de Bobigny (UFR SMBH),\u00a0 les <strong>vendredi 27 et samedi 28 mai 2016<\/strong>, Facult\u00e9 de m\u00e9decine de Bobigny (entr\u00e9e du parking et des pi\u00e9tons avenue de la Convention)<\/h4>\n<p>&nbsp;<\/p>\n<h3><strong><em>&gt; Vendredi 27 mai 2016 le matin<\/em><\/strong>, <em>Amphith\u00e9\u00e2tre De Gennes<\/em><\/h3>\n<h4>8h30 &#8211; Accueil des participants<\/h4>\n<h4>9h00 &#8211; Ouverture &#8211; Accueil du Doyen de la facult\u00e9 de m\u00e9decine de Bobigny<\/h4>\n<h4>&#8211; Au nom de Princeps, Mots de bienvenue\u00a0: Jean-Claude SALOMON<\/h4>\n<h3>9h30 &#8211; 12h30 \u00a0\u00a0\u00a0\u00a0\u00a0 <strong>\u00ab\u00a0Etat des lieux sur\u2026\u00a0\u00bb<\/strong> Mod\u00e9rateur\u00a0: Michel THOMAS<\/h3>\n<h3>9h30 \u00a0\u00a0\u00a0\u00a0\u00a0\u00a0\u00a0\u00a0\u00a0\u00a0\u00a0\u00a0\u00a0\u00a0\u00a0\u00a0\u00a0 <strong>\u00ab\u00a0Le d\u00e9pistage organis\u00e9 des cancers du sein\u00a0\u00bb<br \/>\n<\/strong><\/h3>\n<h3><strong>\u00a0\u00a0\u00a0\u00a0\u00a0\u00a0\u00a0\u00a0\u00a0\u00a0\u00a0\u00a0\u00a0\u00a0\u00a0\u00a0\u00a0\u00a0\u00a0\u00a0\u00a0\u00a0\u00a0\u00a0\u00a0\u00a0\u00a0\u00a0 <\/strong>&#8211;<strong> Expos\u00e9 introductif &#8211; Jean-Claude SALOMON<\/strong> (10 min.)<\/h3>\n<h4>&#8211; <strong>Communication orale <\/strong>&#8211; <strong>Dr Philippe AUTIER<\/strong> (15 min.), M\u00e9decin \u00e9pid\u00e9miologiste, Directeur de Recherche Strathclyde Institute for Global Public Health at iPRI (International Prevention Research Institute)<\/h4>\n<h4 style=\"padding-left: 120px;\">&#8211; <strong>Discussion<\/strong> (35 min.)<\/h4>\n<p>&nbsp;<\/p>\n<h3>10h30 \u00a0\u00a0\u00a0\u00a0\u00a0\u00a0\u00a0\u00a0\u00a0\u00a0\u00a0\u00a0\u00a0\u00a0\u00a0 <strong>\u00ab\u00a0Les M\u00e9dicaments Essentiels <\/strong><\/h3>\n<h3 style=\"padding-left: 120px;\">&#8211;<strong> Expos\u00e9 introductif &#8211; Michel THOMAS<\/strong> (15 min.)<\/h3>\n<h4 style=\"padding-left: 120px;\">&#8211; <strong>Discussion<\/strong> (20 min.)<\/h4>\n<p>&nbsp;<\/p>\n<h3>11h05 \u00a0\u00a0\u00a0\u00a0\u00a0\u00a0\u00a0\u00a0\u00a0\u00a0\u00a0\u00a0\u00a0\u00a0\u00a0 <strong>\u00ab\u00a0La surm\u00e9dicalisation\u00a0\u00bb<\/strong><strong><br \/>\n<\/strong><\/h3>\n<h3><strong>\u00a0\u00a0\u00a0\u00a0\u00a0\u00a0\u00a0\u00a0\u00a0\u00a0\u00a0\u00a0\u00a0\u00a0\u00a0\u00a0\u00a0\u00a0\u00a0\u00a0\u00a0\u00a0\u00a0\u00a0\u00a0 <\/strong>&#8211;<strong> Expos\u00e9 introductif &#8211; Omar BRIXI<\/strong> (20 min.)<\/h3>\n<h4 style=\"padding-left: 120px;\">&#8211; <strong>Communication orale \u00ab\u00a0Am\u00e9liorer la pertinence des soins dans les pays de l\u2019OCDE\u00a0\u00bb, <\/strong>Mme Carol NADER, Consultante en Politique de Sant\u00e9 \u00e0 l\u2019OCDE (15 min.)<\/h4>\n<h4 style=\"padding-left: 120px;\">&#8211; <strong>Communication orale \u00ab\u00a0L\u2019\u00e9tude de la pens\u00e9e de Georges CANGUILHEM peut-elle nous aider \u00e0 d\u00e9finir la surm\u00e9dicalisation\u00a0?\u00a0\u00bb, Marc UZAN<\/strong>, M\u00e9decin Interniste, \u00ab\u00a0Princeps Occitan\u00a0\u00bb (10 min.)<\/h4>\n<h4 style=\"padding-left: 120px;\">&#8211; <strong>Discussion<\/strong> (40 min.)<\/h4>\n<h3><\/h3>\n<h3>12h30 &#8211; 14h00 \u00a0 <strong>D\u00e9jeuner sur place (Salle 1-141)<\/strong><strong><br \/>\n<\/strong><\/h3>\n<h3>14h00 &#8211; 14h30 \u00a0 <strong>Visite comment\u00e9e des posters<\/strong><\/h3>\n<p><strong>\u00a0<\/strong><\/p>\n<h3><strong><em>&gt; Vendredi 27 mai 2016 l\u2019apr\u00e8s-midi<\/em><\/strong><\/h3>\n<p><strong><em>\u00a0<\/em><\/strong><\/p>\n<h3>14h30 &#8211; 16h45 \u00a0 <strong>Atelier N\u00b01 &#8211; <\/strong><em>Amphith\u00e9\u00e2tre De Gennes<\/em><\/h3>\n<h2 style=\"padding-left: 120px;\"><strong>\u00ab\u00a0Les antibiotiques en 2016 : Panne, impasse et menaces\u00a0\u00bb<\/strong><\/h2>\n<h4 style=\"padding-left: 150px;\">Mod\u00e9rateur\u00a0: Michel DOR\u00c9, Rapporteur\u00a0: Jean-Claude SALOMON<\/h4>\n<p>&nbsp;<\/p>\n<h3 style=\"padding-left: 90px;\"><strong>\u00a0\u00a0 <\/strong>&#8211;<strong> Conf\u00e9rence introductive &#8211; Dr Jean CARLET<\/strong>, R\u00e9animateur, Infectiologue, Pr\u00e9sident de l\u2019Alliance mondiale contre la r\u00e9sistance aux antibiotiques (WAAAR), Rapport minist\u00e9riel juin 2015 \u00ab\u00a0pour la pr\u00e9servation des antibiotiques\u00a0\u00bb, \u00a0Cr\u00e9teil (20 min.)<\/h3>\n<p>&nbsp;<\/p>\n<h4 style=\"padding-left: 90px;\">&#8211; <strong>Communication orale &#8211; Dr Jacques BIRG\u00c9<\/strong>, M\u00e9decin g\u00e9n\u00e9raliste, Enseignant en M\u00e9decine g\u00e9n\u00e9rale, Vice-pr\u00e9sident d\u2019Antibiolor, Association r\u00e9gionale pour le bon usage des antibiotiques, Nancy (10 min.)<\/h4>\n<h4 style=\"padding-left: 90px;\">&#8211; <strong>Communication orale \u00ab\u00a0Visite acad\u00e9mique \/ Visites de DAM : Comment modifier la prescription antibiotique en ville pour faire reculer\u00a0 l\u2019antibior\u00e9sistance ?\u00a0\u00bb Fran\u00e7ois PESTY<\/strong> (10 min.)<\/h4>\n<h4 style=\"padding-left: 90px;\">&#8211; <strong>Communication orale &#8211; Michel THOMAS<\/strong> (5 min.)<\/h4>\n<h4 style=\"padding-left: 90px;\">&#8211; <strong>Discussion<\/strong> (90 min.)<\/h4>\n<p>&nbsp;<\/p>\n<h3>14h30 &#8211; 16h45 \u00a0 <strong>Atelier N\u00b02 &#8211; <\/strong><em>Salle R37<\/em><\/h3>\n<h2 style=\"padding-left: 120px;\"><strong>\u00ab\u00a0Surm\u00e9dicalisation et d\u00e9prescription chez les personnes \u00e2g\u00e9es\u00a0\u00bb<\/strong><\/h2>\n<h4 style=\"padding-left: 150px;\">Mod\u00e9rateur\u00a0: Marc UZAN, Rapporteur\u00a0: Ma\u00eflys MICHOT-CASBAS<\/h4>\n<h4><\/h4>\n<h3 style=\"padding-left: 60px;\"><strong>\u00a0\u00a0 <\/strong>&#8211;<strong> Conf\u00e9rence introductive &#8211; Dr Laurence DUCO, Chef de Clinique, <\/strong>Service de G\u00e9riatrie Aigu\u00eb du Pr Olivier SAINT-JEAN, H\u00f4pital Europ\u00e9en &#8211; Georges POMPIDOU, Paris\u00a0 (20 min.)<\/h3>\n<p>&nbsp;<\/p>\n<h4 style=\"padding-left: 90px;\">&#8211; <strong>Communication orale \u00ab\u00a0Les psychotropes chez la personne \u00e2g\u00e9e\u00a0\u00bb, Alain MERCIER<\/strong>, Responsable du D\u00e9partement de M\u00e9decine G\u00e9n\u00e9rale de la Facult\u00e9 de M\u00e9decine de Bobigny (15 min.)<\/h4>\n<h4 style=\"padding-left: 90px;\">&#8211; <strong>Communication orale \u00ab\u00a0D\u00e9prescription\u00a0: focus groupes chez des sujets \u00e2g\u00e9s de 70 ans et plus\u00a0\u00bb, Lolita PEREZ<\/strong>, \u00ab\u00a0Princeps Occitan\u00a0\u00bb (15 min.)<\/h4>\n<h4 style=\"padding-left: 90px;\">&#8211; <strong>Communication orale \u00ab\u00a0Iatrog\u00e9nie m\u00e9dicamenteuse en EHPAD \/ USLD : un outil pragmatique de r\u00e9\u00e9valuation m\u00e9dicamenteuse des traitements des patients\/r\u00e9sidents\u00a0\u00bb, Dr Marie-Claude POCQUET<\/strong> (15 min.)<\/h4>\n<h4 style=\"padding-left: 90px;\">&#8211; <strong>Discussion<\/strong> (70 min.)<\/h4>\n<p>&nbsp;<\/p>\n<h3>16h45 &#8211; 17h00\u00a0\u00a0\u00a0\u00a0\u00a0 &#8211; <strong>Pause (r\u00e9daction des rapports d\u2019atelier)\u00a0<\/strong><\/h3>\n<p>&nbsp;<\/p>\n<h3>17h00 &#8211; 17h30\u00a0\u00a0\u00a0\u00a0\u00a0 &#8211; <strong>Restitution des 2 ateliers et synth\u00e8se <\/strong>&#8211; <em>Amphith\u00e9\u00e2tre De Gennes<\/em><\/h3>\n<h3>17h30 &#8211; 18h00\u00a0\u00a0\u00a0\u00a0\u00a0 &#8211; <strong>Point Presse de Princeps<\/strong><\/h3>\n<p>&nbsp;<\/p>\n<h3><strong><em>&gt; Samedi 28 mai 2016 le matin<\/em><\/strong>, <em>Amphith\u00e9\u00e2tre De Gennes<\/em><\/h3>\n<h4>8h30 &#8211; Accueil des participants<\/h4>\n<h3>9h00 &#8211; 9h40\u00a0\u00a0\u00a0\u00a0\u00a0\u00a0\u00a0\u00a0 &#8211; <strong>Atelier N\u00b03 &#8211; <\/strong><em>Amphith\u00e9\u00e2tre De Gennes<\/em><strong><br \/>\n<\/strong><\/h3>\n<h2 style=\"padding-left: 120px;\"><strong>\u00ab\u00a0Prix et politique des m\u00e9dicaments en 2016\u00a0\u00bb<\/strong><\/h2>\n<h2><\/h2>\n<h3 style=\"padding-left: 30px;\"><strong>\u00a0\u00a0\u00a0\u00a0\u00a0\u00a0\u00a0\u00a0\u00a0\u00a0\u00a0\u00a0\u00a0\u00a0\u00a0\u00a0\u00a0\u00a0\u00a0\u00a0\u00a0\u00a0\u00a0\u00a0\u00a0 <\/strong>&#8211;<strong> Expos\u00e9 introductif &#8211; Jean-Claude SALOMON<\/strong> (15 min.)<\/h3>\n<p>&nbsp;<\/p>\n<h4 style=\"padding-left: 120px;\"><strong>\u00a0\u00a0 <\/strong>&#8211;<strong> \u00ab\u00a0Prix des m\u00e9dicaments anticanc\u00e9reux\u00a0\u00bb Pr Jean-Paul VERNANT<\/strong>, H\u00e9matologue, Groupe Hospitalier Piti\u00e9 &#8211; Salp\u00eatri\u00e8re, Auteur des recommandations du 3<sup>\u00e8me<\/sup> Plan Cancer, Initiateur de l\u2019appel des 110 oncologues contre le co\u00fbt des traitements, Paris (15 min.)<\/h4>\n<h4 style=\"padding-left: 120px;\"><strong>\u00a0\u00a0 <\/strong>&#8211;<strong> Intervention\u00a0: Pr<\/strong> <strong>Albert HIRSCH<\/strong>, Professeur \u00e9m\u00e9rite \u00e0 l&rsquo;Universit\u00e9 Paris VII-Denis Diderot, Ligue nationale contre le cancer (10 min.)<\/h4>\n<p>&nbsp;<\/p>\n<h3>9h40 &#8211; 10h00\u00a0\u00a0\u00a0\u00a0\u00a0\u00a0 &#8211; <strong>Pause<\/strong><\/h3>\n<h3>10h00 &#8211; 12h00\u00a0\u00a0\u00a0\u00a0\u00a0 &#8211; <strong>Sous-atelier 3a &#8211; <\/strong><em>Amphith\u00e9\u00e2tre De Gennes<\/em><strong><br \/>\n<\/strong><\/h3>\n<h2 style=\"padding-left: 150px;\"><strong>\u00ab\u00a0La flamb\u00e9e des prix des m\u00e9dicaments anticanc\u00e9reux, au regard de leur efficacit\u00e9\u00a0\u00bb<\/strong><\/h2>\n<h4 style=\"padding-left: 180px;\">Mod\u00e9rateur\u00a0: Albert HIRSCH, Rapporteur\u00a0: Alain SIARY<\/h4>\n<h4><\/h4>\n<h4 style=\"padding-left: 120px;\">&#8211; <strong>Communication orale \u00ab\u00a0Surconsommation des th\u00e9rapies cibl\u00e9es dans le cancer du poumon non \u00e0 petites cellules\u00a0\u00bb, Dr G\u00e9rard DEL\u00c9PINE<\/strong>, Chirurgien, Oncologue, Paris (10 min.)<\/h4>\n<h4 style=\"padding-left: 120px;\">&#8211; <strong>Communication orale \u00ab\u00a0Les inhibiteurs de l\u2019aromatase\u00a0&#8211; Plus malade des m\u00e9dicaments que de la maladie\u00a0\u00bb, Dr Danielle BARBOTIN<\/strong>, Gyn\u00e9cologue, (10 min.)<\/h4>\n<h4>10h30 &#8211; 12h00\u00a0\u00a0\u00a0\u00a0\u00a0 &#8211; <strong>Discussion<\/strong><strong><br \/>\n<\/strong><\/h4>\n<p><strong>\u00a0<\/strong><\/p>\n<h3>10h00 &#8211; 12h00\u00a0\u00a0\u00a0\u00a0\u00a0 &#8211; <strong>Sous-atelier 3b &#8211; <\/strong><em>Salle R39<\/em><strong><br \/>\n<\/strong><\/h3>\n<h2 style=\"padding-left: 90px;\"><strong>\u00ab\u00a0Comment en 2016 les firmes pharmaceutiques traquent-elles le profit\u00a0? \u00bb<\/strong><\/h2>\n<h4 style=\"padding-left: 120px;\">Mod\u00e9rateur\u00a0: Fran\u00e7ois PESTY, Rapporteur\u00a0: Michel DOR\u00c9<\/h4>\n<h4 style=\"padding-left: 120px;\"><strong>\u00ab\u00a0Les insulines\u00a0\u00bb Dr David BERAN<\/strong>, Facult\u00e9 de M\u00e9decine &#8211; Universit\u00e9 de Gen\u00e8ve, H\u00f4pitaux Universitaires de Gen\u00e8ve (HUG) (15 min.)<\/h4>\n<h4>10h15 &#8211; 12h00\u00a0\u00a0\u00a0\u00a0\u00a0 &#8211; <strong>Discussion<\/strong><\/h4>\n<p>12h00 &#8211; 12h30 &#8211; <strong>R\u00e9union pl\u00e9ni\u00e8re &#8211; <\/strong><em>Amphith\u00e9\u00e2tre De Gennes<\/em><\/p>\n<h4 style=\"padding-left: 120px;\">&#8211; <strong>Restitution des 2 sous-ateliers<\/strong><\/h4>\n<h4 style=\"padding-left: 120px;\">&#8211; <strong>Synth\u00e8se globale &#8211; Omar BRIXI<\/strong><em><br \/>\n<\/em><\/h4>\n<p><em>\u00a0<\/em><\/p>\n<h3><em>\u00a0<\/em>12h30\u00a0\u00a0\u00a0\u00a0\u00a0\u00a0\u00a0\u00a0\u00a0\u00a0\u00a0\u00a0\u00a0\u00a0\u00a0 &#8211; <strong>Cl\u00f4ture du colloque &#8211; Michel THOMAS<\/strong><\/h3>\n<p>&nbsp;<\/p>\n<h4><strong>Posters<\/strong> : Ils seront affich\u00e9s pendant toute la dur\u00e9e du colloque<\/h4>\n<h4><strong>N\u00b01 : \u00ab\u00a0Pourquoi la m\u00e9ditation\u00a0?\u00a0\u00bb, Dr Bruno JOURNE<\/strong>, M\u00e9decin Addictologue, Paris<\/h4>\n<h4><strong>N\u00b02 : \u00ab\u00a0Se former \u00e0 \u00ab d\u00e9-prescrire \u00bb ? L\u2019apport des groupes BALINT\u00a0\u00bb, Maria-Alice POLOM\u00c9NI<\/strong>, Psychologue clinicienne ; Leader accr\u00e9dit\u00e9 par la\u00a0 Soci\u00e9t\u00e9 M\u00e9dicale Balint<\/h4>\n<h4><strong>N\u00b03 : \u00ab\u00a0Int\u00e9r\u00eat du suivi th\u00e9rapeutique du m\u00e9thotrexate administr\u00e9 \u00e0 forte dose\u00a0\u00bb, Dr Rachid DJAFER<\/strong>, Service de Toxicologie &amp; centre antipoison, CHU ANNABA, Alg\u00e9rie<\/h4>\n<h4><strong>N\u00b04 : \u00ab\u00a0Conciliation \u00e0 l\u2019entr\u00e9e d\u2019un service de chirurgie : Un outil pour d\u00e9tecter les facteurs de risque m\u00e9dicamenteux de chute chez le sujet \u00e2g\u00e9\u00a0\u00bb, E. BAMBINA<\/strong>, Pharmacien, CH MARTIGUES<\/h4>\n<h4><strong>N\u00b05 : \u00ab\u00a0Du sur-diagnostic \u00e0 l\u2019incidentalome, ou l\u2019embarras d\u2019un imaginaire bien r\u00e9el\u00a0\u00bb, Dr Philippe CORNET<\/strong>, M\u00e9decin g\u00e9n\u00e9raliste, SFTG,<\/h4>\n<h4><strong>N\u00b06 : \u00ab\u00a0Efficience du traitement des plaies chroniques\u00a0\u00bb, Pr Jean-Pierre CHAVOIN<\/strong>, Chef du service Chirurgie Plastique et Br\u00fbl\u00e9s, H\u00f4pital RANGUEIL, Toulouse<\/h4>\n<h4><strong>N\u00b07: \u00ab\u00a0Surconsommation de mol\u00e9cules innovantes dans le cancer du rein\u00a0\u00bb,\u00a0\u00a0\u00a0\u00a0\u00a0\u00a0\u00a0\u00a0\u00a0\u00a0\u00a0\u00a0 Dr G\u00e9rard DEL\u00c9PINE<\/strong>, chirurgien, oncologue<\/h4>\n<h4><strong>N\u00b08 : \u00ab\u00a0Etat des lieux des prescriptions m\u00e9dicamenteuses chez les patients chuteurs au CHU de Grenoble en 201\u00a0\u00bb, Marion LEPELLEY<\/strong>, Centre R\u00e9gional de Pharmacovigilance, CHU Grenoble<\/h4>\n<h4><strong>N\u00b09 : \u00ab\u00a0Trop soigner rend malade\u00a0\u00bb, Mme Claude RAMBAUD<\/strong>, Vice-Pr\u00e9sidente du CISS, <strong>Jean-Pierre THIERRY<\/strong>, M\u00e9decin de Sant\u00e9 Publique<\/h4>\n<h3><\/h3>\n<h3><span style=\"color: #0000ff;\">N&rsquo;h\u00e9sitez-pas \u00e0\u00a0diffuser \u00e0 vos r\u00e9seaux ou connaissances<\/span><\/h3>\n<h4>Le groupe Princeps<\/h4>\n<h4>Nota\u00a0: Les actes des \u00e9ditions 2012, 2013 et 2014 du Colloque sont accessibles en cliquant <a href=\"http:\/\/surmedicalisation.fr\/?page_id=103\">ici<\/a>. La rencontre organis\u00e9e le 12 janvier 2016 par le groupe Princeps et la SFTG sur le \u00ab\u00a0D\u00e9pistage organis\u00e9 des cancers du sein\u00a0\u00bb est accessible <a href=\"http:\/\/surmedicalisation.fr\/?page_id=3714\">ici<\/a>. Les actes du colloque 2015 seront prochainement mis en ligne.<\/h4>\n","protected":false},"excerpt":{"rendered":"<p>20\/05\/2016 Programme d\u00e9taill\u00e9 T\u00e9l\u00e9charger le programme en pdf : ici T\u00e9l\u00e9charger le bulletin d&rsquo;inscription SFTG : ici &nbsp; Le groupe Princeps, le D\u00e9partement de M\u00e9decine G\u00e9n\u00e9rale de la Facult\u00e9 de M\u00e9decine de Bobigny, la Soci\u00e9t\u00e9 de Formation Th\u00e9rapeutique du G\u00e9n\u00e9raliste &hellip; <a href=\"https:\/\/surmedicalisation.fr\/?page_id=3859\">Continuer la lecture <span class=\"meta-nav\">&rarr;<\/span><\/a><\/p>\n","protected":false},"author":1,"featured_media":0,"parent":3747,"menu_order":2,"comment_status":"closed","ping_status":"closed","template":"","meta":[],"_links":{"self":[{"href":"https:\/\/surmedicalisation.fr\/index.php?rest_route=\/wp\/v2\/pages\/3859"}],"collection":[{"href":"https:\/\/surmedicalisation.fr\/index.php?rest_route=\/wp\/v2\/pages"}],"about":[{"href":"https:\/\/surmedicalisation.fr\/index.php?rest_route=\/wp\/v2\/types\/page"}],"author":[{"embeddable":true,"href":"https:\/\/surmedicalisation.fr\/index.php?rest_route=\/wp\/v2\/users\/1"}],"replies":[{"embeddable":true,"href":"https:\/\/surmedicalisation.fr\/index.php?rest_route=%2Fwp%2Fv2%2Fcomments&post=3859"}],"version-history":[{"count":11,"href":"https:\/\/surmedicalisation.fr\/index.php?rest_route=\/wp\/v2\/pages\/3859\/revisions"}],"predecessor-version":[{"id":3972,"href":"https:\/\/surmedicalisation.fr\/index.php?rest_route=\/wp\/v2\/pages\/3859\/revisions\/3972"}],"up":[{"embeddable":true,"href":"https:\/\/surmedicalisation.fr\/index.php?rest_route=\/wp\/v2\/pages\/3747"}],"wp:attachment":[{"href":"https:\/\/surmedicalisation.fr\/index.php?rest_route=%2Fwp%2Fv2%2Fmedia&parent=3859"}],"curies":[{"name":"wp","href":"https:\/\/api.w.org\/{rel}","templated":true}]}}