{"id":3923,"date":"2016-05-20T14:57:26","date_gmt":"2016-05-20T12:57:26","guid":{"rendered":"http:\/\/surmedicalisation.fr\/?page_id=3923"},"modified":"2016-05-21T08:35:13","modified_gmt":"2016-05-21T06:35:13","slug":"atelier-n3-colloque-2015","status":"publish","type":"page","link":"https:\/\/surmedicalisation.fr\/?page_id=3923","title":{"rendered":"Atelier N\u00b03 &#8211; Colloque 2015"},"content":{"rendered":"<p><script>\/\/ <![CDATA[\n(function(i,s,o,g,r,a,m){i['GoogleAnalyticsObject']=r;i[r]=i[r]||function(){ (i[r].q=i[r].q||[]).push(arguments)},i[r].l=1*new Date();a=s.createElement(o), m=s.getElementsByTagName(o)[0];a.async=1;a.src=g;m.parentNode.insertBefore(a,m) })(window,document,'script','\/\/www.google-analytics.com\/analytics.js','ga'); ga('create', 'UA-40453293-1', 'surmedicalisation.fr'); ga('send', 'pageview');\n\/\/ ]]><\/script><\/p>\n<p style=\"text-align: center;\"><em>Samedi 18 avril 2015 &#8211; matin\u00e9e<\/em><\/p>\n<h2 style=\"text-align: center;\"><a id=\"Atelier N\u00b03\"><\/a>Atelier N\u00b03<\/h2>\n<h1 style=\"text-align: center;\"><span style=\"color: #0000ff;\">M\u00e9dicaments essentiels, g\u00e9n\u00e9riques, m\u00e9dicaments co\u00fbteux<br \/>\n<\/span><\/h1>\n<p>&nbsp;<\/p>\n<p><a href=\"http:\/\/surmedicalisation.fr\/blog\/WordPress3\/wp-content\/uploads\/2016\/05\/IMG_20150418_091821.jpg\"><img loading=\"lazy\" class=\"size-medium wp-image-3925 aligncenter\" src=\"http:\/\/surmedicalisation.fr\/blog\/WordPress3\/wp-content\/uploads\/2016\/05\/IMG_20150418_091821-225x300.jpg\" alt=\"IMG_20150418_091821\" width=\"225\" height=\"300\" srcset=\"https:\/\/surmedicalisation.fr\/blog\/WordPress3\/wp-content\/uploads\/2016\/05\/IMG_20150418_091821-225x300.jpg 225w, https:\/\/surmedicalisation.fr\/blog\/WordPress3\/wp-content\/uploads\/2016\/05\/IMG_20150418_091821.jpg 768w\" sizes=\"(max-width: 225px) 100vw, 225px\" \/><\/a><\/p>\n<h4 style=\"text-align: justify;\"><strong>Pr. Michel THOMAS<\/strong> \u00ab\u00a0Vous avez l\u00e0 un peu le d\u00e9roul\u00e9 de la premi\u00e8re partie et je commencerai tout \u00e0 l\u2019heure par vous faire une pr\u00e9sentation qui peut paraitre \u00e0 certains provocatrice, mais qui pour moi est fondamentale. Fran\u00e7ois PESTY pr\u00e9sentera rapidement l\u2019atelier. Et nous avons re\u00e7u hier soir \u00e0 21h un courriel de Marthe PERRIAUX, qui est clermontoise, disant qu\u2019elle avait un emp\u00eachement majeur et qu\u2019elle ne pouvait pas venir. C\u2019est tr\u00e8s emb\u00eatant, mais elle nous avait envoy\u00e9 bien entendu un r\u00e9sum\u00e9 que je vous pr\u00e9senterai pour que vous ne restiez pas totalement sur votre faim. Et puis, Amina TALEB est bien l\u00e0,\u00a0 Jean-Claude SALOMON aussi, et donc nous terminerons avant la pause, avant de nous r\u00e9partir \u00e9ventuellement en trois groupes au moins pour approfondir un petit peu notre r\u00e9flexion, comme \u00e7a \u00e9t\u00e9 fait hier matin.<\/h4>\n<p>&nbsp;<\/p>\n<h3 style=\"text-align: left;\"><span style=\"text-decoration: underline;\"><span style=\"color: #000000;\"><strong><a id=\"Michel THOMAS\"><\/a>Conf\u00e9rence introductive<\/strong><\/span><\/span><\/h3>\n<h2 style=\"text-align: center;\"><strong>\u00ab Le M\u00e9decin Clinicien : Premier des M\u00e9dicaments Essentiels \u00bb<\/strong><\/h2>\n<p style=\"text-align: center;\"><span style=\"color: #000000;\"><strong>Pr Michel THOMAS<\/strong><\/span>, M\u00e9decin Interniste, Ancien Chef de Service \u00e0 l&rsquo;AP-HP, Cofondateur de la Soci\u00e9t\u00e9 Fran\u00e7aise de M\u00e9decine Interne, Cofondateur du groupe Princeps<\/p>\n<h6 style=\"text-align: center;\">Cliquer sur l&rsquo;image ci-dessous pour ouvrir la pr\u00e9sentation diapositive du Pr Michel THOMAS<\/h6>\n<p><a href=\"http:\/\/surmedicalisation.fr\/blog\/WordPress3\/wp-content\/uploads\/2016\/05\/Pr_Michel_THOMAS_Le-m\u00e9decin-clinicien-1\u00b0-des-m\u00e9d-ess_18-04-2015.ppsx\" target=\"_blank\"><img loading=\"lazy\" class=\"size-medium wp-image-3931 aligncenter\" src=\"http:\/\/surmedicalisation.fr\/blog\/WordPress3\/wp-content\/uploads\/2016\/05\/Pr_Michel_THOMAS_Le-m\u00e9decin-clinicien-1\u00b0-des-m\u00e9d-ess_18-04-2015-300x225.jpg\" alt=\"Pr_Michel_THOMAS_Le m\u00e9decin clinicien 1\u00b0 des m\u00e9d ess_18-04-2015\" width=\"300\" height=\"225\" srcset=\"https:\/\/surmedicalisation.fr\/blog\/WordPress3\/wp-content\/uploads\/2016\/05\/Pr_Michel_THOMAS_Le-m\u00e9decin-clinicien-1\u00b0-des-m\u00e9d-ess_18-04-2015-300x225.jpg 300w, https:\/\/surmedicalisation.fr\/blog\/WordPress3\/wp-content\/uploads\/2016\/05\/Pr_Michel_THOMAS_Le-m\u00e9decin-clinicien-1\u00b0-des-m\u00e9d-ess_18-04-2015-768x576.jpg 768w, https:\/\/surmedicalisation.fr\/blog\/WordPress3\/wp-content\/uploads\/2016\/05\/Pr_Michel_THOMAS_Le-m\u00e9decin-clinicien-1\u00b0-des-m\u00e9d-ess_18-04-2015.jpg 960w\" sizes=\"(max-width: 300px) 100vw, 300px\" \/><\/a><\/p>\n<h6 style=\"text-align: center;\">Cliquer sur l&rsquo;image ci-dessous pour t\u00e9l\u00e9charger la retranscription int\u00e9grale de la conf\u00e9rence du Pr Michel THOMAS,<br \/>\nainsi que les \u00e9changes fournis qui l&rsquo;ont suivi avec les participants (pages 4 \u00e0 6 du document)<\/h6>\n<p><a href=\"http:\/\/surmedicalisation.fr\/blog\/WordPress3\/wp-content\/uploads\/2016\/05\/Michel_THOMAS_Conf\u00e9rence_introductive_18-04-2015.pdf\" target=\"_blank\"><img loading=\"lazy\" class=\"size-medium wp-image-3956 aligncenter\" src=\"http:\/\/surmedicalisation.fr\/blog\/WordPress3\/wp-content\/uploads\/2016\/05\/Michel_THOMAS_retranscription_conf-212x300.jpg\" alt=\"Michel_THOMAS_retranscription_conf\" width=\"212\" height=\"300\" srcset=\"https:\/\/surmedicalisation.fr\/blog\/WordPress3\/wp-content\/uploads\/2016\/05\/Michel_THOMAS_retranscription_conf-212x300.jpg 212w, https:\/\/surmedicalisation.fr\/blog\/WordPress3\/wp-content\/uploads\/2016\/05\/Michel_THOMAS_retranscription_conf.jpg 428w\" sizes=\"(max-width: 212px) 100vw, 212px\" \/><\/a><\/p>\n<p>&nbsp;<\/p>\n<h2 style=\"text-align: center;\"><strong><a id=\"Fran\u00e7ois PESTY\"><\/a>Pr\u00e9sentation de l&rsquo;atelier<\/strong><\/h2>\n<p><span style=\"color: #000000;\">Dr Fran\u00e7ois PESTY<\/span>, Pharmacien, Consultant ind\u00e9pendant, Membre du groupe Princeps<\/p>\n<h6 style=\"text-align: center;\">Cliquer sur l&rsquo;image ci-dessous pour t\u00e9l\u00e9charger la pr\u00e9sentation diapositives<\/h6>\n<p><a href=\"http:\/\/surmedicalisation.fr\/blog\/WordPress3\/wp-content\/uploads\/2016\/05\/Atelier_N\u00b03_Colloque_4S_2015_Introduction_F_PESTY_18-04-2015.ppsx\" target=\"_blank\"><img loading=\"lazy\" class=\"size-medium wp-image-3936 aligncenter\" src=\"http:\/\/surmedicalisation.fr\/blog\/WordPress3\/wp-content\/uploads\/2016\/05\/Atelier_N\u00b03_Colloque_4S_2015_Introduction_F_PESTY_18-04-2015-300x225.jpg\" alt=\"Atelier_N\u00b03_Colloque_4S_2015_Introduction_F_PESTY_18-04-2015\" width=\"300\" height=\"225\" srcset=\"https:\/\/surmedicalisation.fr\/blog\/WordPress3\/wp-content\/uploads\/2016\/05\/Atelier_N\u00b03_Colloque_4S_2015_Introduction_F_PESTY_18-04-2015-300x225.jpg 300w, https:\/\/surmedicalisation.fr\/blog\/WordPress3\/wp-content\/uploads\/2016\/05\/Atelier_N\u00b03_Colloque_4S_2015_Introduction_F_PESTY_18-04-2015-768x576.jpg 768w, https:\/\/surmedicalisation.fr\/blog\/WordPress3\/wp-content\/uploads\/2016\/05\/Atelier_N\u00b03_Colloque_4S_2015_Introduction_F_PESTY_18-04-2015.jpg 960w\" sizes=\"(max-width: 300px) 100vw, 300px\" \/><\/a><\/p>\n<h6 style=\"text-align: center;\">Cliquer sur l&rsquo;image ci-dessous pour t\u00e9l\u00e9charger la retranscription int\u00e9grale de la pr\u00e9sentation de l&rsquo;atelier par le Dr Fran\u00e7ois PESTY<\/h6>\n<p>&nbsp;<\/p>\n<p><a href=\"http:\/\/surmedicalisation.fr\/blog\/WordPress3\/wp-content\/uploads\/2016\/05\/Fran\u00e7ois_PESTY_pr\u00e9sentation_atelier_18-04-2015.pdf\" target=\"_blank\"><img loading=\"lazy\" class=\"size-medium wp-image-3963 aligncenter\" src=\"http:\/\/surmedicalisation.fr\/blog\/WordPress3\/wp-content\/uploads\/2016\/05\/Fran\u00e7ois_PESTY_pr\u00e9sentation_atelier_int\u00e9grale-212x300.jpg\" alt=\"Fran\u00e7ois_PESTY_pr\u00e9sentation_atelier_int\u00e9grale\" width=\"212\" height=\"300\" srcset=\"https:\/\/surmedicalisation.fr\/blog\/WordPress3\/wp-content\/uploads\/2016\/05\/Fran\u00e7ois_PESTY_pr\u00e9sentation_atelier_int\u00e9grale-212x300.jpg 212w, https:\/\/surmedicalisation.fr\/blog\/WordPress3\/wp-content\/uploads\/2016\/05\/Fran\u00e7ois_PESTY_pr\u00e9sentation_atelier_int\u00e9grale.jpg 427w\" sizes=\"(max-width: 212px) 100vw, 212px\" \/><\/a><\/p>\n<p>&nbsp;<\/p>\n<h2 style=\"text-align: center;\"><strong><a id=\"100 M\u00e9dicaments Essentiels\"><\/a>\u00ab 100 M\u00e9dicaments Essentiels de M\u00e9decine G\u00e9n\u00e9rale \u00bb<\/strong><\/h2>\n<p><span style=\"color: #000000;\">Dr Marthe PERRIAUX<\/span>, M\u00e9decin, Clermont-Ferrand, excus\u00e9e<\/p>\n<h4 style=\"text-align: justify;\"><strong>Michel THOMAS<\/strong> \u00ab\u00a0Comme je vous l\u2019ai dit tout \u00e0 l\u2019heure, Marthe PERRIAUX, qui devait venir ce matin pr\u00e9senter le travail, non pas le sien, mais le travail des g\u00e9n\u00e9ralistes qui se sont attel\u00e9s \u00e0 \u00e9tablir une liste des m\u00e9dicaments essentiels, a \u00e9t\u00e9 bloqu\u00e9e \u00e0 Clermont-Ferrand. On l\u2019a appris hier soir. Je n\u2019ai pas non plus, elle ne nous a pas fait parvenir de diaporama. Par contre, il y a un r\u00e9sum\u00e9, et je vais vous le lire. Le nombre de m\u00e9dicaments disponibles est consid\u00e9rable et les innovations sont rares. Un m\u00e9dicament essentiel est un m\u00e9dicament d\u2019efficacit\u00e9 reconnue, dont la balance b\u00e9n\u00e9fice\/risque est favorable, et qui fait r\u00e9f\u00e9rence dans sa classe th\u00e9rapeutique. L\u2019OMS a d\u00e9velopp\u00e9 le concept de m\u00e9dicaments essentiels dans les ann\u00e9es soixante-dix, et a propos\u00e9 r\u00e9cemment une liste de 360 m\u00e9dicaments. Il n\u2019existe pas de liste concernant sp\u00e9cifiquement la m\u00e9decine g\u00e9n\u00e9rale. L\u2019objectif de cette \u00e9tude \u00e9tait d\u2019\u00e9tablir une liste fran\u00e7aise de cent m\u00e9dicaments essentiels en m\u00e9decine g\u00e9n\u00e9rale. Pour rappeler le d\u00e9but de l\u2019aventure, de la m\u00eame fa\u00e7on que dix internistes avaient \u00e9tabli les cent m\u00e9dicaments essentiels, qui a \u00e9t\u00e9 publi\u00e9e dans la revue de la M\u00e9decine Interne en ao\u00fbt 2013, nous avions demand\u00e9 tr\u00e8s vite, d\u2019abord \u00e0 Michel DOR\u00c9, et aux m\u00e9decins du d\u00e9partement de m\u00e9decine g\u00e9n\u00e9rale de Bobigny, puis \u00e0 des m\u00e9decins des autres villes universitaires o\u00f9 les internistes avaient fait le travail, d\u2019\u00e9tablir eux-m\u00eames, une liste d\u2019au moins 100 m\u00e9dicaments essentiels.<\/h4>\n<h6 style=\"text-align: center;\"><\/h6>\n<p>&nbsp;<\/p>\n<h2 style=\"text-align: center;\"><strong><a id=\"Amina TALEB\"><\/a>\u00ab Co\u00fbt des anticanc\u00e9reux \u00bb<\/strong><\/h2>\n<p><span style=\"color: #000000;\">Dr Amina TALEB<\/span>, Oncologue<\/p>\n<h6 style=\"text-align: center;\">Cliquer sur l&rsquo;image ci-dessous pour t\u00e9l\u00e9charger la pr\u00e9sentation diapositives de Mme le Dr Amina TALEB<\/h6>\n<p><a href=\"http:\/\/surmedicalisation.fr\/blog\/WordPress3\/wp-content\/uploads\/2016\/05\/Amina_TALEB_Co\u00fbt-Nouveaux-Anticanc\u00e9reux-final_Colloque_Bobigny_18-04-2015.ppsx\" target=\"_blank\"><img loading=\"lazy\" class=\" wp-image-3942 aligncenter\" src=\"http:\/\/surmedicalisation.fr\/blog\/WordPress3\/wp-content\/uploads\/2016\/05\/Amina_TALEB_Co\u00fbt-Nouveaux-Anticanc\u00e9reux-final_Colloque_Bobigny_18-04-2015-300x169.jpg\" alt=\"Amina_TALEB_Co\u00fbt Nouveaux Anticanc\u00e9reux final_Colloque_Bobigny_18-04-2015\" width=\"456\" height=\"257\" srcset=\"https:\/\/surmedicalisation.fr\/blog\/WordPress3\/wp-content\/uploads\/2016\/05\/Amina_TALEB_Co\u00fbt-Nouveaux-Anticanc\u00e9reux-final_Colloque_Bobigny_18-04-2015-300x169.jpg 300w, https:\/\/surmedicalisation.fr\/blog\/WordPress3\/wp-content\/uploads\/2016\/05\/Amina_TALEB_Co\u00fbt-Nouveaux-Anticanc\u00e9reux-final_Colloque_Bobigny_18-04-2015-768x432.jpg 768w, https:\/\/surmedicalisation.fr\/blog\/WordPress3\/wp-content\/uploads\/2016\/05\/Amina_TALEB_Co\u00fbt-Nouveaux-Anticanc\u00e9reux-final_Colloque_Bobigny_18-04-2015-1024x576.jpg 1024w, https:\/\/surmedicalisation.fr\/blog\/WordPress3\/wp-content\/uploads\/2016\/05\/Amina_TALEB_Co\u00fbt-Nouveaux-Anticanc\u00e9reux-final_Colloque_Bobigny_18-04-2015.jpg 1280w\" sizes=\"(max-width: 456px) 100vw, 456px\" \/><\/a><\/p>\n<h2 style=\"text-align: center;\"><strong><a id=\"Jean-Claude SALOMON\"><\/a>\u00ab Formation du co\u00fbt des m\u00e9dicaments (trop) co\u00fbteux \u00bb<\/strong><\/h2>\n<p><span style=\"color: #000000;\"><strong>Dr Jean-Claude SALOMON<\/strong>, M\u00e9decin, <\/span>Directeur de recherche honoraire CNRS, Cofondateur du groupe Princeps, Paris<\/p>\n<h6 style=\"text-align: center;\">Cliquer sur l&rsquo;image ci-dessous pour t\u00e9l\u00e9charger la pr\u00e9sentation diapositives du Dr Jean-Claude SALOMON<\/h6>\n<p><a href=\"http:\/\/surmedicalisation.fr\/blog\/WordPress3\/wp-content\/uploads\/2016\/05\/JCS_M\u00e9dicaments_tr\u00e8s_co\u00fbteux_Bobigny_18-04-2015.ppsx\" target=\"_blank\"><img loading=\"lazy\" class=\"size-medium wp-image-3946 aligncenter\" src=\"http:\/\/surmedicalisation.fr\/blog\/WordPress3\/wp-content\/uploads\/2016\/05\/JCS_M\u00e9dicaments_tr\u00e8s_co\u00fbteux_Bobigny_18-04-2015-300x225.jpg\" alt=\"JCS_M\u00e9dicaments_tr\u00e8s_co\u00fbteux_Bobigny_18-04-2015\" width=\"300\" height=\"225\" srcset=\"https:\/\/surmedicalisation.fr\/blog\/WordPress3\/wp-content\/uploads\/2016\/05\/JCS_M\u00e9dicaments_tr\u00e8s_co\u00fbteux_Bobigny_18-04-2015-300x225.jpg 300w, https:\/\/surmedicalisation.fr\/blog\/WordPress3\/wp-content\/uploads\/2016\/05\/JCS_M\u00e9dicaments_tr\u00e8s_co\u00fbteux_Bobigny_18-04-2015-768x576.jpg 768w, https:\/\/surmedicalisation.fr\/blog\/WordPress3\/wp-content\/uploads\/2016\/05\/JCS_M\u00e9dicaments_tr\u00e8s_co\u00fbteux_Bobigny_18-04-2015.jpg 960w\" sizes=\"(max-width: 300px) 100vw, 300px\" \/><\/a><\/p>\n<h3 style=\"text-align: left;\"><span style=\"text-decoration: underline;\"><span style=\"color: #000000;\"><strong><a id=\"Pr Lo\u00efc GUILLEVIN\"><\/a>Conf\u00e9rence de cl\u00f4ture<br \/>\n<\/strong><\/span><\/span><\/h3>\n<h2 style=\"text-align: center;\"><strong>\u00ab La Commission de la Transparence de la HAS \u00bb<\/strong><\/h2>\n<p style=\"text-align: center;\"><span style=\"color: #000000;\"><strong>Pr Lo\u00efc GUILLEVIN<\/strong><\/span>, M\u00e9decin Interniste, Pr\u00e9sident de la Commission de la Transparence, Membre du Coll\u00e8ge, Haute Autorit\u00e9 de Sant\u00e9<\/p>\n<h6 style=\"text-align: center;\">Cliquer sur l&rsquo;image ci-dessous pour ouvrir la retranscription int\u00e9grale de la conf\u00e9rence de cl\u00f4ture<br \/>\ndu Pr Lo\u00efc GUILLEVIN, ainsi que les \u00e9changes qui l&rsquo;ont suivi (pages 8 \u00e0 14 du document)<\/h6>\n<p><a href=\"http:\/\/surmedicalisation.fr\/blog\/WordPress3\/wp-content\/uploads\/2016\/05\/Lo\u00efc_GUILLEVIN_Conf\u00e9rence_de_cl\u00f4ture_18-04-2015.pdf\" target=\"_blank\"><img loading=\"lazy\" class=\"size-medium wp-image-3974 aligncenter\" src=\"http:\/\/surmedicalisation.fr\/blog\/WordPress3\/wp-content\/uploads\/2016\/05\/Lo\u00efc_GUILLEVIN_Conf_cl\u00f4ture_Int\u00e9grale-213x300.jpg\" alt=\"Lo\u00efc_GUILLEVIN_Conf_cl\u00f4ture_Int\u00e9grale\" width=\"213\" height=\"300\" srcset=\"https:\/\/surmedicalisation.fr\/blog\/WordPress3\/wp-content\/uploads\/2016\/05\/Lo\u00efc_GUILLEVIN_Conf_cl\u00f4ture_Int\u00e9grale-213x300.jpg 213w, https:\/\/surmedicalisation.fr\/blog\/WordPress3\/wp-content\/uploads\/2016\/05\/Lo\u00efc_GUILLEVIN_Conf_cl\u00f4ture_Int\u00e9grale.jpg 428w\" sizes=\"(max-width: 213px) 100vw, 213px\" \/><\/a><\/p>\n<p>&nbsp;<\/p>\n<h6 style=\"text-align: center;\">Cliquer sur l&rsquo;image ci-dessous pour ouvrir la pr\u00e9sentation diapositive sonoris\u00e9e pr\u00e9-enregistr\u00e9e par le Pr Lo\u00efc GUILLEVIN<\/h6>\n<p>&nbsp;<\/p>\n<p style=\"padding-left: 90px;\"><iframe loading=\"lazy\" src=\"https:\/\/www.youtube.com\/embed\/1k-MNgnjZdY\" width=\"420\" height=\"315\" frameborder=\"0\" allowfullscreen=\"allowfullscreen\"><\/iframe><\/p>\n","protected":false},"excerpt":{"rendered":"<p>Samedi 18 avril 2015 &#8211; matin\u00e9e Atelier N\u00b03 M\u00e9dicaments essentiels, g\u00e9n\u00e9riques, m\u00e9dicaments co\u00fbteux &nbsp; Pr. Michel THOMAS \u00ab\u00a0Vous avez l\u00e0 un peu le d\u00e9roul\u00e9 de la premi\u00e8re partie et je commencerai tout \u00e0 l\u2019heure par vous faire une pr\u00e9sentation qui &hellip; <a href=\"https:\/\/surmedicalisation.fr\/?page_id=3923\">Continuer la lecture <span class=\"meta-nav\">&rarr;<\/span><\/a><\/p>\n","protected":false},"author":1,"featured_media":0,"parent":3782,"menu_order":3,"comment_status":"closed","ping_status":"closed","template":"","meta":[],"_links":{"self":[{"href":"https:\/\/surmedicalisation.fr\/index.php?rest_route=\/wp\/v2\/pages\/3923"}],"collection":[{"href":"https:\/\/surmedicalisation.fr\/index.php?rest_route=\/wp\/v2\/pages"}],"about":[{"href":"https:\/\/surmedicalisation.fr\/index.php?rest_route=\/wp\/v2\/types\/page"}],"author":[{"embeddable":true,"href":"https:\/\/surmedicalisation.fr\/index.php?rest_route=\/wp\/v2\/users\/1"}],"replies":[{"embeddable":true,"href":"https:\/\/surmedicalisation.fr\/index.php?rest_route=%2Fwp%2Fv2%2Fcomments&post=3923"}],"version-history":[{"count":31,"href":"https:\/\/surmedicalisation.fr\/index.php?rest_route=\/wp\/v2\/pages\/3923\/revisions"}],"predecessor-version":[{"id":4058,"href":"https:\/\/surmedicalisation.fr\/index.php?rest_route=\/wp\/v2\/pages\/3923\/revisions\/4058"}],"up":[{"embeddable":true,"href":"https:\/\/surmedicalisation.fr\/index.php?rest_route=\/wp\/v2\/pages\/3782"}],"wp:attachment":[{"href":"https:\/\/surmedicalisation.fr\/index.php?rest_route=%2Fwp%2Fv2%2Fmedia&parent=3923"}],"curies":[{"name":"wp","href":"https:\/\/api.w.org\/{rel}","templated":true}]}}