{"id":3928,"date":"2016-05-20T14:58:10","date_gmt":"2016-05-20T12:58:10","guid":{"rendered":"http:\/\/surmedicalisation.fr\/?page_id=3928"},"modified":"2016-09-26T09:39:51","modified_gmt":"2016-09-26T07:39:51","slug":"posters-colloque-2015","status":"publish","type":"page","link":"https:\/\/surmedicalisation.fr\/?page_id=3928","title":{"rendered":"Posters &#8211; Colloque 2015"},"content":{"rendered":"<h1 style=\"text-align: center;\"><script>\/\/ <![CDATA[ (function(i,s,o,g,r,a,m){i['GoogleAnalyticsObject']=r;i[r]=i[r]||function(){ (i[r].q=i[r].q||[]).push(arguments)},i[r].l=1*new Date();a=s.createElement(o), m=s.getElementsByTagName(o)[0];a.async=1;a.src=g;m.parentNode.insertBefore(a,m) })(window,document,'script','\/\/www.google-analytics.com\/analytics.js','ga'); ga('create', 'UA-40453293-1', 'surmedicalisation.fr'); ga('send', 'pageview'); \/\/ ]]><\/script><br \/>\n<a id=\"Posters\"><\/a><strong>\u00ab Communications affich\u00e9es \u00bb<\/strong><\/h1>\n<p>&nbsp;<\/p>\n<p>&nbsp;<\/p>\n<h2 style=\"text-align: center;\"><span style=\"color: #0000ff;\"><strong><a id=\"Jacques BIRG\u00c9\" style=\"color: #0000ff;\"><\/a>\u00ab\u00a0Limiter la surprescription d\u2019antibiotiques<br \/>\nComment fait \u2013 on ailleurs ?\u00a0\u00bb<\/strong><\/span><\/h2>\n<h3 style=\"text-align: center;\"><strong>Jacques BIRG\u00c9 et Sophie WANG (DMG Nancy)<\/strong><\/h3>\n<h6 style=\"text-align: center;\">\u00a0Cliquer sur l&rsquo;image ci-dessous pour t\u00e9l\u00e9charger le poster<\/h6>\n<p><a href=\"http:\/\/surmedicalisation.fr\/blog\/WordPress3\/wp-content\/uploads\/2016\/05\/J.Birg\u00e9_POSTER_Colloque_Bobigny_2015.pdf\" target=\"_blank\"><img loading=\"lazy\" class=\"size-medium wp-image-3982 aligncenter\" src=\"http:\/\/surmedicalisation.fr\/blog\/WordPress3\/wp-content\/uploads\/2016\/05\/J.Birg\u00e9_POSTER_Colloque_Bobigny_2015-180x300.jpg\" alt=\"J.Birg\u00e9_POSTER_Colloque_Bobigny_2015\" width=\"180\" height=\"300\" srcset=\"https:\/\/surmedicalisation.fr\/blog\/WordPress3\/wp-content\/uploads\/2016\/05\/J.Birg\u00e9_POSTER_Colloque_Bobigny_2015-180x300.jpg 180w, https:\/\/surmedicalisation.fr\/blog\/WordPress3\/wp-content\/uploads\/2016\/05\/J.Birg\u00e9_POSTER_Colloque_Bobigny_2015-768x1280.jpg 768w, https:\/\/surmedicalisation.fr\/blog\/WordPress3\/wp-content\/uploads\/2016\/05\/J.Birg\u00e9_POSTER_Colloque_Bobigny_2015-614x1024.jpg 614w, https:\/\/surmedicalisation.fr\/blog\/WordPress3\/wp-content\/uploads\/2016\/05\/J.Birg\u00e9_POSTER_Colloque_Bobigny_2015.jpg 1830w\" sizes=\"(max-width: 180px) 100vw, 180px\" \/><\/a><\/p>\n<h6 style=\"text-align: center;\">\u00a0Cliquer sur l&rsquo;image ci-dessous pour t\u00e9l\u00e9charger la Th\u00e8se de M\u00e9decine de Sophie WANG, dirig\u00e9e par Jacques BIRG\u00c9<\/h6>\n<p><a href=\"http:\/\/surmedicalisation.fr\/blog\/WordPress3\/wp-content\/uploads\/2016\/05\/Th\u00e8se_M\u00e9decine_WANG_Sophie_Inventaire_programme_bon_usage_ATB_France_Monde_04-2014.pdf\" target=\"_blank\"><img loading=\"lazy\" class=\"size-medium wp-image-3983 aligncenter\" src=\"http:\/\/surmedicalisation.fr\/blog\/WordPress3\/wp-content\/uploads\/2016\/05\/Th\u00e8se_Sophie_WANG-213x300.jpg\" alt=\"Th\u00e8se_Sophie_WANG\" width=\"213\" height=\"300\" srcset=\"https:\/\/surmedicalisation.fr\/blog\/WordPress3\/wp-content\/uploads\/2016\/05\/Th\u00e8se_Sophie_WANG-213x300.jpg 213w, https:\/\/surmedicalisation.fr\/blog\/WordPress3\/wp-content\/uploads\/2016\/05\/Th\u00e8se_Sophie_WANG.jpg 428w\" sizes=\"(max-width: 213px) 100vw, 213px\" \/><\/a><\/p>\n<p>&nbsp;<\/p>\n<h2 style=\"text-align: center;\"><strong><a id=\"Christophe de BROUWER\"><\/a><span style=\"color: #0000ff;\">\u00ab Quelle relation y-aurait-il entre les nouvelles organisations de travail et l&rsquo;abus des anxiolytiques ?\u00a0\u00bb<\/span><\/strong><\/h2>\n<h3 style=\"text-align: center;\"><strong>Christophe de BROUWER et coll. Ecole de Sant\u00e9 Publique, Universit\u00e9 Libre de Bruxelles<\/strong><\/h3>\n<h6 style=\"text-align: center;\">\u00a0Cliquer sur l&rsquo;image ci-dessous pour t\u00e9l\u00e9charger le poster<\/h6>\n<p><a href=\"http:\/\/surmedicalisation.fr\/blog\/WordPress3\/wp-content\/uploads\/2016\/05\/Christophe-Debrouwer_Bobigny_Poster_2015.pdf\" target=\"_blank\"><img loading=\"lazy\" class=\"size-medium wp-image-3987 aligncenter\" src=\"http:\/\/surmedicalisation.fr\/blog\/WordPress3\/wp-content\/uploads\/2016\/05\/Christophe_DEBROUWER_2015-213x300.jpg\" alt=\"Christophe_DEBROUWER_2015\" width=\"213\" height=\"300\" srcset=\"https:\/\/surmedicalisation.fr\/blog\/WordPress3\/wp-content\/uploads\/2016\/05\/Christophe_DEBROUWER_2015-213x300.jpg 213w, https:\/\/surmedicalisation.fr\/blog\/WordPress3\/wp-content\/uploads\/2016\/05\/Christophe_DEBROUWER_2015.jpg 427w\" sizes=\"(max-width: 213px) 100vw, 213px\" \/><\/a><\/p>\n<p>&nbsp;<\/p>\n<h2 style=\"text-align: center;\"><strong><a id=\"G\u00e9rard DEL\u00c9PINE\"><\/a><span style=\"color: #0000ff;\">\u00ab Est-il \u00e9thique de traiter des affections b\u00e9nignes et curables par la chirurgie par les mol\u00e9cules dites innovantes cent fois plus ch\u00e8res que l\u2019or\u00a0\u00e0 avaler<\/span><br \/>\n<span style=\"color: #0000ff;\"> pendant des mois ? \u00bb<\/span><\/strong><\/h2>\n<h3 style=\"text-align: center;\"><strong>G\u00e9rard DEL\u00c9PINE, Nicole DEL\u00c9PINE, Salwha ALKHALLAF, Paris<\/strong><\/h3>\n<h6 style=\"text-align: center;\">\u00a0Cliquer sur l&rsquo;image ci-dessous pour t\u00e9l\u00e9charger le poster<\/h6>\n<p><a href=\"http:\/\/surmedicalisation.fr\/blog\/WordPress3\/wp-content\/uploads\/2016\/05\/G\u00e9rard_DELEPINE_Poster_1-Colloque_2015_maladie-b\u00e9nigne-etth\u00e9rapie-cibl\u00e9es.ppsx\" target=\"_blank\"><img loading=\"lazy\" class=\"size-medium wp-image-3990 aligncenter\" src=\"http:\/\/surmedicalisation.fr\/blog\/WordPress3\/wp-content\/uploads\/2016\/05\/G\u00e9rard_DELEPINE_Poster_1-Colloque_2015_maladie-b\u00e9nigne-et-th\u00e9rapie-cibl\u00e9es-300x225.jpg\" alt=\"G\u00e9rard_DELEPINE_Poster_1-Colloque_2015_maladie b\u00e9nigne et th\u00e9rapie cibl\u00e9es\" width=\"300\" height=\"225\" srcset=\"https:\/\/surmedicalisation.fr\/blog\/WordPress3\/wp-content\/uploads\/2016\/05\/G\u00e9rard_DELEPINE_Poster_1-Colloque_2015_maladie-b\u00e9nigne-et-th\u00e9rapie-cibl\u00e9es-300x225.jpg 300w, https:\/\/surmedicalisation.fr\/blog\/WordPress3\/wp-content\/uploads\/2016\/05\/G\u00e9rard_DELEPINE_Poster_1-Colloque_2015_maladie-b\u00e9nigne-et-th\u00e9rapie-cibl\u00e9es-768x576.jpg 768w, https:\/\/surmedicalisation.fr\/blog\/WordPress3\/wp-content\/uploads\/2016\/05\/G\u00e9rard_DELEPINE_Poster_1-Colloque_2015_maladie-b\u00e9nigne-et-th\u00e9rapie-cibl\u00e9es.jpg 960w\" sizes=\"(max-width: 300px) 100vw, 300px\" \/><\/a><\/p>\n<p>&nbsp;<\/p>\n<h2 style=\"text-align: center;\"><strong><a id=\"Bernard PABION\"><\/a><span style=\"color: #0000ff;\">\u00ab\u00a0Estimation des B\u00e9n\u00e9fices et Risques du D\u00e9pistage Organis\u00e9 du Cancer du Sein en France \u00bb<\/span><\/strong><\/h2>\n<h3 style=\"text-align: center;\"><strong>Bernard PABION, M\u00e9decin G\u00e9n\u00e9raliste, Rennes<\/strong><\/h3>\n<h6 style=\"text-align: center;\">\u00a0Cliquer sur l&rsquo;image ci-dessous pour t\u00e9l\u00e9charger le poster<\/h6>\n<p><a href=\"http:\/\/surmedicalisation.fr\/blog\/WordPress3\/wp-content\/uploads\/2016\/05\/Pabion-depistage-Kc-sein-2015-04.pdf\" target=\"_blank\"><img loading=\"lazy\" class=\"size-medium wp-image-3992 aligncenter\" src=\"http:\/\/surmedicalisation.fr\/blog\/WordPress3\/wp-content\/uploads\/2016\/05\/Bernard_PABION_2015-203x300.jpg\" alt=\"Bernard_PABION_2015\" width=\"203\" height=\"300\" srcset=\"https:\/\/surmedicalisation.fr\/blog\/WordPress3\/wp-content\/uploads\/2016\/05\/Bernard_PABION_2015-203x300.jpg 203w, https:\/\/surmedicalisation.fr\/blog\/WordPress3\/wp-content\/uploads\/2016\/05\/Bernard_PABION_2015.jpg 381w\" sizes=\"(max-width: 203px) 100vw, 203px\" \/><\/a><\/p>\n<p>&nbsp;<\/p>\n<h2 style=\"text-align: center;\"><strong><a id=\"J\u00e9r\u00e9my PERRON\"><\/a><span style=\"color: #0000ff;\">\u00ab R\u00e9action \u00e0 la d\u00e9cision du minist\u00e8re de la sant\u00e9 d\u2019un accord pr\u00e9alable pour le remboursement de la rosuvastatine : retrait du livret pharmaceutique d\u2019une Pharmacie \u00e0 Usage Int\u00e9rieur (PUI) \u00bb<\/span><\/strong><\/h2>\n<h3 style=\"text-align: center;\"><strong>J\u00e9r\u00e9my PERRON et coll., Pharmacie \u00e0 usage Int\u00e9rieur, CH ST-QUENTIN<\/strong><\/h3>\n<h6 style=\"text-align: center;\">\u00a0Cliquer sur l&rsquo;image ci-dessous pour t\u00e9l\u00e9charger le poster<\/h6>\n<p><a href=\"http:\/\/surmedicalisation.fr\/blog\/WordPress3\/wp-content\/uploads\/2016\/05\/J_PERRON_rosuvastatine-retir\u00e9e-du-livret-pharmaceutique-d\u2019une-PUI_colloque_2015.pdf\" target=\"_blank\"><img loading=\"lazy\" class=\"size-medium wp-image-3995 aligncenter\" src=\"http:\/\/surmedicalisation.fr\/blog\/WordPress3\/wp-content\/uploads\/2016\/05\/J\u00e9r\u00f4me_PERRON_2015-208x300.jpg\" alt=\"J\u00e9r\u00f4me_PERRON_2015\" width=\"208\" height=\"300\" srcset=\"https:\/\/surmedicalisation.fr\/blog\/WordPress3\/wp-content\/uploads\/2016\/05\/J\u00e9r\u00f4me_PERRON_2015-208x300.jpg 208w, https:\/\/surmedicalisation.fr\/blog\/WordPress3\/wp-content\/uploads\/2016\/05\/J\u00e9r\u00f4me_PERRON_2015.jpg 418w\" sizes=\"(max-width: 208px) 100vw, 208px\" \/><\/a><\/p>\n<p>&nbsp;<\/p>\n<h2 style=\"text-align: center;\"><span style=\"color: #0000ff;\"><strong><a id=\"Jeanne POISSON\"><\/a>\u00ab Validation d&rsquo;une liste de M\u00e9dicaments Essentiels par 101 internistes fran\u00e7ais \u00bb<\/strong><\/span><\/h2>\n<h3 style=\"text-align: center;\"><strong>Jeanne POISSON et Coll.<br \/>\n<\/strong><\/h3>\n<h6 style=\"text-align: center;\">\u00a0Cliquer sur l&rsquo;image ci-dessous pour l&rsquo;agrandir<\/h6>\n<p><a href=\"http:\/\/surmedicalisation.fr\/blog\/WordPress3\/wp-content\/uploads\/2016\/05\/OB_20150418_085632.jpg\"><img loading=\"lazy\" class=\"size-medium wp-image-4080 aligncenter\" src=\"http:\/\/surmedicalisation.fr\/blog\/WordPress3\/wp-content\/uploads\/2016\/05\/OB_20150418_085632-169x300.jpg\" alt=\"??????????????\" width=\"169\" height=\"300\" srcset=\"https:\/\/surmedicalisation.fr\/blog\/WordPress3\/wp-content\/uploads\/2016\/05\/OB_20150418_085632-169x300.jpg 169w, https:\/\/surmedicalisation.fr\/blog\/WordPress3\/wp-content\/uploads\/2016\/05\/OB_20150418_085632-768x1365.jpg 768w, https:\/\/surmedicalisation.fr\/blog\/WordPress3\/wp-content\/uploads\/2016\/05\/OB_20150418_085632-576x1024.jpg 576w\" sizes=\"(max-width: 169px) 100vw, 169px\" \/><\/a><\/p>\n","protected":false},"excerpt":{"rendered":"<p>\u00ab Communications affich\u00e9es \u00bb &nbsp; &nbsp; \u00ab\u00a0Limiter la surprescription d\u2019antibiotiques Comment fait \u2013 on ailleurs ?\u00a0\u00bb Jacques BIRG\u00c9 et Sophie WANG (DMG Nancy) \u00a0Cliquer sur l&rsquo;image ci-dessous pour t\u00e9l\u00e9charger le poster \u00a0Cliquer sur l&rsquo;image ci-dessous pour t\u00e9l\u00e9charger la Th\u00e8se de &hellip; <a href=\"https:\/\/surmedicalisation.fr\/?page_id=3928\">Continuer la lecture <span class=\"meta-nav\">&rarr;<\/span><\/a><\/p>\n","protected":false},"author":1,"featured_media":0,"parent":3782,"menu_order":4,"comment_status":"closed","ping_status":"closed","template":"","meta":[],"_links":{"self":[{"href":"https:\/\/surmedicalisation.fr\/index.php?rest_route=\/wp\/v2\/pages\/3928"}],"collection":[{"href":"https:\/\/surmedicalisation.fr\/index.php?rest_route=\/wp\/v2\/pages"}],"about":[{"href":"https:\/\/surmedicalisation.fr\/index.php?rest_route=\/wp\/v2\/types\/page"}],"author":[{"embeddable":true,"href":"https:\/\/surmedicalisation.fr\/index.php?rest_route=\/wp\/v2\/users\/1"}],"replies":[{"embeddable":true,"href":"https:\/\/surmedicalisation.fr\/index.php?rest_route=%2Fwp%2Fv2%2Fcomments&post=3928"}],"version-history":[{"count":22,"href":"https:\/\/surmedicalisation.fr\/index.php?rest_route=\/wp\/v2\/pages\/3928\/revisions"}],"predecessor-version":[{"id":4471,"href":"https:\/\/surmedicalisation.fr\/index.php?rest_route=\/wp\/v2\/pages\/3928\/revisions\/4471"}],"up":[{"embeddable":true,"href":"https:\/\/surmedicalisation.fr\/index.php?rest_route=\/wp\/v2\/pages\/3782"}],"wp:attachment":[{"href":"https:\/\/surmedicalisation.fr\/index.php?rest_route=%2Fwp%2Fv2%2Fmedia&parent=3928"}],"curies":[{"name":"wp","href":"https:\/\/api.w.org\/{rel}","templated":true}]}}