{"id":4094,"date":"2016-09-07T12:30:16","date_gmt":"2016-09-07T10:30:16","guid":{"rendered":"http:\/\/surmedicalisation.fr\/?page_id=4094"},"modified":"2016-09-16T23:45:52","modified_gmt":"2016-09-16T21:45:52","slug":"les-actes-colloque-2016","status":"publish","type":"page","link":"https:\/\/surmedicalisation.fr\/?page_id=4094","title":{"rendered":"Les Actes &#8211; Colloque 2016"},"content":{"rendered":"<p><script>\/\/ <![CDATA[ (function(i,s,o,g,r,a,m){i['GoogleAnalyticsObject']=r;i[r]=i[r]||function(){ (i[r].q=i[r].q||[]).push(arguments)},i[r].l=1*new Date();a=s.createElement(o), m=s.getElementsByTagName(o)[0];a.async=1;a.src=g;m.parentNode.insertBefore(a,m) })(window,document,'script','\/\/www.google-analytics.com\/analytics.js','ga'); ga('create', 'UA-40453293-1', 'surmedicalisation.fr'); ga('send', 'pageview'); \/\/ ]]><\/script><\/p>\n<h1><\/h1>\n<h1><\/h1>\n<h1><\/h1>\n<h1>Colloque 2016<\/h1>\n<h2>Sur et sous m\u00e9dicalisation, surdiagnostics, surtraitements<\/h2>\n<h2>Facult\u00e9 de M\u00e9decine de Bobigny, Universit\u00e9 Paris 13<\/h2>\n<h4 style=\"text-align: justify;\">Le groupe Princeps, le D\u00e9partement de M\u00e9decine G\u00e9n\u00e9rale de la facult\u00e9 de m\u00e9decine de Bobigny, la Soci\u00e9t\u00e9 de Formation \u00e0 la Th\u00e9rapeutique du G\u00e9n\u00e9raliste (SFTG), et l&rsquo;association Civic Sant\u00e9, sont heureux de vous pr\u00e9senter les actes du colloque qui s&rsquo;est tenu les vendredi 27 mai 2016, de 9h \u00e0 17h, et samedi 28 mai de 9h \u00e0 13h.<\/h4>\n<hr \/>\n<h5 style=\"text-align: center;\"><span style=\"text-decoration: underline;\"><span style=\"color: #000000; text-decoration: underline;\">Cliquer sur les liens pour ouvrir les pages<\/span><\/span><\/h5>\n<h2 style=\"text-align: center;\"><strong><span style=\"color: #000000;\">Vendredi 27 mai 2016 &#8211; Matin\u00e9e<\/span><\/strong><\/h2>\n<p style=\"text-align: center;\"><span style=\"color: #000000;\">Accueil des participants<\/span><\/p>\n<p style=\"text-align: center;\"><a href=\"http:\/\/surmedicalisation.fr\/?page_id=4122#Ouverture\" target=\"_blank\"><span style=\"color: #000000;\">Ouverture du colloque<\/span><\/a><\/p>\n<p style=\"text-align: center;\"><strong><span style=\"color: #000000;\">Accueil de la Vice-Doyenne de la facult\u00e9 de m\u00e9decine de Bobigny<\/span><\/strong><\/p>\n<p style=\"text-align: center;\"><span style=\"color: #0000ff;\"><a style=\"color: #0000ff;\" href=\"http:\/\/surmedicalisation.fr\/?page_id=4122#Introduction_JCS\" target=\"_blank\"><strong>Mots de bienvenue\u00a0: Jean-Claude SALOMON<\/strong><\/a><\/span><\/p>\n<h2 style=\"text-align: center;\"><\/h2>\n<p>&nbsp;<\/p>\n<h1 style=\"text-align: center;\"><a href=\"http:\/\/surmedicalisation.fr\/?page_id=4122#3_Etats\" target=\"_blank\"><span style=\"color: #000000;\"><strong>\u00ab 3 Etat des lieux sur&#8230; \u00bb<\/strong><\/span><\/a><\/h1>\n<h2 style=\"text-align: center;\"><\/h2>\n<h1 style=\"text-align: center;\"><a href=\"http:\/\/surmedicalisation.fr\/?page_id=4122#DO_K_Sein\" target=\"_blank\"><span style=\"color: #0000ff;\">\u00ab Le d\u00e9pistage organis\u00e9 des cancers du sein \u00bb<\/span><\/a><\/h1>\n<p><span style=\"color: #ffffff;\">\u00a0&#8230;<\/span><\/p>\n<p style=\"text-align: center;\"><span style=\"color: #0000ff;\"><strong>Expos\u00e9 introductif &#8211;<\/strong> <a style=\"color: #0000ff;\" href=\"http:\/\/surmedicalisation.fr\/?page_id=4122#Intro_K_sein_JCS\" target=\"_blank\"><strong>Jean-Claude SALOMON<\/strong><\/a><\/span><\/p>\n<p style=\"text-align: center;\"><span style=\"color: #000000;\"><strong>Communication orale <\/strong>&#8211; <strong><a href=\"http:\/\/surmedicalisation.fr\/?page_id=4122#CO_Philippe_AUTIER\" target=\"_blank\">Dr Philippe AUTIER<\/a>, M\u00e9decin \u00e9pid\u00e9miologiste, Directeur de Recherche Strathclyde Institute for Global Public Health at iPRI (International Prevention Research Institute)<\/strong><\/span><\/p>\n<p style=\"text-align: center;\"><span style=\"color: #0000ff;\"><a style=\"color: #0000ff;\" href=\"http:\/\/surmedicalisation.fr\/?page_id=4122#Echanges_K_Sein\" target=\"_blank\"><strong>Discussion<\/strong><\/a><\/span><\/p>\n<h1 style=\"text-align: center;\"><a href=\"http:\/\/surmedicalisation.fr\/?page_id=4122#ME\" target=\"_blank\"><span style=\"color: #0000ff;\">\u00ab Les M\u00e9dicaments Essentiels \u00bb<\/span><\/a><\/h1>\n<p><span style=\"color: #ffffff;\">\u00a0&#8230;<\/span><\/p>\n<p style=\"text-align: center;\"><span style=\"color: #000000;\"><strong><span style=\"color: #0000ff;\"><a style=\"color: #0000ff;\" href=\"http:\/\/surmedicalisation.fr\/?page_id=4122#ME_Michel_THOMAS\" target=\"_blank\">Expos\u00e9 introductif &#8211; Pr. Michel THOMAS<\/a><\/span><br \/>\n<\/strong><\/span><\/p>\n<p style=\"text-align: center;\"><span style=\"color: #0000ff;\"><a style=\"color: #0000ff;\" href=\"http:\/\/surmedicalisation.fr\/?page_id=4122#Echanges_ME\" target=\"_blank\"><strong>Discussion<\/strong><\/a><\/span><\/p>\n<h1 style=\"text-align: center;\"><a href=\"http:\/\/surmedicalisation.fr\/?page_id=4122#Surmed\" target=\"_blank\"><span style=\"color: #0000ff;\">\u00ab La Surm\u00e9dicalisation \u00bb<\/span><\/a><\/h1>\n<p><span style=\"color: #ffffff;\">\u00a0&#8230;<\/span><\/p>\n<p style=\"text-align: center;\"><span style=\"color: #000000;\"><strong><a href=\"http:\/\/surmedicalisation.fr\/?page_id=4122#Surmed_Omar_BRIXI\" target=\"_blank\">Expos\u00e9 introductif &#8211; Omar BRIXI<\/a><br \/>\n<\/strong><\/span><\/p>\n<p style=\"text-align: center;\"><span style=\"color: #000000;\"><strong>Communication orale \u00ab R\u00e9duire le gaspillage dans le contexte de la prise en charge clinique \u00bb<\/strong>, <strong><a href=\"http:\/\/surmedicalisation.fr\/?page_id=4122#Surmed_Ian_FORDE\" target=\"_blank\">M. Ian FORDE<\/a>, Consultant en Politique de Sant\u00e9 \u00e0 l\u2019OCDE<\/strong><\/span><\/p>\n<p style=\"text-align: center;\"><span style=\"color: #000000;\"><strong>\u00a0<\/strong><\/span><\/p>\n<p style=\"text-align: center;\"><span style=\"color: #000000;\"><strong>Communication orale \u00ab\u00a0L\u2019\u00e9tude de la pens\u00e9e de Georges CANGUILHEM peut-elle nous aider \u00e0 d\u00e9finir la surm\u00e9dicalisation\u00a0?\u00a0\u00bb, <a href=\"http:\/\/surmedicalisation.fr\/?page_id=4122#Surmed_Marc_UZAN\" target=\"_blank\">Marc UZAN<\/a>, M\u00e9decin Interniste, \u00ab\u00a0Princeps Occitan\u00a0\u00bb<\/strong><\/span><\/p>\n<p style=\"text-align: center;\"><span style=\"color: #0000ff;\"><a style=\"color: #0000ff;\" href=\"http:\/\/surmedicalisation.fr\/?page_id=4122#Echanges_Surmed\" target=\"_blank\"><strong>Discussion<\/strong><\/a><\/span><\/p>\n<hr \/>\n<h2 style=\"text-align: center;\">\u00a0<strong><span style=\"color: #000000;\">Vendredi 27 mai 2016 &#8211; Apr\u00e8s-midi<\/span><\/strong><\/h2>\n<p>&nbsp;<\/p>\n<h1 style=\"text-align: center;\"><span style=\"color: #000000;\"><strong><a href=\"http:\/\/surmedicalisation.fr\/?page_id=4260#Posters\" target=\"_blank\">Visite des Posters<\/a><br \/>\n<\/strong><\/span><\/h1>\n<p>&nbsp;<\/p>\n<p>&nbsp;<\/p>\n<hr \/>\n<hr \/>\n<h2 style=\"text-align: center;\">Atelier N\u00b01<\/h2>\n<h3 style=\"text-align: center;\"><\/h3>\n<h1 style=\"text-align: center;\"><span style=\"color: #000000;\"><strong>\u00ab <a href=\"http:\/\/surmedicalisation.fr\/?page_id=4173#Atelier_N\u00b01\" target=\"_blank\">Les Antibiotiques en 2016 : Panne, impasse et menaces<\/a> \u00bb<\/strong><\/span><\/h1>\n<p style=\"text-align: center;\">Mod\u00e9rateur\u00a0: Michel DOR\u00c9, Rapporteur\u00a0: Jean-Claude SALOMON<\/p>\n<p>&nbsp;<\/p>\n<h2 style=\"text-align: center;\"><a href=\"http:\/\/surmedicalisation.fr\/?page_id=4173#ATB_Jean_CARLET\" target=\"_blank\"><span style=\"text-decoration: underline; color: #000000;\">Conf\u00e9rence introductive<\/span><\/a><\/h2>\n<p>&nbsp;<\/p>\n<h1 style=\"text-align: center;\"><a href=\"http:\/\/surmedicalisation.fr\/?page_id=4173#ATB_Jean_CARLET\" target=\"_blank\"><span style=\"color: #0000ff;\">\u00ab Antibior\u00e9sistance : Cons\u00e9quence de surdiagnostics et de surtraitements \u00bb<\/span><\/a><\/h1>\n<p style=\"text-align: center;\"><span style=\"color: #000000;\"><strong>Dr.<\/strong> <strong>Jean CARLET<\/strong>, <strong>R\u00e9animateur, Infectiologue, Pr\u00e9sident de l\u2019Alliance mondiale contre la r\u00e9sistance aux antibiotiques (WAAAR), Rapport minist\u00e9riel juin 2015 \u00ab\u00a0pour la pr\u00e9servation des antibiotiques\u00a0\u00bb<\/strong><\/span><\/p>\n<p><span style=\"color: #ffffff;\">\u00a0&#8230;<\/span><\/p>\n<p>&nbsp;<\/p>\n<h1 style=\"text-align: center;\"><a href=\"http:\/\/surmedicalisation.fr\/?page_id=4173#ATB_Jacques_BIRGE\" target=\"_blank\"><span style=\"color: #0000ff;\">\u00ab Antibiotiques et antibior\u00e9sistance :<br \/>\nEtat des lieux \u00bb<\/span><\/a><\/h1>\n<p>&nbsp;<\/p>\n<p style=\"text-align: center;\"><span style=\"color: #000000;\"><strong>Communication orale, <span style=\"color: #0000ff;\"><span style=\"color: #000000;\">Dr<\/span> <\/span><\/strong><strong>Jacques BIRG\u00c9<\/strong>,\u00a0<strong>M\u00e9decin g\u00e9n\u00e9raliste, Enseignant en M\u00e9decine g\u00e9n\u00e9rale, Vice-pr\u00e9sident d\u2019Antibiolor, Association r\u00e9gionale pour le bon usage des antibiotiques, Nancy <\/strong><\/span><\/p>\n<p><span style=\"color: #ffffff;\">\u00a0&#8230;<\/span><\/p>\n<p>&nbsp;<\/p>\n<h1 style=\"text-align: center;\"><a href=\"http:\/\/surmedicalisation.fr\/?page_id=4173#ATB_Francois_PESTY\" target=\"_blank\"><span style=\"color: #0000ff;\">\u00ab Visite acad\u00e9mique \/ Visite des DAM* : Comment modifier la prescription antibiotique en ville pour faire reculer l&rsquo;antibior\u00e9sistance ? \u00bb<\/span><\/a><\/h1>\n<p style=\"text-align: center;\"><span style=\"color: #000000;\"><strong>Communication orale, Fran\u00e7ois PESTY<\/strong><\/span><\/p>\n<p>(*) : D\u00e9l\u00e9gu\u00e9s de l&rsquo;assurance maladie<\/p>\n<p><span style=\"color: #ffffff;\">\u00a0&#8230;<\/span><\/p>\n<p>&nbsp;<\/p>\n<h1 style=\"text-align: center;\"><a href=\"http:\/\/surmedicalisation.fr\/?page_id=4173#ATB_Michel_THOMAS\" target=\"_blank\"><span style=\"color: #0000ff;\">\u00ab Lutte contre l&rsquo;antibior\u00e9sistance :<br \/>\nUne histoire ancienne \u00bb<\/span><\/a><\/h1>\n<p style=\"text-align: center;\"><span style=\"color: #000000;\"><strong>Communication orale, Pr. Michel THOMAS<\/strong><\/span><\/p>\n<p><span style=\"color: #ffffff;\">\u00a0&#8230;<\/span><\/p>\n<p>&nbsp;<\/p>\n<p style=\"text-align: center;\"><span style=\"color: #0000ff;\"><a style=\"color: #0000ff;\" href=\"http:\/\/surmedicalisation.fr\/?page_id=4173#Echanges_ATB_1\" target=\"_blank\"><strong>Discussion<\/strong><\/a><\/span><\/p>\n<p style=\"text-align: center;\"><span style=\"color: #0000ff;\"><a style=\"color: #0000ff;\" href=\"http:\/\/surmedicalisation.fr\/?page_id=4173#Echanges_ATB_2\" target=\"_blank\"><strong>Discussion (Suite) <\/strong><\/a><\/span><\/p>\n<h3 style=\"text-align: center;\"><span style=\"color: #0000ff;\"><strong><a style=\"color: #0000ff;\" href=\"http:\/\/surmedicalisation.fr\/?page_id=4173#Synth\u00e8se_restitution_ateliers_1&amp;2\" target=\"_blank\">Synth\u00e8se et restitution en pl\u00e9ni\u00e8re de l&rsquo;atelier N\u00b01 &#8211; Jean-Claude SALOMON<\/a><\/strong><\/span><\/h3>\n<p>&nbsp;<\/p>\n<p>&nbsp;<\/p>\n<h3 style=\"text-align: center;\"><span style=\"color: #ffffff;\">&#8230;&#8230;<\/span><\/h3>\n<p>&nbsp;<\/p>\n<hr \/>\n<h2 style=\"text-align: center;\"><a href=\"http:\/\/surmedicalisation.fr\/?page_id=4208#Atelier_N\u00b02\" target=\"_blank\">Atelier N\u00b02<\/a><\/h2>\n<h1 style=\"text-align: center;\"><a href=\"http:\/\/surmedicalisation.fr\/?page_id=4208#Atelier_N\u00b02\" target=\"_blank\"><span style=\"color: #000000;\"><strong>\u00ab Surm\u00e9dicalisation et d\u00e9prescription<br \/>\nchez les personnes \u00e2g\u00e9es \u00bb<\/strong><\/span><\/a><\/h1>\n<p style=\"text-align: center;\">\u00a0Mod\u00e9rateur\u00a0: Marc UZAN, Rapporteur\u00a0: Ma\u00eflys MICHOT-CASBAS<\/p>\n<p><span style=\"color: #ffffff;\">&#8230;<\/span><\/p>\n<h2 style=\"text-align: center;\"><span style=\"text-decoration: underline; color: #000000;\">Conf\u00e9rence introductive<\/span><\/h2>\n<h1 style=\"text-align: center;\"><span style=\"color: #0000ff;\"><a href=\"http:\/\/surmedicalisation.fr\/?page_id=4208#Laurence_DUCO\" target=\"_blank\">\u00ab Une surconsommation de m\u00e9dicaments \u00bb<\/a><br \/>\n<\/span><\/h1>\n<p style=\"text-align: center;\"><span style=\"color: #000000;\"><strong>Dr Laurence DUCO<\/strong>, <strong>Chef de Clinique, Service de G\u00e9riatrie Aigu\u00eb<br \/>\ndu Pr Olivier SAINT-JEAN, H\u00f4pital Europ\u00e9en Georges-POMPIDOU, Paris<\/strong><\/span><\/p>\n<p>&nbsp;<\/p>\n<p>&nbsp;<\/p>\n<h1 style=\"text-align: center;\"><a href=\"http:\/\/surmedicalisation.fr\/?page_id=4208#Alain_MERCIER\" target=\"_blank\"><span style=\"color: #0000ff;\">\u00ab Les psychotropes chez la personne \u00e2g\u00e9e \u00bb<\/span><\/a><\/h1>\n<p style=\"text-align: center;\"><span style=\"color: #000000;\"><strong>Communication orale, Pr.<\/strong> <strong>Alain MERCIER<\/strong>,\u00a0<strong>M\u00e9decin g\u00e9n\u00e9raliste, Enseignant en M\u00e9decine g\u00e9n\u00e9rale, Responsable du D\u00e9partement de M\u00e9decine G\u00e9n\u00e9rale de la Facult\u00e9 de M\u00e9decine de Bobigny <\/strong><\/span><\/p>\n<p><span style=\"color: #ffffff;\">\u00a0&#8230;<\/span><\/p>\n<p>&nbsp;<\/p>\n<h1 style=\"text-align: center;\"><a href=\"http:\/\/surmedicalisation.fr\/?page_id=4208#Lolita_PEREZ\" target=\"_blank\"><span style=\"color: #0000ff;\">\u00ab D\u00e9prescription : Focus groupe chez des sujets \u00e2g\u00e9s de 70 ans et plus \u00bb<\/span><\/a><\/h1>\n<p style=\"text-align: center;\"><span style=\"color: #000000;\"><strong>Communication orale, Dr.<\/strong> <strong>Lolita PEREZ<\/strong>,\u00a0<\/span><strong><span style=\"color: #000000;\">M\u00e9decin g\u00e9n\u00e9raliste,<br \/>\n\u00ab\u00a0Princeps Occitan\u00a0\u00bb, Toulouse <\/span> <\/strong><\/p>\n<p><span style=\"color: #ffffff;\">\u00a0&#8230;<\/span><\/p>\n<p><span style=\"color: #ffffff;\">\u00a0&#8230;<\/span><\/p>\n<p>&nbsp;<\/p>\n<p>&nbsp;<\/p>\n<h1 style=\"text-align: center;\"><a href=\"http:\/\/surmedicalisation.fr\/?page_id=4208#Marie-Claude_POCQUET\" target=\"_blank\"><span style=\"color: #0000ff;\">\u00ab Iatrog\u00e9nie m\u00e9dicamenteuse en EHPAD \/ USLD : Un outil pragmatique de r\u00e9\u00e9valuation des traitements des patients\/r\u00e9sidents \u00bb<\/span><\/a><\/h1>\n<p style=\"text-align: center;\"><span style=\"color: #000000;\"><strong>Communication orale, Dr.<\/strong> <\/span><strong><span style=\"color: #000000;\">Marie-Claude POCQUET, M\u00e9decin,<br \/>\nCentre Hospitalier de Pithiviers, Loiret <\/span><\/strong><\/p>\n<p><span style=\"color: #ffffff;\">\u00a0&#8230;<\/span><\/p>\n<p>&nbsp;<\/p>\n<p style=\"text-align: center;\"><strong><span style=\"color: #000000;\">Discussion<\/span><\/strong><\/p>\n<p style=\"text-align: center;\"><span style=\"color: #ffffff;\">&#8230;<\/span><\/p>\n<h3 style=\"text-align: center;\"><span style=\"color: #0000ff;\"><strong><a style=\"color: #0000ff;\" href=\"http:\/\/surmedicalisation.fr\/?page_id=4208#Synth\u00e8se_restitution_ateliers_1&amp;2\" target=\"_blank\">Synth\u00e8se et restitution en pl\u00e9ni\u00e8re de l&rsquo;atelier N\u00b02 &#8211; Ma\u00eflys MICHOT-CASBAS<\/a><\/strong><\/span><\/h3>\n<p>&nbsp;<\/p>\n<hr \/>\n<p>&nbsp;<\/p>\n<h2 style=\"text-align: center;\">\u00a0<strong><span style=\"color: #000000;\">Samedi 28 mai 2016 &#8211; Matin\u00e9e<\/span><\/strong><\/h2>\n<p>&nbsp;<\/p>\n<h2 style=\"text-align: center;\"><a href=\"http:\/\/surmedicalisation.fr\/?page_id=4231#Atelier_N\u00b03\" target=\"_blank\">Atelier N\u00b03<\/a><\/h2>\n<h3 style=\"text-align: center;\"><\/h3>\n<h1 style=\"text-align: center;\"><a href=\"http:\/\/surmedicalisation.fr\/?page_id=4231#Atelier_N\u00b03\" target=\"_blank\"><span style=\"color: #000000;\"><strong>\u00ab Prix et politique des m\u00e9dicaments<br \/>\nen 2016 \u00bb<\/strong><\/span><\/a><\/h1>\n<h3 style=\"text-align: center;\"><\/h3>\n<p>&nbsp;<\/p>\n<h2 style=\"text-align: center;\"><span style=\"text-decoration: underline; color: #000000;\">Expos\u00e9 introductif<\/span><\/h2>\n<h1 style=\"text-align: center;\"><a href=\"http:\/\/surmedicalisation.fr\/?page_id=4231#Prix_Jean-Claude_SALOMON\" target=\"_blank\"><span style=\"color: #0000ff;\">\u00ab Co\u00fbt et prix des m\u00e9dicaments :<br \/>\nY-a-t-il un juste prix ? \u00bb<\/span><\/a><\/h1>\n<p style=\"text-align: center;\"><span style=\"color: #000000;\"><strong>Dr.<\/strong> <strong>Jean-Claude SALOMON<\/strong><\/span><\/p>\n<p><span style=\"color: #ffffff;\">\u00a0&#8230;<\/span><\/p>\n<h1 style=\"text-align: center;\"><a href=\"http:\/\/surmedicalisation.fr\/?page_id=4231#Pr_Jean-Paul_VERNANT\" target=\"_blank\"><span style=\"color: #0000ff;\">\u00ab Prix des m\u00e9dicaments anticanc\u00e9reux \u00bb<\/span><\/a><\/h1>\n<p style=\"text-align: center;\"><span style=\"color: #000000;\"><strong>Conf\u00e9rence, Pr.<\/strong> <strong>Jean-Paul VERNANT,<\/strong>\u00a0<strong>H\u00e9matologue, Groupe Hospitalier Piti\u00e9 &#8211; Salp\u00eatri\u00e8re, Auteur des recommandations du 3<sup>\u00e8me<\/sup> Plan Cancer, Initiateur de l\u2019appel des 110 oncologues contre le co\u00fbt des traitements, Paris <\/strong><\/span><\/p>\n<p><span style=\"color: #ffffff;\">\u00a0&#8230;<\/span><\/p>\n<h1 style=\"text-align: center;\"><a href=\"http:\/\/surmedicalisation.fr\/?page_id=4231#Pr_Albert_HIRSCH\" target=\"_blank\"><span style=\"color: #0000ff;\">\u00ab R\u00e9flexions contributives autour du tabac et de l&rsquo;amiante&#8230; \u00bb<\/span><\/a><\/h1>\n<p style=\"text-align: center;\"><span style=\"color: #000000;\"><strong>Intervention\u00a0: Pr <strong>Albert HIRSCH<\/strong>, Professeur \u00e9m\u00e9rite \u00e0 l&rsquo;Universit\u00e9 Paris VII-Denis Diderot, Pneumologue, Ligue nationale contre le cancer<\/strong><\/span><\/p>\n<p>&nbsp;<\/p>\n<p><span style=\"color: #ffffff;\">\u00a0&#8230;<\/span><\/p>\n<p>&nbsp;<\/p>\n<h2 style=\"text-align: center;\"><a href=\"http:\/\/surmedicalisation.fr\/?page_id=4231#3.a\" target=\"_blank\">Sous-atelier N\u00b03.a<\/a><\/h2>\n<h3 style=\"text-align: center;\"><\/h3>\n<h1 style=\"text-align: center;\"><a href=\"http:\/\/surmedicalisation.fr\/?page_id=4231#3.a\" target=\"_blank\"><span style=\"color: #000000;\"><strong>\u00ab La flamb\u00e9e des prix des m\u00e9dicaments anticanc\u00e9reux au regard de leur efficacit\u00e9 \u00bb<\/strong><\/span><\/a><\/h1>\n<p style=\"text-align: center;\">\u00a0Mod\u00e9rateur\u00a0: Albert HIRSCH, Rapporteur\u00a0: Alain SIARY<\/p>\n<p>&nbsp;<\/p>\n<h1 style=\"text-align: center;\"><a href=\"http:\/\/surmedicalisation.fr\/?page_id=4231#Dr_G\u00e9rard_DELEPINE\" target=\"_blank\"><span style=\"color: #0000ff;\">\u00ab Surconsommation des th\u00e9rapies cibl\u00e9es dans le cancer du poumon non \u00e0 petites cellules \u00bb<\/span><\/a><\/h1>\n<p style=\"text-align: center;\"><span style=\"color: #000000;\"><strong>Communication orale, Dr G\u00e9rard DEL\u00c9PINE,<br \/>\nChirurgien, Oncologue, Paris<\/strong><\/span><\/p>\n<p>&nbsp;<\/p>\n<p><span style=\"color: #ffffff;\">\u00a0&#8230;<\/span><\/p>\n<p>&nbsp;<\/p>\n<h1 style=\"text-align: center;\"><a href=\"http:\/\/surmedicalisation.fr\/?page_id=4231#Dr_Danielle_BARBOTIN\" target=\"_blank\"><span style=\"color: #0000ff;\">\u00ab Les inhibiteurs de l&rsquo;aromatase &#8211; Plus malade du m\u00e9dicament que de la maladie \u00bb<\/span><\/a><\/h1>\n<p style=\"text-align: center;\"><strong><span style=\"color: #000000;\">Communication orale, Dr Danielle BARBOTIN,<\/span><br \/>\n<span style=\"color: #000000;\"> Gyn\u00e9cologue et patiente, Paris<\/span><br \/>\n<\/strong><\/p>\n<p><span style=\"color: #ffffff;\">\u00a0&#8230;<\/span><\/p>\n<p style=\"text-align: center;\"><strong><span style=\"color: #000000;\">Discussion<\/span><\/strong><\/p>\n<hr \/>\n<h3 style=\"text-align: center;\"><span style=\"color: #ffffff;\">&#8230;&#8230;<\/span><\/h3>\n<h2 style=\"text-align: center;\"><a href=\"http:\/\/surmedicalisation.fr\/?page_id=4231#3.b\" target=\"_blank\">Sous-atelier N\u00b03.b<\/a><\/h2>\n<h3 style=\"text-align: center;\"><\/h3>\n<h1 style=\"text-align: center;\"><a href=\"http:\/\/surmedicalisation.fr\/?page_id=4231#3.b\" target=\"_blank\"><span style=\"color: #000000;\"><strong>\u00ab Comment en 2016, les firmes pharmaceutiques traquent-elles le profit ? \u00bb<\/strong><\/span><\/a><\/h1>\n<p style=\"text-align: center;\">Mod\u00e9rateur\u00a0: Fran\u00e7ois PESTY, Rapporteur\u00a0: Michel DOR\u00c9<\/p>\n<p>&nbsp;<\/p>\n<p>&nbsp;<\/p>\n<h1 style=\"text-align: center;\"><a href=\"http:\/\/surmedicalisation.fr\/?page_id=4231#Dr_David_BERAN\" target=\"_blank\"><span style=\"color: #0000ff;\">\u00ab Le double scandale de l&rsquo;acc\u00e8s \u00e0 l&rsquo;insuline \u00bb<\/span><\/a><\/h1>\n<p style=\"text-align: center;\"><span style=\"color: #000000;\"><strong>Communication orale, Dr David BERAN, Facult\u00e9 de M\u00e9decine &#8211; Universit\u00e9 de Gen\u00e8ve, H\u00f4pitaux Universitaires de Gen\u00e8ve (HUG)<\/strong><\/span><\/p>\n<p>&nbsp;<\/p>\n<p><span style=\"color: #ffffff;\">\u00a0&#8230;<\/span><\/p>\n<h1 style=\"text-align: center;\"><a href=\"http:\/\/surmedicalisation.fr\/?page_id=4231#Dr_Francois_PESTY\" target=\"_blank\"><span style=\"color: #0000ff;\">\u00ab Comment les firmes pharmaceutiques traquent le profit ? \u00bb<\/span><\/a><\/h1>\n<p style=\"text-align: center;\"><strong><span style=\"color: #000000;\">Animation de l&rsquo;atelier, Fran\u00e7ois PESTY<\/span><br \/>\n<\/strong><\/p>\n<p><span style=\"color: #ffffff;\">\u00a0&#8230;<\/span><\/p>\n<p style=\"text-align: center;\"><span style=\"color: #0000ff;\"><a style=\"color: #0000ff;\" href=\"http:\/\/surmedicalisation.fr\/?page_id=4231#Echanges_Sous-atelier_N\u00b03\" target=\"_blank\"><strong>Discussion<\/strong><\/a><\/span><\/p>\n<hr \/>\n<h3 style=\"text-align: center;\"><\/h3>\n<h1 style=\"text-align: center;\"><span style=\"color: #000000;\"><strong><a href=\"http:\/\/surmedicalisation.fr\/?page_id=4231#Synth\u00e8se_Colloque\" target=\"_blank\">Synth\u00e8se du colloque<\/a><br \/>\n<\/strong><\/span><\/h1>\n<p style=\"text-align: center;\"><strong><span style=\"color: #000000;\">Omar BRIXI<\/span><br \/>\n<\/strong><\/p>\n<p>&nbsp;<\/p>\n<h1 style=\"text-align: center;\"><span style=\"color: #000000;\"><strong>Cl\u00f4ture du colloque<br \/>\n<\/strong><\/span><\/h1>\n<p style=\"text-align: center;\"><strong><span style=\"color: #000000;\">Pr. Michel THOMAS<\/span><br \/>\n<\/strong><\/p>\n<hr \/>\n<h3 style=\"text-align: center;\"><span style=\"color: #ffffff;\">&#8230;&#8230;<\/span><\/h3>\n<h1 style=\"text-align: center;\"><span style=\"color: #000000;\"><strong><a href=\"http:\/\/surmedicalisation.fr\/?page_id=4290\" target=\"_blank\">Galerie photos<\/a><br \/>\n<\/strong><\/span><\/h1>\n<hr \/>\n","protected":false},"excerpt":{"rendered":"<p>Colloque 2016 Sur et sous m\u00e9dicalisation, surdiagnostics, surtraitements Facult\u00e9 de M\u00e9decine de Bobigny, Universit\u00e9 Paris 13 Le groupe Princeps, le D\u00e9partement de M\u00e9decine G\u00e9n\u00e9rale de la facult\u00e9 de m\u00e9decine de Bobigny, la Soci\u00e9t\u00e9 de Formation \u00e0 la Th\u00e9rapeutique du G\u00e9n\u00e9raliste &hellip; <a href=\"https:\/\/surmedicalisation.fr\/?page_id=4094\">Continuer la lecture <span class=\"meta-nav\">&rarr;<\/span><\/a><\/p>\n","protected":false},"author":1,"featured_media":0,"parent":3747,"menu_order":1,"comment_status":"closed","ping_status":"closed","template":"","meta":[],"_links":{"self":[{"href":"https:\/\/surmedicalisation.fr\/index.php?rest_route=\/wp\/v2\/pages\/4094"}],"collection":[{"href":"https:\/\/surmedicalisation.fr\/index.php?rest_route=\/wp\/v2\/pages"}],"about":[{"href":"https:\/\/surmedicalisation.fr\/index.php?rest_route=\/wp\/v2\/types\/page"}],"author":[{"embeddable":true,"href":"https:\/\/surmedicalisation.fr\/index.php?rest_route=\/wp\/v2\/users\/1"}],"replies":[{"embeddable":true,"href":"https:\/\/surmedicalisation.fr\/index.php?rest_route=%2Fwp%2Fv2%2Fcomments&post=4094"}],"version-history":[{"count":57,"href":"https:\/\/surmedicalisation.fr\/index.php?rest_route=\/wp\/v2\/pages\/4094\/revisions"}],"predecessor-version":[{"id":4431,"href":"https:\/\/surmedicalisation.fr\/index.php?rest_route=\/wp\/v2\/pages\/4094\/revisions\/4431"}],"up":[{"embeddable":true,"href":"https:\/\/surmedicalisation.fr\/index.php?rest_route=\/wp\/v2\/pages\/3747"}],"wp:attachment":[{"href":"https:\/\/surmedicalisation.fr\/index.php?rest_route=%2Fwp%2Fv2%2Fmedia&parent=4094"}],"curies":[{"name":"wp","href":"https:\/\/api.w.org\/{rel}","templated":true}]}}