{"id":4208,"date":"2016-09-16T14:48:14","date_gmt":"2016-09-16T12:48:14","guid":{"rendered":"http:\/\/surmedicalisation.fr\/?page_id=4208"},"modified":"2016-09-16T14:48:14","modified_gmt":"2016-09-16T12:48:14","slug":"atelier-n2-colloque-2016","status":"publish","type":"page","link":"https:\/\/surmedicalisation.fr\/?page_id=4208","title":{"rendered":"Atelier N\u00b02 &#8211; Colloque 2016"},"content":{"rendered":"<p><script>\n  (function(i,s,o,g,r,a,m){i['GoogleAnalyticsObject']=r;i[r]=i[r]||function(){\n  (i[r].q=i[r].q||[]).push(arguments)},i[r].l=1*new Date();a=s.createElement(o),\n  m=s.getElementsByTagName(o)[0];a.async=1;a.src=g;m.parentNode.insertBefore(a,m)\n  })(window,document,'script','\/\/www.google-analytics.com\/analytics.js','ga');<\/p>\n<p>  ga('create', 'UA-40453293-1', 'surmedicalisation.fr');\n  ga('send', 'pageview');<\/p>\n<p><\/script><\/p>\n<p style=\"text-align: center;\"><em>Vendredi 27 mai 2016 &#8211; apr\u00e8s-midi<\/em><\/p>\n<h1 style=\"text-align: center;\"><span style=\"color: #000000;\"><strong><a id=\"Atelier_N\u00b02\"><\/a>\u00ab <\/strong><\/span><strong>Surm\u00e9dicalisation et d\u00e9prescription<br \/>\nchez les personnes \u00e2g\u00e9es <\/strong><span style=\"color: #000000;\"><strong>\u00bb<\/strong><\/span><\/h1>\n<p style=\"text-align: center;\">Mod\u00e9rateur\u00a0: Marc UZAN, Rapporteur\u00a0: Ma\u00eflys MICHOT-CASBAS<\/p>\n<h2 style=\"text-align: center;\"><span style=\"text-decoration: underline; color: #000000;\"><a id=\"Laurence_DUCO\"><\/a>Conf\u00e9rence introductive<\/span><\/h2>\n<h1 style=\"text-align: center;\"><span style=\"color: #0000ff;\">\u00ab Une surconsommation de m\u00e9dicaments \u00bb<\/span><\/h1>\n<p><strong>Dr Laurence DUCO<\/strong>, <strong>Chef de Clinique, Service de G\u00e9riatrie Aigu\u00eb<br \/>\ndu Pr Olivier SAINT-JEAN, H\u00f4pital Europ\u00e9en Georges-POMPIDOU, Paris<\/strong><\/p>\n<p><span style=\"color: #ffffff;\">\u00a0&#8230;<\/span><\/p>\n<p>&nbsp;<\/p>\n<h6 style=\"text-align: center;\">Cliquer sur l&rsquo;image ci-dessous pour ouvrir la pr\u00e9sentation diapositive du Dr Laurence DUCO<a href=\"http:\/\/surmedicalisation.fr\/blog\/WordPress3\/wp-content\/uploads\/2016\/09\/LD-Colloque-de-Bobigny-27-05-2016.pdf\" target=\"_blank\"><img loading=\"lazy\" class=\"alignnone wp-image-4211 size-full\" src=\"http:\/\/surmedicalisation.fr\/blog\/WordPress3\/wp-content\/uploads\/2016\/09\/LD-Colloque-de-Bobigny-27-05-2016.jpg\" alt=\"ld-colloque-de-bobigny-27-05-2016\" width=\"960\" height=\"720\" srcset=\"https:\/\/surmedicalisation.fr\/blog\/WordPress3\/wp-content\/uploads\/2016\/09\/LD-Colloque-de-Bobigny-27-05-2016.jpg 960w, https:\/\/surmedicalisation.fr\/blog\/WordPress3\/wp-content\/uploads\/2016\/09\/LD-Colloque-de-Bobigny-27-05-2016-300x225.jpg 300w, https:\/\/surmedicalisation.fr\/blog\/WordPress3\/wp-content\/uploads\/2016\/09\/LD-Colloque-de-Bobigny-27-05-2016-768x576.jpg 768w\" sizes=\"(max-width: 960px) 100vw, 960px\" \/><\/a><\/h6>\n<h1 style=\"text-align: center;\"><\/h1>\n<h1 style=\"text-align: center;\"><span style=\"color: #0000ff;\"><a id=\"Alain_MERCIER\"><\/a>\u00ab Les psychotropes chez la personne \u00e2g\u00e9e \u00bb<\/span><\/h1>\n<h1 style=\"text-align: center;\"><span style=\"color: #0000ff;\">\u00a0<\/span><\/h1>\n<p style=\"text-align: center;\"><span style=\"color: #000000;\"><strong>Communication orale, Pr. Alain MERCIER,\u00a0M\u00e9decin g\u00e9n\u00e9raliste, Enseignant en M\u00e9decine g\u00e9n\u00e9rale, Responsable du D\u00e9partement de M\u00e9decine G\u00e9n\u00e9rale de la Facult\u00e9 de M\u00e9decine de Bobigny<\/strong><\/span><\/p>\n<p><span style=\"color: #ffffff;\">\u00a0&#8230;<\/span><\/p>\n<p>&nbsp;<\/p>\n<h6 style=\"text-align: center;\"><\/h6>\n<h6 style=\"text-align: center;\"><\/h6>\n<h6 style=\"text-align: center;\">Cliquer sur l&rsquo;image ci-dessous pour ouvrir la pr\u00e9sentation diapositive du Pr Alain MERCIER <a href=\"http:\/\/surmedicalisation.fr\/blog\/WordPress3\/wp-content\/uploads\/2016\/09\/diaporama_Mercier_surmed.pdf\" target=\"_blank\"><img loading=\"lazy\" class=\"alignnone wp-image-4216 size-large\" src=\"http:\/\/surmedicalisation.fr\/blog\/WordPress3\/wp-content\/uploads\/2016\/09\/diaporama_Mercier_surmed-1024x576.jpg\" alt=\"diaporama_mercier_surmed\" width=\"640\" height=\"360\" srcset=\"https:\/\/surmedicalisation.fr\/blog\/WordPress3\/wp-content\/uploads\/2016\/09\/diaporama_Mercier_surmed-1024x576.jpg 1024w, https:\/\/surmedicalisation.fr\/blog\/WordPress3\/wp-content\/uploads\/2016\/09\/diaporama_Mercier_surmed-300x169.jpg 300w, https:\/\/surmedicalisation.fr\/blog\/WordPress3\/wp-content\/uploads\/2016\/09\/diaporama_Mercier_surmed-768x432.jpg 768w, https:\/\/surmedicalisation.fr\/blog\/WordPress3\/wp-content\/uploads\/2016\/09\/diaporama_Mercier_surmed.jpg 1279w\" sizes=\"(max-width: 640px) 100vw, 640px\" \/><\/a><\/h6>\n<p>&nbsp;<\/p>\n<p>&nbsp;<\/p>\n<h1 style=\"text-align: center;\"><span style=\"color: #0000ff;\"><a id=\"Lolita_PEREZ\"><\/a>\u00ab D\u00e9prescription : Focus groupe chez des sujets \u00e2g\u00e9s de 70 ans et plus \u00bb<\/span><\/h1>\n<h1 style=\"text-align: center;\"><span style=\"color: #0000ff;\">\u00a0<\/span><\/h1>\n<p style=\"text-align: center;\"><strong>Communication orale, Dr.<\/strong> <strong>Lolita PEREZ<\/strong>,\u00a0<strong>M\u00e9decin g\u00e9n\u00e9raliste,<br \/>\n\u00ab\u00a0Princeps Occitan\u00a0\u00bb, Toulouse <\/strong><\/p>\n<p><span style=\"color: #ffffff;\">\u00a0&#8230;<\/span><\/p>\n<h6 style=\"text-align: center;\">Cliquer sur l&rsquo;image ci-dessous pour ouvrir la pr\u00e9sentation diapositive du Dr Lolita PEREZ <a href=\"http:\/\/surmedicalisation.fr\/blog\/WordPress3\/wp-content\/uploads\/2016\/09\/Princeps-occitan.pdf\" target=\"_blank\"><img loading=\"lazy\" class=\"alignnone wp-image-4218 size-full\" src=\"http:\/\/surmedicalisation.fr\/blog\/WordPress3\/wp-content\/uploads\/2016\/09\/Princeps-occitan.jpg\" alt=\"princeps-occitan\" width=\"960\" height=\"720\" srcset=\"https:\/\/surmedicalisation.fr\/blog\/WordPress3\/wp-content\/uploads\/2016\/09\/Princeps-occitan.jpg 960w, https:\/\/surmedicalisation.fr\/blog\/WordPress3\/wp-content\/uploads\/2016\/09\/Princeps-occitan-300x225.jpg 300w, https:\/\/surmedicalisation.fr\/blog\/WordPress3\/wp-content\/uploads\/2016\/09\/Princeps-occitan-768x576.jpg 768w\" sizes=\"(max-width: 960px) 100vw, 960px\" \/><\/a><\/h6>\n<p>&nbsp;<\/p>\n<p>&nbsp;<\/p>\n<h1 style=\"text-align: center;\"><span style=\"color: #0000ff;\"><a id=\"Marie-Claude_POCQUET\"><\/a>\u00ab Iatrog\u00e9nie m\u00e9dicamenteuse en EHPAD \/ USLD : Un outil pragmatique de r\u00e9\u00e9valuation des traitements des patients\/r\u00e9sidents \u00bb<\/span><\/h1>\n<h1 style=\"text-align: center;\"><span style=\"color: #0000ff;\">\u00a0<\/span><\/h1>\n<p style=\"text-align: center;\"><span style=\"color: #000000;\"><strong>Communication orale, Dr. Marie-Claude POCQUET, M\u00e9decin,<br \/>\nCentre Hospitalier de Pithiviers, Loiret<\/strong><\/span><\/p>\n<p><span style=\"color: #ffffff;\">\u00a0&#8230;<\/span><\/p>\n<h6 style=\"text-align: center;\"><\/h6>\n<h6 style=\"text-align: center;\">Cliquer sur l&rsquo;image ci-dessous pour ouvrir la pr\u00e9sentation diapositive du Dr Marie-Claude POCQUET<a href=\"http:\/\/surmedicalisation.fr\/blog\/WordPress3\/wp-content\/uploads\/2016\/09\/EPP-IATRO-2016-Colloque-Bobigny.pdf\" target=\"_blank\"><img loading=\"lazy\" class=\"aligncenter wp-image-4222 size-full\" src=\"http:\/\/surmedicalisation.fr\/blog\/WordPress3\/wp-content\/uploads\/2016\/09\/EPP-IATRO-2016-Colloque-Bobigny.jpg\" alt=\"epp-iatro-2016-colloque-bobigny\" width=\"960\" height=\"720\" srcset=\"https:\/\/surmedicalisation.fr\/blog\/WordPress3\/wp-content\/uploads\/2016\/09\/EPP-IATRO-2016-Colloque-Bobigny.jpg 960w, https:\/\/surmedicalisation.fr\/blog\/WordPress3\/wp-content\/uploads\/2016\/09\/EPP-IATRO-2016-Colloque-Bobigny-300x225.jpg 300w, https:\/\/surmedicalisation.fr\/blog\/WordPress3\/wp-content\/uploads\/2016\/09\/EPP-IATRO-2016-Colloque-Bobigny-768x576.jpg 768w\" sizes=\"(max-width: 960px) 100vw, 960px\" \/><\/a><\/h6>\n<p>&nbsp;<\/p>\n<p style=\"text-align: center;\"><strong><span style=\"color: #000000;\">Discussion<\/span><\/strong><\/p>\n<p>&nbsp;<\/p>\n<h6 style=\"text-align: center;\"><\/h6>\n<p style=\"text-align: center;\"><strong><span style=\"color: #000000;\"><a id=\"Synth\u00e8se_restitution_ateliers_1&amp;2\"><\/a>Restitution en pl\u00e9ni\u00e8re des ateliers N\u00b01 &amp; N\u00b02<br \/>\nJean-Claude SALOMON et Ma\u00eflys MICHOT-CASBAS<br \/>\n<\/span><\/strong><\/p>\n<h6 style=\"text-align: center;\"><\/h6>\n<h6 style=\"text-align: center;\">Cliquer sur l&rsquo;image ci-dessous pour ouvrir l&rsquo;enregistrement vid\u00e9o de la restitution de l&rsquo;atelier N\u00b02 par le Dr Ma\u00eflys MICHOT-CASBAS<a href=\"https:\/\/youtu.be\/XdRCfoJw788?list=PLsYpHIMDwFhhG4BsOR5DT2Y-nQLRxHkJm&amp;t=397\" target=\"_blank\"><img loading=\"lazy\" class=\"aligncenter wp-image-4409 size-full\" src=\"http:\/\/surmedicalisation.fr\/blog\/WordPress3\/wp-content\/uploads\/2016\/09\/Ma\u00eflys_Restitution_atelier_N\u00b02_en_pl\u00e9ni\u00e8re.jpg\" alt=\"mailys_restitution_atelier_n2_en_pleniere\" width=\"854\" height=\"482\" srcset=\"https:\/\/surmedicalisation.fr\/blog\/WordPress3\/wp-content\/uploads\/2016\/09\/Ma\u00eflys_Restitution_atelier_N\u00b02_en_pl\u00e9ni\u00e8re.jpg 854w, https:\/\/surmedicalisation.fr\/blog\/WordPress3\/wp-content\/uploads\/2016\/09\/Ma\u00eflys_Restitution_atelier_N\u00b02_en_pl\u00e9ni\u00e8re-300x169.jpg 300w, https:\/\/surmedicalisation.fr\/blog\/WordPress3\/wp-content\/uploads\/2016\/09\/Ma\u00eflys_Restitution_atelier_N\u00b02_en_pl\u00e9ni\u00e8re-768x433.jpg 768w\" sizes=\"(max-width: 854px) 100vw, 854px\" \/><\/a><\/h6>\n<h6 style=\"text-align: center;\">Cliquer sur l&rsquo;image ci-dessous pour ouvrir le support de restitution de l&rsquo;atelier N\u00b02 utilis\u00e9 par le Dr Ma\u00eflys MICHOT-CASBAS<a href=\"http:\/\/surmedicalisation.fr\/blog\/WordPress3\/wp-content\/uploads\/2016\/09\/REFLEXIONS_d\u00e9briefing_atelier_N\u00b02_Maylis_MICHOT-CASBAS-.pdf\" target=\"_blank\"><img loading=\"lazy\" class=\"aligncenter wp-image-4225 size-full\" src=\"http:\/\/surmedicalisation.fr\/blog\/WordPress3\/wp-content\/uploads\/2016\/09\/REFLEXIONS.png\" alt=\"reflexions\" width=\"428\" height=\"524\" srcset=\"https:\/\/surmedicalisation.fr\/blog\/WordPress3\/wp-content\/uploads\/2016\/09\/REFLEXIONS.png 428w, https:\/\/surmedicalisation.fr\/blog\/WordPress3\/wp-content\/uploads\/2016\/09\/REFLEXIONS-245x300.png 245w\" sizes=\"(max-width: 428px) 100vw, 428px\" \/><\/a><\/h6>\n","protected":false},"excerpt":{"rendered":"<p>Vendredi 27 mai 2016 &#8211; apr\u00e8s-midi \u00ab Surm\u00e9dicalisation et d\u00e9prescription chez les personnes \u00e2g\u00e9es \u00bb Mod\u00e9rateur\u00a0: Marc UZAN, Rapporteur\u00a0: Ma\u00eflys MICHOT-CASBAS Conf\u00e9rence introductive \u00ab Une surconsommation de m\u00e9dicaments \u00bb Dr Laurence DUCO, Chef de Clinique, Service de G\u00e9riatrie Aigu\u00eb du &hellip; <a href=\"https:\/\/surmedicalisation.fr\/?page_id=4208\">Continuer la lecture <span class=\"meta-nav\">&rarr;<\/span><\/a><\/p>\n","protected":false},"author":1,"featured_media":0,"parent":4094,"menu_order":3,"comment_status":"closed","ping_status":"closed","template":"","meta":[],"_links":{"self":[{"href":"https:\/\/surmedicalisation.fr\/index.php?rest_route=\/wp\/v2\/pages\/4208"}],"collection":[{"href":"https:\/\/surmedicalisation.fr\/index.php?rest_route=\/wp\/v2\/pages"}],"about":[{"href":"https:\/\/surmedicalisation.fr\/index.php?rest_route=\/wp\/v2\/types\/page"}],"author":[{"embeddable":true,"href":"https:\/\/surmedicalisation.fr\/index.php?rest_route=\/wp\/v2\/users\/1"}],"replies":[{"embeddable":true,"href":"https:\/\/surmedicalisation.fr\/index.php?rest_route=%2Fwp%2Fv2%2Fcomments&post=4208"}],"version-history":[{"count":13,"href":"https:\/\/surmedicalisation.fr\/index.php?rest_route=\/wp\/v2\/pages\/4208\/revisions"}],"predecessor-version":[{"id":4410,"href":"https:\/\/surmedicalisation.fr\/index.php?rest_route=\/wp\/v2\/pages\/4208\/revisions\/4410"}],"up":[{"embeddable":true,"href":"https:\/\/surmedicalisation.fr\/index.php?rest_route=\/wp\/v2\/pages\/4094"}],"wp:attachment":[{"href":"https:\/\/surmedicalisation.fr\/index.php?rest_route=%2Fwp%2Fv2%2Fmedia&parent=4208"}],"curies":[{"name":"wp","href":"https:\/\/api.w.org\/{rel}","templated":true}]}}