{"id":4231,"date":"2016-09-16T14:59:31","date_gmt":"2016-09-16T12:59:31","guid":{"rendered":"http:\/\/surmedicalisation.fr\/?page_id=4231"},"modified":"2016-09-16T14:59:31","modified_gmt":"2016-09-16T12:59:31","slug":"atelier-n3-colloque-2016","status":"publish","type":"page","link":"https:\/\/surmedicalisation.fr\/?page_id=4231","title":{"rendered":"Atelier N\u00b03 &#8211; Colloque 2016"},"content":{"rendered":"<p><script>\n  (function(i,s,o,g,r,a,m){i['GoogleAnalyticsObject']=r;i[r]=i[r]||function(){\n  (i[r].q=i[r].q||[]).push(arguments)},i[r].l=1*new Date();a=s.createElement(o),\n  m=s.getElementsByTagName(o)[0];a.async=1;a.src=g;m.parentNode.insertBefore(a,m)\n  })(window,document,'script','\/\/www.google-analytics.com\/analytics.js','ga');<\/p>\n<p>  ga('create', 'UA-40453293-1', 'surmedicalisation.fr');\n  ga('send', 'pageview');<\/p>\n<p><\/script><\/p>\n<p style=\"text-align: center;\"><em>Samedi 28 mai 2016 &#8211; matin\u00e9e<\/em><\/p>\n<h1 style=\"text-align: center;\"><strong><a id=\"Atelier N\u00b03\"><\/a>\u00ab Prix et politique des m\u00e9dicaments<br \/>\nen 2016 \u00bb<\/strong><\/h1>\n<h1 style=\"text-align: center;\"><span style=\"color: #000000;\"><strong>\u00a0<\/strong><\/span><\/h1>\n<h2 style=\"text-align: center;\"><a id=\"Prix_Jean-Claude_SALOMON\"><\/a>Expos\u00e9 introductif<\/h2>\n<h2 style=\"text-align: center;\"><span style=\"text-decoration: underline; color: #000000;\">\u00a0<\/span><\/h2>\n<h1 style=\"text-align: center;\"><span style=\"color: #0000ff;\">\u00ab Co\u00fbt et prix des m\u00e9dicaments :<\/span><br \/>\n<span style=\"color: #0000ff;\"> Y-a-t-il un juste prix ? \u00bb<\/span><\/h1>\n<h1 style=\"text-align: center;\"><span style=\"color: #0000ff;\">\u00a0<\/span><\/h1>\n<p style=\"text-align: center;\"><span style=\"color: #000000;\"><strong>Dr. Jean-Claude SALOMON<\/strong><\/span><\/p>\n<p style=\"text-align: center;\"><a href=\"http:\/\/surmedicalisation.fr\/blog\/WordPress3\/wp-content\/uploads\/2016\/09\/IMG_1112.jpg\"><img loading=\"lazy\" class=\"alignnone size-medium wp-image-4235\" src=\"http:\/\/surmedicalisation.fr\/blog\/WordPress3\/wp-content\/uploads\/2016\/09\/IMG_1112-300x225.jpg\" alt=\"img_1112\" width=\"300\" height=\"225\" srcset=\"https:\/\/surmedicalisation.fr\/blog\/WordPress3\/wp-content\/uploads\/2016\/09\/IMG_1112-300x225.jpg 300w, https:\/\/surmedicalisation.fr\/blog\/WordPress3\/wp-content\/uploads\/2016\/09\/IMG_1112.jpg 640w\" sizes=\"(max-width: 300px) 100vw, 300px\" \/><\/a><\/p>\n<p><span style=\"color: #ffffff;\">\u00a0&#8230;<\/span><br \/>\n<iframe loading=\"lazy\" src=\"https:\/\/www.youtube.com\/embed\/dVX1ElHK_V0?list=PLsYpHIMDwFhhG4BsOR5DT2Y-nQLRxHkJm\" width=\"854\" height=\"480\" frameborder=\"0\" allowfullscreen=\"allowfullscreen\"><\/iframe><\/p>\n<h6 style=\"text-align: center;\"><\/h6>\n<h6 style=\"text-align: center;\">Cliquer sur l&rsquo;image ci-dessous pour ouvrir la pr\u00e9sentation diapositive du Dr Jean-Claude SALOMON<a href=\"http:\/\/surmedicalisation.fr\/blog\/WordPress3\/wp-content\/uploads\/2016\/09\/SALOMON-JC-co\u00fbt-et-prix.pdf\" target=\"_blank\"><img loading=\"lazy\" class=\"wp-image-4237 size-large aligncenter\" src=\"http:\/\/surmedicalisation.fr\/blog\/WordPress3\/wp-content\/uploads\/2016\/09\/SALOMON-JC-co\u00fbt-et-prix-1024x576.jpg\" alt=\"salomon-jc-cout-et-prix\" width=\"640\" height=\"360\" srcset=\"https:\/\/surmedicalisation.fr\/blog\/WordPress3\/wp-content\/uploads\/2016\/09\/SALOMON-JC-co\u00fbt-et-prix-1024x576.jpg 1024w, https:\/\/surmedicalisation.fr\/blog\/WordPress3\/wp-content\/uploads\/2016\/09\/SALOMON-JC-co\u00fbt-et-prix-300x169.jpg 300w, https:\/\/surmedicalisation.fr\/blog\/WordPress3\/wp-content\/uploads\/2016\/09\/SALOMON-JC-co\u00fbt-et-prix-768x432.jpg 768w, https:\/\/surmedicalisation.fr\/blog\/WordPress3\/wp-content\/uploads\/2016\/09\/SALOMON-JC-co\u00fbt-et-prix.jpg 1280w\" sizes=\"(max-width: 640px) 100vw, 640px\" \/><\/a><\/h6>\n<h1 style=\"text-align: center;\"><\/h1>\n<h1 style=\"text-align: center;\"><\/h1>\n<h1 style=\"text-align: center;\"><span style=\"color: #0000ff;\"><a id=\"Pr_Jean-Paul_VERNANT\"><\/a>\u00ab Prix des m\u00e9dicaments anticanc\u00e9reux \u00bb<\/span><\/h1>\n<h1 style=\"text-align: center;\"><span style=\"color: #0000ff;\">\u00a0<\/span><\/h1>\n<p style=\"text-align: center;\"><strong>Conf\u00e9rence, Pr.<\/strong> <strong>Jean-Paul VERNANT,<\/strong>\u00a0<strong>H\u00e9matologue, Groupe Hospitalier Piti\u00e9 \u2013 Salp\u00eatri\u00e8re, Auteur des recommandations du 3<sup>\u00e8me<\/sup> Plan Cancer, Initiateur de l\u2019appel des 110 oncologues contre le co\u00fbt des traitements, Paris <\/strong><\/p>\n<p style=\"text-align: center;\"><span style=\"color: #000000;\"><strong>\u00a0<\/strong><\/span><\/p>\n<p><span style=\"color: #ffffff;\">\u00a0&#8230;<\/span><\/p>\n<p>&nbsp;<\/p>\n<p><iframe loading=\"lazy\" src=\"https:\/\/www.youtube.com\/embed\/9kDQkc7CLrI?list=PLsYpHIMDwFhhG4BsOR5DT2Y-nQLRxHkJm\" width=\"854\" height=\"480\" frameborder=\"0\" allowfullscreen=\"allowfullscreen\"><\/iframe><\/p>\n<h6 style=\"text-align: center;\"><\/h6>\n<h6 style=\"text-align: center;\"><\/h6>\n<h1 style=\"text-align: center;\"><span style=\"color: #0000ff;\"><a id=\"Pr_Albert_HIRSCH\"><\/a>\u00ab R\u00e9flexions contributives autour du tabac et de l\u2019amiante\u2026 \u00bb<\/span><\/h1>\n<p>&nbsp;<\/p>\n<p style=\"text-align: center;\">\u00a0<strong>Intervention\u00a0: Pr Albert HIRSCH, Professeur \u00e9m\u00e9rite \u00e0 l\u2019Universit\u00e9 Paris VII-Denis Diderot, Pneumologue, Ligue nationale contre le cancer<\/strong><\/p>\n<p><iframe loading=\"lazy\" src=\"https:\/\/www.youtube.com\/embed\/ja4ngnIpPuA?list=PLsYpHIMDwFhhG4BsOR5DT2Y-nQLRxHkJm\" width=\"854\" height=\"480\" frameborder=\"0\" allowfullscreen=\"allowfullscreen\"><\/iframe><\/p>\n<p>&nbsp;<\/p>\n<h2 style=\"text-align: center;\"><a id=\"3.a\"><\/a>Sous-atelier N\u00b03.a<\/h2>\n<h3><\/h3>\n<h1 style=\"text-align: center;\"><strong>\u00ab La flamb\u00e9e des prix des m\u00e9dicaments anticanc\u00e9reux au regard de leur efficacit\u00e9 \u00bb<\/strong><\/h1>\n<p>&nbsp;<\/p>\n<p>Mod\u00e9rateur\u00a0: Albert HIRSCH, Rapporteur\u00a0: Alain SIARY<\/p>\n<p>&nbsp;<\/p>\n<h1 style=\"text-align: center;\"><span style=\"color: #0000ff;\"><a id=\"Dr_G\u00e9rard_DELEPINE\"><\/a>\u00ab Surconsommation des th\u00e9rapies cibl\u00e9es dans le cancer du poumon non \u00e0 petites cellules \u00bb<\/span><\/h1>\n<p>&nbsp;<\/p>\n<p style=\"text-align: center;\"><strong>Communication orale, Dr G\u00e9rard DEL\u00c9PINE,<br \/>\nChirurgien, Oncologue, Paris<\/strong><\/p>\n<p><iframe loading=\"lazy\" src=\"https:\/\/www.youtube.com\/embed\/_W1OgdixTfE?list=PLsYpHIMDwFhhG4BsOR5DT2Y-nQLRxHkJm\" width=\"854\" height=\"480\" frameborder=\"0\" allowfullscreen=\"allowfullscreen\"><\/iframe><\/p>\n<p><span style=\"color: #ffffff;\">\u00a0\u2026<\/span><\/p>\n<p>&nbsp;<\/p>\n<h6 style=\"text-align: center;\">Cliquer sur l&rsquo;image ci-dessous pour ouvrir la pr\u00e9sentation diapositive du Dr G\u00e9rard DEL\u00c9PINE<a href=\"http:\/\/surmedicalisation.fr\/blog\/WordPress3\/wp-content\/uploads\/2016\/09\/Surconsommation-poumons-30-04-2016-GG.pdf\" target=\"_blank\"><img loading=\"lazy\" class=\"wp-image-4242 size-full aligncenter\" src=\"http:\/\/surmedicalisation.fr\/blog\/WordPress3\/wp-content\/uploads\/2016\/09\/Surconsommation-poumons-30-04-2016-GG.jpg\" alt=\"surconsommation-poumons-30-04-2016-gg\" width=\"960\" height=\"720\" srcset=\"https:\/\/surmedicalisation.fr\/blog\/WordPress3\/wp-content\/uploads\/2016\/09\/Surconsommation-poumons-30-04-2016-GG.jpg 960w, https:\/\/surmedicalisation.fr\/blog\/WordPress3\/wp-content\/uploads\/2016\/09\/Surconsommation-poumons-30-04-2016-GG-300x225.jpg 300w, https:\/\/surmedicalisation.fr\/blog\/WordPress3\/wp-content\/uploads\/2016\/09\/Surconsommation-poumons-30-04-2016-GG-768x576.jpg 768w\" sizes=\"(max-width: 960px) 100vw, 960px\" \/><\/a><\/h6>\n<p>&nbsp;<\/p>\n<h1 style=\"text-align: center;\"><span style=\"color: #0000ff;\"><a id=\"Dr_Danielle_BARBOTIN\"><\/a>\u00ab Les inhibiteurs de l\u2019aromatase \u2013 Plus malade du m\u00e9dicament que de la maladie \u00bb<\/span><\/h1>\n<p>&nbsp;<\/p>\n<p style=\"text-align: center;\"><strong>Communication orale, Dr Danielle BARBOTIN,<br \/>\nGyn\u00e9cologue et patiente, Paris<br \/>\n<\/strong><\/p>\n<p style=\"text-align: center;\"><strong><span style=\"color: #000000;\">Suivie de la discussion avec les participants<\/span><\/strong><\/p>\n<p><span style=\"color: #ffffff;\">\u2026<\/span><br \/>\n<iframe loading=\"lazy\" src=\"https:\/\/www.youtube.com\/embed\/GMXWcq1S0rk?list=PLsYpHIMDwFhhG4BsOR5DT2Y-nQLRxHkJm\" width=\"854\" height=\"480\" frameborder=\"0\" allowfullscreen=\"allowfullscreen\"><\/iframe><\/p>\n<h2 style=\"text-align: center;\"><a id=\"3.b\"><\/a>Sous-atelier N\u00b03.b<\/h2>\n<h3><\/h3>\n<h1 style=\"text-align: center;\"><span style=\"color: #0000ff;\"><strong><span style=\"color: #0000ff;\">\u00ab Comment en 2016, les firmes pharmaceutiques traquent-elles le profit ?<\/span> <span style=\"color: #0000ff;\">\u00bb<\/span><\/strong><\/span><\/h1>\n<p style=\"text-align: center;\">Mod\u00e9rateur\u00a0: Fran\u00e7ois PESTY, Rapporteur\u00a0: Michel DOR\u00c9<\/p>\n<p>&nbsp;<\/p>\n<p>&nbsp;<\/p>\n<h1 style=\"text-align: center;\"><span style=\"color: #0000ff;\"><a id=\"Dr_David_BERAN\"><\/a>\u00ab Le double scandale de l\u2019acc\u00e8s \u00e0 l\u2019insuline \u00bb<\/span><\/h1>\n<p>&nbsp;<\/p>\n<p style=\"text-align: center;\"><strong>Communication orale, Dr David BERAN, Facult\u00e9 de M\u00e9decine \u2013 Universit\u00e9 de Gen\u00e8ve, H\u00f4pitaux Universitaires de Gen\u00e8ve (HUG)<\/strong><\/p>\n<p><iframe loading=\"lazy\" src=\"https:\/\/www.youtube.com\/embed\/xrauanD3qXQ?list=PLsYpHIMDwFhhG4BsOR5DT2Y-nQLRxHkJm\" width=\"854\" height=\"480\" frameborder=\"0\" allowfullscreen=\"allowfullscreen\"><\/iframe><\/p>\n<p><span style=\"color: #ffffff;\">\u00a0\u2026<\/span><\/p>\n<h1 style=\"text-align: center;\"><span style=\"color: #0000ff;\"><a id=\"Dr_Francois_PESTY\"><\/a>\u00ab Comment les firmes pharmaceutiques traquent le profit ? \u00bb<\/span><\/h1>\n<p>&nbsp;<\/p>\n<p style=\"text-align: center;\"><strong>Animation de l\u2019atelier, Fran\u00e7ois PESTY<br \/>\n<\/strong><\/p>\n<p><span style=\"color: #ffffff;\">\u00a0\u2026<\/span><br \/>\n<iframe loading=\"lazy\" src=\"https:\/\/www.youtube.com\/embed\/xabFQgArZb8?list=PLsYpHIMDwFhhG4BsOR5DT2Y-nQLRxHkJm\" width=\"854\" height=\"480\" frameborder=\"0\" allowfullscreen=\"allowfullscreen\"><\/iframe><\/p>\n<h6 style=\"text-align: center;\"><\/h6>\n<h6 style=\"text-align: center;\">Cliquer sur l&rsquo;image ci-dessous pour ouvrir la pr\u00e9sentation diapositive de Fran\u00e7ois PESTY<a href=\"http:\/\/surmedicalisation.fr\/blog\/WordPress3\/wp-content\/uploads\/2016\/09\/Colloque_Bobigny_2016_Sous-atelier_N\u00b03b_Les_firmes_traquent_le_profit_Fran\u00e7ois_PESTY_28-05-2016.pdf\" target=\"_blank\"><img loading=\"lazy\" class=\"aligncenter wp-image-4250 size-large\" src=\"http:\/\/surmedicalisation.fr\/blog\/WordPress3\/wp-content\/uploads\/2016\/09\/Colloque_Bobigny_2016_Sous-atelier_N\u00b03b_Les_firmes_traquent_le_profit_Fran\u00e7ois_PESTY_28-05-2016-1024x710.jpg\" alt=\"colloque_bobigny_2016_sous-atelier_n3b_les_firmes_traquent_le_profit_francois_pesty_28-05-2016\" width=\"640\" height=\"444\" srcset=\"https:\/\/surmedicalisation.fr\/blog\/WordPress3\/wp-content\/uploads\/2016\/09\/Colloque_Bobigny_2016_Sous-atelier_N\u00b03b_Les_firmes_traquent_le_profit_Fran\u00e7ois_PESTY_28-05-2016-1024x710.jpg 1024w, https:\/\/surmedicalisation.fr\/blog\/WordPress3\/wp-content\/uploads\/2016\/09\/Colloque_Bobigny_2016_Sous-atelier_N\u00b03b_Les_firmes_traquent_le_profit_Fran\u00e7ois_PESTY_28-05-2016-300x208.jpg 300w, https:\/\/surmedicalisation.fr\/blog\/WordPress3\/wp-content\/uploads\/2016\/09\/Colloque_Bobigny_2016_Sous-atelier_N\u00b03b_Les_firmes_traquent_le_profit_Fran\u00e7ois_PESTY_28-05-2016-768x532.jpg 768w, https:\/\/surmedicalisation.fr\/blog\/WordPress3\/wp-content\/uploads\/2016\/09\/Colloque_Bobigny_2016_Sous-atelier_N\u00b03b_Les_firmes_traquent_le_profit_Fran\u00e7ois_PESTY_28-05-2016.jpg 1039w\" sizes=\"(max-width: 640px) 100vw, 640px\" \/><\/a><\/h6>\n<p style=\"text-align: center;\"><strong><a id=\"Echanges_Sous-atelier_N\u00b03\"><\/a>Discussion<\/strong><\/p>\n<p><strong>\u00a0<\/strong><br \/>\n<iframe loading=\"lazy\" src=\"https:\/\/www.youtube.com\/embed\/aE06ZQD_OBU?list=PLsYpHIMDwFhhG4BsOR5DT2Y-nQLRxHkJm\" width=\"854\" height=\"480\" frameborder=\"0\" allowfullscreen=\"allowfullscreen\"><\/iframe><\/p>\n<hr \/>\n<h1 style=\"text-align: center;\"><strong><a id=\"Synth\u00e8se_Colloque\"><\/a>Synth\u00e8se du colloque<br \/>\n<\/strong><\/h1>\n<p style=\"text-align: center;\"><strong>Omar BRIXI<\/strong><\/p>\n<p><iframe loading=\"lazy\" src=\"https:\/\/www.youtube.com\/embed\/LIZ2HCwKQiw?list=PLsYpHIMDwFhhG4BsOR5DT2Y-nQLRxHkJm\" width=\"854\" height=\"480\" frameborder=\"0\" allowfullscreen=\"allowfullscreen\"><\/iframe><\/p>\n<p>&nbsp;<\/p>\n<h6 style=\"text-align: center;\">Cliquer sur l&rsquo;image ci-dessous pour ouvrir le support du Dr Omar BRIXI pour la synth\u00e8se du colloque<a href=\"http:\/\/surmedicalisation.fr\/blog\/WordPress3\/wp-content\/uploads\/2016\/09\/efforts-de-synth\u00e9se-colloque-5-VD.pdf\" target=\"_blank\"><img loading=\"lazy\" class=\"aligncenter wp-image-4255 size-full\" src=\"http:\/\/surmedicalisation.fr\/blog\/WordPress3\/wp-content\/uploads\/2016\/09\/efforts-de-synth\u00e9se-colloque-5-VD.jpg\" alt=\"efforts-de-synthese-colloque-5-vd\" width=\"960\" height=\"720\" srcset=\"https:\/\/surmedicalisation.fr\/blog\/WordPress3\/wp-content\/uploads\/2016\/09\/efforts-de-synth\u00e9se-colloque-5-VD.jpg 960w, https:\/\/surmedicalisation.fr\/blog\/WordPress3\/wp-content\/uploads\/2016\/09\/efforts-de-synth\u00e9se-colloque-5-VD-300x225.jpg 300w, https:\/\/surmedicalisation.fr\/blog\/WordPress3\/wp-content\/uploads\/2016\/09\/efforts-de-synth\u00e9se-colloque-5-VD-768x576.jpg 768w\" sizes=\"(max-width: 960px) 100vw, 960px\" \/><\/a><\/h6>\n","protected":false},"excerpt":{"rendered":"<p>Samedi 28 mai 2016 &#8211; matin\u00e9e \u00ab Prix et politique des m\u00e9dicaments en 2016 \u00bb \u00a0 Expos\u00e9 introductif \u00a0 \u00ab Co\u00fbt et prix des m\u00e9dicaments : Y-a-t-il un juste prix ? \u00bb \u00a0 Dr. Jean-Claude SALOMON \u00a0&#8230; Cliquer sur l&rsquo;image &hellip; <a href=\"https:\/\/surmedicalisation.fr\/?page_id=4231\">Continuer la lecture <span class=\"meta-nav\">&rarr;<\/span><\/a><\/p>\n","protected":false},"author":1,"featured_media":0,"parent":4094,"menu_order":4,"comment_status":"closed","ping_status":"closed","template":"","meta":[],"_links":{"self":[{"href":"https:\/\/surmedicalisation.fr\/index.php?rest_route=\/wp\/v2\/pages\/4231"}],"collection":[{"href":"https:\/\/surmedicalisation.fr\/index.php?rest_route=\/wp\/v2\/pages"}],"about":[{"href":"https:\/\/surmedicalisation.fr\/index.php?rest_route=\/wp\/v2\/types\/page"}],"author":[{"embeddable":true,"href":"https:\/\/surmedicalisation.fr\/index.php?rest_route=\/wp\/v2\/users\/1"}],"replies":[{"embeddable":true,"href":"https:\/\/surmedicalisation.fr\/index.php?rest_route=%2Fwp%2Fv2%2Fcomments&post=4231"}],"version-history":[{"count":17,"href":"https:\/\/surmedicalisation.fr\/index.php?rest_route=\/wp\/v2\/pages\/4231\/revisions"}],"predecessor-version":[{"id":4257,"href":"https:\/\/surmedicalisation.fr\/index.php?rest_route=\/wp\/v2\/pages\/4231\/revisions\/4257"}],"up":[{"embeddable":true,"href":"https:\/\/surmedicalisation.fr\/index.php?rest_route=\/wp\/v2\/pages\/4094"}],"wp:attachment":[{"href":"https:\/\/surmedicalisation.fr\/index.php?rest_route=%2Fwp%2Fv2%2Fmedia&parent=4231"}],"curies":[{"name":"wp","href":"https:\/\/api.w.org\/{rel}","templated":true}]}}