{"id":4477,"date":"2016-12-26T18:03:28","date_gmt":"2016-12-26T17:03:28","guid":{"rendered":"http:\/\/surmedicalisation.fr\/?page_id=4477"},"modified":"2017-06-16T11:11:05","modified_gmt":"2017-06-16T09:11:05","slug":"1er-appel-a-contribution-26122016","status":"publish","type":"page","link":"https:\/\/surmedicalisation.fr\/?page_id=4477","title":{"rendered":"1er appel \u00e0 contribution &#8211; 26\/12\/2016"},"content":{"rendered":"<p><script>\n  (function(i,s,o,g,r,a,m){i['GoogleAnalyticsObject']=r;i[r]=i[r]||function(){\n  (i[r].q=i[r].q||[]).push(arguments)},i[r].l=1*new Date();a=s.createElement(o),\n  m=s.getElementsByTagName(o)[0];a.async=1;a.src=g;m.parentNode.insertBefore(a,m)\n  })(window,document,'script','https:\/\/www.google-analytics.com\/analytics.js','ga');<\/p>\n<p>  ga('create', 'UA-40453293-1', 'auto');\n  ga('send', 'pageview');<\/p>\n<p><\/script><\/p>\n<p>26\/12\/2016<\/p>\n<p>SAVE THE DATES &#8211; A VOS AGENDAS POUR LES 28 &amp; 29 AVRIL 2017<\/p>\n<p><strong>PREMI\u00c8RE ANNONCE ET APPEL \u00c1 COMMUNICATIONS<\/strong><\/p>\n<p>Le groupe Princeps, le D\u00e9partement de M\u00e9decine G\u00e9n\u00e9rale de la Facult\u00e9 de M\u00e9decine de Bobigny, la Soci\u00e9t\u00e9 de Formation Th\u00e9rapeutique du G\u00e9n\u00e9raliste (SFTG) et l\u2019association Civic Sant\u00e9 ont le plaisir de vous inviter au<\/p>\n<h1 style=\"text-align: justify;\"><strong>6\u00b0 Colloque de Bobigny\u00a0: \u00ab\u00a0Sur- et sous-m\u00e9dicalisation, surdiagnostics et surtraitements\u00a0\u00bb<\/strong><\/h1>\n<p>&nbsp;<\/p>\n<p>Qui se tiendra, sous le patronage du Doyen de la Facult\u00e9 de M\u00e9decine de Bobigny (UFR SMBH),\u00a0 les <span style=\"color: #000000;\"><strong>vendredi 28 et samedi 29 avril 2017<\/strong><\/span>, Facult\u00e9 de m\u00e9decine de Bobigny (entr\u00e9e du parking et des pi\u00e9tons avenue de la Convention)<\/p>\n<p><span style=\"color: #000000;\"><strong>Pr\u00e9programme\u00a0(th\u00e9matiques) :<\/strong><\/span><\/p>\n<p>Vendredi 28 avril 2017 le matin,<\/p>\n<p>&#8211; <span style=\"color: #000000;\"><strong>Mises au point sur les actions de Princeps <\/strong><\/span>: Cancer du sein, prix des m\u00e9dicaments, m\u00e9dicaments essentiels, r\u00e9sistances aux antibiotiques&#8230;<\/p>\n<p>&nbsp;<\/p>\n<p>Vendredi 28 avril 2017 apr\u00e8s-midi,<\/p>\n<p>&#8211; Atelier 1: <span style=\"color: #000000;\"><strong>M\u00e9decine g\u00e9n\u00e9rale, sur et sous m\u00e9dicalisation<\/strong><\/span><\/p>\n<p>&#8211; Atelier 2: <span style=\"color: #000000;\"><strong>Innovation ou progr\u00e8s ?<\/strong><\/span><\/p>\n<p><strong>&#8211; <\/strong>Point Presse (17h30)<\/p>\n<p>&nbsp;<\/p>\n<p>Samedi 29 avril 2017 le matin,<\/p>\n<p>&#8211; Atelier 3: <strong><span style=\"color: #000000;\">Fraude en m\u00e9decine, \u00ab\u00a0Bad Medicine\u00a0\u00bb et surm\u00e9dicalisation<\/span><br \/>\n<\/strong><\/p>\n<p><strong>\u00a0<\/strong><\/p>\n<p><span style=\"color: #000000;\"><strong>APPEL A COMMUNICATIONS<\/strong><\/span><\/p>\n<p style=\"text-align: justify;\">Les communications devront \u00eatre <em><u>soumises avant le 15 mars 2017<\/u><\/em> par voie \u00e9lectronique \u00e0 <a href=\"mailto:colloque_bobigny_2017@surmedicalisation.fr\">colloque_bobigny_2017@surmedicalisation.fr<\/a> <span style=\"color: #000000;\"><strong>Toutes les communications s\u00e9lectionn\u00e9es pourront \u00eatre affich\u00e9es<\/strong><\/span>. Taille des posters\u00a0: 110 cm large, 160 cm haut.<\/p>\n<p style=\"text-align: justify;\">Le comit\u00e9 d\u2019organisation s\u00e9lectionnera de plus, deux (ou au maximum trois) communications qui seront pr\u00e9sent\u00e9es en 10 minutes par oral au d\u00e9but de chacun des trois ateliers. Ces six \u00e0 neuf communications orales devront traiter les th\u00e9matiques abord\u00e9es lors des ateliers. Les communications affich\u00e9es, quant \u00e0 elles, pourront embrasser l\u2019ensemble du champ immense de la sur- et sous-m\u00e9dicalisation, des surdiagnostics et surtraitements\u2026<\/p>\n<p style=\"text-align: justify;\">N&rsquo;h\u00e9sitez-pas \u00e0\u00a0diffuser \u00e0 vos r\u00e9seaux ou connaissances cette invitation et appel \u00e0 contribution<\/p>\n<p>Le groupe Princeps<\/p>\n<p style=\"text-align: justify;\">Nota\u00a0: Les actes des \u00e9ditions 2012, 2013, 2014, 2015, et 2016 du Colloque sont accessibles en cliquant <a href=\"http:\/\/surmedicalisation.fr\/?page_id=103\" target=\"_blank\" rel=\"noopener\">ici<\/a>. La rencontre organis\u00e9e le 12 janvier 2016 par le groupe Princeps et la SFTG sur le \u00ab\u00a0D\u00e9pistage organis\u00e9 des cancers du sein\u00a0\u00bb est accessible <a href=\"http:\/\/surmedicalisation.fr\/?page_id=3714\" target=\"_blank\" rel=\"noopener\">ici<\/a>.<\/p>\n","protected":false},"excerpt":{"rendered":"<p>26\/12\/2016 SAVE THE DATES &#8211; A VOS AGENDAS POUR LES 28 &amp; 29 AVRIL 2017 PREMI\u00c8RE ANNONCE ET APPEL \u00c1 COMMUNICATIONS Le groupe Princeps, le D\u00e9partement de M\u00e9decine G\u00e9n\u00e9rale de la Facult\u00e9 de M\u00e9decine de Bobigny, la Soci\u00e9t\u00e9 de Formation &hellip; <a href=\"https:\/\/surmedicalisation.fr\/?page_id=4477\">Continuer la lecture <span class=\"meta-nav\">&rarr;<\/span><\/a><\/p>\n","protected":false},"author":1,"featured_media":0,"parent":4475,"menu_order":4,"comment_status":"closed","ping_status":"closed","template":"","meta":[],"_links":{"self":[{"href":"https:\/\/surmedicalisation.fr\/index.php?rest_route=\/wp\/v2\/pages\/4477"}],"collection":[{"href":"https:\/\/surmedicalisation.fr\/index.php?rest_route=\/wp\/v2\/pages"}],"about":[{"href":"https:\/\/surmedicalisation.fr\/index.php?rest_route=\/wp\/v2\/types\/page"}],"author":[{"embeddable":true,"href":"https:\/\/surmedicalisation.fr\/index.php?rest_route=\/wp\/v2\/users\/1"}],"replies":[{"embeddable":true,"href":"https:\/\/surmedicalisation.fr\/index.php?rest_route=%2Fwp%2Fv2%2Fcomments&post=4477"}],"version-history":[{"count":8,"href":"https:\/\/surmedicalisation.fr\/index.php?rest_route=\/wp\/v2\/pages\/4477\/revisions"}],"predecessor-version":[{"id":4546,"href":"https:\/\/surmedicalisation.fr\/index.php?rest_route=\/wp\/v2\/pages\/4477\/revisions\/4546"}],"up":[{"embeddable":true,"href":"https:\/\/surmedicalisation.fr\/index.php?rest_route=\/wp\/v2\/pages\/4475"}],"wp:attachment":[{"href":"https:\/\/surmedicalisation.fr\/index.php?rest_route=%2Fwp%2Fv2%2Fmedia&parent=4477"}],"curies":[{"name":"wp","href":"https:\/\/api.w.org\/{rel}","templated":true}]}}