{"id":4554,"date":"2017-12-17T23:01:02","date_gmt":"2017-12-17T22:01:02","guid":{"rendered":"http:\/\/surmedicalisation.fr\/?page_id=4554"},"modified":"2017-12-17T23:01:02","modified_gmt":"2017-12-17T22:01:02","slug":"atelier-n3-colloque-2017","status":"publish","type":"page","link":"https:\/\/surmedicalisation.fr\/?page_id=4554","title":{"rendered":"Atelier N\u00b03 &#8211; Colloque 2017"},"content":{"rendered":"<p><script>\/\/ <![CDATA[ (function(i,s,o,g,r,a,m){i['GoogleAnalyticsObject']=r;i[r]=i[r]||function(){ (i[r].q=i[r].q||[]).push(arguments)},i[r].l=1*new Date();a=s.createElement(o), m=s.getElementsByTagName(o)[0];a.async=1;a.src=g;m.parentNode.insertBefore(a,m) })(window,document,'script','\/\/www.google-analytics.com\/analytics.js','ga'); ga('create', 'UA-40453293-1', 'surmedicalisation.fr'); ga('send', 'pageview'); \/\/ ]]><\/script><\/p>\n<p>&nbsp;<\/p>\n<h2 style=\"text-align: center;\"><strong><span style=\"color: #000000;\">Samedi 29 avril 2017 &#8211; Matin\u00e9e<\/span><\/strong><\/h2>\n<p><a name=\"Herve_MAISONNEUVE\"><\/a><\/p>\n<h2 style=\"text-align: center;\">Conf\u00e9rence introductive<\/h2>\n<h1 style=\"text-align: center;\">\u00ab L&#8217;embellissement des publications<br \/>\npollue la science \u00bb<\/h1>\n<p>&nbsp;<\/p>\n<p style=\"text-align: center;\"><strong>Dr.<\/strong> <strong>Herv\u00e9 MAISONNEUVE, Consultant en R\u00e9daction Scientifique, Ancien Professeur Associ\u00e9 en Sant\u00e9 Publique, R\u00e9dacteur de <a href=\"http:\/\/www.redactionmedicale.fr\">www.redactionmedicale.fr<\/a><br \/>\n<\/strong><\/p>\n<p><span style=\"color: #ffffff;\">&#8230;<\/span><\/p>\n<h6 style=\"text-align: center;\">Cliquer sur l&rsquo;image ci-dessous pour ouvrir la pr\u00e9sentation diapositive<a href=\"http:\/\/surmedicalisation.fr\/blog\/WordPress3\/wp-content\/uploads\/2017\/09\/Embellissements_Herv\u00e9_MAISONNEUVE_Bobigny_29-avril-2017.ppsx\" target=\"_blank\" rel=\"attachment wp-att-4743 noopener\"><img loading=\"lazy\" class=\"aligncenter wp-image-4743\" src=\"http:\/\/surmedicalisation.fr\/blog\/WordPress3\/wp-content\/uploads\/2017\/09\/Embellissements_Herv\u00e9_MAISONNEUVE_Bobigny_29-avril-2017-300x169.jpg\" alt=\"\" width=\"431\" height=\"242\" srcset=\"https:\/\/surmedicalisation.fr\/blog\/WordPress3\/wp-content\/uploads\/2017\/09\/Embellissements_Herv\u00e9_MAISONNEUVE_Bobigny_29-avril-2017-300x169.jpg 300w, https:\/\/surmedicalisation.fr\/blog\/WordPress3\/wp-content\/uploads\/2017\/09\/Embellissements_Herv\u00e9_MAISONNEUVE_Bobigny_29-avril-2017-768x432.jpg 768w, https:\/\/surmedicalisation.fr\/blog\/WordPress3\/wp-content\/uploads\/2017\/09\/Embellissements_Herv\u00e9_MAISONNEUVE_Bobigny_29-avril-2017-1024x576.jpg 1024w, https:\/\/surmedicalisation.fr\/blog\/WordPress3\/wp-content\/uploads\/2017\/09\/Embellissements_Herv\u00e9_MAISONNEUVE_Bobigny_29-avril-2017.jpg 1280w\" sizes=\"(max-width: 431px) 100vw, 431px\" \/><\/a><\/h6>\n<p><span style=\"color: #ffffff;\">&#8230;<\/span><\/p>\n<h4>Pour aller plus loin, du m\u00eame auteur, et nous le remercions de nous autoriser \u00e0 diffuser les publications suivantes\u00a0:<\/h4>\n<p>&nbsp;<\/p>\n<h4>\u00ab\u00a0Peut-on croire les publications\u00a0? Biais et embellissements polluent la science\u00a0\u00bb Herv\u00e9 MAISONNEUVE. Science et pseudo-sciences n\u00b0318, octobre 2016\u00a0; Pages 1-8.<\/h4>\n<p>&nbsp;<\/p>\n<h6 style=\"text-align: center;\">Cliquer sur l\u2019image ci-dessous pour ouvrir le fichier<a href=\"http:\/\/surmedicalisation.fr\/blog\/WordPress3\/wp-content\/uploads\/2017\/09\/Biais-et-embellissements_H_MAISONNEUVE_epreuves-12-sept-2016.pdf\" target=\"_blank\" rel=\"attachment wp-att-4752 noopener\"><img loading=\"lazy\" class=\"aligncenter wp-image-4752\" src=\"http:\/\/surmedicalisation.fr\/blog\/WordPress3\/wp-content\/uploads\/2017\/09\/Science_et_pseudo-sciences_H2M-298x300.jpg\" alt=\"\" width=\"431\" height=\"434\" srcset=\"https:\/\/surmedicalisation.fr\/blog\/WordPress3\/wp-content\/uploads\/2017\/09\/Science_et_pseudo-sciences_H2M-298x300.jpg 298w, https:\/\/surmedicalisation.fr\/blog\/WordPress3\/wp-content\/uploads\/2017\/09\/Science_et_pseudo-sciences_H2M-150x150.jpg 150w, https:\/\/surmedicalisation.fr\/blog\/WordPress3\/wp-content\/uploads\/2017\/09\/Science_et_pseudo-sciences_H2M.jpg 502w\" sizes=\"(max-width: 431px) 100vw, 431px\" \/><\/a><\/h6>\n<h4><span style=\"color: #ffffff;\">\u00a0&#8230;<\/span><\/h4>\n<p>&nbsp;<\/p>\n<h4>\u00ab\u00a0Dossier int\u00e9grit\u00e9 scientifique\u00a0\u00bb Pierre CORVOL et Herv\u00e9 MAISONNEUVE. La Revue du Praticien Vol. 66 D\u00e9cembre 2016. Pages 1137-1147.<\/h4>\n<h4><\/h4>\n<h6 style=\"text-align: center;\">Cliquer sur l\u2019image ci-dessous pour ouvrir le fichier\u00a0<a href=\"http:\/\/surmedicalisation.fr\/blog\/WordPress3\/wp-content\/uploads\/2017\/09\/Revue_Praticien_Dossier_Int\u00e9grit\u00e9_Scientifique_12-2016.pdf\" target=\"_blank\" rel=\"attachment wp-att-4754 noopener\"><img loading=\"lazy\" class=\"aligncenter wp-image-4754\" src=\"http:\/\/surmedicalisation.fr\/blog\/WordPress3\/wp-content\/uploads\/2017\/09\/La_Revue_du_Prat_H2M-239x300.jpg\" alt=\"\" width=\"431\" height=\"540\" srcset=\"https:\/\/surmedicalisation.fr\/blog\/WordPress3\/wp-content\/uploads\/2017\/09\/La_Revue_du_Prat_H2M-239x300.jpg 239w, https:\/\/surmedicalisation.fr\/blog\/WordPress3\/wp-content\/uploads\/2017\/09\/La_Revue_du_Prat_H2M.jpg 470w\" sizes=\"(max-width: 431px) 100vw, 431px\" \/><\/a><\/h6>\n<p>&nbsp;<\/p>\n<p>&nbsp;<\/p>\n<p>&nbsp;<\/p>\n<hr \/>\n<p>&nbsp;<\/p>\n<h2 style=\"text-align: center;\">Atelier N\u00b03<\/h2>\n<h3 style=\"text-align: center;\"><\/h3>\n<h1 style=\"text-align: center;\"><span style=\"color: #000000;\"><strong>\u00ab Fraude en m\u00e9decine, \u00ab\u00a0Bad m\u00e9dicine\u00a0\u00bb et Surm\u00e9dicalisation<\/strong><\/span><span style=\"color: #000000;\"><strong> \u00bb<\/strong><\/span><\/h1>\n<p style=\"text-align: center;\">Mod\u00e9rateurs : Ma\u00eflys MICHOT-CASBAS, Alain SIARY, Michel THOMAS<\/p>\n<p><a name=\"Francois_PESTY\"><\/a><br \/>\n&#8230;<\/p>\n<h2 style=\"text-align: center;\"><strong>\u00ab Recommandations biais\u00e9es, embellissements des essais, mauvais comparateurs, questions \u00e9thiques, conflits d&rsquo;int\u00e9r\u00eats et surtraitement<\/strong><br \/>\n<strong> dans la polyarthrite rhumato\u00efde \u00bb<\/strong><\/h2>\n<p>&nbsp;<\/p>\n<p style=\"text-align: center;\"><strong>Dr. Fran\u00e7ois PESTY<br \/>\n<\/strong><\/p>\n<h6 style=\"text-align: center;\">Cliquer sur l&rsquo;image ci-dessous pour ouvrir la pr\u00e9sentation diapositives<a href=\"http:\/\/surmedicalisation.fr\/blog\/WordPress3\/wp-content\/uploads\/2017\/09\/Colloque_Bobigny_2017_Bioth\u00e9rapie_PR_Fraude_Bad_Medicine_Fran\u00e7ois_PESTY_29-04-2017_AM.ppsx\" target=\"_blank\" rel=\"attachment wp-att-4759 noopener\"><img loading=\"lazy\" class=\"aligncenter wp-image-4759\" src=\"http:\/\/surmedicalisation.fr\/blog\/WordPress3\/wp-content\/uploads\/2017\/09\/Colloque_Bobigny_2017_Bioth\u00e9rapie_PR_Fraude_Bad_Medicine_Fran\u00e7ois_PESTY_29-04-2017_AM-300x208.jpg\" alt=\"\" width=\"431\" height=\"299\" srcset=\"https:\/\/surmedicalisation.fr\/blog\/WordPress3\/wp-content\/uploads\/2017\/09\/Colloque_Bobigny_2017_Bioth\u00e9rapie_PR_Fraude_Bad_Medicine_Fran\u00e7ois_PESTY_29-04-2017_AM-300x208.jpg 300w, https:\/\/surmedicalisation.fr\/blog\/WordPress3\/wp-content\/uploads\/2017\/09\/Colloque_Bobigny_2017_Bioth\u00e9rapie_PR_Fraude_Bad_Medicine_Fran\u00e7ois_PESTY_29-04-2017_AM-768x532.jpg 768w, https:\/\/surmedicalisation.fr\/blog\/WordPress3\/wp-content\/uploads\/2017\/09\/Colloque_Bobigny_2017_Bioth\u00e9rapie_PR_Fraude_Bad_Medicine_Fran\u00e7ois_PESTY_29-04-2017_AM-1024x710.jpg 1024w, https:\/\/surmedicalisation.fr\/blog\/WordPress3\/wp-content\/uploads\/2017\/09\/Colloque_Bobigny_2017_Bioth\u00e9rapie_PR_Fraude_Bad_Medicine_Fran\u00e7ois_PESTY_29-04-2017_AM.jpg 1039w\" sizes=\"(max-width: 431px) 100vw, 431px\" \/><\/a><\/h6>\n<p><a name=\"Gerard_DELEPINE\"><\/a><\/p>\n<h2 style=\"text-align: center;\"><span style=\"color: #ffffff;\">&#8230;<\/span><\/h2>\n<h1 style=\"text-align: center;\">\u00ab Les r\u00e9sultats des \u00e9tudes pivots en<\/h1>\n<h1 style=\"text-align: center;\">canc\u00e9rologie sont-ils fiables ? \u00bb<\/h1>\n<p>&nbsp;<\/p>\n<p style=\"text-align: center;\"><strong><span style=\"color: #000000;\">Dr. G\u00e9rard DEL\u00c9PINE, Chirurgien et Oncologue<\/span><br \/>\n<\/strong><\/p>\n<p>&nbsp;<\/p>\n<h6 style=\"text-align: center;\">Cliquer sur l&rsquo;image ci-dessous pour ouvrir la pr\u00e9sentation diapositives<a href=\"http:\/\/surmedicalisation.fr\/blog\/WordPress3\/wp-content\/uploads\/2017\/09\/2017-04-29_Colloque_Bobigny_Les-r\u00e9sultats-des-\u00e9tudes-pivot-en-canc\u00e9rologie-sont-ils-fiables_G_DELEPINE.ppsx\" target=\"_blank\" rel=\"attachment wp-att-4762 noopener\"><img loading=\"lazy\" class=\"aligncenter wp-image-4762\" src=\"http:\/\/surmedicalisation.fr\/blog\/WordPress3\/wp-content\/uploads\/2017\/09\/2017-04-29_Colloque_Bobigny_Les-r\u00e9sultats-des-\u00e9tudes-pivot-en-canc\u00e9rologie-sont-ils-fiables_G_DELEPINE-300x169.jpg\" alt=\"\" width=\"431\" height=\"242\" srcset=\"https:\/\/surmedicalisation.fr\/blog\/WordPress3\/wp-content\/uploads\/2017\/09\/2017-04-29_Colloque_Bobigny_Les-r\u00e9sultats-des-\u00e9tudes-pivot-en-canc\u00e9rologie-sont-ils-fiables_G_DELEPINE-300x169.jpg 300w, https:\/\/surmedicalisation.fr\/blog\/WordPress3\/wp-content\/uploads\/2017\/09\/2017-04-29_Colloque_Bobigny_Les-r\u00e9sultats-des-\u00e9tudes-pivot-en-canc\u00e9rologie-sont-ils-fiables_G_DELEPINE-768x432.jpg 768w, https:\/\/surmedicalisation.fr\/blog\/WordPress3\/wp-content\/uploads\/2017\/09\/2017-04-29_Colloque_Bobigny_Les-r\u00e9sultats-des-\u00e9tudes-pivot-en-canc\u00e9rologie-sont-ils-fiables_G_DELEPINE-1024x576.jpg 1024w, https:\/\/surmedicalisation.fr\/blog\/WordPress3\/wp-content\/uploads\/2017\/09\/2017-04-29_Colloque_Bobigny_Les-r\u00e9sultats-des-\u00e9tudes-pivot-en-canc\u00e9rologie-sont-ils-fiables_G_DELEPINE.jpg 1280w\" sizes=\"(max-width: 431px) 100vw, 431px\" \/><\/a><\/h6>\n<p style=\"text-align: center;\"><span style=\"color: #ffffff;\">&#8230;.<\/span><\/p>\n<p><span style=\"color: #ffffff;\"> &#8230;<\/span><\/p>\n<p>&nbsp;<\/p>\n<p style=\"text-align: center;\"><span style=\"color: #0000ff;\"><strong>Discussion<\/strong><\/span><\/p>\n<hr \/>\n<h3 style=\"text-align: center;\"><\/h3>\n<h1 style=\"text-align: center;\"><span style=\"color: #000000;\"><strong>Synth\u00e8se du colloque<br \/>\n<\/strong><\/span><\/h1>\n<p style=\"text-align: center;\"><strong><span style=\"color: #000000;\">Omar BRIXI<\/span><br \/>\n<\/strong><\/p>\n<p>&nbsp;<\/p>\n<h1 style=\"text-align: center;\"><span style=\"color: #000000;\"><strong>Cl\u00f4ture du colloque<br \/>\n<\/strong><\/span><\/h1>\n<p style=\"text-align: center;\"><strong><span style=\"color: #000000;\">Pr. Michel THOMAS<\/span><br \/>\n<\/strong><\/p>\n<p>&nbsp;<\/p>\n","protected":false},"excerpt":{"rendered":"<p>&nbsp; Samedi 29 avril 2017 &#8211; Matin\u00e9e Conf\u00e9rence introductive \u00ab L&#8217;embellissement des publications pollue la science \u00bb &nbsp; Dr. Herv\u00e9 MAISONNEUVE, Consultant en R\u00e9daction Scientifique, Ancien Professeur Associ\u00e9 en Sant\u00e9 Publique, R\u00e9dacteur de www.redactionmedicale.fr &#8230; Cliquer sur l&rsquo;image ci-dessous pour &hellip; <a href=\"https:\/\/surmedicalisation.fr\/?page_id=4554\">Continuer la lecture <span class=\"meta-nav\">&rarr;<\/span><\/a><\/p>\n","protected":false},"author":1,"featured_media":0,"parent":4525,"menu_order":4,"comment_status":"closed","ping_status":"closed","template":"","meta":[],"_links":{"self":[{"href":"https:\/\/surmedicalisation.fr\/index.php?rest_route=\/wp\/v2\/pages\/4554"}],"collection":[{"href":"https:\/\/surmedicalisation.fr\/index.php?rest_route=\/wp\/v2\/pages"}],"about":[{"href":"https:\/\/surmedicalisation.fr\/index.php?rest_route=\/wp\/v2\/types\/page"}],"author":[{"embeddable":true,"href":"https:\/\/surmedicalisation.fr\/index.php?rest_route=\/wp\/v2\/users\/1"}],"replies":[{"embeddable":true,"href":"https:\/\/surmedicalisation.fr\/index.php?rest_route=%2Fwp%2Fv2%2Fcomments&post=4554"}],"version-history":[{"count":11,"href":"https:\/\/surmedicalisation.fr\/index.php?rest_route=\/wp\/v2\/pages\/4554\/revisions"}],"predecessor-version":[{"id":4765,"href":"https:\/\/surmedicalisation.fr\/index.php?rest_route=\/wp\/v2\/pages\/4554\/revisions\/4765"}],"up":[{"embeddable":true,"href":"https:\/\/surmedicalisation.fr\/index.php?rest_route=\/wp\/v2\/pages\/4525"}],"wp:attachment":[{"href":"https:\/\/surmedicalisation.fr\/index.php?rest_route=%2Fwp%2Fv2%2Fmedia&parent=4554"}],"curies":[{"name":"wp","href":"https:\/\/api.w.org\/{rel}","templated":true}]}}