{"id":4556,"date":"2017-12-17T23:02:17","date_gmt":"2017-12-17T22:02:17","guid":{"rendered":"http:\/\/surmedicalisation.fr\/?page_id=4556"},"modified":"2017-12-17T23:02:17","modified_gmt":"2017-12-17T22:02:17","slug":"posters-colloque-2017","status":"publish","type":"page","link":"https:\/\/surmedicalisation.fr\/?page_id=4556","title":{"rendered":"Posters &#8211; Colloque 2017"},"content":{"rendered":"<p><script>\/\/ <![CDATA[ (function(i,s,o,g,r,a,m){i['GoogleAnalyticsObject']=r;i[r]=i[r]||function(){ (i[r].q=i[r].q||[]).push(arguments)},i[r].l=1*new Date();a=s.createElement(o), m=s.getElementsByTagName(o)[0];a.async=1;a.src=g;m.parentNode.insertBefore(a,m) })(window,document,'script','\/\/www.google-analytics.com\/analytics.js','ga'); ga('create', 'UA-40453293-1', 'surmedicalisation.fr'); ga('send', 'pageview'); \/\/ ]]><\/script><\/p>\n<p><a name=\"Posters\"><\/a><\/p>\n<hr \/>\n<h2 style=\"text-align: center;\"><strong><span style=\"color: #000000;\">Vendredi 28 mai 2017 &#8211; Apr\u00e8s-midi<\/span><\/strong><\/h2>\n<p>&nbsp;<\/p>\n<h1 style=\"text-align: center;\"><span style=\"color: #000000;\"><strong>Visite des Posters<br \/>\n<\/strong><\/span><\/h1>\n<p><img loading=\"lazy\" class=\"size-medium wp-image-4664 aligncenter\" src=\"http:\/\/surmedicalisation.fr\/blog\/WordPress3\/wp-content\/uploads\/2017\/06\/PTDC0919-300x225.jpg\" alt=\"\" width=\"300\" height=\"225\" srcset=\"https:\/\/surmedicalisation.fr\/blog\/WordPress3\/wp-content\/uploads\/2017\/06\/PTDC0919-300x225.jpg 300w, https:\/\/surmedicalisation.fr\/blog\/WordPress3\/wp-content\/uploads\/2017\/06\/PTDC0919-768x576.jpg 768w, https:\/\/surmedicalisation.fr\/blog\/WordPress3\/wp-content\/uploads\/2017\/06\/PTDC0919-1024x768.jpg 1024w\" sizes=\"(max-width: 300px) 100vw, 300px\" \/><\/p>\n<p><a name=\"Francis_ABRAMOVICI\"><\/a><\/p>\n<h3 style=\"text-align: center;\"><span style=\"color: #000000;\">Poster N\u00b01<\/span><\/h3>\n<h3 style=\"text-align: center;\"><span style=\"color: #000000;\">Francis ABRAMOVICI,<\/span><br \/>\n<span style=\"color: #000000;\">M\u00e9decin g\u00e9n\u00e9raliste, Cor\u00e9dacteur en Chef de la revue M\u00e9decine,<\/span><\/h3>\n<h4 style=\"text-align: center;\"><\/h4>\n<h2 style=\"text-align: center;\"><span style=\"color: #000000;\">\u00ab\u00a0Cancer du col de l\u2019ut\u00e9rus\u00a0: Entre trop peu et trop\u00a0?\u00a0\u00bb<\/span><\/h2>\n<h4 style=\"text-align: center;\"><\/h4>\n<h4 style=\"text-align: center;\">Cliquer sur l&rsquo;image ci-dessous pour ouvrir le poster<a href=\"http:\/\/surmedicalisation.fr\/blog\/WordPress3\/wp-content\/uploads\/2017\/06\/Francis_ABRAMOVICI_Poster-K_col_U_Bobigny_2017.pdf\" target=\"_blank\" rel=\"attachment wp-att-4641 noopener\"><img loading=\"lazy\" class=\"aligncenter wp-image-4641 size-full\" src=\"http:\/\/surmedicalisation.fr\/blog\/WordPress3\/wp-content\/uploads\/2017\/06\/P1_Francis_ABRAMOVICI_Colposcopie-et-cancer-du-col-de-l\u2019ut\u00e9rus.jpg\" alt=\"\" width=\"431\" height=\"606\" srcset=\"https:\/\/surmedicalisation.fr\/blog\/WordPress3\/wp-content\/uploads\/2017\/06\/P1_Francis_ABRAMOVICI_Colposcopie-et-cancer-du-col-de-l\u2019ut\u00e9rus.jpg 431w, https:\/\/surmedicalisation.fr\/blog\/WordPress3\/wp-content\/uploads\/2017\/06\/P1_Francis_ABRAMOVICI_Colposcopie-et-cancer-du-col-de-l\u2019ut\u00e9rus-213x300.jpg 213w\" sizes=\"(max-width: 431px) 100vw, 431px\" \/><\/a><\/h4>\n<h4 style=\"text-align: center;\"><\/h4>\n<h4 style=\"text-align: center;\"><\/h4>\n<p><a name=\"Jean-Yves_LE_HESTRAN\"><\/a><\/p>\n<h3 style=\"text-align: center;\"><span style=\"color: #000000;\">Poster N\u00b02<\/span><\/h3>\n<h3 style=\"text-align: center;\"><span style=\"color: #000000;\"><br \/>\n<\/span><span style=\"color: #000000;\">Jean-Yves LE HESTRAN***, Arnauld Gb\u00e9nou****, Emilienne ANAGO****, Olga Hemadou****, Anani AGOSSOU****, Adolphe Kpatchavi**, Carine Baxerres*<\/span><\/h3>\n<h3 style=\"text-align: center;\"><span style=\"color: #000000;\">* : anthropologue, charg\u00e9e de recherche \u00e0 l\u2019IRD, PI du projet GLOBALMED ** : socio-anthropologue, enseignant-chercheur \u00e0 l\u2019Universit\u00e9 Abomey Calavi du B\u00e9nin *** : \u00e9pid\u00e9miologiste, directeur de recherche \u00e0 l\u2019IRD, Master GLOBALMED ****<\/span><\/h3>\n<h4 style=\"text-align: center;\"><\/h4>\n<h2 style=\"text-align: center;\"><span style=\"color: #000000;\">\u00ab\u00a0Acc\u00e8s aux soins et aux m\u00e9dicaments au B\u00e9nin &#8211; Pratiques de soins au sein des familles\u00a0\u00bb<\/span><\/h2>\n<h4 style=\"text-align: center;\"><\/h4>\n<h4 style=\"text-align: center;\">Cliquer sur l&rsquo;image ci-dessous pour ouvrir le poster <a href=\"http:\/\/surmedicalisation.fr\/blog\/WordPress3\/wp-content\/uploads\/2017\/06\/AG-bobigny-Poster-Le-Hesran-UMR-merit-27-04-17.pdf\" target=\"_blank\" rel=\"attachment wp-att-4642 noopener\"><img loading=\"lazy\" class=\"aligncenter wp-image-4642\" src=\"http:\/\/surmedicalisation.fr\/blog\/WordPress3\/wp-content\/uploads\/2017\/06\/P2_J-Y_LE_HESTRAN_et_al_Pratiques_soins_acc\u00e8s_med_B\u00e9nin-212x300.jpg\" alt=\"\" width=\"431\" height=\"610\" srcset=\"https:\/\/surmedicalisation.fr\/blog\/WordPress3\/wp-content\/uploads\/2017\/06\/P2_J-Y_LE_HESTRAN_et_al_Pratiques_soins_acc\u00e8s_med_B\u00e9nin-212x300.jpg 212w, https:\/\/surmedicalisation.fr\/blog\/WordPress3\/wp-content\/uploads\/2017\/06\/P2_J-Y_LE_HESTRAN_et_al_Pratiques_soins_acc\u00e8s_med_B\u00e9nin.jpg 610w\" sizes=\"(max-width: 431px) 100vw, 431px\" \/><\/a><\/h4>\n<h4 style=\"text-align: center;\"><\/h4>\n<h4 style=\"text-align: center;\"><\/h4>\n<p><a name=\"Mathilde_LEGAY\"><\/a><\/p>\n<h3 style=\"text-align: center;\"><span style=\"color: #000000;\">Poster N\u00b03<\/span><\/h3>\n<h3 style=\"text-align: center;\"><span style=\"color: #000000;\">Mathilde LEGAY, C\u00e9line PULCINI, Christian RABAUD, Jacques BIRG\u00c9<br \/>\n<\/span><span style=\"color: #000000;\">D\u00e9partement de M\u00e9decine G\u00e9n\u00e9rale, Facult\u00e9 de M\u00e9decine de Nancy et <a href=\"http:\/\/www.antibiolor.org\/\">Antibiolor<\/a><\/span><\/h3>\n<h4 style=\"text-align: center;\"><\/h4>\n<h2 style=\"text-align: center;\"><span style=\"color: #000000;\">\u00ab\u00a0Co prescriptions antibiotiques anti-inflammatoires par les m\u00e9decins g\u00e9n\u00e9ralistes : rapport b\u00e9n\u00e9fices\/risques et pratiques en Lorraine\u00a0\u00bb<\/span><\/h2>\n<h4 style=\"text-align: center;\"><\/h4>\n<h4 style=\"text-align: center;\">Cliquer sur l&rsquo;image ci-dessous pour ouvrir le poster <a href=\"http:\/\/surmedicalisation.fr\/blog\/WordPress3\/wp-content\/uploads\/2017\/06\/Coprescriptions-antibiotiques-antiinflammatoires-poster-Bobigny.pdf\" target=\"_blank\" rel=\"attachment wp-att-4639 noopener\"><img loading=\"lazy\" class=\"aligncenter wp-image-4639 size-full\" src=\"http:\/\/surmedicalisation.fr\/blog\/WordPress3\/wp-content\/uploads\/2017\/06\/P3_Mathilde_LEGAY__Jacques_BIRGE_Co-prescriptions-ATBAINS.jpg\" alt=\"\" width=\"430\" height=\"607\" srcset=\"https:\/\/surmedicalisation.fr\/blog\/WordPress3\/wp-content\/uploads\/2017\/06\/P3_Mathilde_LEGAY__Jacques_BIRGE_Co-prescriptions-ATBAINS.jpg 430w, https:\/\/surmedicalisation.fr\/blog\/WordPress3\/wp-content\/uploads\/2017\/06\/P3_Mathilde_LEGAY__Jacques_BIRGE_Co-prescriptions-ATBAINS-213x300.jpg 213w\" sizes=\"(max-width: 430px) 100vw, 430px\" \/><\/a><\/h4>\n<h4 style=\"text-align: center;\"><\/h4>\n<h4 style=\"text-align: center;\"><\/h4>\n<p><a name=\"Gerard_DELEPINE1\"><\/a><\/p>\n<h3 style=\"text-align: center;\"><span style=\"color: #000000;\">Poster N\u00b04<\/span><\/h3>\n<h3 style=\"text-align: center;\"><span style=\"color: #000000;\">G\u00e9rard DEL\u00c9PINE, Nicole DEL\u00c9PINE, Salwa ALKHALLAF<\/span><\/h3>\n<h4 style=\"text-align: center;\"><\/h4>\n<h2 style=\"text-align: center;\"><span style=\"color: #000000;\">\u00ab\u00a0La dur\u00e9e de la dite \u00ab\u00a0survie sans progression\u00a0\u00bb est-elle pr\u00e9dictive de la survie globale ?\u00a0Analyse des \u00e9tudes de th\u00e9rapies cibl\u00e9es en canc\u00e9rologie \u00bb<\/span><\/h2>\n<h4 style=\"text-align: center;\"><\/h4>\n<h4 style=\"text-align: center;\"><\/h4>\n<h4 style=\"text-align: center;\">Cliquer sur l&rsquo;image ci-dessous pour ouvrir le poster<a href=\"http:\/\/surmedicalisation.fr\/blog\/WordPress3\/wp-content\/uploads\/2017\/06\/Colloque_2017_bobigny-poster-SSP_G_DELEPINE.pdf\" target=\"_blank\" rel=\"attachment wp-att-4640 noopener\"><img loading=\"lazy\" class=\"aligncenter wp-image-4640 size-full\" src=\"http:\/\/surmedicalisation.fr\/blog\/WordPress3\/wp-content\/uploads\/2017\/06\/P4_G\u00e9rard_DELEPINE_et_al_SSP_et_SG_th\u00e9rapies_cibl\u00e9es_en_canc\u00e9ro.jpg\" alt=\"\" width=\"433\" height=\"606\" srcset=\"https:\/\/surmedicalisation.fr\/blog\/WordPress3\/wp-content\/uploads\/2017\/06\/P4_G\u00e9rard_DELEPINE_et_al_SSP_et_SG_th\u00e9rapies_cibl\u00e9es_en_canc\u00e9ro.jpg 433w, https:\/\/surmedicalisation.fr\/blog\/WordPress3\/wp-content\/uploads\/2017\/06\/P4_G\u00e9rard_DELEPINE_et_al_SSP_et_SG_th\u00e9rapies_cibl\u00e9es_en_canc\u00e9ro-214x300.jpg 214w\" sizes=\"(max-width: 433px) 100vw, 433px\" \/><\/a><\/h4>\n<p><a name=\"G\u00e9rard_DELEPINE2\"><\/a><\/p>\n<h3 style=\"text-align: center;\"><span style=\"color: #000000;\">Poster N\u00b05<\/span><\/h3>\n<h3 style=\"text-align: center;\"><span style=\"color: #000000;\">G\u00e9rard DEL\u00c9PINE, Nicole DEL\u00c9PINE, Salwa ALKHALLAF<\/span><\/h3>\n<h4 style=\"text-align: center;\"><\/h4>\n<h2 style=\"text-align: center;\"><span style=\"color: #000000;\">\u00ab\u00a0Les r\u00e9sultats des \u00e9tudes pivot de th\u00e9rapies cibl\u00e9es en canc\u00e9rologie des tumeurs solides sont-ils fiables?\u00a0\u00bb<\/span><\/h2>\n<h4 style=\"text-align: center;\"><\/h4>\n<h4 style=\"text-align: center;\"><\/h4>\n<h4 style=\"text-align: center;\">Cliquer sur l&rsquo;image ci-dessous pour ouvrir le poster<a href=\"http:\/\/surmedicalisation.fr\/blog\/WordPress3\/wp-content\/uploads\/2017\/06\/Poster-2-bobigny-resultats-pivots.pdf\" target=\"_blank\" rel=\"attachment wp-att-4638 noopener\"><img loading=\"lazy\" class=\"aligncenter wp-image-4638 size-full\" src=\"http:\/\/surmedicalisation.fr\/blog\/WordPress3\/wp-content\/uploads\/2017\/06\/P5_G\u00e9rard_DELEPINE_et_al_Fiabilit\u00e9_\u00e9tudes_pivots_th\u00e9rapies_cibl\u00e9es_en_canc\u00e9ro.jpg\" alt=\"\" width=\"431\" height=\"605\" srcset=\"https:\/\/surmedicalisation.fr\/blog\/WordPress3\/wp-content\/uploads\/2017\/06\/P5_G\u00e9rard_DELEPINE_et_al_Fiabilit\u00e9_\u00e9tudes_pivots_th\u00e9rapies_cibl\u00e9es_en_canc\u00e9ro.jpg 431w, https:\/\/surmedicalisation.fr\/blog\/WordPress3\/wp-content\/uploads\/2017\/06\/P5_G\u00e9rard_DELEPINE_et_al_Fiabilit\u00e9_\u00e9tudes_pivots_th\u00e9rapies_cibl\u00e9es_en_canc\u00e9ro-214x300.jpg 214w\" sizes=\"(max-width: 431px) 100vw, 431px\" \/><\/a><\/h4>\n<h4 style=\"text-align: center;\"><\/h4>\n<p><a name=\"Pr_Philippe_ARLET\"><\/a><\/p>\n<p>&nbsp;<\/p>\n<h3 style=\"text-align: center;\"><span style=\"color: #000000;\">Poster N\u00b06<\/span><\/h3>\n<h3 style=\"text-align: center;\"><span style=\"color: #000000;\">Gr\u00e9gory PUGNET*, Lisa NGUYEN**, Philippe ARLET*, Haleh BAGHERI***, France LAFFISSE****, Serge BISMUTH*****,<\/span><\/h3>\n<h3 style=\"text-align: center;\"><span style=\"color: #000000;\"><br \/>\n<\/span><span style=\"color: #000000;\">*\u00a0: interniste, CHU Toulouse, **\u00a0: g\u00e9n\u00e9raliste, \u00e9tudiante en th\u00e8se, ***\u00a0: pharmacologue, CHU Toulouse, ****\u00a0: praticien charg\u00e9e de la t\u00e9l\u00e9m\u00e9decine au CHU Toulouse, *****\u00a0: g\u00e9n\u00e9raliste, MCU DUMG Toulouse<\/span><\/h3>\n<h4 style=\"text-align: center;\"><\/h4>\n<h2 style=\"text-align: center;\"><span style=\"color: #000000;\">\u00ab\u00a0Cr\u00e9ation d\u2019un r\u00e9seau ville \u2013 h\u00f4pital \u2013 ville d\u2019aide \u00e0 la d\u00e9prescription m\u00e9dicamenteuse en r\u00e9gion Occitanie\u00a0\u00bb<\/span><\/h2>\n<h4 style=\"text-align: center;\"><\/h4>\n<h4 style=\"text-align: center;\"><\/h4>\n<h4 style=\"text-align: center;\">Cliquer sur l&rsquo;image ci-dessous pour ouvrir le poster <a href=\"http:\/\/surmedicalisation.fr\/blog\/WordPress3\/wp-content\/uploads\/2017\/06\/Poster-Deprescription-1.pdf\" target=\"_blank\" rel=\"attachment wp-att-4637 noopener\"><img loading=\"lazy\" class=\"aligncenter wp-image-4637\" src=\"http:\/\/surmedicalisation.fr\/blog\/WordPress3\/wp-content\/uploads\/2017\/06\/P6_Pr_Philippe_ARLET_et_al_d\u00e9prescription_r\u00e9seau_RADIO_Occitanie-196x300.jpg\" alt=\"\" width=\"431\" height=\"660\" srcset=\"https:\/\/surmedicalisation.fr\/blog\/WordPress3\/wp-content\/uploads\/2017\/06\/P6_Pr_Philippe_ARLET_et_al_d\u00e9prescription_r\u00e9seau_RADIO_Occitanie-196x300.jpg 196w, https:\/\/surmedicalisation.fr\/blog\/WordPress3\/wp-content\/uploads\/2017\/06\/P6_Pr_Philippe_ARLET_et_al_d\u00e9prescription_r\u00e9seau_RADIO_Occitanie.jpg 396w\" sizes=\"(max-width: 431px) 100vw, 431px\" \/><\/a><\/h4>\n<h4 style=\"text-align: center;\"><\/h4>\n<p><a name=\"Florence_TABOULET\"><\/a><\/p>\n<h3 style=\"text-align: center;\"><span style=\"color: #000000;\">Poster N\u00b07<\/span><\/h3>\n<h3 style=\"text-align: center;\"><span style=\"color: #000000;\">Florence TABOULET,<br \/>\n<\/span><span style=\"color: #000000;\">Pharmacien, Professeur en droit pharmaceutique et en \u00e9conomie de la sant\u00e9<\/span><\/h3>\n<h4 style=\"text-align: center;\"><\/h4>\n<h2 style=\"text-align: center;\"><span style=\"color: #000000;\">\u00a0\u00ab\u00a0Une offre illimit\u00e9e : porte ouverte \u00e0 une surm\u00e9dicalisation?\u00a0 Interrogations autour de la contraception d\u2019urgence chez les mineures\u00a0\u00bb<\/span><\/h2>\n<h4 style=\"text-align: center;\"><\/h4>\n<h4><\/h4>\n<h4 style=\"text-align: center;\">Cliquer sur l&rsquo;image ci-dessous pour ouvrir le poster <a href=\"http:\/\/surmedicalisation.fr\/blog\/WordPress3\/wp-content\/uploads\/2017\/06\/Poster-F.Taboulet_contraception_durgence_colloque2017.pdf\" target=\"_blank\" rel=\"attachment wp-att-4636 noopener\"><img loading=\"lazy\" class=\"aligncenter wp-image-4636\" src=\"http:\/\/surmedicalisation.fr\/blog\/WordPress3\/wp-content\/uploads\/2017\/06\/P7_Florence-TABOULET_Interrogations-autour-de-la-contraception_urgence_chez_mineures-226x300.jpg\" alt=\"\" width=\"431\" height=\"573\" srcset=\"https:\/\/surmedicalisation.fr\/blog\/WordPress3\/wp-content\/uploads\/2017\/06\/P7_Florence-TABOULET_Interrogations-autour-de-la-contraception_urgence_chez_mineures-226x300.jpg 226w, https:\/\/surmedicalisation.fr\/blog\/WordPress3\/wp-content\/uploads\/2017\/06\/P7_Florence-TABOULET_Interrogations-autour-de-la-contraception_urgence_chez_mineures.jpg 455w\" sizes=\"(max-width: 431px) 100vw, 431px\" \/><\/a><\/h4>\n<p>&nbsp;<\/p>\n<p><a name=\"P_LAMOUR\"><\/a><\/p>\n<h3 style=\"text-align: center;\">Poster N\u00b08<\/h3>\n<h3 style=\"text-align: center;\">Dr Patrick LAMOUR,<br \/>\nNantes<\/h3>\n<h4 style=\"text-align: center;\"><\/h4>\n<h2 style=\"text-align: center;\">\u00ab La surm\u00e9dicalisation, le surdiagnostic, le surtraitement dans le quotidien d&rsquo;une consultation de m\u00e9decine g\u00e9n\u00e9rale \u00bb<\/h2>\n<h4 style=\"text-align: center;\">Cliquer sur l&rsquo;image ci-dessous pour ouvrir le poster<a href=\"http:\/\/surmedicalisation.fr\/blog\/WordPress3\/wp-content\/uploads\/2017\/11\/P-Lamour-sur-et-sous-medicalisation-en-MG.pdf\" target=\"_blank\" rel=\"attachment wp-att-4894 noopener\"><img loading=\"lazy\" class=\"aligncenter wp-image-4894\" src=\"http:\/\/surmedicalisation.fr\/blog\/WordPress3\/wp-content\/uploads\/2017\/11\/Poster_N\u00b08_Patrick_LAMOUR-300x225.png\" alt=\"\" width=\"431\" height=\"324\" srcset=\"https:\/\/surmedicalisation.fr\/blog\/WordPress3\/wp-content\/uploads\/2017\/11\/Poster_N\u00b08_Patrick_LAMOUR-300x225.png 300w, https:\/\/surmedicalisation.fr\/blog\/WordPress3\/wp-content\/uploads\/2017\/11\/Poster_N\u00b08_Patrick_LAMOUR-768x577.png 768w, https:\/\/surmedicalisation.fr\/blog\/WordPress3\/wp-content\/uploads\/2017\/11\/Poster_N\u00b08_Patrick_LAMOUR.png 941w\" sizes=\"(max-width: 431px) 100vw, 431px\" \/><\/a><\/h4>\n<p>&nbsp;<\/p>\n<h4 style=\"text-align: center;\"><\/h4>\n<p><a name=\"B\u00e9atrice_FERRARI\"><\/a><\/p>\n<h3 style=\"text-align: center;\"><span style=\"color: #000000;\">Poster N\u00b09<\/span><\/h3>\n<h3 style=\"text-align: center;\"><span style=\"color: #000000;\">B\u00e9atrice FERRARI,<br \/>\n<\/span><span style=\"color: #000000;\">kin\u00e9sith\u00e9rapeute vasculaire de ville, Toulouse<\/span><\/h3>\n<h4 style=\"text-align: center;\"><\/h4>\n<h2 style=\"text-align: center;\"><span style=\"color: #000000;\">\u00ab\u00a0D\u00e9velopper des prises en charge ambulatoires pour optimiser les co\u00fbts : <\/span><span style=\"color: #000000;\">Exemple de la r\u00e9\u00e9ducation cardio-vasculaire en ville\u00a0\u00bb<\/span><\/h2>\n<p>&nbsp;<\/p>\n<h4 style=\"text-align: center;\">Cliquer sur l&rsquo;image ci-dessous pour ouvrir le poster<a href=\"http:\/\/surmedicalisation.fr\/blog\/WordPress3\/wp-content\/uploads\/2017\/06\/POSTER-BOBIGNY_r\u00e9\u00e9ducation-cardio-vasculaire-en-ville_pour-optimiser-les-co\u00fbts_04-2017.pdf\" target=\"_blank\" rel=\"attachment wp-att-4635 noopener\"><img loading=\"lazy\" class=\"aligncenter wp-image-4635 size-full\" src=\"http:\/\/surmedicalisation.fr\/blog\/WordPress3\/wp-content\/uploads\/2017\/06\/P9_B\u00e9atrice_FERRARI_r\u00e9\u00e9ducation_CV_au_cabinet_kin\u00e9_en_ville_pour_optimiser_les_co\u00fbts.jpg\" alt=\"\" width=\"431\" height=\"607\" srcset=\"https:\/\/surmedicalisation.fr\/blog\/WordPress3\/wp-content\/uploads\/2017\/06\/P9_B\u00e9atrice_FERRARI_r\u00e9\u00e9ducation_CV_au_cabinet_kin\u00e9_en_ville_pour_optimiser_les_co\u00fbts.jpg 431w, https:\/\/surmedicalisation.fr\/blog\/WordPress3\/wp-content\/uploads\/2017\/06\/P9_B\u00e9atrice_FERRARI_r\u00e9\u00e9ducation_CV_au_cabinet_kin\u00e9_en_ville_pour_optimiser_les_co\u00fbts-213x300.jpg 213w\" sizes=\"(max-width: 431px) 100vw, 431px\" \/><\/a><\/h4>\n<p>&nbsp;<\/p>\n<p><img loading=\"lazy\" class=\"alignleft wp-image-4666\" src=\"http:\/\/surmedicalisation.fr\/blog\/WordPress3\/wp-content\/uploads\/2017\/06\/PTDC0927-150x150.jpg\" alt=\"\" width=\"130\" height=\"173\" srcset=\"https:\/\/surmedicalisation.fr\/blog\/WordPress3\/wp-content\/uploads\/2017\/06\/PTDC0927-225x300.jpg 225w, https:\/\/surmedicalisation.fr\/blog\/WordPress3\/wp-content\/uploads\/2017\/06\/PTDC0927-768x1024.jpg 768w\" sizes=\"(max-width: 130px) 100vw, 130px\" \/><img loading=\"lazy\" class=\"alignleft wp-image-4668\" src=\"http:\/\/surmedicalisation.fr\/blog\/WordPress3\/wp-content\/uploads\/2017\/06\/PTDC0924-225x300.jpg\" alt=\"\" width=\"130\" height=\"173\" srcset=\"https:\/\/surmedicalisation.fr\/blog\/WordPress3\/wp-content\/uploads\/2017\/06\/PTDC0924-225x300.jpg 225w, https:\/\/surmedicalisation.fr\/blog\/WordPress3\/wp-content\/uploads\/2017\/06\/PTDC0924-768x1024.jpg 768w\" sizes=\"(max-width: 130px) 100vw, 130px\" \/><img loading=\"lazy\" class=\"alignleft wp-image-4667\" src=\"http:\/\/surmedicalisation.fr\/blog\/WordPress3\/wp-content\/uploads\/2017\/06\/PTDC0923-225x300.jpg\" alt=\"\" width=\"130\" height=\"173\" srcset=\"https:\/\/surmedicalisation.fr\/blog\/WordPress3\/wp-content\/uploads\/2017\/06\/PTDC0923-225x300.jpg 225w, https:\/\/surmedicalisation.fr\/blog\/WordPress3\/wp-content\/uploads\/2017\/06\/PTDC0923-768x1024.jpg 768w\" sizes=\"(max-width: 130px) 100vw, 130px\" \/><img loading=\"lazy\" class=\"wp-image-4671\" src=\"http:\/\/surmedicalisation.fr\/blog\/WordPress3\/wp-content\/uploads\/2017\/06\/PTDC0921-225x300.jpg\" alt=\"\" width=\"130\" height=\"173\" srcset=\"https:\/\/surmedicalisation.fr\/blog\/WordPress3\/wp-content\/uploads\/2017\/06\/PTDC0921-225x300.jpg 225w, https:\/\/surmedicalisation.fr\/blog\/WordPress3\/wp-content\/uploads\/2017\/06\/PTDC0921-768x1024.jpg 768w\" sizes=\"(max-width: 130px) 100vw, 130px\" \/><\/p>\n<p><img loading=\"lazy\" class=\"alignleft wp-image-4672\" src=\"http:\/\/surmedicalisation.fr\/blog\/WordPress3\/wp-content\/uploads\/2017\/06\/PTDC0920-225x300.jpg\" alt=\"\" width=\"130\" height=\"173\" srcset=\"https:\/\/surmedicalisation.fr\/blog\/WordPress3\/wp-content\/uploads\/2017\/06\/PTDC0920-225x300.jpg 225w, https:\/\/surmedicalisation.fr\/blog\/WordPress3\/wp-content\/uploads\/2017\/06\/PTDC0920-768x1024.jpg 768w\" sizes=\"(max-width: 130px) 100vw, 130px\" \/><img loading=\"lazy\" class=\"alignleft wp-image-4675\" src=\"http:\/\/surmedicalisation.fr\/blog\/WordPress3\/wp-content\/uploads\/2017\/06\/PTDC0925-225x300.jpg\" alt=\"\" width=\"130\" height=\"173\" srcset=\"https:\/\/surmedicalisation.fr\/blog\/WordPress3\/wp-content\/uploads\/2017\/06\/PTDC0925-225x300.jpg 225w, https:\/\/surmedicalisation.fr\/blog\/WordPress3\/wp-content\/uploads\/2017\/06\/PTDC0925-768x1024.jpg 768w\" sizes=\"(max-width: 130px) 100vw, 130px\" \/><img loading=\"lazy\" class=\"alignleft wp-image-4679\" src=\"http:\/\/surmedicalisation.fr\/blog\/WordPress3\/wp-content\/uploads\/2017\/06\/PTDC0922-225x300.jpg\" alt=\"\" width=\"130\" height=\"173\" srcset=\"https:\/\/surmedicalisation.fr\/blog\/WordPress3\/wp-content\/uploads\/2017\/06\/PTDC0922-225x300.jpg 225w, https:\/\/surmedicalisation.fr\/blog\/WordPress3\/wp-content\/uploads\/2017\/06\/PTDC0922-768x1024.jpg 768w\" sizes=\"(max-width: 130px) 100vw, 130px\" \/><img loading=\"lazy\" class=\"alignleft wp-image-4682\" src=\"http:\/\/surmedicalisation.fr\/blog\/WordPress3\/wp-content\/uploads\/2017\/06\/PTDC0926-225x300.jpg\" alt=\"\" width=\"130\" height=\"173\" srcset=\"https:\/\/surmedicalisation.fr\/blog\/WordPress3\/wp-content\/uploads\/2017\/06\/PTDC0926-225x300.jpg 225w, https:\/\/surmedicalisation.fr\/blog\/WordPress3\/wp-content\/uploads\/2017\/06\/PTDC0926-768x1024.jpg 768w\" sizes=\"(max-width: 130px) 100vw, 130px\" \/><\/p>\n<p>&nbsp;<\/p>\n<p>&nbsp;<\/p>\n<p>&nbsp;<\/p>\n<p>&nbsp;<\/p>\n<p>&nbsp;<\/p>\n<p>&nbsp;<\/p>\n","protected":false},"excerpt":{"rendered":"<p>Vendredi 28 mai 2017 &#8211; Apr\u00e8s-midi &nbsp; Visite des Posters Poster N\u00b01 Francis ABRAMOVICI, M\u00e9decin g\u00e9n\u00e9raliste, Cor\u00e9dacteur en Chef de la revue M\u00e9decine, \u00ab\u00a0Cancer du col de l\u2019ut\u00e9rus\u00a0: Entre trop peu et trop\u00a0?\u00a0\u00bb Cliquer sur l&rsquo;image ci-dessous pour ouvrir le &hellip; <a href=\"https:\/\/surmedicalisation.fr\/?page_id=4556\">Continuer la lecture <span class=\"meta-nav\">&rarr;<\/span><\/a><\/p>\n","protected":false},"author":1,"featured_media":0,"parent":4525,"menu_order":5,"comment_status":"closed","ping_status":"closed","template":"","meta":[],"_links":{"self":[{"href":"https:\/\/surmedicalisation.fr\/index.php?rest_route=\/wp\/v2\/pages\/4556"}],"collection":[{"href":"https:\/\/surmedicalisation.fr\/index.php?rest_route=\/wp\/v2\/pages"}],"about":[{"href":"https:\/\/surmedicalisation.fr\/index.php?rest_route=\/wp\/v2\/types\/page"}],"author":[{"embeddable":true,"href":"https:\/\/surmedicalisation.fr\/index.php?rest_route=\/wp\/v2\/users\/1"}],"replies":[{"embeddable":true,"href":"https:\/\/surmedicalisation.fr\/index.php?rest_route=%2Fwp%2Fv2%2Fcomments&post=4556"}],"version-history":[{"count":45,"href":"https:\/\/surmedicalisation.fr\/index.php?rest_route=\/wp\/v2\/pages\/4556\/revisions"}],"predecessor-version":[{"id":4905,"href":"https:\/\/surmedicalisation.fr\/index.php?rest_route=\/wp\/v2\/pages\/4556\/revisions\/4905"}],"up":[{"embeddable":true,"href":"https:\/\/surmedicalisation.fr\/index.php?rest_route=\/wp\/v2\/pages\/4525"}],"wp:attachment":[{"href":"https:\/\/surmedicalisation.fr\/index.php?rest_route=%2Fwp%2Fv2%2Fmedia&parent=4556"}],"curies":[{"name":"wp","href":"https:\/\/api.w.org\/{rel}","templated":true}]}}