{"id":4934,"date":"2017-12-17T22:53:57","date_gmt":"2017-12-17T21:53:57","guid":{"rendered":"http:\/\/surmedicalisation.fr\/?page_id=4934"},"modified":"2017-12-18T18:06:39","modified_gmt":"2017-12-18T17:06:39","slug":"7eme-colloque-13-14-avril-2018","status":"publish","type":"page","link":"https:\/\/surmedicalisation.fr\/?page_id=4934","title":{"rendered":"7\u00e8me colloque &#8211; 13 &#038; 14 avril 2018"},"content":{"rendered":"<h2>Save the dates, retenez les dates du 7\u00e8me colloque de Bobigny :<\/h2>\n<p>&nbsp;<\/p>\n<h1 style=\"text-align: center;\">Vendredi 13 avril 2018 (toute la journ\u00e9e)<\/h1>\n<h1 style=\"text-align: center;\">et<\/h1>\n<h1 style=\"text-align: center;\">Samedi 14 avril 2018 (matin\u00e9e)<\/h1>\n","protected":false},"excerpt":{"rendered":"<p>Save the dates, retenez les dates du 7\u00e8me colloque de Bobigny : &nbsp; Vendredi 13 avril 2018 (toute la journ\u00e9e) et Samedi 14 avril 2018 (matin\u00e9e)<\/p>\n","protected":false},"author":1,"featured_media":0,"parent":103,"menu_order":7,"comment_status":"closed","ping_status":"closed","template":"","meta":[],"_links":{"self":[{"href":"https:\/\/surmedicalisation.fr\/index.php?rest_route=\/wp\/v2\/pages\/4934"}],"collection":[{"href":"https:\/\/surmedicalisation.fr\/index.php?rest_route=\/wp\/v2\/pages"}],"about":[{"href":"https:\/\/surmedicalisation.fr\/index.php?rest_route=\/wp\/v2\/types\/page"}],"author":[{"embeddable":true,"href":"https:\/\/surmedicalisation.fr\/index.php?rest_route=\/wp\/v2\/users\/1"}],"replies":[{"embeddable":true,"href":"https:\/\/surmedicalisation.fr\/index.php?rest_route=%2Fwp%2Fv2%2Fcomments&post=4934"}],"version-history":[{"count":4,"href":"https:\/\/surmedicalisation.fr\/index.php?rest_route=\/wp\/v2\/pages\/4934\/revisions"}],"predecessor-version":[{"id":4949,"href":"https:\/\/surmedicalisation.fr\/index.php?rest_route=\/wp\/v2\/pages\/4934\/revisions\/4949"}],"up":[{"embeddable":true,"href":"https:\/\/surmedicalisation.fr\/index.php?rest_route=\/wp\/v2\/pages\/103"}],"wp:attachment":[{"href":"https:\/\/surmedicalisation.fr\/index.php?rest_route=%2Fwp%2Fv2%2Fmedia&parent=4934"}],"curies":[{"name":"wp","href":"https:\/\/api.w.org\/{rel}","templated":true}]}}