{"id":5282,"date":"2019-01-06T10:13:09","date_gmt":"2019-01-06T09:13:09","guid":{"rendered":"http:\/\/surmedicalisation.fr\/?page_id=5282"},"modified":"2019-01-06T10:13:09","modified_gmt":"2019-01-06T09:13:09","slug":"atelier-n3-colloque-2018-de-bobigny","status":"publish","type":"page","link":"https:\/\/surmedicalisation.fr\/?page_id=5282","title":{"rendered":"Atelier N\u00b03 &#8211; Colloque 2018 de Bobigny"},"content":{"rendered":"<p><script><span style=\"display: inline-block; width: 0px; overflow: hidden; line-height: 0;\" data-mce-type=\"bookmark\" class=\"mce_SELRES_start\">\ufeff<\/span><span style=\"display: inline-block; width: 0px; overflow: hidden; line-height: 0;\" data-mce-type=\"bookmark\" class=\"mce_SELRES_start\">\ufeff<\/span><span style=\"display: inline-block; width: 0px; overflow: hidden; line-height: 0;\" data-mce-type=\"bookmark\" class=\"mce_SELRES_start\">\ufeff<\/span><span style=\"display: inline-block; width: 0px; overflow: hidden; line-height: 0;\" data-mce-type=\"bookmark\" class=\"mce_SELRES_start\">\ufeff<\/span><span style=\"display: inline-block; width: 0px; overflow: hidden; line-height: 0;\" data-mce-type=\"bookmark\" class=\"mce_SELRES_start\">\ufeff<\/span><span style=\"display: inline-block; width: 0px; overflow: hidden; line-height: 0;\" data-mce-type=\"bookmark\" class=\"mce_SELRES_start\">\ufeff<\/span>\n  (function(i,s,o,g,r,a,m){i['GoogleAnalyticsObject']=r;i[r]=i[r]||function(){\n  (i[r].q=i[r].q||[]).push(arguments)},i[r].l=1*new Date();a=s.createElement(o),\n  m=s.getElementsByTagName(o)[0];a.async=1;a.src=g;m.parentNode.insertBefore(a,m)\n  })(window,document,'script','https:\/\/www.google-analytics.com\/analytics.js','ga');<\/p>\n<p>  ga('create', 'UA-40453293-1', 'auto');\n  ga('send', 'pageview');<\/p>\n<p><\/script><\/p>\n<p>&nbsp;<\/p>\n<h4><\/h4>\n<h1 style=\"text-align: center;\">7<sup>\u00e8me<\/sup> colloque de Bobigny :<\/h1>\n<h1 style=\"text-align: center;\"><strong>\u00ab Internet, m\u00e9decine personnalis\u00e9e, sources de surm\u00e9dicalisation ? \u00bb<\/strong><\/h1>\n<h2 style=\"text-align: center;\"><strong>Vendredi 13 avril 2018 &#8211; Apr\u00e8s-midi<\/strong><\/h2>\n<p><a name=\"A3\"><\/a><\/p>\n<h2 style=\"text-align: center;\"><\/h2>\n<h2 style=\"text-align: center;\">Atelier N\u00b03<\/h2>\n<h3 style=\"text-align: center;\"><\/h3>\n<h1 style=\"text-align: center;\"><strong>\u00ab La surm\u00e9dicalisation des personnes \u00e2g\u00e9es et les difficult\u00e9s de la d\u00e9prescription\u00a0 \u00bb<\/strong><\/h1>\n<p><a name=\"Intro_Marc_UZAN\"><\/a><\/p>\n<h2 style=\"text-align: center;\">Dr. Marc UZAN, M\u00e9decin, Toulouse<\/h2>\n<h2 style=\"text-align: center;\">Introduction de l&rsquo;atelier<\/h2>\n<p style=\"text-align: center;\"><span style=\"font-size: 10pt;\">Cliquer pour ouvrir<\/span><br \/>\n<span style=\"font-size: 10pt;\">la pr\u00e9sentation de diapositives<\/span><br \/>\n<a href=\"http:\/\/surmedicalisation.fr\/blog\/WordPress3\/wp-content\/uploads\/2018\/12\/Marc_UZAN_Intro_atelier_N\u00b03_Surm\u00e9dicalisation-des-personnes-\u00e2g\u00e9es-et-obstacles-\u00e0-la-d\u00e9prescription_colloque_2018.pdf\" target=\"_blank\" rel=\"noopener\"><img loading=\"lazy\" class=\"aligncenter wp-image-5303 size-medium\" src=\"http:\/\/surmedicalisation.fr\/blog\/WordPress3\/wp-content\/uploads\/2018\/12\/Marc_UZAN_Intro_atelier_N\u00b03_Surm\u00e9dicalisation-des-personnes-\u00e2g\u00e9es-et-obstacles-\u00e0-la-d\u00e9prescription_colloque_2018-300x225.jpg\" alt=\"\" width=\"300\" height=\"225\" srcset=\"https:\/\/surmedicalisation.fr\/blog\/WordPress3\/wp-content\/uploads\/2018\/12\/Marc_UZAN_Intro_atelier_N\u00b03_Surm\u00e9dicalisation-des-personnes-\u00e2g\u00e9es-et-obstacles-\u00e0-la-d\u00e9prescription_colloque_2018-300x225.jpg 300w, https:\/\/surmedicalisation.fr\/blog\/WordPress3\/wp-content\/uploads\/2018\/12\/Marc_UZAN_Intro_atelier_N\u00b03_Surm\u00e9dicalisation-des-personnes-\u00e2g\u00e9es-et-obstacles-\u00e0-la-d\u00e9prescription_colloque_2018-768x576.jpg 768w, https:\/\/surmedicalisation.fr\/blog\/WordPress3\/wp-content\/uploads\/2018\/12\/Marc_UZAN_Intro_atelier_N\u00b03_Surm\u00e9dicalisation-des-personnes-\u00e2g\u00e9es-et-obstacles-\u00e0-la-d\u00e9prescription_colloque_2018.jpg 962w\" sizes=\"(max-width: 300px) 100vw, 300px\" \/><\/a><\/p>\n<p><a href=\"http:\/\/surmedicalisation.fr\/?attachment_id=5306\" rel=\"attachment wp-att-5306\"><img loading=\"lazy\" class=\"aligncenter size-medium wp-image-5306\" src=\"http:\/\/surmedicalisation.fr\/blog\/WordPress3\/wp-content\/uploads\/2018\/12\/Marc_UZAN_colloque_2018-240x300.jpg\" alt=\"\" width=\"240\" height=\"300\" srcset=\"https:\/\/surmedicalisation.fr\/blog\/WordPress3\/wp-content\/uploads\/2018\/12\/Marc_UZAN_colloque_2018-240x300.jpg 240w, https:\/\/surmedicalisation.fr\/blog\/WordPress3\/wp-content\/uploads\/2018\/12\/Marc_UZAN_colloque_2018.jpg 438w\" sizes=\"(max-width: 240px) 100vw, 240px\" \/><\/a><\/p>\n<hr \/>\n<h2 style=\"text-align: center;\">Communications orales br\u00e8ves<\/h2>\n<p><a name=\"Catherine_PIROT-PHE\"><\/a><\/p>\n<h1 style=\"text-align: center;\">\u00ab La surm\u00e9dicalisation des personnes \u00e2g\u00e9es et les difficult\u00e9s de la d\u00e9prescription \u00bb<\/h1>\n<p>&nbsp;<\/p>\n<p style=\"text-align: center;\"><strong>Dr. Catherine PIROT-PHE, Psychiatre, PH, EPSM de la Sarthe, Chef de p\u00f4le<br \/>\n<\/strong><\/p>\n<p>&nbsp;<\/p>\n<p style=\"text-align: center;\"><span style=\"font-size: 10pt;\">Cliquer ci-dessous pour ouvrir<br \/>\nle r\u00e9sum\u00e9 de l&rsquo;intervention<\/span><a href=\"http:\/\/surmedicalisation.fr\/blog\/WordPress3\/wp-content\/uploads\/2018\/12\/DR-Catherine-PIROT-PHE-ESLM-Sarthe_Pr\u00e9sentation_Atelier-N\u00b03_colloque-2018-Bobigny.pdf\" target=\"_blank\" rel=\"noopener\"><img loading=\"lazy\" class=\"aligncenter size-medium wp-image-5286\" src=\"http:\/\/surmedicalisation.fr\/blog\/WordPress3\/wp-content\/uploads\/2018\/12\/DR_Catherine_PIROT-PHE_colloque_2018-213x300.jpg\" alt=\"\" width=\"213\" height=\"300\" srcset=\"https:\/\/surmedicalisation.fr\/blog\/WordPress3\/wp-content\/uploads\/2018\/12\/DR_Catherine_PIROT-PHE_colloque_2018-213x300.jpg 213w, https:\/\/surmedicalisation.fr\/blog\/WordPress3\/wp-content\/uploads\/2018\/12\/DR_Catherine_PIROT-PHE_colloque_2018.jpg 512w\" sizes=\"(max-width: 213px) 100vw, 213px\" \/><\/a><\/p>\n<p>&nbsp;<\/p>\n<p><a name=\"Marie_HERR\"><\/a><\/p>\n<h1 style=\"text-align: center;\">\u00ab Fragilit\u00e9 et m\u00e9dicaments en population<br \/>\n\u00e2g\u00e9e : \u00e9tude de la polym\u00e9dication<br \/>\net des prescriptions potentiellement inappropri\u00e9es \u00bb<\/h1>\n<p>&nbsp;<\/p>\n<p style=\"text-align: center;\"><strong>Dr. Marie HERR, UMR 1168 \u00ab Vieillissement et Maladies chroniques : approches \u00e9pid\u00e9miologique et de sant\u00e9 publique \u00bb, Inserm &#8211; Universit\u00e9 Versailles St-Quentin-en-Yvelines, Pharmacien,<br \/>\nH\u00f4pital Sainte-P\u00e9rine, AP-HP, Paris<br \/>\n<\/strong><\/p>\n<p style=\"text-align: center;\"><span style=\"font-size: 10pt;\">Cliquer ci-dessous pour ouvrir<\/span><br \/>\n<span style=\"font-size: 10pt;\">la pr\u00e9sentation de diapositives<\/span><a href=\"http:\/\/surmedicalisation.fr\/blog\/WordPress3\/wp-content\/uploads\/2018\/12\/Pr\u00e9sentation_Marie_Herr_Fragilit\u00e9-et-m\u00e9dicament_en_population_\u00e2g\u00e9e.pdf\" target=\"_blank\" rel=\"noopener\"><img loading=\"lazy\" class=\"aligncenter wp-image-5295 size-medium\" src=\"http:\/\/surmedicalisation.fr\/blog\/WordPress3\/wp-content\/uploads\/2018\/12\/Marie_HERR_Colloque_2018-300x226.jpg\" alt=\"\" width=\"300\" height=\"226\" srcset=\"https:\/\/surmedicalisation.fr\/blog\/WordPress3\/wp-content\/uploads\/2018\/12\/Marie_HERR_Colloque_2018-300x226.jpg 300w, https:\/\/surmedicalisation.fr\/blog\/WordPress3\/wp-content\/uploads\/2018\/12\/Marie_HERR_Colloque_2018-768x578.jpg 768w, https:\/\/surmedicalisation.fr\/blog\/WordPress3\/wp-content\/uploads\/2018\/12\/Marie_HERR_Colloque_2018.jpg 960w\" sizes=\"(max-width: 300px) 100vw, 300px\" \/><\/a><\/p>\n<p>&nbsp;<\/p>\n<p><a name=\"Laura_DUPRAT\"><\/a><\/p>\n<h1 style=\"text-align: center;\">\u00ab La production organisationnelle de la pharmaceuticalisation : une analyse du monde de la prescription en EHPAD \u00bb<\/h1>\n<p>&nbsp;<\/p>\n<p style=\"text-align: center;\"><strong>Laura DEL ROCIO DUPRAT, Doctorante en sociologie de la sant\u00e9 et de la m\u00e9decine, Mention : Sant\u00e9, populations et politiques sociales, CERMES3<\/strong><\/p>\n<p>&nbsp;<\/p>\n<p style=\"text-align: center;\">Cliquer ci-dessous pour ouvrir<br \/>\nle r\u00e9sum\u00e9 de l&rsquo;intervention<a href=\"http:\/\/surmedicalisation.fr\/blog\/WordPress3\/wp-content\/uploads\/2018\/12\/Poster-Laura-DEL-ROCIO-DUPRAT.pdf\" target=\"_blank\" rel=\"noopener\"><img loading=\"lazy\" class=\"aligncenter wp-image-5300 size-medium\" src=\"http:\/\/surmedicalisation.fr\/blog\/WordPress3\/wp-content\/uploads\/2018\/12\/Poster-Laura-DEL-ROCIO-DUPRAT-214x300.jpg\" alt=\"\" width=\"214\" height=\"300\" srcset=\"https:\/\/surmedicalisation.fr\/blog\/WordPress3\/wp-content\/uploads\/2018\/12\/Poster-Laura-DEL-ROCIO-DUPRAT-214x300.jpg 214w, https:\/\/surmedicalisation.fr\/blog\/WordPress3\/wp-content\/uploads\/2018\/12\/Poster-Laura-DEL-ROCIO-DUPRAT.jpg 514w\" sizes=\"(max-width: 214px) 100vw, 214px\" \/><\/a><\/p>\n<p><a name=\"Smahane_MEDJAHED\"><\/a><\/p>\n<h1 style=\"text-align: center;\">\u00ab La r\u00e9vision critique de l\u2019ordonnance m\u00e9dicamenteuse et l\u2019optimisation de la prescription des m\u00e9dicaments\u00a0: enjeu important de la prise en soins de patients \u00e2g\u00e9s hospitalis\u00e9s \u00bb<\/h1>\n<p>&nbsp;<\/p>\n<p style=\"text-align: center;\"><strong>Docteurs Smahane MEDJAHED, Kenza BENCHEIKH, Nassyma MEZIANI, Samira STAMBOULI, G\u00e9riatres, H\u00f4pital Ren\u00e9 MURET, AP-HP, Sevran<\/strong><\/p>\n<p>&nbsp;<\/p>\n<p style=\"text-align: center;\">Cliquer ci-dessous pour ouvrir<br \/>\nle r\u00e9sum\u00e9 de l&rsquo;intervention<a href=\"http:\/\/surmedicalisation.fr\/blog\/WordPress3\/wp-content\/uploads\/2018\/12\/Dr-Smahane-MEDJAHED_Pr\u00e9sentation-colloque-bobigny-13-avril-2018.pdf\" target=\"_blank\" rel=\"noopener\"><img loading=\"lazy\" class=\"aligncenter wp-image-5298 size-medium\" src=\"http:\/\/surmedicalisation.fr\/blog\/WordPress3\/wp-content\/uploads\/2018\/12\/Dr-Smahane-MEDJAHED_Pr\u00e9sentation-colloque-bobigny-13-avril-2018-300x212.jpg\" alt=\"\" width=\"300\" height=\"212\" srcset=\"https:\/\/surmedicalisation.fr\/blog\/WordPress3\/wp-content\/uploads\/2018\/12\/Dr-Smahane-MEDJAHED_Pr\u00e9sentation-colloque-bobigny-13-avril-2018-300x212.jpg 300w, https:\/\/surmedicalisation.fr\/blog\/WordPress3\/wp-content\/uploads\/2018\/12\/Dr-Smahane-MEDJAHED_Pr\u00e9sentation-colloque-bobigny-13-avril-2018-768x543.jpg 768w, https:\/\/surmedicalisation.fr\/blog\/WordPress3\/wp-content\/uploads\/2018\/12\/Dr-Smahane-MEDJAHED_Pr\u00e9sentation-colloque-bobigny-13-avril-2018.jpg 1022w\" sizes=\"(max-width: 300px) 100vw, 300px\" \/><\/a><\/p>\n<h4 style=\"text-align: center;\"><\/h4>\n","protected":false},"excerpt":{"rendered":"<p>&nbsp; 7\u00e8me colloque de Bobigny : \u00ab Internet, m\u00e9decine personnalis\u00e9e, sources de surm\u00e9dicalisation ? \u00bb Vendredi 13 avril 2018 &#8211; Apr\u00e8s-midi Atelier N\u00b03 \u00ab La surm\u00e9dicalisation des personnes \u00e2g\u00e9es et les difficult\u00e9s de la d\u00e9prescription\u00a0 \u00bb Dr. Marc UZAN, M\u00e9decin, &hellip; <a href=\"https:\/\/surmedicalisation.fr\/?page_id=5282\">Continuer la lecture <span class=\"meta-nav\">&rarr;<\/span><\/a><\/p>\n","protected":false},"author":1,"featured_media":0,"parent":5028,"menu_order":4,"comment_status":"closed","ping_status":"closed","template":"","meta":[],"_links":{"self":[{"href":"https:\/\/surmedicalisation.fr\/index.php?rest_route=\/wp\/v2\/pages\/5282"}],"collection":[{"href":"https:\/\/surmedicalisation.fr\/index.php?rest_route=\/wp\/v2\/pages"}],"about":[{"href":"https:\/\/surmedicalisation.fr\/index.php?rest_route=\/wp\/v2\/types\/page"}],"author":[{"embeddable":true,"href":"https:\/\/surmedicalisation.fr\/index.php?rest_route=\/wp\/v2\/users\/1"}],"replies":[{"embeddable":true,"href":"https:\/\/surmedicalisation.fr\/index.php?rest_route=%2Fwp%2Fv2%2Fcomments&post=5282"}],"version-history":[{"count":15,"href":"https:\/\/surmedicalisation.fr\/index.php?rest_route=\/wp\/v2\/pages\/5282\/revisions"}],"predecessor-version":[{"id":5316,"href":"https:\/\/surmedicalisation.fr\/index.php?rest_route=\/wp\/v2\/pages\/5282\/revisions\/5316"}],"up":[{"embeddable":true,"href":"https:\/\/surmedicalisation.fr\/index.php?rest_route=\/wp\/v2\/pages\/5028"}],"wp:attachment":[{"href":"https:\/\/surmedicalisation.fr\/index.php?rest_route=%2Fwp%2Fv2%2Fmedia&parent=5282"}],"curies":[{"name":"wp","href":"https:\/\/api.w.org\/{rel}","templated":true}]}}