{"id":5554,"date":"2019-02-13T16:22:01","date_gmt":"2019-02-13T15:22:01","guid":{"rendered":"http:\/\/surmedicalisation.fr\/?page_id=5554"},"modified":"2019-02-13T16:32:25","modified_gmt":"2019-02-13T15:32:25","slug":"princeps-sur-radio-libertaire-le-21-janvier-2019","status":"publish","type":"page","link":"https:\/\/surmedicalisation.fr\/?page_id=5554","title":{"rendered":"Princeps sur Radio Libertaire le 21 janvier 2019"},"content":{"rendered":"<p><script>\n  (function(i,s,o,g,r,a,m){i['GoogleAnalyticsObject']=r;i[r]=i[r]||function(){\n  (i[r].q=i[r].q||[]).push(arguments)},i[r].l=1*new Date();a=s.createElement(o),\n  m=s.getElementsByTagName(o)[0];a.async=1;a.src=g;m.parentNode.insertBefore(a,m)\n  })(window,document,'script','https:\/\/www.google-analytics.com\/analytics.js','ga');<\/p>\n<p>  ga('create', 'UA-40453293-1', 'auto');\n  ga('send', 'pageview');<\/p>\n<p><\/script><\/p>\n<p>&nbsp;<\/p>\n<h3><\/h3>\n<h2 style=\"text-align: center;\">Fran\u00e7ois PESTY, invit\u00e9 de l&rsquo;\u00e9mission :<\/h2>\n<h1 style=\"text-align: center;\">\u00ab\u00a0La Sant\u00e9 dans tous ses \u00e9tats\u00a0\u00bb<\/h1>\n<h2 style=\"text-align: center;\">sur Radio Libertaire.<\/h2>\n<h3 style=\"text-align: center;\">\u00c9mission anim\u00e9e par Mohamed EL KHEBIR et G\u00e9rard LAMBERT<\/h3>\n<h3 style=\"text-align: center;\">Enregistr\u00e9e le 29 novembre 2018<br \/>\nDiffus\u00e9e le Lundi 21 janvier 2019<\/h3>\n<h3 style=\"text-align: justify;\"><\/h3>\n<h3 style=\"text-align: center;\">Partie 1<\/h3>\n<h4 style=\"text-align: center;\">Cliquer pour ouvrir<br \/>\nl&rsquo;enregistrement audio<br \/>\n<a href=\"http:\/\/surmedicalisation.fr\/blog\/WordPress3\/wp-content\/uploads\/2019\/02\/Radio_Libertaire_La_sant\u00e9_dans_tous_ses_\u00e9tats_Fran\u00e7ois_PESTY_21-01-2019_Part1.mp3\" target=\"_blank\" rel=\"noopener\"><img loading=\"lazy\" class=\"aligncenter size-full wp-image-5046\" src=\"http:\/\/surmedicalisation.fr\/blog\/WordPress3\/wp-content\/uploads\/2018\/11\/Fichier_audio_logo_haut-parleur.jpg\" alt=\"\" width=\"120\" height=\"120\" \/><\/a><\/h4>\n<p><span style=\"color: #ffffff;\">&#8230;<\/span><\/p>\n<p>&nbsp;<\/p>\n<h3 style=\"text-align: justify;\">Parcours \u2013 Liens\/Conflits d\u2019int\u00e9r\u00eats \u2013 Campagnes \u00ab\u00a0pilotes\u00a0\u00bb de visites m\u00e9dicalis\u00e9es des d\u00e9l\u00e9gu\u00e9s de l\u2019assurance maladie portant sur le m\u00e9dicament\u00a0: bon usage des antibiotiques \u2013 Antibior\u00e9sistance \u2013 Projet de l\u2019Institut PUPPEM \u00ab\u00a0Pour Une Prescription Plus Efficiente du M\u00e9dicament\u00a0\u00bb &#8211; Inhibiteurs de l\u2019Enzyme de Conversion (IEC) versus Sartans dans l\u2019hypertension art\u00e9rielle.<\/h3>\n<h3 style=\"text-align: justify;\"><\/h3>\n<h3 style=\"text-align: justify;\"><\/h3>\n<h3 style=\"text-align: justify;\"><\/h3>\n<h3 style=\"text-align: justify;\"><\/h3>\n<h3 style=\"text-align: center;\">Partie 2<\/h3>\n<h4 style=\"text-align: center;\">Cliquer pour ouvrir<br \/>\nl&rsquo;enregistrement audio<br \/>\n<a href=\"http:\/\/surmedicalisation.fr\/blog\/WordPress3\/wp-content\/uploads\/2019\/02\/Radio_Libertaire_La_sant\u00e9_dans_tous_ses_\u00e9tats_Fran\u00e7ois_PESTY_21-01-2019_Part2.mp3\" target=\"_blank\" rel=\"noopener\"><img loading=\"lazy\" class=\"aligncenter size-full wp-image-5046\" src=\"http:\/\/surmedicalisation.fr\/blog\/WordPress3\/wp-content\/uploads\/2018\/11\/Fichier_audio_logo_haut-parleur.jpg\" alt=\"\" width=\"120\" height=\"120\" \/><\/a><\/h4>\n<p><span style=\"color: #ffffff;\">&#8230;<\/span><\/p>\n<p>&nbsp;<\/p>\n<h3 style=\"text-align: justify;\">Critiques du rapport de la MECCS du S\u00e9nat \u00ab\u00a0M\u00e9dicaments innovants &#8211; consolider le mod\u00e8le fran\u00e7ais d&rsquo;acc\u00e8s pr\u00e9coce\u00a0\u00bb &#8211; Article sur le site du FORMINDEP \u00ab\u00a0Acc\u00e8s au march\u00e9 des nouveaux m\u00e9dicaments : pourquoi acc\u00e9l\u00e9rer ?\u00a0\u00bb (<a href=\"http:\/\/formindep.fr\/acces-au-marche-des-nouveaux-medicaments-pourquoi-accelerer\/\" target=\"_blank\" rel=\"noopener\">ici<\/a>) \u2013 Oncologues avec conflits d\u2019int\u00e9r\u00eats massifs \u2013 Analyse des r\u00e9sultats de 11 \u00e9tudes pivots d\u2019immunoth\u00e9rapies et de th\u00e9rapies cibl\u00e9es dans le cancer \u2013 Importance des modes de repr\u00e9sentation du b\u00e9n\u00e9fice et des risques pour analyser les r\u00e9sultats des essais cliniques\u00a0pour l\u2019information des patients et des professionnels de sant\u00e9 : repr\u00e9sentation trompeuse de la r\u00e9duction du risque relatif : \u00e0 \u00e9viter &#8211; \u00c0 privil\u00e9gier\u00a0 :<br \/>\nla r\u00e9duction du risque absolu et le calcul des nombres de patients \u00e0 traiter (NNT) \u2013 Exemples &#8211;<\/h3>\n<h3 style=\"text-align: justify;\"><\/h3>\n<h3 style=\"text-align: justify;\"><\/h3>\n<h3 style=\"text-align: justify;\"><\/h3>\n<h3 style=\"text-align: center;\">Partie 3<\/h3>\n<h4 style=\"text-align: center;\">Cliquer pour ouvrir<br \/>\nl&rsquo;enregistrement audio<br \/>\n<a href=\"http:\/\/surmedicalisation.fr\/blog\/WordPress3\/wp-content\/uploads\/2019\/02\/Radio_Libertaire_La_sant\u00e9_dans_tous_ses_\u00e9tats_Fran\u00e7ois_PESTY_21-01-2019_Part3.mp3\" target=\"_blank\" rel=\"noopener\"><img loading=\"lazy\" class=\"aligncenter size-full wp-image-5046\" src=\"http:\/\/surmedicalisation.fr\/blog\/WordPress3\/wp-content\/uploads\/2018\/11\/Fichier_audio_logo_haut-parleur.jpg\" alt=\"\" width=\"120\" height=\"120\" \/><\/a><\/h4>\n<p>&nbsp;<\/p>\n<p><span style=\"color: #ffffff;\">&#8230;<\/span><\/p>\n<h3 style=\"text-align: justify;\">Le prix des nouveaux m\u00e9dicaments en canc\u00e9rologie \u2013 Les rhumatologues ont confisqu\u00e9 la meilleure option th\u00e9rapeutique dans le traitement de fond de la polyarthrite rhumato\u00efde\u00a0: Conflits d\u2019int\u00e9r\u00eats, recommandations biais\u00e9es, occasions manqu\u00e9es de la HAS\u2026 Antiviraux \u00e0 action directe dans l\u2019h\u00e9patite C chronique \u2013 D\u00e9faut de gestion des conflits d\u2019int\u00e9r\u00eats \u00e0 la HAS.<\/h3>\n<h3 style=\"text-align: justify;\"><\/h3>\n<h3 style=\"text-align: justify;\"><\/h3>\n<h3 style=\"text-align: justify;\"><\/h3>\n<h3 style=\"text-align: justify;\">Lien vers Radio Libertaire, 89,4 MHz (<a href=\"https:\/\/www.radio-libertaire.net\/\" target=\"_blank\" rel=\"noopener\">ici<\/a>)<\/h3>\n","protected":false},"excerpt":{"rendered":"<p>&nbsp; Fran\u00e7ois PESTY, invit\u00e9 de l&rsquo;\u00e9mission : \u00ab\u00a0La Sant\u00e9 dans tous ses \u00e9tats\u00a0\u00bb sur Radio Libertaire. \u00c9mission anim\u00e9e par Mohamed EL KHEBIR et G\u00e9rard LAMBERT Enregistr\u00e9e le 29 novembre 2018 Diffus\u00e9e le Lundi 21 janvier 2019 Partie 1 Cliquer pour &hellip; <a href=\"https:\/\/surmedicalisation.fr\/?page_id=5554\">Continuer la lecture <span class=\"meta-nav\">&rarr;<\/span><\/a><\/p>\n","protected":false},"author":1,"featured_media":0,"parent":2907,"menu_order":5,"comment_status":"closed","ping_status":"closed","template":"","meta":[],"_links":{"self":[{"href":"https:\/\/surmedicalisation.fr\/index.php?rest_route=\/wp\/v2\/pages\/5554"}],"collection":[{"href":"https:\/\/surmedicalisation.fr\/index.php?rest_route=\/wp\/v2\/pages"}],"about":[{"href":"https:\/\/surmedicalisation.fr\/index.php?rest_route=\/wp\/v2\/types\/page"}],"author":[{"embeddable":true,"href":"https:\/\/surmedicalisation.fr\/index.php?rest_route=\/wp\/v2\/users\/1"}],"replies":[{"embeddable":true,"href":"https:\/\/surmedicalisation.fr\/index.php?rest_route=%2Fwp%2Fv2%2Fcomments&post=5554"}],"version-history":[{"count":12,"href":"https:\/\/surmedicalisation.fr\/index.php?rest_route=\/wp\/v2\/pages\/5554\/revisions"}],"predecessor-version":[{"id":5570,"href":"https:\/\/surmedicalisation.fr\/index.php?rest_route=\/wp\/v2\/pages\/5554\/revisions\/5570"}],"up":[{"embeddable":true,"href":"https:\/\/surmedicalisation.fr\/index.php?rest_route=\/wp\/v2\/pages\/2907"}],"wp:attachment":[{"href":"https:\/\/surmedicalisation.fr\/index.php?rest_route=%2Fwp%2Fv2%2Fmedia&parent=5554"}],"curies":[{"name":"wp","href":"https:\/\/api.w.org\/{rel}","templated":true}]}}