{"id":5571,"date":"2019-02-13T19:37:46","date_gmt":"2019-02-13T18:37:46","guid":{"rendered":"http:\/\/surmedicalisation.fr\/?page_id=5571"},"modified":"2020-03-04T19:16:49","modified_gmt":"2020-03-04T18:16:49","slug":"8eme-colloque-24-25-mai-2019-attention-changement-de-dates","status":"publish","type":"page","link":"https:\/\/surmedicalisation.fr\/?page_id=5571","title":{"rendered":"8\u00e8me colloque &#8211; 29 &#038; 30 novembre 2019"},"content":{"rendered":"<h2>Save the dates, retenez les dates du 8\u00e8me colloque de Bobigny :<\/h2>\n<p>&nbsp;<\/p>\n<h1>Vendredi 29 novembre 2019 (toute la journ\u00e9e)<\/h1>\n<h1>et<\/h1>\n<h1>Samedi 30 novembre 2019 (matin\u00e9e)<\/h1>\n","protected":false},"excerpt":{"rendered":"<p>Save the dates, retenez les dates du 8\u00e8me colloque de Bobigny : &nbsp; Vendredi 29 novembre 2019 (toute la journ\u00e9e) et Samedi 30 novembre 2019 (matin\u00e9e)<\/p>\n","protected":false},"author":1,"featured_media":0,"parent":103,"menu_order":8,"comment_status":"closed","ping_status":"closed","template":"","meta":[],"_links":{"self":[{"href":"https:\/\/surmedicalisation.fr\/index.php?rest_route=\/wp\/v2\/pages\/5571"}],"collection":[{"href":"https:\/\/surmedicalisation.fr\/index.php?rest_route=\/wp\/v2\/pages"}],"about":[{"href":"https:\/\/surmedicalisation.fr\/index.php?rest_route=\/wp\/v2\/types\/page"}],"author":[{"embeddable":true,"href":"https:\/\/surmedicalisation.fr\/index.php?rest_route=\/wp\/v2\/users\/1"}],"replies":[{"embeddable":true,"href":"https:\/\/surmedicalisation.fr\/index.php?rest_route=%2Fwp%2Fv2%2Fcomments&post=5571"}],"version-history":[{"count":4,"href":"https:\/\/surmedicalisation.fr\/index.php?rest_route=\/wp\/v2\/pages\/5571\/revisions"}],"predecessor-version":[{"id":5704,"href":"https:\/\/surmedicalisation.fr\/index.php?rest_route=\/wp\/v2\/pages\/5571\/revisions\/5704"}],"up":[{"embeddable":true,"href":"https:\/\/surmedicalisation.fr\/index.php?rest_route=\/wp\/v2\/pages\/103"}],"wp:attachment":[{"href":"https:\/\/surmedicalisation.fr\/index.php?rest_route=%2Fwp%2Fv2%2Fmedia&parent=5571"}],"curies":[{"name":"wp","href":"https:\/\/api.w.org\/{rel}","templated":true}]}}