{"id":5573,"date":"2019-02-13T19:25:38","date_gmt":"2019-02-13T18:25:38","guid":{"rendered":"http:\/\/surmedicalisation.fr\/?page_id=5573"},"modified":"2020-03-07T18:11:37","modified_gmt":"2020-03-07T17:11:37","slug":"1er-appel-a-contribution-15-02-2019","status":"publish","type":"page","link":"https:\/\/surmedicalisation.fr\/?page_id=5573","title":{"rendered":"1er appel \u00e0 contribution &#8211; 15\/02\/2019"},"content":{"rendered":"<p><script>\n  (function(i,s,o,g,r,a,m){i['GoogleAnalyticsObject']=r;i[r]=i[r]||function(){\n  (i[r].q=i[r].q||[]).push(arguments)},i[r].l=1*new Date();a=s.createElement(o),\n  m=s.getElementsByTagName(o)[0];a.async=1;a.src=g;m.parentNode.insertBefore(a,m)\n  })(window,document,'script','https:\/\/www.google-analytics.com\/analytics.js','ga');<\/p>\n<p>  ga('create', 'UA-40453293-1', 'auto');\n  ga('send', 'pageview');<\/p>\n<p><\/script><\/p>\n<p style=\"text-align: center;\">15\/02\/2019<\/p>\n<p style=\"text-align: center;\">A VOS AGENDAS POUR LES <strong>24 &amp; 25 MAI 2019<\/strong><br \/>\n<span style=\"color: #ff0000;\">(Attention : <strong>Changement de dates !<\/strong>)<\/span><\/p>\n<p style=\"text-align: center;\"><strong>PREMI\u00c8RE ANNONCE ET APPEL \u00c1 COMMUNICATIONS<\/strong><\/p>\n<p style=\"text-align: center;\">Le groupe Princeps, la Facult\u00e9 de M\u00e9decine de Bobigny, la Soci\u00e9t\u00e9 de Formation Th\u00e9rapeutique du G\u00e9n\u00e9raliste (SFTG) et l\u2019association Civic Sant\u00e9 ont le plaisir de vous inviter au<\/p>\n<h2 style=\"text-align: justify;\"><strong>8\u00b0 Colloque de Bobigny : \u00ab Sur- et sous-m\u00e9dicalisation, surdiagnostics et surtraitements \u00bb<\/strong><\/h2>\n<p>&nbsp;<\/p>\n<h1 style=\"text-align: center;\"><strong>\u00ab L\u2019int\u00e9r\u00eat public face \u00e0 l\u2019extension du domaine du pathologique \u00bb<\/strong><\/h1>\n<table style=\"border-style: solid; border-color: #000000;\">\n<tbody>\n<tr>\n<td style=\"width: 589.767px; border-style: solid; border-color: #000000;\">\n<h4 style=\"text-align: justify;\">Nous prenons le parti d\u2019examiner cette th\u00e9matique sous l\u2019angle de l\u2019int\u00e9r\u00eat public ou g\u00e9n\u00e9ral, celui-ci compris comme le compromis le plus progressiste, pour la soci\u00e9t\u00e9.<\/h4>\n<h4 style=\"text-align: justify;\">Nous partons aussi du constat largement partag\u00e9 d\u2019une spirale de diagnostics, d\u2019actes m\u00e9dicaux, de traitements, inflationniste, co\u00fbteuse sur tous les plans, dangereuse et surtout dommageable pour tous.<\/h4>\n<h4 style=\"text-align: justify;\">Tout aussi pr\u00e9occupant, de nouvelles maladies sont formalis\u00e9es, classifi\u00e9es, envahissant nos corps, nos esprits et nos m\u00e9tiers. G. Canguilhem notait d\u00e9j\u00e0 en 1966 que \u00ab\u00a0le vivant normal est celui qui est conforme \u00e0 des normes d\u00e9termin\u00e9es par des moyennes. Mais devons-nous tenir tout \u00e9cart pour anormal\u00a0?\u00a0\u00bb. Aujourd\u2019hui l\u2019abaissement des normes (cholest\u00e9rol, tension art\u00e9rielle\u2026), de m\u00eame que certains d\u00e9pistages de cancers (sein, prostate\u2026), font entrer dans la cat\u00e9gorie des malades, des parts toujours plus grandes de la population.<\/h4>\n<h4 style=\"text-align: justify;\">Des \u00ab\u00a0maladies\u00a0\u00bb sont invent\u00e9es pour trouver une utilisation \u00e0 certaines mol\u00e9cules (DMS V). La chim\u00e8re de la \u00ab\u00a0m\u00e9decine personnalis\u00e9e\u00a0\u00bb laisse croire au public que chacun sera assur\u00e9 de (et devra\u00a0?) b\u00e9n\u00e9ficier d\u2019un traitement unique\u2026 L\u2019industrie du m\u00e9dicament et de la sant\u00e9 et ses imp\u00e9ratifs financiers p\u00e8se de tout son poids sur nos soci\u00e9t\u00e9s, largement promue par les m\u00e9dias et le mythe de l\u2019innovation.<\/h4>\n<h4 style=\"text-align: justify;\">En 2025 y aura-t-il encore des Fran\u00e7ais et de nombreux autres humains sur la plan\u00e8te, non malades, normaux\u00a0?<\/h4>\n<h4 style=\"text-align: justify;\"><strong>Le domaine de la pathologie, voire de la pathologisation, est-il toujours scientifiquement fond\u00e9, socialement utile et ma\u00eetrisable\u00a0? Son extension est-elle irr\u00e9sistible\u00a0? <\/strong><\/h4>\n<\/td>\n<\/tr>\n<\/tbody>\n<\/table>\n<p>&nbsp;<\/p>\n<p style=\"text-align: justify;\">Ce colloque se tiendra, sous le patronage du Doyen de la Facult\u00e9 de M\u00e9decine de Bobigny (UFR SMBH), les <strong>vendredi 24 et samedi 25 mai 2019<\/strong>, Facult\u00e9 de m\u00e9decine de Bobigny (entr\u00e9e avenue de la Convention)<\/p>\n<p>&nbsp;<\/p>\n<p>&nbsp;<\/p>\n<p>&nbsp;<\/p>\n<p><strong>APPEL A COMMUNICATIONS<\/strong><\/p>\n<p style=\"text-align: justify;\">Les communications devront \u00eatre <em><u>soumises avant le 15 avril 2019<\/u><\/em> par voie \u00e9lectronique \u00e0 <a href=\"mailto:colloque_bobigny_2019@surmedicalisation.fr\">colloque_bobigny_2019@surmedicalisation.fr<\/a> <strong>Toutes les communications s\u00e9lectionn\u00e9es pourront \u00eatre affich\u00e9es<\/strong>. Taille des posters : 110 cm large, 160 cm haut.<\/p>\n<p style=\"text-align: justify;\">Le comit\u00e9 d\u2019organisation s\u00e9lectionnera de plus, deux (ou au maximum trois) communications qui seront pr\u00e9sent\u00e9es en 10 minutes par oral au d\u00e9but de chacun des ateliers. Ces communications orales devront traiter les th\u00e9matiques abord\u00e9es lors des ateliers. Les communications affich\u00e9es, et le cas \u00e9ch\u00e9ant une s\u00e9ance de communications libres, quant \u00e0 elles, pourront embrasser l\u2019ensemble du champ immense de la sur- et sous-m\u00e9dicalisation, des surdiagnostics et surtraitements\u2026<\/p>\n<p style=\"text-align: justify;\">N&rsquo;h\u00e9sitez-pas \u00e0 diffuser \u00e0 vos r\u00e9seaux ou connaissances cette invitation et appel \u00e0 contribution<\/p>\n<p>Le groupe Princeps<\/p>\n<p style=\"text-align: justify;\">Nota : Les actes des \u00e9ditions <a href=\"http:\/\/surmedicalisation.fr\/?page_id=120\" target=\"_blank\" rel=\"noopener noreferrer\">2012<\/a>, <a href=\"http:\/\/surmedicalisation.fr\/?page_id=285\" target=\"_blank\" rel=\"noopener noreferrer\">2013<\/a>, <a href=\"http:\/\/surmedicalisation.fr\/?page_id=2958\" target=\"_blank\" rel=\"noopener noreferrer\">2014<\/a>, <a href=\"http:\/\/surmedicalisation.fr\/?page_id=3782\" target=\"_blank\" rel=\"noopener noreferrer\">2015<\/a>, <a href=\"http:\/\/surmedicalisation.fr\/?page_id=4094\">2016<\/a>,\u00a0<a href=\"http:\/\/surmedicalisation.fr\/?page_id=4525\" target=\"_blank\" rel=\"noopener noreferrer\">2017<\/a> et <a href=\"http:\/\/surmedicalisation.fr\/?page_id=5028\" target=\"_blank\" rel=\"noopener noreferrer\">2018<\/a> du Colloque sont tous accessibles en suivant le lien : <a href=\"http:\/\/surmedicalisation.fr\/?page_id=103\" target=\"_blank\" rel=\"noopener noreferrer\">ici<\/a>. La rencontre organis\u00e9e le 12 janvier 2016 par le groupe Princeps et la SFTG sur le \u00ab D\u00e9pistage organis\u00e9 des cancers du sein \u00bb est accessible <a href=\"http:\/\/surmedicalisation.fr\/?page_id=3714\" target=\"_blank\" rel=\"noopener noreferrer\">ici<\/a> et la rencontre du 16 octobre 2016 \u00ab Le prix, le co\u00fbt et la valeur des m\u00e9dicaments \u00bb <a href=\"http:\/\/surmedicalisation.fr\/?page_id=4444\" target=\"_blank\" rel=\"noopener noreferrer\">ici<\/a>.<\/p>\n<p>&nbsp;<\/p>\n","protected":false},"excerpt":{"rendered":"<p>15\/02\/2019 A VOS AGENDAS POUR LES 24 &amp; 25 MAI 2019 (Attention : Changement de dates !) PREMI\u00c8RE ANNONCE ET APPEL \u00c1 COMMUNICATIONS Le groupe Princeps, la Facult\u00e9 de M\u00e9decine de Bobigny, la Soci\u00e9t\u00e9 de Formation Th\u00e9rapeutique du G\u00e9n\u00e9raliste (SFTG) &hellip; <a href=\"https:\/\/surmedicalisation.fr\/?page_id=5573\">Continuer la lecture <span class=\"meta-nav\">&rarr;<\/span><\/a><\/p>\n","protected":false},"author":1,"featured_media":0,"parent":5571,"menu_order":7,"comment_status":"closed","ping_status":"closed","template":"","meta":[],"_links":{"self":[{"href":"https:\/\/surmedicalisation.fr\/index.php?rest_route=\/wp\/v2\/pages\/5573"}],"collection":[{"href":"https:\/\/surmedicalisation.fr\/index.php?rest_route=\/wp\/v2\/pages"}],"about":[{"href":"https:\/\/surmedicalisation.fr\/index.php?rest_route=\/wp\/v2\/types\/page"}],"author":[{"embeddable":true,"href":"https:\/\/surmedicalisation.fr\/index.php?rest_route=\/wp\/v2\/users\/1"}],"replies":[{"embeddable":true,"href":"https:\/\/surmedicalisation.fr\/index.php?rest_route=%2Fwp%2Fv2%2Fcomments&post=5573"}],"version-history":[{"count":9,"href":"https:\/\/surmedicalisation.fr\/index.php?rest_route=\/wp\/v2\/pages\/5573\/revisions"}],"predecessor-version":[{"id":5605,"href":"https:\/\/surmedicalisation.fr\/index.php?rest_route=\/wp\/v2\/pages\/5573\/revisions\/5605"}],"up":[{"embeddable":true,"href":"https:\/\/surmedicalisation.fr\/index.php?rest_route=\/wp\/v2\/pages\/5571"}],"wp:attachment":[{"href":"https:\/\/surmedicalisation.fr\/index.php?rest_route=%2Fwp%2Fv2%2Fmedia&parent=5573"}],"curies":[{"name":"wp","href":"https:\/\/api.w.org\/{rel}","templated":true}]}}