{"id":5603,"date":"2019-03-31T18:40:04","date_gmt":"2019-03-31T16:40:04","guid":{"rendered":"http:\/\/surmedicalisation.fr\/?page_id=5603"},"modified":"2020-03-07T18:10:36","modified_gmt":"2020-03-07T17:10:36","slug":"2eme-appel-a-contribution-01-04-2019","status":"publish","type":"page","link":"https:\/\/surmedicalisation.fr\/?page_id=5603","title":{"rendered":"2\u00e8me appel \u00e0 contribution &#8211; 01\/04\/2019"},"content":{"rendered":"<p><script>\n  (function(i,s,o,g,r,a,m){i['GoogleAnalyticsObject']=r;i[r]=i[r]||function(){\n  (i[r].q=i[r].q||[]).push(arguments)},i[r].l=1*new Date();a=s.createElement(o),\n  m=s.getElementsByTagName(o)[0];a.async=1;a.src=g;m.parentNode.insertBefore(a,m)\n  })(window,document,'script','https:\/\/www.google-analytics.com\/analytics.js','ga');<\/p>\n<p>  ga('create', 'UA-40453293-1', 'auto');\n  ga('send', 'pageview');<\/p>\n<p><\/script><\/p>\n<p style=\"text-align: center;\">01\/04\/2019<\/p>\n<p style=\"text-align: center;\">\u00a0COLLOQUE 2019 DE BOBIGNY DES <strong>24 &amp; 25 MAI 2019<\/strong><\/p>\n<p style=\"text-align: center;\"><strong>DEUXI\u00c8ME ANNONCE ET APPEL \u00c1 COMMUNICATIONS<\/strong><\/p>\n<p style=\"text-align: center;\">Le groupe Princeps, la Facult\u00e9 de M\u00e9decine de Bobigny, la Soci\u00e9t\u00e9 de Formation Th\u00e9rapeutique du G\u00e9n\u00e9raliste (SFTG) et l\u2019association Civic Sant\u00e9 ont le plaisir de vous inviter au<\/p>\n<h2 style=\"text-align: justify;\"><strong>8\u00b0 Colloque de Bobigny : \u00ab Sur- et sous-m\u00e9dicalisation, surdiagnostics et surtraitements \u00bb<\/strong><\/h2>\n<p>&nbsp;<\/p>\n<h1 style=\"text-align: center;\"><strong>\u00ab L\u2019int\u00e9r\u00eat public face \u00e0 l\u2019extension du domaine du pathologique \u00bb<\/strong><\/h1>\n<table style=\"border-style: solid; border-color: #000000;\">\n<tbody>\n<tr>\n<td style=\"width: 589.767px; border-style: solid; border-color: #000000;\">\n<h4 style=\"text-align: justify;\">Nous prenons le parti d\u2019examiner cette th\u00e9matique sous l\u2019angle de l\u2019int\u00e9r\u00eat public ou g\u00e9n\u00e9ral, celui-ci compris comme le compromis le plus progressiste, pour la soci\u00e9t\u00e9.<\/h4>\n<h4 style=\"text-align: justify;\">Nous partons aussi du constat largement partag\u00e9 d\u2019une spirale de diagnostics, d\u2019actes m\u00e9dicaux, de traitements, inflationniste, co\u00fbteuse sur tous les plans, dangereuse et surtout dommageable pour tous.<\/h4>\n<h4 style=\"text-align: justify;\">Tout aussi pr\u00e9occupant, de nouvelles maladies sont formalis\u00e9es, classifi\u00e9es, envahissant nos corps, nos esprits et nos m\u00e9tiers. G. Canguilhem notait d\u00e9j\u00e0 en 1966 que \u00ab le vivant normal est celui qui est conforme \u00e0 des normes d\u00e9termin\u00e9es par des moyennes. Mais devons-nous tenir tout \u00e9cart pour anormal ? \u00bb. Aujourd\u2019hui l\u2019abaissement des normes (cholest\u00e9rol, tension art\u00e9rielle\u2026), de m\u00eame que certains d\u00e9pistages de cancers (sein, prostate\u2026), font entrer dans la cat\u00e9gorie des malades, des parts toujours plus grandes de la population.<\/h4>\n<h4 style=\"text-align: justify;\">Des \u00ab maladies \u00bb sont invent\u00e9es pour trouver une utilisation \u00e0 certaines mol\u00e9cules (DMS V). La chim\u00e8re de la \u00ab m\u00e9decine personnalis\u00e9e \u00bb laisse croire au public que chacun sera assur\u00e9 de (et devra ?) b\u00e9n\u00e9ficier d\u2019un traitement unique\u2026 L\u2019industrie du m\u00e9dicament et de la sant\u00e9 et ses imp\u00e9ratifs financiers p\u00e8se de tout son poids sur nos soci\u00e9t\u00e9s, largement promue par les m\u00e9dias et le mythe de l\u2019innovation.<\/h4>\n<h4 style=\"text-align: justify;\">En 2025 y aura-t-il encore des Fran\u00e7ais et de nombreux autres humains sur la plan\u00e8te, non malades, normaux ?<\/h4>\n<h4 style=\"text-align: justify;\"><strong>Le domaine de la pathologie, voire de la pathologisation, est-il toujours scientifiquement fond\u00e9, socialement utile et ma\u00eetrisable ? Son extension est-elle irr\u00e9sistible ? <\/strong><\/h4>\n<\/td>\n<\/tr>\n<\/tbody>\n<\/table>\n<p>&nbsp;<\/p>\n<p style=\"text-align: justify;\">Ce colloque se tiendra, sous le patronage du Doyen de la Facult\u00e9 de M\u00e9decine de Bobigny (UFR SMBH), les <strong>vendredi 24 et samedi 25 mai 2019<\/strong>, Facult\u00e9 de m\u00e9decine de Bobigny (entr\u00e9e avenue de la Convention)<\/p>\n<p><span style=\"font-size: 14pt; color: #000000;\"><strong>PR\u00c9 PROGRAMME<\/strong><\/span><\/p>\n<h4><span style=\"color: #000000; font-size: 14pt;\">Vendredi 24 mai\u00a0:<\/span><\/h4>\n<h4><span style=\"color: #000000; font-size: 14pt;\">\u00a0\u00a0\u00a0\u00a0\u00a0\u00a0\u00a0\u00a0\u00a0\u00a0\u00a0 9h00 : Accueil par la Doyenne de la facult\u00e9 de M\u00e9decine de Bobigny.<\/span><\/h4>\n<h4><span style=\"color: #000000; font-size: 14pt;\">\u00a0\u00a0\u00a0\u00a0\u00a0\u00a0\u00a0\u00a0\u00a0\u00a0\u00a0 Pr\u00e9sentation g\u00e9n\u00e9rale du colloque<\/span><\/h4>\n<h4><span style=\"color: #000000; font-size: 14pt;\">\u00a0\u00a0\u00a0\u00a0\u00a0\u00a0\u00a0\u00a0\u00a0\u00a0\u00a0 9h30 : Conf\u00e9rence de Michel THOMAS : \u00ab La sur-sp\u00e9cialisation des \u00e9tudes et de la pratique m\u00e9dicale comme facteur de l\u2019extension du domaine du pathologique \u00bb.<\/span><\/h4>\n<h4><span style=\"color: #000000; font-size: 14pt;\">\u00a0\u00a0\u00a0\u00a0\u00a0\u00a0\u00a0\u00a0\u00a0\u00a0\u00a0 10h\u00a0: Pause-caf\u00e9<\/span><\/h4>\n<h4><span style=\"color: #000000; font-size: 14pt;\">\u00a0\u00a0\u00a0\u00a0\u00a0\u00a0\u00a0\u00a0\u00a0\u00a0\u00a0 10h20 : Atelier : \u00ab Le mal-\u00eatre et les \u00ab\u00a0maladies soci\u00e9tales\u00a0\u00bb, l&rsquo;extension du domaine de certains diagnostics, facteurs de transformation de sujets normaux en malades \u00bb. Communications sur le sujet, discussion g\u00e9n\u00e9rale.<\/span><\/h4>\n<h4><span style=\"color: #000000; font-size: 14pt;\">\u00a0\u00a0\u00a0\u00a0\u00a0\u00a0\u00a0\u00a0\u00a0\u00a0\u00a0 12h30-13h45 : D\u00e9jeuner offert par l\u2019organisation<\/span><\/h4>\n<h4><span style=\"color: #000000; font-size: 14pt;\">\u00a0\u00a0\u00a0\u00a0\u00a0\u00a0\u00a0\u00a0\u00a0\u00a0\u00a0 13h45-14h30 : Visite comment\u00e9e des posters<\/span><\/h4>\n<h4><span style=\"color: #000000; font-size: 14pt;\">\u00a0\u00a0\u00a0\u00a0\u00a0\u00a0\u00a0\u00a0\u00a0\u00a0\u00a0 14h30 : Conf\u00e9rence du Dr Claudina MICHAL-TEITELBAUM : Comment la l\u00e9gislation r\u00e9gissant la production des m\u00e9dicaments est pass\u00e9e de protectrice des malades \u00e0 protectrice des industriels<\/span><\/h4>\n<h4><span style=\"color: #000000; font-size: 14pt;\">\u00a0\u00a0\u00a0\u00a0\u00a0\u00a0\u00a0\u00a0\u00a0\u00a0\u00a0 15h00-15h15\u00a0: Pause-caf\u00e9<\/span><\/h4>\n<h4><span style=\"color: #000000; font-size: 14pt;\">\u00a0\u00a0\u00a0\u00a0\u00a0\u00a0\u00a0\u00a0\u00a0\u00a0\u00a0 15h15-17h15\u00a0: Atelier\u00a0: \u00ab Quelle responsabilit\u00e9 les industries de sant\u00e9* ont-elles dans l\u2019extension du domaine du pathologique ? \u00bb. Communications sur le sujet et discussion g\u00e9n\u00e9rale.<\/span><\/h4>\n<h4><span style=\"color: #000000; font-size: 14pt;\">(*) Entreprises des m\u00e9dicaments et dispositifs m\u00e9dicaux, fournisseurs des laboratoires d\u2019analyse m\u00e9dicale, \u00e9quipementiers de l\u2019imagerie m\u00e9dicale, \u00e9diteurs de logiciels m\u00e9tiers\u2026),<\/span><\/h4>\n<h4><span style=\"color: #000000; font-size: 14pt;\">\u00a0\u00a0\u00a0\u00a0\u00a0\u00a0\u00a0\u00a0\u00a0\u00a0\u00a0 17h15-18h00 : Conf\u00e9rence de Yann MAZENS (France Assos Sant\u00e9) :<br \/>\n\u00ab L\u2019avis des associations de malades sur les ruptures d\u2019approvisionnement en m\u00e9dicaments \u00bb<br \/>\n<\/span><\/h4>\n<h4><\/h4>\n<h4><span style=\"font-size: 14pt; color: #000000;\">Samedi 25 mai<\/span><\/h4>\n<h4><span style=\"font-size: 14pt; color: #000000;\">\u00a0\u00a0\u00a0\u00a0\u00a0\u00a0\u00a0\u00a0\u00a0\u00a0\u00a0 9h00-9h30 : Conf\u00e9rence de Phillipe LAVILLE (Ligue des Droits de l\u2019Homme) : \u00ab La Ligue des Droits de l\u2019Homme et la sur-, comme la sous- m\u00e9dicalisation \u00bb.<\/span><\/h4>\n<h4><span style=\"font-size: 14pt; color: #000000;\">\u00a0\u00a0\u00a0\u00a0\u00a0\u00a0\u00a0\u00a0\u00a0\u00a0\u00a0 9h30-10h15\u00a0: Communications libres<\/span><\/h4>\n<h4><span style=\"font-size: 14pt; color: #000000;\">\u00a0\u00a0\u00a0\u00a0\u00a0\u00a0\u00a0\u00a0\u00a0\u00a0\u00a0 10h15-10h30 : Pause\u2013caf\u00e9<\/span><\/h4>\n<h4><span style=\"font-size: 14pt; color: #000000;\">\u00a0\u00a0\u00a0\u00a0\u00a0\u00a0\u00a0\u00a0\u00a0\u00a0\u00a0 10h30-12h30\u00a0: Atelier\u00a0: \u00ab\u00a0Les vaccins\u00a0: indispensables et insuffisamment pratiqu\u00e9s, discutables et parfois trop recommand\u00e9s, l\u2019obligation vaccinale\u2026\u00a0\u00bb. Communications sur le th\u00e8me, et discussion g\u00e9n\u00e9rale<\/span><\/h4>\n<h4><span style=\"font-size: 14pt; color: #000000;\">\u00a0\u00a0\u00a0\u00a0\u00a0\u00a0\u00a0\u00a0\u00a0\u00a0\u00a0 12h30-13h00\u00a0: Conclusions g\u00e9n\u00e9rales du colloque.<\/span><\/h4>\n<p>&nbsp;<\/p>\n<p>&nbsp;<\/p>\n<p><strong>APPEL A COMMUNICATIONS<\/strong><\/p>\n<p style=\"text-align: justify;\">Les communications devront \u00eatre <span style=\"color: #000000;\"><strong><em><u>soumises avant le 27 avril 2019<\/u><\/em><\/strong><\/span> par voie \u00e9lectronique \u00e0 <a href=\"mailto:colloque_bobigny_2019@surmedicalisation.fr\">colloque_bobigny_2019@surmedicalisation.fr<\/a> <strong>Toutes les communications s\u00e9lectionn\u00e9es pourront \u00eatre affich\u00e9es<\/strong>. Taille des posters : 110 cm large, 160 cm haut.<\/p>\n<p style=\"text-align: justify;\">Le comit\u00e9 d\u2019organisation s\u00e9lectionnera de plus, deux (ou au maximum trois) communications qui seront pr\u00e9sent\u00e9es en 10 minutes par oral au d\u00e9but de chacun des ateliers. Ces communications orales devront traiter les th\u00e9matiques abord\u00e9es lors des ateliers. Les communications affich\u00e9es, et le cas \u00e9ch\u00e9ant une s\u00e9ance de communications libres, quant \u00e0 elles, pourront embrasser l\u2019ensemble du champ immense de la sur- et sous-m\u00e9dicalisation, des surdiagnostics et surtraitements\u2026<\/p>\n<p>&nbsp;<\/p>\n<p><strong>INSCRIPTIONS<\/strong><\/p>\n<p>Le montant de l\u2019inscription est de <strong>40 euros <\/strong>(20 euros pour les \u00e9tudiants et Internes en M\u00e9decine).<\/p>\n<p>Ces frais d\u2019inscription tr\u00e8s limit\u00e9s, qui comprennent les accueils et pauses caf\u00e9, le repas de midi du vendredi, et l\u2019intendance du colloque, ne sont possibles que gr\u00e2ce aux locaux mis \u00e0 disposition par la Facult\u00e9 de m\u00e9decine de Bobigny, et l\u2019engagement de la SFTG. Cette modeste somme est le prix de notre ind\u00e9pendance.<\/p>\n<p>Les inscriptions doivent \u00eatre adress\u00e9es \u00e0 la <strong>SFTG, 233 bis rue de Tolbiac 75013 Paris<\/strong>, avec la mention \u00ab\u00a0Colloque de Bobigny\u00a0\u00bb. L\u2019inscription en ligne est possible : <a href=\"https:\/\/www.sftg.eu\/formations\/liste-formations\/819-colloque-sur-et-sous-medicalisation-surdiagnostics-surtraitements.html\" target=\"_blank\" rel=\"noopener noreferrer\">ici<\/a>.<strong>\u00a0\u00a0\u00a0\u00a0\u00a0\u00a0\u00a0 <\/strong><\/p>\n<p>Vous pouvez \u00e9galement t\u00e9l\u00e9charger <a href=\"http:\/\/surmedicalisation.fr\/blog\/WordPress3\/wp-content\/uploads\/2019\/03\/bulletin-dinscription-SFTG_Colloque_Bobigny_2019.pdf\" target=\"_blank\" rel=\"noopener noreferrer\">ici<\/a> le <strong>bulletin d\u2019inscription<\/strong>, le remplir et l\u2019adresser \u00e0 la SFTG<\/p>\n<p>&nbsp;<\/p>\n<p style=\"text-align: justify;\">N&rsquo;h\u00e9sitez-pas \u00e0 diffuser \u00e0 vos r\u00e9seaux ou connaissances cette invitation et appel \u00e0 contribution<\/p>\n<p>Le groupe Princeps<\/p>\n<p style=\"text-align: justify;\">Nota : Les actes des \u00e9ditions <a href=\"http:\/\/surmedicalisation.fr\/?page_id=120\" target=\"_blank\" rel=\"noopener noreferrer\">2012<\/a>, <a href=\"http:\/\/surmedicalisation.fr\/?page_id=285\" target=\"_blank\" rel=\"noopener noreferrer\">2013<\/a>, <a href=\"http:\/\/surmedicalisation.fr\/?page_id=2958\" target=\"_blank\" rel=\"noopener noreferrer\">2014<\/a>, <a href=\"http:\/\/surmedicalisation.fr\/?page_id=3782\" target=\"_blank\" rel=\"noopener noreferrer\">2015<\/a>, <a href=\"http:\/\/surmedicalisation.fr\/?page_id=4094\">2016<\/a>, <a href=\"http:\/\/surmedicalisation.fr\/?page_id=4525\" target=\"_blank\" rel=\"noopener noreferrer\">2017<\/a> et <a href=\"http:\/\/surmedicalisation.fr\/?page_id=5028\" target=\"_blank\" rel=\"noopener noreferrer\">2018<\/a> du Colloque sont tous accessibles en suivant le lien : <a href=\"http:\/\/surmedicalisation.fr\/?page_id=103\" target=\"_blank\" rel=\"noopener noreferrer\">ici<\/a>. La rencontre organis\u00e9e le 12 janvier 2016 par le groupe Princeps et la SFTG sur le \u00ab D\u00e9pistage organis\u00e9 des cancers du sein \u00bb est accessible <a href=\"http:\/\/surmedicalisation.fr\/?page_id=3714\" target=\"_blank\" rel=\"noopener noreferrer\">ici<\/a> et la rencontre du 16 octobre 2016 \u00ab Le prix, le co\u00fbt et la valeur des m\u00e9dicaments \u00bb <a href=\"http:\/\/surmedicalisation.fr\/?page_id=4444\" target=\"_blank\" rel=\"noopener noreferrer\">ici<\/a>.<\/p>\n<p>&nbsp;<\/p>\n","protected":false},"excerpt":{"rendered":"<p>01\/04\/2019 \u00a0COLLOQUE 2019 DE BOBIGNY DES 24 &amp; 25 MAI 2019 DEUXI\u00c8ME ANNONCE ET APPEL \u00c1 COMMUNICATIONS Le groupe Princeps, la Facult\u00e9 de M\u00e9decine de Bobigny, la Soci\u00e9t\u00e9 de Formation Th\u00e9rapeutique du G\u00e9n\u00e9raliste (SFTG) et l\u2019association Civic Sant\u00e9 ont le &hellip; <a href=\"https:\/\/surmedicalisation.fr\/?page_id=5603\">Continuer la lecture <span class=\"meta-nav\">&rarr;<\/span><\/a><\/p>\n","protected":false},"author":1,"featured_media":0,"parent":5571,"menu_order":6,"comment_status":"closed","ping_status":"closed","template":"","meta":[],"_links":{"self":[{"href":"https:\/\/surmedicalisation.fr\/index.php?rest_route=\/wp\/v2\/pages\/5603"}],"collection":[{"href":"https:\/\/surmedicalisation.fr\/index.php?rest_route=\/wp\/v2\/pages"}],"about":[{"href":"https:\/\/surmedicalisation.fr\/index.php?rest_route=\/wp\/v2\/types\/page"}],"author":[{"embeddable":true,"href":"https:\/\/surmedicalisation.fr\/index.php?rest_route=\/wp\/v2\/users\/1"}],"replies":[{"embeddable":true,"href":"https:\/\/surmedicalisation.fr\/index.php?rest_route=%2Fwp%2Fv2%2Fcomments&post=5603"}],"version-history":[{"count":15,"href":"https:\/\/surmedicalisation.fr\/index.php?rest_route=\/wp\/v2\/pages\/5603\/revisions"}],"predecessor-version":[{"id":5623,"href":"https:\/\/surmedicalisation.fr\/index.php?rest_route=\/wp\/v2\/pages\/5603\/revisions\/5623"}],"up":[{"embeddable":true,"href":"https:\/\/surmedicalisation.fr\/index.php?rest_route=\/wp\/v2\/pages\/5571"}],"wp:attachment":[{"href":"https:\/\/surmedicalisation.fr\/index.php?rest_route=%2Fwp%2Fv2%2Fmedia&parent=5603"}],"curies":[{"name":"wp","href":"https:\/\/api.w.org\/{rel}","templated":true}]}}