{"id":83,"date":"2012-12-29T00:55:58","date_gmt":"2012-12-28T23:55:58","guid":{"rendered":"http:\/\/surmedicalisation.fr\/?page_id=83"},"modified":"2015-01-02T12:35:32","modified_gmt":"2015-01-02T11:35:32","slug":"le-groupe-dinitiative-princeps","status":"publish","type":"page","link":"https:\/\/surmedicalisation.fr\/?page_id=83","title":{"rendered":"Le groupe d&rsquo;initiative \u00ab\u00a0Princeps\u00a0\u00bb"},"content":{"rendered":"<p><script type=\"text\/javascript\">\/\/ <![CDATA[\n(function(i,s,o,g,r,a,m){i['GoogleAnalyticsObject']=r;i[r]=i[r]||function(){   (i[r].q=i[r].q||[]).push(arguments)},i[r].l=1*new Date();a=s.createElement(o),   m=s.getElementsByTagName(o)[0];a.async=1;a.src=g;m.parentNode.insertBefore(a,m)   })(window,document,'script','\/\/www.google-analytics.com\/analytics.js','ga');   ga('create', 'UA-40453293-1', 'surmedicalisation.fr');   ga('send', 'pageview');\n\/\/ ]]><\/script><\/p>\n<p>&nbsp;<\/p>\n<h4><span style=\"color: #000000;\"><b><i>Il est constitu\u00e9 de\u00a0:<br \/>\n<\/i><\/b><\/span><\/h4>\n<h4><span style=\"color: #000000;\"><b>&#8211; Dr Jean-Claude SALOMON, M\u00e9decin, ancien chercheur en immunologie du Cancer\u00a0; <\/b><\/span><\/h4>\n<h4><span style=\"color: #000000;\"><b>&#8211; Pr Michel THOMAS, M\u00e9decin interniste, ancien chef de service\u00a0; <\/b><\/span><\/h4>\n<h4><span style=\"color: #000000;\"><b>&#8211; Dr Omar BRIXI, M\u00e9decin de Sant\u00e9 Publique, Consultant\u00a0; <\/b><\/span><\/h4>\n<h4><span style=\"color: #000000;\"><b>&#8211; Dr Fran\u00e7ois PESTY, Pharmacien et consultant, <\/b><\/span><\/h4>\n<h4><span style=\"color: #000000;\"><b>&#8211; Dr Alain SIARY, M\u00e9decin g\u00e9n\u00e9raliste et enseignant en M\u00e9decine G\u00e9n\u00e9rale, repr\u00e9sentant la SFTG, Soci\u00e9t\u00e9 de Formation Th\u00e9rapeutique du G\u00e9n\u00e9raliste\u00a0; <\/b><\/span><\/h4>\n<h4><span style=\"color: #000000;\"><b>&#8211; Dr Michel DOR\u00c9, M\u00e9decin et Directeur du d\u00e9partement de M\u00e9decine G\u00e9n\u00e9rale, repr\u00e9sentant la Facult\u00e9 de M\u00e9decine de Bobigny,<\/b><\/span><\/h4>\n<h4><span style=\"color: #000000;\"><b>&#8211; Mme Florence AMROUCHE, Mandataire Judiciaire \u00e0 la Protection des Majeurs (<em>Protection des personnes vuln\u00e9rables),<\/em> qui a int\u00e9gr\u00e9 le groupe PRINCEPS en septembre 2013.<\/b><\/span><\/h4>\n","protected":false},"excerpt":{"rendered":"<p>&nbsp; Il est constitu\u00e9 de\u00a0: &#8211; Dr Jean-Claude SALOMON, M\u00e9decin, ancien chercheur en immunologie du Cancer\u00a0; &#8211; Pr Michel THOMAS, M\u00e9decin interniste, ancien chef de service\u00a0; &#8211; Dr Omar BRIXI, M\u00e9decin de Sant\u00e9 Publique, Consultant\u00a0; &#8211; Dr Fran\u00e7ois PESTY, Pharmacien &hellip; <a href=\"https:\/\/surmedicalisation.fr\/?page_id=83\">Continuer la lecture <span class=\"meta-nav\">&rarr;<\/span><\/a><\/p>\n","protected":false},"author":1,"featured_media":0,"parent":79,"menu_order":2,"comment_status":"open","ping_status":"open","template":"","meta":[],"_links":{"self":[{"href":"https:\/\/surmedicalisation.fr\/index.php?rest_route=\/wp\/v2\/pages\/83"}],"collection":[{"href":"https:\/\/surmedicalisation.fr\/index.php?rest_route=\/wp\/v2\/pages"}],"about":[{"href":"https:\/\/surmedicalisation.fr\/index.php?rest_route=\/wp\/v2\/types\/page"}],"author":[{"embeddable":true,"href":"https:\/\/surmedicalisation.fr\/index.php?rest_route=\/wp\/v2\/users\/1"}],"replies":[{"embeddable":true,"href":"https:\/\/surmedicalisation.fr\/index.php?rest_route=%2Fwp%2Fv2%2Fcomments&post=83"}],"version-history":[{"count":17,"href":"https:\/\/surmedicalisation.fr\/index.php?rest_route=\/wp\/v2\/pages\/83\/revisions"}],"predecessor-version":[{"id":3641,"href":"https:\/\/surmedicalisation.fr\/index.php?rest_route=\/wp\/v2\/pages\/83\/revisions\/3641"}],"up":[{"embeddable":true,"href":"https:\/\/surmedicalisation.fr\/index.php?rest_route=\/wp\/v2\/pages\/79"}],"wp:attachment":[{"href":"https:\/\/surmedicalisation.fr\/index.php?rest_route=%2Fwp%2Fv2%2Fmedia&parent=83"}],"curies":[{"name":"wp","href":"https:\/\/api.w.org\/{rel}","templated":true}]}}