{"id":88,"date":"2012-12-29T01:03:01","date_gmt":"2012-12-29T00:03:01","guid":{"rendered":"http:\/\/surmedicalisation.fr\/?page_id=88"},"modified":"2013-09-10T23:04:15","modified_gmt":"2013-09-10T21:04:15","slug":"presentation-du-blog","status":"publish","type":"page","link":"https:\/\/surmedicalisation.fr\/?page_id=88","title":{"rendered":"Le Blog"},"content":{"rendered":"<p><script type=\"text\/javascript\">\/\/ <![CDATA[\n  (function(i,s,o,g,r,a,m){i['GoogleAnalyticsObject']=r;i[r]=i[r]||function(){\n  (i[r].q=i[r].q||[]).push(arguments)},i[r].l=1*new Date();a=s.createElement(o),\n  m=s.getElementsByTagName(o)[0];a.async=1;a.src=g;m.parentNode.insertBefore(a,m)\n  })(window,document,'script','\/\/www.google-analytics.com\/analytics.js','ga');\n\n  ga('create', 'UA-40453293-1', 'surmedicalisation.fr');\n  ga('send', 'pageview');\n\/\/ ]]><\/script><\/p>\n<p>Ce blog a pour objectif d&rsquo;apporter au plus grand nombre l&rsquo;information la plus compl\u00e8te et la plus incisive possible sur les m\u00e9canismes occultes du monde de la sant\u00e9. En effet, sous couvert de l&rsquo;int\u00e9r\u00eat des patients, et aussi de plus en plus des bien-portants, sont mises en oeuvre des m\u00e9thodes diagnostiques, des traitements m\u00e9dicaux et chirurgicaux, en r\u00e9ponse \u00e0 des demandes de soins mais aussi \u00e0 l&rsquo;issue de programmes de d\u00e9pistage, sans que leurs b\u00e9n\u00e9fices soient solidement \u00e9tablis, et souvent sans que leurs risques aient fait l&rsquo;objet d&rsquo;une \u00e9valuation ni d&rsquo;une information compl\u00e8tes.<\/p>\n<p>Si beaucoup d&rsquo;acteurs du syst\u00e8me agissent avec sinc\u00e9rit\u00e9 et parfois na\u00efvet\u00e9 selon des r\u00e8gles \u00e9tablies parfois depuis des d\u00e9cennies et d&rsquo;autant plus difficiles \u00e0 modifier- coexistence de deux secteurs d&rsquo;hospitalisation, public et priv\u00e9 de logiques diff\u00e9rentes, paiement \u00e0 l&rsquo;acte, libert\u00e9 de prescription et d&rsquo;installation- certains en exploitent les faiblesses \u00e0 la faveur d&rsquo;une opacit\u00e9 largement partag\u00e9e malgr\u00e9 une pression sociale croissante.<\/p>\n<p>C&rsquo;est bien s\u00fbr l&rsquo;argent presque toujours, l&rsquo;illusion du pouvoir et d&rsquo;une renomm\u00e9e m\u00e9diatiques quelquefois, qui sont les leviers de toute une \u00e9conomie reposant sur la tromperie et la falsification des essais cliniques, la corruption des experts et les conflits d&rsquo;int\u00e9r\u00eat. Le laxisme des agences du m\u00e9dicament et des autorit\u00e9s sanitaires en g\u00e9n\u00e9ral, leur r\u00e9ticence \u00e0 reconna\u00eetre leurs erreurs pass\u00e9es et \u00e0 en corriger les cons\u00e9quences, font le reste. C&rsquo;est le domaine du m\u00e9dicament qui est le premier concern\u00e9 car il repr\u00e9sente un march\u00e9 consid\u00e9rable pour une industrie qui, faute d&rsquo;innovation recourt \u00e0 l&rsquo;invention de maladies (\u00ab\u00a0nous avons le m\u00e9dicament, il faut trouver une maladie\u00a0\u00bb) dont des techniques de marketing douteuses assurent la promotion.<\/p>\n<p>Le champ des d\u00e9pistages et des pratiques cliniques, tr\u00e8s g\u00e9n\u00e9ralement exclu des \u00e9tudes contr\u00f4l\u00e9es, proc\u00e8de de manipulations de l&rsquo;opinion et de l&rsquo;opinion m\u00e9dicale que souvent rien ne vient remettre en cause. Ce n&rsquo;est qu&rsquo;assez r\u00e9cemment, en France, que le d\u00e9pistage du cancer du sein a vu son int\u00e9r\u00eat contest\u00e9, ce qui a permis d&rsquo;avancer sur la n\u00e9cessit\u00e9 d&rsquo;informer les femmes, et que le d\u00e9pistage organis\u00e9 du cancer de la prostate a pu \u00eatre \u00e9vit\u00e9. Pour autant, de nombreuses pratiques, diagnostiques ou \u00e0 vis\u00e9e th\u00e9rapeutique, prosp\u00e8rent en routine, sans efficacit\u00e9 prouv\u00e9e, et parfois m\u00eame malgr\u00e9 des preuves d&rsquo;inefficacit\u00e9. Ainsi en est-il par exemple de la chirurgie de la lombalgie et du \u00ab\u00a0lavage articulaire\u00a0\u00bb du genou pour arthrose. Le risque est ici moins s\u00e9riel, et, sauf \u00e9pisode de type clinique du sport, la curiosit\u00e9 des m\u00e9dias ne sera pas stimul\u00e9e par des mauvais r\u00e9sultats qui ne sont que cliniques, lombalgies et douleurs radiculaires rebelles. La douleur, pour rien, et la d\u00e9pense, pour rien aussi, n&rsquo;en demeurent pas moins.<\/p>\n<p>Peu nombreux sont ceux qui r\u00e9sistent, cherchent et d\u00e9noncent, et parviennent \u00e0 se faire entendre, dans la presse, la presse m\u00e9dicale, les congr\u00e8s, colloques et s\u00e9minaires. Une voix de plus ne sera pas de trop.<\/p>\n<p>&nbsp;<\/p>\n","protected":false},"excerpt":{"rendered":"<p>Ce blog a pour objectif d&rsquo;apporter au plus grand nombre l&rsquo;information la plus compl\u00e8te et la plus incisive possible sur les m\u00e9canismes occultes du monde de la sant\u00e9. En effet, sous couvert de l&rsquo;int\u00e9r\u00eat des patients, et aussi de plus &hellip; <a href=\"https:\/\/surmedicalisation.fr\/?page_id=88\">Continuer la lecture <span class=\"meta-nav\">&rarr;<\/span><\/a><\/p>\n","protected":false},"author":3,"featured_media":0,"parent":79,"menu_order":2,"comment_status":"open","ping_status":"closed","template":"","meta":[],"_links":{"self":[{"href":"https:\/\/surmedicalisation.fr\/index.php?rest_route=\/wp\/v2\/pages\/88"}],"collection":[{"href":"https:\/\/surmedicalisation.fr\/index.php?rest_route=\/wp\/v2\/pages"}],"about":[{"href":"https:\/\/surmedicalisation.fr\/index.php?rest_route=\/wp\/v2\/types\/page"}],"author":[{"embeddable":true,"href":"https:\/\/surmedicalisation.fr\/index.php?rest_route=\/wp\/v2\/users\/3"}],"replies":[{"embeddable":true,"href":"https:\/\/surmedicalisation.fr\/index.php?rest_route=%2Fwp%2Fv2%2Fcomments&post=88"}],"version-history":[{"count":17,"href":"https:\/\/surmedicalisation.fr\/index.php?rest_route=\/wp\/v2\/pages\/88\/revisions"}],"predecessor-version":[{"id":2531,"href":"https:\/\/surmedicalisation.fr\/index.php?rest_route=\/wp\/v2\/pages\/88\/revisions\/2531"}],"up":[{"embeddable":true,"href":"https:\/\/surmedicalisation.fr\/index.php?rest_route=\/wp\/v2\/pages\/79"}],"wp:attachment":[{"href":"https:\/\/surmedicalisation.fr\/index.php?rest_route=%2Fwp%2Fv2%2Fmedia&parent=88"}],"curies":[{"name":"wp","href":"https:\/\/api.w.org\/{rel}","templated":true}]}}