{"id":90,"date":"2012-12-29T16:20:34","date_gmt":"2012-12-29T15:20:34","guid":{"rendered":"http:\/\/surmedicalisation.fr\/?page_id=90"},"modified":"2015-01-02T12:32:51","modified_gmt":"2015-01-02T11:32:51","slug":"charte-princeps","status":"publish","type":"page","link":"https:\/\/surmedicalisation.fr\/?page_id=90","title":{"rendered":"Charte \u00ab\u00a0Princeps\u00a0\u00bb"},"content":{"rendered":"<p><script>\/\/ <![CDATA[\n  (function(i,s,o,g,r,a,m){i['GoogleAnalyticsObject']=r;i[r]=i[r]||function(){\n  (i[r].q=i[r].q||[]).push(arguments)},i[r].l=1*new Date();a=s.createElement(o),\n  m=s.getElementsByTagName(o)[0];a.async=1;a.src=g;m.parentNode.insertBefore(a,m)\n  })(window,document,'script','\/\/www.google-analytics.com\/analytics.js','ga');\n\n  ga('create', 'UA-40453293-1', 'surmedicalisation.fr');\n  ga('send', 'pageview');\n\/\/ ]]><\/script><\/p>\n<p><b>Charte du R\u00e9seau Princeps, <\/b>Version 28 02 2013<\/p>\n<p style=\"text-align: justify;\">Les membres, qui souscrivent aux termes de cette charte, expriment leur volont\u00e9 de mettre en commun, \u00e9changer, d\u00e9battre et partager des valeurs, des id\u00e9es, des propositions et des actions dans le champ de la sant\u00e9 publique.<\/p>\n<p style=\"text-align: justify;\">Cette volont\u00e9 de converger, en France et ailleurs, est nourrie par l\u2019exp\u00e9rience professionnelle des uns et des autres, l\u2019exp\u00e9rience sociale \u00e0 laquelle ils sont sensibles et parties prenantes, ainsi qu\u2019\u00e0 partir de travaux scientifiques, ceux des professionnels investis au fil du temps, comme les leurs.<\/p>\n<p style=\"text-align: justify;\"><strong>Cette initiative, une de plus, une parmi d\u2019autres, s\u2019est construite autour de l\u2019objectif de promouvoir les m\u00e9dicaments les plus utiles et de contribuer \u00e0 faire reculer les produits inutiles, dangereux et co\u00fbteux.<\/strong> Cette distinction s\u2019est impos\u00e9e \u00e0 certains \u00e0 partir de leurs pratiques, des t\u00e9moignages de personnes concern\u00e9es ou vigilantes et \u00e0 des publications et revues ind\u00e9pendantes, \u00e0 contre courant des id\u00e9es et normes dominantes.<b><br \/>\n<\/b><\/p>\n<p style=\"text-align: justify;\"><strong>La multiplication des scandales<\/strong> dont le plus embl\u00e9matique et le plus r\u00e9cent est<strong> celui du m\u00e9diator<\/strong>, a r\u00e9v\u00e9l\u00e9 \u00e0 un plus grand nombre les logiques mercantiles qui ont envahi toutes les sph\u00e8res, y compris la sph\u00e8re des soins et de la sant\u00e9. <strong>Le scandale du m\u00e9diator<\/strong>, <span style=\"text-decoration: underline;\">qui n\u2019est ni fini ni le seul, a en particulier, r\u00e9v\u00e9l\u00e9 la dimension de d\u00e9pendance et de corruptions d\u2019une grande partie de l\u2019expertise scientifique et de collusion de nombreuses instances publiques, vis-\u00e0-vis d\u2019int\u00e9r\u00eats priv\u00e9s, \u00e9troits et cupides<\/span>.<\/p>\n<p style=\"text-align: justify;\"><strong>L\u2019opinion puis les institutions, y compris malgr\u00e9 elles, ont \u00e9t\u00e9 interpell\u00e9s et alert\u00e9s.<\/strong><\/p>\n<p style=\"text-align: justify;\">La confiance n\u2019est plus de mise.<\/p>\n<p style=\"text-align: justify;\"><strong>La crise apparait comme de plus en plus structurelle et durable. Car les dommages port\u00e9s \u00e0 la sant\u00e9 humaine, \u00e0 nos diff\u00e9rents environnements et aux syst\u00e8mes collectifs ne sont pas limit\u00e9s au seul domaine des m\u00e9dicaments.<\/strong><\/p>\n<p style=\"text-align: justify;\">On a \u00e9tendu la sph\u00e8re de la maladie en faisant bouger les bornes de la normalit\u00e9.<\/p>\n<p style=\"text-align: justify;\">On a syst\u00e9matis\u00e9 des solutions m\u00e9dicales l\u00e0 o\u00f9 il fallait plus d\u2019attentions, de soins au sens large ou des r\u00e9ponses autour des d\u00e9terminants sociaux, culturels et \u00e9conomiques.<\/p>\n<p style=\"text-align: justify;\">M\u00eame la pr\u00e9vention, qu\u2019on peut imaginer la plus en amont, aux racines m\u00eames de ce qui g\u00e9n\u00e8re la pathologie \u00e0 partir des risques et des expositions, <strong>dans les in\u00e9gales conditions de vie et de travail<\/strong>, est devenue une affaire de produits, d\u2019appareils, de techniques et de technologies, sinon de proc\u00e9dures et de conseils d\u00e9tourn\u00e9s sinon d\u00e9cal\u00e9s.<b><br \/>\n<\/b><\/p>\n<p style=\"text-align: justify;\"><b>D\u2019o\u00f9 les objectifs sur lesquels nous convergeons, \u00e0 cette date\u00a0: <\/b><\/p>\n<p style=\"text-align: justify;\">&#8211;\u00a0\u00a0\u00a0\u00a0\u00a0\u00a0\u00a0\u00a0 <span style=\"text-decoration: underline;\">travailler les<\/span><span style=\"text-decoration: underline;\"> notions de <strong>surm\u00e9dicalisations<\/strong> en tant qu\u2019expressions du consum\u00e9risme et des ali\u00e9nations de diff\u00e9rentes natures g\u00e9n\u00e9r\u00e9es par le syst\u00e8me lib\u00e9ral<\/span>,<\/p>\n<p style=\"text-align: justify;\">&#8211;\u00a0\u00a0\u00a0\u00a0\u00a0\u00a0\u00a0\u00a0 prendre en compte dans le m\u00eame temps, dans sa version in\u00e9galitaire,<strong> la sous m\u00e9dicalisation<\/strong> dans laquelle se d\u00e9battent de nombreuses soci\u00e9t\u00e9s en d\u00e9veloppement, mais qui gagne aussi du terrain dans nos pays d\u00e9velopp\u00e9s, notamment en cette p\u00e9riode de crises de toutes natures,<\/p>\n<p style=\"text-align: justify;\">&#8211;\u00a0\u00a0\u00a0\u00a0\u00a0\u00a0\u00a0\u00a0 sensibiliser l\u2019opinion publique face \u00e0 <strong>la surconsommation des m\u00e9dicaments,<\/strong> \u00e0 leurs nocivit\u00e9s et leurs cons\u00e9quences graves sur la sant\u00e9 et les syst\u00e8mes de protection sociale solidaire, et <strong>de promouvoir l\u2019acc\u00e8s le plus large \u00e0 une liste de m\u00e9dicaments dits<\/strong> <strong>\u00a0\u00bb essentiels \u00ab\u00a0,<\/strong><strong><br \/>\n<\/strong><\/p>\n<p style=\"text-align: justify;\">&#8211;\u00a0\u00a0\u00a0\u00a0\u00a0\u00a0\u00a0\u00a0 contribuer \u00e0 faciliter l\u2019acc\u00e8s \u00e0 l\u2019information la plus objective possible aux usagers et autres citoyens, et du d\u00e9veloppement des capacit\u00e9s critiques du plus grand nombre,<\/p>\n<p style=\"text-align: justify;\">&#8211;\u00a0\u00a0\u00a0\u00a0\u00a0\u00a0\u00a0\u00a0 <strong>contribuer \u00e0 la construction sociale d\u2019un syst\u00e8me et de politiques de sant\u00e9 les plus d\u00e9gag\u00e9s des liens d\u2019int\u00e9r\u00eats contraires \u00e0 l\u2019int\u00e9r\u00eat g\u00e9n\u00e9ral<\/strong> et susceptible de promouvoir des soins pertinents aux meilleurs co\u00fbts. La sant\u00e9 en tant que ressource et non en tant que march\u00e9 ou fin en soi.<\/p>\n<p style=\"text-align: justify;\"><b>Les membres regroup\u00e9s autour de cette charte<\/b><\/p>\n<p style=\"text-align: justify;\">&#8211;\u00a0\u00a0\u00a0\u00a0\u00a0\u00a0\u00a0\u00a0 s\u2019organisent \u00e0 travers un r\u00e9seau d\u2019\u00e9changes et d\u2019actions. R\u00e9seau anim\u00e9 par le <strong>groupe d\u2019initiative<\/strong> \u00e0 l\u2019origine de ce texte,<\/p>\n<p style=\"text-align: justify;\">&#8211;\u00a0\u00a0\u00a0\u00a0\u00a0\u00a0\u00a0\u00a0 s\u2019engagent \u00e0 d\u00e9clarer sur un site accessible \u00e0 toute personne (celui du <strong>R\u00e9seau Princeps<\/strong>)\u00a0 leurs liens d\u2019int\u00e9r\u00eats\u00a0 et l\u2019absence de conflits d\u2019int\u00e9r\u00eats. Sachant qu\u2019au del\u00e0 de la transparence, c\u2019est bien l\u2019ind\u00e9pendance de jugement et d\u2019action que nous visons,<\/p>\n<p style=\"text-align: justify;\">&#8211;\u00a0\u00a0\u00a0\u00a0\u00a0\u00a0\u00a0\u00a0 envisagent de tenir r\u00e9guli\u00e8rement des assises de mise en commun et de mise en visibilit\u00e9 des termes des controverses et des avanc\u00e9es vers plus de sant\u00e9 et moins d\u2019exc\u00e8s, de g\u00e2chis et d\u2019in\u00e9galit\u00e9s en tous genres,<\/p>\n<p style=\"text-align: justify;\">&#8211;\u00a0\u00a0\u00a0\u00a0\u00a0\u00a0\u00a0\u00a0 d\u00e9velopperont toutes expressions et supports afin de contribuer au d\u00e9bat le plus large sur ces questions (blog, publications\u2026).<\/p>\n<p align=\"center\">***<\/p>\n","protected":false},"excerpt":{"rendered":"<p>Charte du R\u00e9seau Princeps, Version 28 02 2013 Les membres, qui souscrivent aux termes de cette charte, expriment leur volont\u00e9 de mettre en commun, \u00e9changer, d\u00e9battre et partager des valeurs, des id\u00e9es, des propositions et des actions dans le champ &hellip; <a href=\"https:\/\/surmedicalisation.fr\/?page_id=90\">Continuer la lecture <span class=\"meta-nav\">&rarr;<\/span><\/a><\/p>\n","protected":false},"author":1,"featured_media":0,"parent":79,"menu_order":5,"comment_status":"open","ping_status":"open","template":"","meta":[],"_links":{"self":[{"href":"https:\/\/surmedicalisation.fr\/index.php?rest_route=\/wp\/v2\/pages\/90"}],"collection":[{"href":"https:\/\/surmedicalisation.fr\/index.php?rest_route=\/wp\/v2\/pages"}],"about":[{"href":"https:\/\/surmedicalisation.fr\/index.php?rest_route=\/wp\/v2\/types\/page"}],"author":[{"embeddable":true,"href":"https:\/\/surmedicalisation.fr\/index.php?rest_route=\/wp\/v2\/users\/1"}],"replies":[{"embeddable":true,"href":"https:\/\/surmedicalisation.fr\/index.php?rest_route=%2Fwp%2Fv2%2Fcomments&post=90"}],"version-history":[{"count":21,"href":"https:\/\/surmedicalisation.fr\/index.php?rest_route=\/wp\/v2\/pages\/90\/revisions"}],"predecessor-version":[{"id":3640,"href":"https:\/\/surmedicalisation.fr\/index.php?rest_route=\/wp\/v2\/pages\/90\/revisions\/3640"}],"up":[{"embeddable":true,"href":"https:\/\/surmedicalisation.fr\/index.php?rest_route=\/wp\/v2\/pages\/79"}],"wp:attachment":[{"href":"https:\/\/surmedicalisation.fr\/index.php?rest_route=%2Fwp%2Fv2%2Fmedia&parent=90"}],"curies":[{"name":"wp","href":"https:\/\/api.w.org\/{rel}","templated":true}]}}